{"id":10492,"date":"2024-11-17T17:40:18","date_gmt":"2024-11-17T17:40:18","guid":{"rendered":"https:\/\/alqawafel.com\/?post_type=product&#038;p=10492"},"modified":"2025-06-11T08:02:45","modified_gmt":"2025-06-11T08:02:45","slug":"cy-fel-62-5-wdg","status":"publish","type":"product","link":"https:\/\/alqawafel.com\/pt\/product\/cy-fel-62-5-wdg\/","title":{"rendered":"Cy-fel 62.5% WDG Fungicida"},"content":{"rendered":"<h3>Porqu\u00ea Cy-fel 62.5% WDG?<\/h3>\n<p><span style=\"font-size: 18px\">O Cy-fel 62.5% WDG \u00e9 um fungicida altamente eficaz com propriedades de dupla a\u00e7\u00e3o, oferecendo prote\u00e7\u00e3o sist\u00e9mica e de contacto contra doen\u00e7as f\u00fangicas. Foi especificamente concebido para combater doen\u00e7as de podrid\u00e3o, pragas e o\u00eddio. Ao inibir a germina\u00e7\u00e3o de con\u00eddios, o crescimento do tubo germinativo e a prolifera\u00e7\u00e3o de fungos, o Cy-fel 62.5% WDG impede a penetra\u00e7\u00e3o e o desenvolvimento de fungos, protegendo as culturas tanto interna como externamente.<\/span><\/p>\n<h3>Identifica\u00e7\u00e3o<\/h3>\n<ul>\n<li><span style=\"font-size: 18px\"><strong>Formula\u00e7\u00e3o<\/strong>: Granulado dispers\u00edvel em \u00e1gua (WDG)<\/span><\/li>\n<li><span style=\"font-size: 18px\"><strong>Ingrediente ativo<\/strong>: Ciprodinil 37.5% (p\/p) + Fludioxonil 25% (p\/p)<\/span><\/li>\n<li><span style=\"font-size: 18px\"><strong>Grupo qu\u00edmico<\/strong>: Anilinopirimidina + fenilpirrolo<\/span><\/li>\n<li><span style=\"font-size: 18px\"><strong>Modo de a\u00e7\u00e3o<\/strong>: Fungicida curativo com a\u00e7\u00e3o sist\u00e9mica e de contacto que impede a germina\u00e7\u00e3o, o crescimento e a penetra\u00e7\u00e3o de fungos nas superf\u00edcies das culturas e no interior das folhas.<\/span><\/li>\n<\/ul>\n<h3><span style=\"font-size: 22px\">Aplica\u00e7\u00e3o ideal Cy-fel 62.5% WDG<\/span><\/h3>\n<p><span style=\"font-size: 18px\">O Cy-fel 62.5% WDG \u00e9 recomendado para utiliza\u00e7\u00e3o nas seguintes culturas com alvos t\u00edpicos de pragas, conforme listado:<\/span><\/p>\n<h4>Principais culturas e pragas t\u00edpicas:<\/h4>\n<ul>\n<li><span style=\"font-size: 18px\"><strong>Gr\u00e3o-de-bico, fava, feij\u00e3o<\/strong>: Controlos <em>Bolor branco (Sclerotium), Bolor cinzento<\/em><\/span><\/li>\n<li><span style=\"font-size: 18px\"><strong>Couves, br\u00f3colos, couve-flor<\/strong>: Controlos <em>O\u00eddio, mancha foliar de Alternaria<\/em><\/span><\/li>\n<li><span style=\"font-size: 18px\"><strong>Lim\u00e3o, kumquat<\/strong>: Controlos <em>Alternaria, Antracnose, Bolor azul, Bolor verde<\/em><\/span><\/li>\n<li><span style=\"font-size: 18px\"><strong>Pepino, caba\u00e7a, ab\u00f3bora, ab\u00f3bora, mel\u00e3o, melancia<\/strong>: Controlos <em>Mancha de Alternaria, m\u00edldio de Alternaria, o\u00eddio<\/em><\/span><\/li>\n<li><span style=\"font-size: 18px\"><strong>Uvas<\/strong>: Controlos <em>Bolor cinzento<\/em><\/span><\/li>\n<li><span style=\"font-size: 18px\"><strong>Beterraba sacarina, nabo, cenoura, batata-doce, rabanete<\/strong>: Controlos <em>Alternaria blight, O\u00eddio<\/em><\/span><\/li>\n<li><span style=\"font-size: 18px\"><strong>Cebola, cebolinha, alho<\/strong>: Controlos <em>Mancha p\u00farpura, podrid\u00e3o do colo, bolor negro, m\u00edldio de Botrytis<\/em><\/span><\/li>\n<li><span style=\"font-size: 18px\"><strong>Morango<\/strong>: Controlos <em>O\u00eddio, Bolor cinzento, Antracnose<\/em><\/span><\/li>\n<li><span style=\"font-size: 18px\"><strong>Tomate, quiabo, beringela, pimento<\/strong>: Controlos <em>Bolor cinzento, o\u00eddio, m\u00edldio<\/em><\/span><\/li>\n<\/ul>\n<h3>Taxa de utiliza\u00e7\u00e3o:<\/h3>\n<p><span style=\"font-size: 14pt\">150-200 g por 200 L de \u00e1gua<\/span><\/p>\n<h3>Embalagem<\/h3>\n<ul>\n<li><span style=\"font-size: 18px\"><strong>250 gm<\/strong><\/span><\/li>\n<\/ul>\n<p><img loading=\"lazy\" decoding=\"async\" class=\"alignnone size-medium wp-image-18625\" src=\"https:\/\/alqawafel.com\/wp-content\/uploads\/2024\/11\/Cy-fel-62.5-WDG-LOGO-300x300.webp\" alt=\"O fungicida Cy-fel 62.5% WDG combina a a\u00e7\u00e3o sist\u00e9mica e de contacto para controlar as doen\u00e7as f\u00fangicas em culturas como a uva, o tomate e o pepino, garantindo rendimentos saud\u00e1veis.\" width=\"300\" height=\"300\" srcset=\"https:\/\/alqawafel.com\/wp-content\/uploads\/2024\/11\/Cy-fel-62.5-WDG-LOGO-300x300.webp 300w, https:\/\/alqawafel.com\/wp-content\/uploads\/2024\/11\/Cy-fel-62.5-WDG-LOGO-150x150.webp 150w, https:\/\/alqawafel.com\/wp-content\/uploads\/2024\/11\/Cy-fel-62.5-WDG-LOGO-768x768.webp 768w, https:\/\/alqawafel.com\/wp-content\/uploads\/2024\/11\/Cy-fel-62.5-WDG-LOGO.webp 1000w\" sizes=\"auto, (max-width: 300px) 100vw, 300px\" \/><\/p>","protected":false},"excerpt":{"rendered":"<p><span style=\"font-size: 18px\">O fungicida Cy-fel 62.5% WDG combina a a\u00e7\u00e3o sist\u00e9mica e de contacto para controlar as doen\u00e7as f\u00fangicas em culturas como a uva, o tomate e o pepino, garantindo rendimentos saud\u00e1veis.<\/span><\/p>","protected":false},"featured_media":18625,"comment_status":"open","ping_status":"closed","template":"","meta":{"om_disable_all_campaigns":false,"_monsterinsights_skip_tracking":false,"_monsterinsights_sitenote_active":false,"_monsterinsights_sitenote_note":"","_monsterinsights_sitenote_category":0},"product_brand":[],"product_cat":[823,87],"product_tag":[866,1115,1177,1334,1335,901,1111,1178,1179,1172],"class_list":{"0":"post-10492","1":"product","2":"type-product","3":"status-publish","4":"has-post-thumbnail","6":"product_cat-fungicide","7":"product_cat-pesticides","8":"product_tag-al-qawafel-ind-agr-co","9":"product_tag-contact","10":"product_tag-cy-fel-62-5-wdg","11":"product_tag-cyprodinil","12":"product_tag-fludioxonil","13":"product_tag-fungicide","14":"product_tag-mildew","15":"product_tag-mold","16":"product_tag-rot","17":"product_tag-systemic","19":"first","20":"instock","21":"shipping-taxable","22":"product-type-simple"},"aioseo_notices":[],"_links":{"self":[{"href":"https:\/\/alqawafel.com\/pt\/wp-json\/wp\/v2\/product\/10492","targetHints":{"allow":["GET"]}}],"collection":[{"href":"https:\/\/alqawafel.com\/pt\/wp-json\/wp\/v2\/product"}],"about":[{"href":"https:\/\/alqawafel.com\/pt\/wp-json\/wp\/v2\/types\/product"}],"replies":[{"embeddable":true,"href":"https:\/\/alqawafel.com\/pt\/wp-json\/wp\/v2\/comments?post=10492"}],"version-history":[{"count":9,"href":"https:\/\/alqawafel.com\/pt\/wp-json\/wp\/v2\/product\/10492\/revisions"}],"predecessor-version":[{"id":18822,"href":"https:\/\/alqawafel.com\/pt\/wp-json\/wp\/v2\/product\/10492\/revisions\/18822"}],"wp:featuredmedia":[{"embeddable":true,"href":"https:\/\/alqawafel.com\/pt\/wp-json\/wp\/v2\/media\/18625"}],"wp:attachment":[{"href":"https:\/\/alqawafel.com\/pt\/wp-json\/wp\/v2\/media?parent=10492"}],"wp:term":[{"taxonomy":"product_brand","embeddable":true,"href":"https:\/\/alqawafel.com\/pt\/wp-json\/wp\/v2\/product_brand?post=10492"},{"taxonomy":"product_cat","embeddable":true,"href":"https:\/\/alqawafel.com\/pt\/wp-json\/wp\/v2\/product_cat?post=10492"},{"taxonomy":"product_tag","embeddable":true,"href":"https:\/\/alqawafel.com\/pt\/wp-json\/wp\/v2\/product_tag?post=10492"}],"curies":[{"name":"wp","href":"https:\/\/api.w.org\/{rel}","templated":true}]}}