{"id":10505,"date":"2024-11-17T20:00:28","date_gmt":"2024-11-17T20:00:28","guid":{"rendered":"https:\/\/alqawafel.com\/?post_type=product&#038;p=10505"},"modified":"2025-06-11T10:14:41","modified_gmt":"2025-06-11T10:14:41","slug":"danfel-20-sc","status":"publish","type":"product","link":"https:\/\/alqawafel.com\/pt\/product\/danfel-20-sc\/","title":{"rendered":"Miticida Danfel 20% SC"},"content":{"rendered":"<h3>Porqu\u00ea o Danfel 20% SC?<\/h3>\n<p><span style=\"font-size: 18px\">O Danfel 20% SC \u00e9 um miticida n\u00e3o sist\u00e9mico altamente eficaz, concebido para controlar os \u00e1caros em todas as fases. Actuando por contacto, o Danfel 20 % SC inibe o crescimento dos \u00e1caros, garantindo uma prote\u00e7\u00e3o eficaz das culturas. Danfel 20 % SC \u00e9 ideal para profissionais agr\u00edcolas que procuram uma solu\u00e7\u00e3o fi\u00e1vel para gerir infesta\u00e7\u00f5es de \u00e1caros em v\u00e1rias culturas.<\/span><\/p>\n<h3>Identifica\u00e7\u00e3o<\/h3>\n<ul>\n<li><span style=\"font-size: 18px\"><strong>Formula\u00e7\u00e3o<\/strong>: Suspens\u00e3o concentrada (SC)<\/span><\/li>\n<li><span style=\"font-size: 18px\"><strong>Ingrediente ativo<\/strong>: Ciflumetofena 20% (m\/v)<\/span><\/li>\n<li><span style=\"font-size: 18px\"><strong>Grupo qu\u00edmico<\/strong>: Difenilo em ponte<\/span><\/li>\n<li><span style=\"font-size: 18px\"><strong>Modo de a\u00e7\u00e3o<\/strong>: Miticida n\u00e3o sist\u00e9mico que actua por contacto para inibir o crescimento dos \u00e1caros.<\/span><\/li>\n<\/ul>\n<h3>Aplica\u00e7\u00e3o ideal do Danfel 20% SC<\/h3>\n<p><span style=\"font-size: 18px\">Recomendado para utiliza\u00e7\u00e3o nas seguintes culturas com alvos t\u00edpicos de pragas, conforme listado:<\/span><\/p>\n<h4><span style=\"font-size: 18px\">Controlo das culturas e das pragas:<\/span><\/h4>\n<ul>\n<li><span style=\"font-size: 18px\"><strong>Videiras<\/strong>: Controlos <em>\u00c1caro da aranha de duas manchas<\/em><\/span><\/li>\n<li><span style=\"font-size: 18px\"><strong>Ma\u00e7\u00e3, pera, n\u00easpera<\/strong>: Controlos <em>\u00c1caro da aranha de duas manchas<\/em><\/span><\/li>\n<li><span style=\"font-size: 18px\"><strong>Morango<\/strong>: Controlos <em>\u00c1caro da aranha de duas manchas<\/em><\/span><\/li>\n<li><span style=\"font-size: 18px\"><strong>Tomate<\/strong>: Controlos <em>\u00c1caro da aranha de duas manchas<\/em><\/span><\/li>\n<\/ul>\n<h3>Taxa de utiliza\u00e7\u00e3o:<\/h3>\n<p><span style=\"font-size: 14pt\">200 ml por 200 L de \u00e1gua<\/span><\/p>\n<h3>Embalagem<\/h3>\n<ul>\n<li><span style=\"font-size: 18px\"><strong>500 ml<\/strong><\/span><\/li>\n<\/ul>\n<p><img loading=\"lazy\" decoding=\"async\" class=\"alignnone size-medium wp-image-18536\" src=\"https:\/\/alqawafel.com\/wp-content\/uploads\/2024\/11\/Danfel-20-SC-LOGO-300x300.webp\" alt=\"O Danfel 20% SC \u00e9 um miticida n\u00e3o sist\u00e9mico que oferece uma a\u00e7\u00e3o de contacto eficaz para controlar os \u00e1caros das duas manchas em culturas como as uvas, as ma\u00e7\u00e3s e os tomates.\" width=\"300\" height=\"300\" srcset=\"https:\/\/alqawafel.com\/wp-content\/uploads\/2024\/11\/Danfel-20-SC-LOGO-300x300.webp 300w, https:\/\/alqawafel.com\/wp-content\/uploads\/2024\/11\/Danfel-20-SC-LOGO-150x150.webp 150w, https:\/\/alqawafel.com\/wp-content\/uploads\/2024\/11\/Danfel-20-SC-LOGO-768x768.webp 768w, https:\/\/alqawafel.com\/wp-content\/uploads\/2024\/11\/Danfel-20-SC-LOGO.webp 1000w\" sizes=\"auto, (max-width: 300px) 100vw, 300px\" \/><\/p>\n<p>&nbsp;<\/p>","protected":false},"excerpt":{"rendered":"<p><span style=\"font-size: 18px\">O Danfel 20% SC \u00e9 um miticida n\u00e3o sist\u00e9mico que oferece uma a\u00e7\u00e3o de contacto eficaz para controlar os \u00e1caros das duas manchas em culturas como as uvas, as ma\u00e7\u00e3s e os tomates.<\/span><\/p>","protected":false},"featured_media":18536,"comment_status":"open","ping_status":"closed","template":"","meta":{"om_disable_all_campaigns":false,"_monsterinsights_skip_tracking":false,"_monsterinsights_sitenote_active":false,"_monsterinsights_sitenote_note":"","_monsterinsights_sitenote_category":0},"product_brand":[],"product_cat":[824,87],"product_tag":[866,1115,1199,1198,845,844,1191],"class_list":{"0":"post-10505","1":"product","2":"type-product","3":"status-publish","4":"has-post-thumbnail","6":"product_cat-miticide","7":"product_cat-pesticides","8":"product_tag-al-qawafel-ind-agr-co","9":"product_tag-contact","10":"product_tag-cyflumetofen","11":"product_tag-danfel-20-sc","12":"product_tag-mite","13":"product_tag-miticide","14":"product_tag-two-spotted-spider-mite","16":"first","17":"instock","18":"shipping-taxable","19":"product-type-simple"},"aioseo_notices":[],"_links":{"self":[{"href":"https:\/\/alqawafel.com\/pt\/wp-json\/wp\/v2\/product\/10505","targetHints":{"allow":["GET"]}}],"collection":[{"href":"https:\/\/alqawafel.com\/pt\/wp-json\/wp\/v2\/product"}],"about":[{"href":"https:\/\/alqawafel.com\/pt\/wp-json\/wp\/v2\/types\/product"}],"replies":[{"embeddable":true,"href":"https:\/\/alqawafel.com\/pt\/wp-json\/wp\/v2\/comments?post=10505"}],"version-history":[{"count":14,"href":"https:\/\/alqawafel.com\/pt\/wp-json\/wp\/v2\/product\/10505\/revisions"}],"predecessor-version":[{"id":18886,"href":"https:\/\/alqawafel.com\/pt\/wp-json\/wp\/v2\/product\/10505\/revisions\/18886"}],"wp:featuredmedia":[{"embeddable":true,"href":"https:\/\/alqawafel.com\/pt\/wp-json\/wp\/v2\/media\/18536"}],"wp:attachment":[{"href":"https:\/\/alqawafel.com\/pt\/wp-json\/wp\/v2\/media?parent=10505"}],"wp:term":[{"taxonomy":"product_brand","embeddable":true,"href":"https:\/\/alqawafel.com\/pt\/wp-json\/wp\/v2\/product_brand?post=10505"},{"taxonomy":"product_cat","embeddable":true,"href":"https:\/\/alqawafel.com\/pt\/wp-json\/wp\/v2\/product_cat?post=10505"},{"taxonomy":"product_tag","embeddable":true,"href":"https:\/\/alqawafel.com\/pt\/wp-json\/wp\/v2\/product_tag?post=10505"}],"curies":[{"name":"wp","href":"https:\/\/api.w.org\/{rel}","templated":true}]}}