{"id":10542,"date":"2024-11-17T20:37:14","date_gmt":"2024-11-17T20:37:14","guid":{"rendered":"https:\/\/alqawafel.com\/?post_type=product&#038;p=10542"},"modified":"2025-06-11T08:44:07","modified_gmt":"2025-06-11T08:44:07","slug":"emafel-4-me","status":"publish","type":"product","link":"https:\/\/alqawafel.com\/pt\/product\/emafel-4-me\/","title":{"rendered":"Emafel-4% ME Inseticida"},"content":{"rendered":"<h3>Porqu\u00ea o Emafel-4% ME?<\/h3>\n<p><span style=\"font-size: 18px\">O Emafel-4% ME \u00e9 um inseticida n\u00e3o sist\u00e9mico concebido para controlar eficazmente uma variedade de pragas em \u00e1rvores de fruto. Penetra nos tecidos das folhas atrav\u00e9s de movimento translaminar, paralisando as pragas de Lepidoptera e impedindo-as de se alimentarem em poucas horas. Isto assegura um controlo eficaz das pragas, que morrem no prazo de 2 a 4 dias ap\u00f3s o tratamento. O Emafel-4% ME \u00e9 uma excelente solu\u00e7\u00e3o para os profissionais agr\u00edcolas que pretendem proteger as \u00e1rvores de fruto de caro\u00e7o e de folha caduca.<\/span><\/p>\n<h3>Identifica\u00e7\u00e3o<\/h3>\n<ul>\n<li><span style=\"font-size: 18px\"><strong>Formula\u00e7\u00e3o<\/strong>: Microemuls\u00e3o (ME)<\/span><\/li>\n<li><span style=\"font-size: 18px\"><strong>Ingrediente ativo<\/strong>: Benzoato de emamectina 4% (m\/v)<\/span><\/li>\n<li><span style=\"font-size: 18px\"><strong>Grupo qu\u00edmico<\/strong>: Avermectina<\/span><\/li>\n<li><span style=\"font-size: 18px\"><strong>Modo de a\u00e7\u00e3o<\/strong>: Inseticida n\u00e3o sist\u00e9mico com movimento translaminar que paralisa as pragas, levando \u00e0 cessa\u00e7\u00e3o da alimenta\u00e7\u00e3o e eventual morte.<\/span><\/li>\n<\/ul>\n<h3>Aplica\u00e7\u00e3o ideal do Emafel-4% ME<\/h3>\n<p><span style=\"font-size: 18px\">Recomendado para uso por inje\u00e7\u00e3o, devem ser injectadas camadas exteriores de madeira macias e saud\u00e1veis, inje\u00e7\u00e3o na base da \u00e1rvore, as \u00e1reas afectadas n\u00e3o s\u00e3o injectadas, nas seguintes culturas com alvos t\u00edpicos de pragas conforme listado:<\/span><\/p>\n<h4><span style=\"font-size: 18px\">Controlo das culturas e das pragas:<\/span><\/h4>\n<ul>\n<li><span style=\"font-size: 18px\"><strong>\u00c1rvores de folha caduca (\u00e1rvores de pedra)<\/strong>: Am\u00eandoas, p\u00eassegos, alperce, p\u00eassego, cereja<\/span>\n<ul>\n<li><span style=\"font-size: 18px\">Controlos <em>Escaravelhos, lagartas, gorgulhos, brocas, minadores de folhas<\/em><\/span><\/li>\n<\/ul>\n<\/li>\n<\/ul>\n<h3>Taxa de utiliza\u00e7\u00e3o:<\/h3>\n<p><span style=\"font-size: 14pt\">150-200 ml por 200 L de \u00e1gua<\/span><\/p>\n<h3>Embalagem<\/h3>\n<ul>\n<li><span style=\"font-size: 18px\"><strong>1 L<\/strong><\/span><\/li>\n<li><strong>250 ml<\/strong><\/li>\n<\/ul>\n<p><img loading=\"lazy\" decoding=\"async\" class=\"alignnone size-medium wp-image-17834\" src=\"https:\/\/alqawafel.com\/wp-content\/uploads\/2024\/11\/Emafel-4-ME-LOGO-300x300.webp\" alt=\"O Emafel-4% ME \u00e9 um inseticida n\u00e3o sist\u00e9mico para \u00e1rvores de fruto de caro\u00e7o e de folha caduca, que controla pragas como escaravelhos e lagartas com a\u00e7\u00e3o translaminar.\" width=\"300\" height=\"300\" srcset=\"https:\/\/alqawafel.com\/wp-content\/uploads\/2024\/11\/Emafel-4-ME-LOGO-300x300.webp 300w, https:\/\/alqawafel.com\/wp-content\/uploads\/2024\/11\/Emafel-4-ME-LOGO-150x150.webp 150w, https:\/\/alqawafel.com\/wp-content\/uploads\/2024\/11\/Emafel-4-ME-LOGO-768x768.webp 768w, https:\/\/alqawafel.com\/wp-content\/uploads\/2024\/11\/Emafel-4-ME-LOGO.webp 1000w\" sizes=\"auto, (max-width: 300px) 100vw, 300px\" \/><\/p>\n<p>&nbsp;<\/p>","protected":false},"excerpt":{"rendered":"<p><span style=\"font-size: 18px\">O Emafel-4% ME \u00e9 um inseticida n\u00e3o sist\u00e9mico para \u00e1rvores de fruto de caro\u00e7o e de folha caduca, que controla pragas como escaravelhos e lagartas com a\u00e7\u00e3o translaminar. <\/span><\/p>","protected":false},"featured_media":17834,"comment_status":"open","ping_status":"closed","template":"","meta":{"om_disable_all_campaigns":false,"_monsterinsights_skip_tracking":false,"_monsterinsights_sitenote_active":false,"_monsterinsights_sitenote_note":"","_monsterinsights_sitenote_category":0},"product_brand":[],"product_cat":[822,87],"product_tag":[866,1208,838,1207,1124,841,1210,1209],"class_list":{"0":"post-10542","1":"product","2":"type-product","3":"status-publish","4":"has-post-thumbnail","6":"product_cat-insecticide","7":"product_cat-pesticides","8":"product_tag-al-qawafel-ind-agr-co","9":"product_tag-beetles","10":"product_tag-caterpillars","11":"product_tag-emafel-4-me","12":"product_tag-emamectin-benzoate","13":"product_tag-insecticide","14":"product_tag-paralyzes","15":"product_tag-translaminar","17":"first","18":"instock","19":"shipping-taxable","20":"product-type-simple"},"aioseo_notices":[],"_links":{"self":[{"href":"https:\/\/alqawafel.com\/pt\/wp-json\/wp\/v2\/product\/10542","targetHints":{"allow":["GET"]}}],"collection":[{"href":"https:\/\/alqawafel.com\/pt\/wp-json\/wp\/v2\/product"}],"about":[{"href":"https:\/\/alqawafel.com\/pt\/wp-json\/wp\/v2\/types\/product"}],"replies":[{"embeddable":true,"href":"https:\/\/alqawafel.com\/pt\/wp-json\/wp\/v2\/comments?post=10542"}],"version-history":[{"count":11,"href":"https:\/\/alqawafel.com\/pt\/wp-json\/wp\/v2\/product\/10542\/revisions"}],"predecessor-version":[{"id":19938,"href":"https:\/\/alqawafel.com\/pt\/wp-json\/wp\/v2\/product\/10542\/revisions\/19938"}],"wp:featuredmedia":[{"embeddable":true,"href":"https:\/\/alqawafel.com\/pt\/wp-json\/wp\/v2\/media\/17834"}],"wp:attachment":[{"href":"https:\/\/alqawafel.com\/pt\/wp-json\/wp\/v2\/media?parent=10542"}],"wp:term":[{"taxonomy":"product_brand","embeddable":true,"href":"https:\/\/alqawafel.com\/pt\/wp-json\/wp\/v2\/product_brand?post=10542"},{"taxonomy":"product_cat","embeddable":true,"href":"https:\/\/alqawafel.com\/pt\/wp-json\/wp\/v2\/product_cat?post=10542"},{"taxonomy":"product_tag","embeddable":true,"href":"https:\/\/alqawafel.com\/pt\/wp-json\/wp\/v2\/product_tag?post=10542"}],"curies":[{"name":"wp","href":"https:\/\/api.w.org\/{rel}","templated":true}]}}