{"id":10625,"date":"2024-11-18T08:58:19","date_gmt":"2024-11-18T08:58:19","guid":{"rendered":"https:\/\/alqawafel.com\/?post_type=product&#038;p=10625"},"modified":"2025-08-17T07:40:23","modified_gmt":"2025-08-17T07:40:23","slug":"hot-pepper-qshp-503-f1","status":"publish","type":"product","link":"https:\/\/alqawafel.com\/pt\/product\/hot-pepper-qshp-503-f1\/","title":{"rendered":"Pimenta quente QSHP-503 F1"},"content":{"rendered":"<p><span style=\"font-size: 18px;\">Pimenta QSHP-503 F1: Uma variedade de pimento Charleston de elevada pung\u00eancia para estufa e campo aberto. Produz frutos c\u00f3nicos verdes claros a vermelhos (18\u00d73 cm) com forte vigor de planta e resist\u00eancia ao ToMV e TMV.<\/span><\/p>\n<table>\n<thead>\n<tr>\n<th><strong>Atributo<\/strong><\/th>\n<th><strong>Detalhes<\/strong><\/th>\n<\/tr>\n<\/thead>\n<tbody>\n<tr>\n<td><strong>Nome do produto<\/strong><\/td>\n<td>Pimenta quente QSHP-503 F1<\/td>\n<\/tr>\n<tr>\n<td><strong>Tipo<\/strong><\/td>\n<td>Pimenta Hot Charleston para estufa e campo aberto<\/td>\n<\/tr>\n<tr>\n<td><strong>Crescimento vegetativo<\/strong><\/td>\n<td>Planta forte<\/td>\n<\/tr>\n<tr>\n<td><strong>Carater\u00edsticas do fruto<\/strong><\/td>\n<td>Frutos verdes claros a vermelhos, forma c\u00f3nica cil\u00edndrica, dimens\u00f5es 18 x 3 cm<\/td>\n<\/tr>\n<tr>\n<td><strong>Pung\u00eancia<\/strong><\/td>\n<td>Elevado<\/td>\n<\/tr>\n<tr>\n<td><strong>Toler\u00e2ncia (IR)<\/strong><\/td>\n<td>ToMV (v\u00edrus do mosaico do tomateiro), TMV (v\u00edrus do mosaico do tabaco)<\/td>\n<\/tr>\n<\/tbody>\n<\/table>\n<p><img loading=\"lazy\" decoding=\"async\" class=\"alignnone size-medium wp-image-10627\" src=\"https:\/\/alqawafel.com\/wp-content\/uploads\/2024\/11\/WhatsApp-Image-2024-11-17-at-12.48.52-PM-1-225x300.jpeg\" alt=\"Pimenta quente QSHP-503 F1 \" width=\"225\" height=\"300\" srcset=\"https:\/\/alqawafel.com\/wp-content\/uploads\/2024\/11\/WhatsApp-Image-2024-11-17-at-12.48.52-PM-1-225x300.jpeg 225w, https:\/\/alqawafel.com\/wp-content\/uploads\/2024\/11\/WhatsApp-Image-2024-11-17-at-12.48.52-PM-1-150x200.jpeg 150w, https:\/\/alqawafel.com\/wp-content\/uploads\/2024\/11\/WhatsApp-Image-2024-11-17-at-12.48.52-PM-1.jpeg 768w\" sizes=\"auto, (max-width: 225px) 100vw, 225px\" \/><\/p>\n<p>&nbsp;<\/p>\n<p><a title=\"Voltar a Sementes\" href=\"https:\/\/alqawafel.com\/pt\/sementes\/\">Voltar a Sementes<\/a><\/p>\n<p><a title=\"Facebook\" href=\"https:\/\/alqawafel.com\/pt\/facebook\/\" target=\"_blank\" rel=\"noopener\">Facebook<\/a><\/p>\n<p><a title=\"Linkedin\" href=\"https:\/\/www.linkedin.com\/company\/alqawafel-ind-agr-co\/\" target=\"_blank\" rel=\"noopener\">Linkedin<\/a><\/p>","protected":false},"excerpt":{"rendered":"<p><span style=\"font-size: 18px;\">Pimenta QSHP-503 F1: Uma pimenta Charleston para estufas e campos abertos, produzindo frutos com alta pung\u00eancia e resist\u00eancia ao ToMV e TMV.<\/span><\/p>","protected":false},"featured_media":10627,"comment_status":"open","ping_status":"closed","template":"","meta":{"om_disable_all_campaigns":false,"_monsterinsights_skip_tracking":false,"_monsterinsights_sitenote_active":false,"_monsterinsights_sitenote_note":"","_monsterinsights_sitenote_category":0},"product_brand":[],"product_cat":[837,237],"product_tag":[866,1235,1230,1229,1234,1231,1101],"class_list":{"0":"post-10625","1":"product","2":"type-product","3":"status-publish","4":"has-post-thumbnail","6":"product_cat-hot-pepper","7":"product_cat-seeds","8":"product_tag-al-qawafel-ind-agr-co","9":"product_tag-charleston-pepper","10":"product_tag-greenhouse-pepper","11":"product_tag-hot-pepper","12":"product_tag-hot-pepper-qshp-503-f1","13":"product_tag-open-field-pepper","14":"product_tag-seeds","16":"first","17":"instock","18":"shipping-taxable","19":"product-type-simple"},"aioseo_notices":[],"_links":{"self":[{"href":"https:\/\/alqawafel.com\/pt\/wp-json\/wp\/v2\/product\/10625","targetHints":{"allow":["GET"]}}],"collection":[{"href":"https:\/\/alqawafel.com\/pt\/wp-json\/wp\/v2\/product"}],"about":[{"href":"https:\/\/alqawafel.com\/pt\/wp-json\/wp\/v2\/types\/product"}],"replies":[{"embeddable":true,"href":"https:\/\/alqawafel.com\/pt\/wp-json\/wp\/v2\/comments?post=10625"}],"version-history":[{"count":5,"href":"https:\/\/alqawafel.com\/pt\/wp-json\/wp\/v2\/product\/10625\/revisions"}],"predecessor-version":[{"id":19586,"href":"https:\/\/alqawafel.com\/pt\/wp-json\/wp\/v2\/product\/10625\/revisions\/19586"}],"wp:featuredmedia":[{"embeddable":true,"href":"https:\/\/alqawafel.com\/pt\/wp-json\/wp\/v2\/media\/10627"}],"wp:attachment":[{"href":"https:\/\/alqawafel.com\/pt\/wp-json\/wp\/v2\/media?parent=10625"}],"wp:term":[{"taxonomy":"product_brand","embeddable":true,"href":"https:\/\/alqawafel.com\/pt\/wp-json\/wp\/v2\/product_brand?post=10625"},{"taxonomy":"product_cat","embeddable":true,"href":"https:\/\/alqawafel.com\/pt\/wp-json\/wp\/v2\/product_cat?post=10625"},{"taxonomy":"product_tag","embeddable":true,"href":"https:\/\/alqawafel.com\/pt\/wp-json\/wp\/v2\/product_tag?post=10625"}],"curies":[{"name":"wp","href":"https:\/\/api.w.org\/{rel}","templated":true}]}}