{"id":10717,"date":"2024-11-18T10:29:56","date_gmt":"2024-11-18T10:29:56","guid":{"rendered":"https:\/\/alqawafel.com\/?post_type=product&#038;p=10717"},"modified":"2025-08-12T12:53:53","modified_gmt":"2025-08-12T12:53:53","slug":"squash-qssq-408-f1","status":"publish","type":"product","link":"https:\/\/alqawafel.com\/pt\/product\/squash-qssq-408-f1\/","title":{"rendered":"Ab\u00f3bora QSSq-408 F1"},"content":{"rendered":"<p><span style=\"font-size: 18px;\">Ab\u00f3bora QSSq-408 F1: Uma variedade de abobrinha verde-escura de alto rendimento para campos abertos. Produz frutos cil\u00edndricos verde-escuros profundos (15-20 cm) com maturidade de 40 dias e forte resist\u00eancia a doen\u00e7as.<\/span><\/p>\n<table style=\"width: 100%; height: 243px;\">\n<thead>\n<tr style=\"height: 27px;\">\n<th style=\"height: 27px;\"><span style=\"font-size: 18px;\"><strong>Atributo<\/strong><\/span><\/th>\n<th style=\"height: 27px;\"><span style=\"font-size: 18px;\"><strong>Detalhes<\/strong><\/span><\/th>\n<\/tr>\n<\/thead>\n<tbody>\n<tr style=\"height: 27px;\">\n<td style=\"height: 27px;\"><span style=\"font-size: 18px;\"><strong>Nome do produto<\/strong><\/span><\/td>\n<td style=\"height: 27px;\"><span style=\"font-size: 18px;\">Ab\u00f3bora QSSq-408 F1<\/span><\/td>\n<\/tr>\n<tr style=\"height: 27px;\">\n<td style=\"height: 27px;\"><span style=\"font-size: 18px;\"><strong>Tipo<\/strong><\/span><\/td>\n<td style=\"height: 27px;\"><span style=\"font-size: 18px;\">Variedade de abobrinha verde escura para campo aberto<\/span><\/td>\n<\/tr>\n<tr style=\"height: 27px;\">\n<td style=\"height: 27px;\"><span style=\"font-size: 18px;\"><strong>Conjunto de frutas Estilo<\/strong><\/span><\/td>\n<td style=\"height: 27px;\"><span style=\"font-size: 18px;\">Bom, com matura\u00e7\u00e3o em cerca de 40 dias<\/span><\/td>\n<\/tr>\n<tr style=\"height: 27px;\">\n<td style=\"height: 27px;\"><span style=\"font-size: 18px;\"><strong>Crescimento vegetativo<\/strong><\/span><\/td>\n<td style=\"height: 27px;\"><span style=\"font-size: 18px;\">Planta forte e compacta<\/span><\/td>\n<\/tr>\n<tr style=\"height: 54px;\">\n<td style=\"height: 54px;\"><span style=\"font-size: 18px;\"><strong>Carater\u00edsticas do fruto<\/strong><\/span><\/td>\n<td style=\"height: 54px;\"><span style=\"font-size: 18px;\">Verde escuro profundo, forma cil\u00edndrica, 15-20 cm de tamanho<\/span><\/td>\n<\/tr>\n<tr style=\"height: 54px;\">\n<td style=\"height: 54px;\"><span style=\"font-size: 18px;\"><strong>Toler\u00e2ncia (IR)<\/strong><\/span><\/td>\n<td style=\"height: 54px;\"><span style=\"font-size: 18px;\">PM (o\u00eddio), CMV (v\u00edrus do mosaico do pepino), WMV (v\u00edrus do mosaico da melancia), ZYMV (v\u00edrus do mosaico amarelo da aboborinha)<\/span><\/td>\n<\/tr>\n<\/tbody>\n<\/table>\n<p>&nbsp;<\/p>\n<p>&nbsp;<\/p>\n<p><a title=\"Voltar a Sementes\" href=\"https:\/\/alqawafel.com\/pt\/sementes\/\">Voltar a Sementes<\/a><\/p>\n<p><a title=\"Facebook\" href=\"https:\/\/alqawafel.com\/pt\/facebook\/\" target=\"_blank\" rel=\"noopener\">Facebook<\/a><\/p>\n<p><a title=\"Linkedin\" href=\"https:\/\/www.linkedin.com\/company\/alqawafel-ind-agr-co\/\" target=\"_blank\" rel=\"noopener\">Linkedin<\/a><\/p>","protected":false},"excerpt":{"rendered":"<p><span style=\"font-size: 18px;\">Ab\u00f3bora QSSq-408 F1: Uma abobrinha verde-escura robusta para campos abertos com frutos resistentes a PM, CMV, WMV e ZYMV, e maturidade r\u00e1pida de 40 dias.<\/span><\/p>","protected":false},"featured_media":0,"comment_status":"open","ping_status":"closed","template":"","meta":{"om_disable_all_campaigns":false,"_monsterinsights_skip_tracking":false,"_monsterinsights_sitenote_active":false,"_monsterinsights_sitenote_note":"","_monsterinsights_sitenote_category":0},"product_brand":[],"product_cat":[237,829],"product_tag":[866,1257,1251,1241,1240,1101,1256],"class_list":{"0":"post-10717","1":"product","2":"type-product","3":"status-publish","5":"product_cat-seeds","6":"product_cat-squash","7":"product_tag-al-qawafel-ind-agr-co","8":"product_tag-dark-green-zucchini","9":"product_tag-early-maturing-squash","10":"product_tag-high-yield-squash","11":"product_tag-open-field-squash","12":"product_tag-seeds","13":"product_tag-squash-qssq-408-f1","15":"first","16":"instock","17":"shipping-taxable","18":"product-type-simple"},"aioseo_notices":[],"_links":{"self":[{"href":"https:\/\/alqawafel.com\/pt\/wp-json\/wp\/v2\/product\/10717","targetHints":{"allow":["GET"]}}],"collection":[{"href":"https:\/\/alqawafel.com\/pt\/wp-json\/wp\/v2\/product"}],"about":[{"href":"https:\/\/alqawafel.com\/pt\/wp-json\/wp\/v2\/types\/product"}],"replies":[{"embeddable":true,"href":"https:\/\/alqawafel.com\/pt\/wp-json\/wp\/v2\/comments?post=10717"}],"version-history":[{"count":3,"href":"https:\/\/alqawafel.com\/pt\/wp-json\/wp\/v2\/product\/10717\/revisions"}],"predecessor-version":[{"id":19577,"href":"https:\/\/alqawafel.com\/pt\/wp-json\/wp\/v2\/product\/10717\/revisions\/19577"}],"wp:attachment":[{"href":"https:\/\/alqawafel.com\/pt\/wp-json\/wp\/v2\/media?parent=10717"}],"wp:term":[{"taxonomy":"product_brand","embeddable":true,"href":"https:\/\/alqawafel.com\/pt\/wp-json\/wp\/v2\/product_brand?post=10717"},{"taxonomy":"product_cat","embeddable":true,"href":"https:\/\/alqawafel.com\/pt\/wp-json\/wp\/v2\/product_cat?post=10717"},{"taxonomy":"product_tag","embeddable":true,"href":"https:\/\/alqawafel.com\/pt\/wp-json\/wp\/v2\/product_tag?post=10717"}],"curies":[{"name":"wp","href":"https:\/\/api.w.org\/{rel}","templated":true}]}}