{"id":10812,"date":"2024-11-18T12:19:36","date_gmt":"2024-11-18T12:19:36","guid":{"rendered":"https:\/\/alqawafel.com\/?post_type=product&#038;p=10812"},"modified":"2025-08-17T08:37:53","modified_gmt":"2025-08-17T08:37:53","slug":"pimentao-qssp-509-f1","status":"publish","type":"product","link":"https:\/\/alqawafel.com\/pt\/product\/sweet-pepper-qssp-509-f1\/","title":{"rendered":"Piment\u00e3o doce QSSP-509 F1"},"content":{"rendered":"<div class=\"flex-shrink-0 flex flex-col relative items-end\">\n<p><span style=\"font-size: 18px;\">Pimento doce QSSP-509 F1: Um piment\u00e3o do tipo Kapia vers\u00e1til para cultivo em estufa e em campo aberto. Produz frutos c\u00f3nicos alongados (10-15 cm), verdes a vermelhos, com 4 l\u00f3bulos e excelente resist\u00eancia a doen\u00e7as.<\/span><\/p>\n<table style=\"width: 100%; height: 216px;\">\n<thead>\n<tr style=\"height: 24px;\">\n<th style=\"height: 24px;\"><span style=\"font-size: 18px;\"><strong>Atributo<\/strong><\/span><\/th>\n<th style=\"height: 24px;\"><span style=\"font-size: 18px;\"><strong>Detalhes<\/strong><\/span><\/th>\n<\/tr>\n<\/thead>\n<tbody>\n<tr style=\"height: 24px;\">\n<td style=\"height: 24px;\"><span style=\"font-size: 18px;\"><strong>Nome do produto<\/strong><\/span><\/td>\n<td style=\"height: 24px;\"><span style=\"font-size: 18px;\">Piment\u00e3o doce QSSP-509 F1<\/span><\/td>\n<\/tr>\n<tr style=\"height: 24px;\">\n<td style=\"height: 24px;\"><span style=\"font-size: 18px;\"><strong>Tipo<\/strong><\/span><\/td>\n<td style=\"height: 24px;\"><span style=\"font-size: 18px;\">Tipo Kapia para estufa e campo aberto<\/span><\/td>\n<\/tr>\n<tr style=\"height: 24px;\">\n<td style=\"height: 24px;\"><span style=\"font-size: 18px;\"><strong>Crescimento vegetativo<\/strong><\/span><\/td>\n<td style=\"height: 24px;\"><span style=\"font-size: 18px;\">Planta forte e compacta<\/span><\/td>\n<\/tr>\n<tr style=\"height: 48px;\">\n<td style=\"height: 48px;\"><span style=\"font-size: 18px;\"><strong>Carater\u00edsticas do fruto<\/strong><\/span><\/td>\n<td style=\"height: 48px;\"><span style=\"font-size: 18px;\">Verde a vermelho na maturidade, com 4 l\u00f3bulos, forma c\u00f3nica alongada, 10-15 cm de comprimento<\/span><\/td>\n<\/tr>\n<tr style=\"height: 24px;\">\n<td style=\"height: 24px;\"><span style=\"font-size: 18px;\"><strong>Pung\u00eancia<\/strong><\/span><\/td>\n<td style=\"height: 24px;\"><span style=\"font-size: 18px;\">Doce<\/span><\/td>\n<\/tr>\n<tr style=\"height: 48px;\">\n<td style=\"height: 48px;\"><span style=\"font-size: 18px;\"><strong>Toler\u00e2ncia (IR)<\/strong><\/span><\/td>\n<td style=\"height: 48px;\"><span style=\"font-size: 18px;\">ToMV (v\u00edrus do mosaico do tomateiro), TMV (v\u00edrus do mosaico do tabaco), PVYO (v\u00edrus Y comum da batata), TSWV (v\u00edrus da murchid\u00e3o do tomateiro), PM (o\u00eddio)<\/span><\/td>\n<\/tr>\n<\/tbody>\n<\/table>\n<\/div>\n<p><img loading=\"lazy\" decoding=\"async\" class=\"alignnone size-medium wp-image-10813\" src=\"https:\/\/alqawafel.com\/wp-content\/uploads\/2024\/11\/WhatsApp-Image-2024-11-18-at-1.01.39-PM-1-225x300.jpeg\" alt=\"Piment\u00e3o doce QSSP-509 F1 \" width=\"225\" height=\"300\" srcset=\"https:\/\/alqawafel.com\/wp-content\/uploads\/2024\/11\/WhatsApp-Image-2024-11-18-at-1.01.39-PM-1-225x300.jpeg 225w, https:\/\/alqawafel.com\/wp-content\/uploads\/2024\/11\/WhatsApp-Image-2024-11-18-at-1.01.39-PM-1-768x1024.jpeg 768w, https:\/\/alqawafel.com\/wp-content\/uploads\/2024\/11\/WhatsApp-Image-2024-11-18-at-1.01.39-PM-1-150x200.jpeg 150w, https:\/\/alqawafel.com\/wp-content\/uploads\/2024\/11\/WhatsApp-Image-2024-11-18-at-1.01.39-PM-1.jpeg 960w\" sizes=\"auto, (max-width: 225px) 100vw, 225px\" \/><\/p>\n<p>&nbsp;<\/p>\n<p><a title=\"Voltar a Sementes\" href=\"https:\/\/alqawafel.com\/pt\/sementes\/\">Voltar a Sementes<\/a><\/p>\n<p><a title=\"Facebook\" href=\"https:\/\/alqawafel.com\/pt\/facebook\/\" target=\"_blank\" rel=\"noopener\">Facebook<\/a><\/p>\n<p><a title=\"Linkedin\" href=\"https:\/\/www.linkedin.com\/company\/alqawafel-ind-agr-co\/\" target=\"_blank\" rel=\"noopener\">Linkedin<\/a><\/p>","protected":false},"excerpt":{"rendered":"<p><span style=\"font-size: 18px;\">Pimento doce QSSP-509 F1: Um pimento doce de qualidade superior do tipo Kapia com frutos alongados de 10-15 cm, 4 l\u00f3bulos e resist\u00eancia ao ToMV, TMV, PVYO, TSWV e PM.<\/span><\/p>","protected":false},"featured_media":0,"comment_status":"open","ping_status":"closed","template":"","meta":{"om_disable_all_campaigns":false,"_monsterinsights_skip_tracking":false,"_monsterinsights_sitenote_active":false,"_monsterinsights_sitenote_note":"","_monsterinsights_sitenote_category":0},"product_brand":[],"product_cat":[237,830],"product_tag":[866,1299,1298,1296,1101,1297],"class_list":{"0":"post-10812","1":"product","2":"type-product","3":"status-publish","5":"product_cat-seeds","6":"product_cat-sweet-pepper","7":"product_tag-al-qawafel-ind-agr-co","8":"product_tag-green-to-red-pepper","9":"product_tag-kapia-sweet-pepper","10":"product_tag-open-field-sweet-pepper","11":"product_tag-seeds","12":"product_tag-sweet-pepper-qssp-509-f1","14":"first","15":"instock","16":"shipping-taxable","17":"product-type-simple"},"aioseo_notices":[],"_links":{"self":[{"href":"https:\/\/alqawafel.com\/pt\/wp-json\/wp\/v2\/product\/10812","targetHints":{"allow":["GET"]}}],"collection":[{"href":"https:\/\/alqawafel.com\/pt\/wp-json\/wp\/v2\/product"}],"about":[{"href":"https:\/\/alqawafel.com\/pt\/wp-json\/wp\/v2\/types\/product"}],"replies":[{"embeddable":true,"href":"https:\/\/alqawafel.com\/pt\/wp-json\/wp\/v2\/comments?post=10812"}],"version-history":[{"count":5,"href":"https:\/\/alqawafel.com\/pt\/wp-json\/wp\/v2\/product\/10812\/revisions"}],"predecessor-version":[{"id":19595,"href":"https:\/\/alqawafel.com\/pt\/wp-json\/wp\/v2\/product\/10812\/revisions\/19595"}],"wp:attachment":[{"href":"https:\/\/alqawafel.com\/pt\/wp-json\/wp\/v2\/media?parent=10812"}],"wp:term":[{"taxonomy":"product_brand","embeddable":true,"href":"https:\/\/alqawafel.com\/pt\/wp-json\/wp\/v2\/product_brand?post=10812"},{"taxonomy":"product_cat","embeddable":true,"href":"https:\/\/alqawafel.com\/pt\/wp-json\/wp\/v2\/product_cat?post=10812"},{"taxonomy":"product_tag","embeddable":true,"href":"https:\/\/alqawafel.com\/pt\/wp-json\/wp\/v2\/product_tag?post=10812"}],"curies":[{"name":"wp","href":"https:\/\/api.w.org\/{rel}","templated":true}]}}