{"id":10840,"date":"2024-11-18T12:35:13","date_gmt":"2024-11-18T12:35:13","guid":{"rendered":"https:\/\/alqawafel.com\/?post_type=product&#038;p=10840"},"modified":"2025-04-28T08:11:34","modified_gmt":"2025-04-28T08:11:34","slug":"melao-qsm-302-f1","status":"publish","type":"product","link":"https:\/\/alqawafel.com\/pt\/product\/melon-qsm-302-f1\/","title":{"rendered":"Mel\u00e3o QSM-302 F1"},"content":{"rendered":"<div class=\"flex-shrink-0 flex flex-col relative items-end\">\n<p><span style=\"font-size: 18px\">Mel\u00e3o QSM-302 F1: Um mel\u00e3o Ananas de alto desempenho para campos abertos. Produz frutos alaranjados claros, bem entalhados, redondos e ovais (2-4 kg) com polpa de cor creme e excelente resist\u00eancia a doen\u00e7as.<\/span><\/p>\n<table>\n<thead>\n<tr>\n<th><span style=\"font-size: 18px\"><strong>Atributo<\/strong><\/span><\/th>\n<th><span style=\"font-size: 18px\"><strong>Detalhes<\/strong><\/span><\/th>\n<\/tr>\n<\/thead>\n<tbody>\n<tr>\n<td><span style=\"font-size: 18px\"><strong>Nome do produto<\/strong><\/span><\/td>\n<td><span style=\"font-size: 18px\">Mel\u00e3o QSM - 302 F1<\/span><\/td>\n<\/tr>\n<tr>\n<td><span style=\"font-size: 18px\"><strong>Tipo<\/strong><\/span><\/td>\n<td><span style=\"font-size: 18px\">Tipo Ananas para campo aberto<\/span><\/td>\n<\/tr>\n<tr>\n<td><span style=\"font-size: 18px\"><strong>Carater\u00edsticas do fruto<\/strong><\/span><\/td>\n<td><span style=\"font-size: 18px\">Cor de laranja claro com boa rede, forma oval-redonda, peso de 2-4 kg<\/span><\/td>\n<\/tr>\n<tr>\n<td><span style=\"font-size: 18px\"><strong>Cor da carne<\/strong><\/span><\/td>\n<td><span style=\"font-size: 18px\">Cor cremosa<\/span><\/td>\n<\/tr>\n<tr>\n<td><span style=\"font-size: 18px\"><strong>Toler\u00e2ncia (IR)<\/strong><\/span><\/td>\n<td><span style=\"font-size: 18px\">PM (O\u00eddio), F2 (Fusarium Wilt Race 2)<\/span><\/td>\n<\/tr>\n<\/tbody>\n<\/table>\n<\/div>\n<p><img loading=\"lazy\" decoding=\"async\" class=\"alignnone size-medium wp-image-10860\" src=\"https:\/\/alqawafel.com\/wp-content\/uploads\/2024\/11\/WhatsApp-Image-2024-11-18-at-1.18.55-PM-1-225x300.jpeg\" alt=\"Mel\u00e3o QSM-302 F1 \" width=\"225\" height=\"300\" srcset=\"https:\/\/alqawafel.com\/wp-content\/uploads\/2024\/11\/WhatsApp-Image-2024-11-18-at-1.18.55-PM-1-225x300.jpeg 225w, https:\/\/alqawafel.com\/wp-content\/uploads\/2024\/11\/WhatsApp-Image-2024-11-18-at-1.18.55-PM-1-768x1024.jpeg 768w, https:\/\/alqawafel.com\/wp-content\/uploads\/2024\/11\/WhatsApp-Image-2024-11-18-at-1.18.55-PM-1-150x200.jpeg 150w, https:\/\/alqawafel.com\/wp-content\/uploads\/2024\/11\/WhatsApp-Image-2024-11-18-at-1.18.55-PM-1.jpeg 960w\" sizes=\"auto, (max-width: 225px) 100vw, 225px\" \/><\/p>\n<p>&nbsp;<\/p>\n<p><a title=\"Voltar a Sementes\" href=\"https:\/\/alqawafel.com\/pt\/sementes\/\">Voltar a Sementes<\/a><\/p>\n<p><a title=\"Facebook\" href=\"https:\/\/alqawafel.com\/pt\/facebook\/\" target=\"_blank\" rel=\"noopener\">Facebook<\/a><\/p>\n<p><a title=\"Linkedin\" href=\"https:\/\/www.linkedin.com\/company\/alqawafel-ind-agr-co\/\" target=\"_blank\" rel=\"noopener\">Linkedin<\/a><\/p>","protected":false},"excerpt":{"rendered":"<p><span style=\"font-size: 18px\">Mel\u00e3o QSM-302 F1: Um mel\u00e3o Ananas de qualidade superior com frutos ovais redondos de 2-4 kg, polpa de cor cremosa e resist\u00eancia \u00e0 PM e \u00e0 Fusariose (F2).<\/span><\/p>","protected":false},"featured_media":0,"comment_status":"open","ping_status":"closed","template":"","meta":{"om_disable_all_campaigns":false,"_monsterinsights_skip_tracking":false,"_monsterinsights_sitenote_active":false,"_monsterinsights_sitenote_note":"","_monsterinsights_sitenote_category":0},"product_brand":[],"product_cat":[831,237],"product_tag":[866,1305,1307,1310,1306,1101,1308],"class_list":{"0":"post-10840","1":"product","2":"type-product","3":"status-publish","5":"product_cat-melon","6":"product_cat-seeds","7":"product_tag-al-qawafel-ind-agr-co","8":"product_tag-ananas-melon","9":"product_tag-light-orange-melon","10":"product_tag-melon-qsm-302-f1","11":"product_tag-open-field-melon","12":"product_tag-seeds","13":"product_tag-well-netted-melon","15":"first","16":"instock","17":"shipping-taxable","18":"product-type-simple"},"aioseo_notices":[],"_links":{"self":[{"href":"https:\/\/alqawafel.com\/pt\/wp-json\/wp\/v2\/product\/10840","targetHints":{"allow":["GET"]}}],"collection":[{"href":"https:\/\/alqawafel.com\/pt\/wp-json\/wp\/v2\/product"}],"about":[{"href":"https:\/\/alqawafel.com\/pt\/wp-json\/wp\/v2\/types\/product"}],"replies":[{"embeddable":true,"href":"https:\/\/alqawafel.com\/pt\/wp-json\/wp\/v2\/comments?post=10840"}],"version-history":[{"count":2,"href":"https:\/\/alqawafel.com\/pt\/wp-json\/wp\/v2\/product\/10840\/revisions"}],"predecessor-version":[{"id":10911,"href":"https:\/\/alqawafel.com\/pt\/wp-json\/wp\/v2\/product\/10840\/revisions\/10911"}],"wp:attachment":[{"href":"https:\/\/alqawafel.com\/pt\/wp-json\/wp\/v2\/media?parent=10840"}],"wp:term":[{"taxonomy":"product_brand","embeddable":true,"href":"https:\/\/alqawafel.com\/pt\/wp-json\/wp\/v2\/product_brand?post=10840"},{"taxonomy":"product_cat","embeddable":true,"href":"https:\/\/alqawafel.com\/pt\/wp-json\/wp\/v2\/product_cat?post=10840"},{"taxonomy":"product_tag","embeddable":true,"href":"https:\/\/alqawafel.com\/pt\/wp-json\/wp\/v2\/product_tag?post=10840"}],"curies":[{"name":"wp","href":"https:\/\/api.w.org\/{rel}","templated":true}]}}