{"id":11006,"date":"2024-11-19T08:00:56","date_gmt":"2024-11-19T08:00:56","guid":{"rendered":"https:\/\/alqawafel.com\/?post_type=product&#038;p=11006"},"modified":"2025-09-09T12:32:36","modified_gmt":"2025-09-09T12:32:36","slug":"glyofel-48-sl","status":"publish","type":"product","link":"https:\/\/alqawafel.com\/pt\/product\/glyofel-48-sl\/","title":{"rendered":"Herbicida Glyofel 48% SL"},"content":{"rendered":"<div class=\"flex-shrink-0 flex flex-col relative items-end\">\n<h3><span style=\"font-size: 18pt;\">Porqu\u00ea o Glyofel 48% SL?<\/span><\/h3>\n<p><span style=\"font-size: 18px;\">O Glyofel48% SL \u00e9 um herbicida sist\u00e9mico concebido para um controlo de largo espetro das ervas daninhas. Gere eficazmente as infestantes anuais e perenes de folha larga, tornando-o a escolha ideal para utiliza\u00e7\u00e3o em terrenos n\u00e3o agr\u00edcolas, \u00e1rvores de fruto e campos de uvas. Com a sua capacidade de atacar as ervas daninhas em p\u00f3s-emerg\u00eancia e nas fases de crescimento ativo, o Glyofel 48% SL assegura uma gest\u00e3o \u00f3ptima das ervas daninhas e prepara os campos para a planta\u00e7\u00e3o.<\/span><\/p>\n<h3><span style=\"font-size: 18pt;\">Identifica\u00e7\u00e3o do Glyofel 48% SL<\/span><\/h3>\n<ul>\n<li><span style=\"font-size: 18px;\"><strong>Formula\u00e7\u00e3o<\/strong>: Concentrado sol\u00favel (SL)<\/span><\/li>\n<li><span style=\"font-size: 18px;\"><strong>Ingrediente ativo<\/strong>: Glifosato-isopropilamina 48% (m\/v)<\/span><\/li>\n<li><span style=\"font-size: 18px;\"><strong>Grupo qu\u00edmico<\/strong>: Fosfonoglicina<\/span><\/li>\n<li><span style=\"font-size: 18px;\"><strong>Modo de a\u00e7\u00e3o<\/strong>: A\u00e7\u00e3o sist\u00e9mica para um controlo eficaz das infestantes anuais e perenes.<\/span><\/li>\n<\/ul>\n<h3><span style=\"font-size: 18pt;\">Aplica\u00e7\u00e3o ideal<\/span><\/h3>\n<p><span style=\"font-size: 18px;\">Recomendado para utiliza\u00e7\u00e3o nas seguintes culturas e \u00e1reas com alvos t\u00edpicos de infestantes, conforme listado:<\/span><\/p>\n<h3><span style=\"font-size: 18pt; color: #000000;\">Controlo das culturas e das infestantes:<\/span><\/h3>\n<ul>\n<li><span style=\"font-size: 18px;\"><strong>\u00c1rvores de fruto e campos de uvas<\/strong>: Controlos <em>Ervas daninhas perenes e anuais (pulveriza\u00e7\u00e3o p\u00f3s-emerg\u00eancia e na fase de crescimento ativo)<\/em><\/span><\/li>\n<li><span style=\"font-size: 18px;\"><strong>Terras n\u00e3o cultivadas<\/strong>: Controlos <em>Ervas daninhas anuais, ervas daninhas perenes<\/em><\/span><\/li>\n<li><span style=\"font-size: 18px;\"><strong>Prepara\u00e7\u00e3o do campo antes da planta\u00e7\u00e3o<\/strong>: Controlos <em>Ervas daninhas perenes e anuais.<\/em><\/span><\/li>\n<\/ul>\n<p><span style=\"font-size: 18pt; color: #000000;\"><strong data-start=\"63\" data-end=\"80\">Ervas daninhas alvo:<\/strong><\/span><\/p>\n<ul>\n<li>Erva-dos-prados, erva-dos-couches, aveia-selvagem, cevada-selvagem, erva-dos-n\u00f3s, cuscuta, rabo-de-rato, grama-de-milho, erva-de-trigo, erva-dos-cavalos, erva-de-s\u00e3o-jo\u00e3o, erva-can\u00e1rio, erva-bermuda, halfa anual, cevada pequena.<\/li>\n<\/ul>\n<p><span style=\"font-size: 18pt; color: #000000;\"><strong data-start=\"279\" data-end=\"296\">Culturas-alvo:<\/strong><\/span><\/p>\n<ul>\n<li>Couve, br\u00f3colos, couve-flor<\/li>\n<li>Pimento, beringela<\/li>\n<li>Melancia, Mel\u00e3o, Ab\u00f3bora, Abobrinha<\/li>\n<li>Cebola, alho<\/li>\n<li>Batata<\/li>\n<li>Rabanete (com folhas)<\/li>\n<li>Tomate<\/li>\n<li>Morango<\/li>\n<li>Cenoura<\/li>\n<li>Alperce, P\u00eassego, Ameixa, Cereja, Nectarina<\/li>\n<li>Ma\u00e7\u00e3, pera, marmelo, n\u00easpera<\/li>\n<\/ul>\n<p><span style=\"font-size: 18pt; color: #000000;\"><strong data-start=\"527\" data-end=\"557\">Fase \u00f3ptima de aplica\u00e7\u00e3o:<\/strong><\/span><\/p>\n<ul>\n<li>Quando as infestantes aparecem no est\u00e1dio de 3 folhas at\u00e9 ao in\u00edcio da forma\u00e7\u00e3o de caules laterais.<\/li>\n<\/ul>\n<h3>Taxa de utiliza\u00e7\u00e3o:<\/h3>\n<p><span style=\"font-size: 14pt;\">1000 ml por 200 L de \u00e1gua<\/span><\/p>\n<h3>Embalagem<\/h3>\n<ul>\n<li><span style=\"font-size: 18px;\"><strong>1 L<\/strong><\/span><\/li>\n<li><strong>5 L<\/strong><\/li>\n<\/ul>\n<p><img loading=\"lazy\" decoding=\"async\" class=\"alignnone size-medium wp-image-18186\" src=\"https:\/\/alqawafel.com\/wp-content\/uploads\/2024\/11\/Glyofel-48-SL-LOGO-300x300.webp\" alt=\"O herbicida sist\u00e9mico Glyofel 48% SL oferece um controlo de largo espetro de ervas daninhas anuais e perenes em \u00e1rvores de fruto, campos de uvas e terrenos n\u00e3o agr\u00edcolas.\" width=\"300\" height=\"300\" srcset=\"https:\/\/alqawafel.com\/wp-content\/uploads\/2024\/11\/Glyofel-48-SL-LOGO-300x300.webp 300w, https:\/\/alqawafel.com\/wp-content\/uploads\/2024\/11\/Glyofel-48-SL-LOGO-150x150.webp 150w, https:\/\/alqawafel.com\/wp-content\/uploads\/2024\/11\/Glyofel-48-SL-LOGO-768x768.webp 768w, https:\/\/alqawafel.com\/wp-content\/uploads\/2024\/11\/Glyofel-48-SL-LOGO.webp 1000w\" sizes=\"auto, (max-width: 300px) 100vw, 300px\" \/><\/p>\n<\/div>\n<p>&nbsp;<\/p>","protected":false},"excerpt":{"rendered":"<p><span style=\"font-size: 18px;\">O herbicida sist\u00e9mico Glyofel 48% SL oferece um controlo de largo espetro de ervas daninhas anuais e perenes em \u00e1rvores de fruto, campos de uvas e terrenos n\u00e3o agr\u00edcolas.<\/span><\/p>","protected":false},"featured_media":18186,"comment_status":"open","ping_status":"closed","template":"","meta":{"om_disable_all_campaigns":false,"_monsterinsights_skip_tracking":false,"_monsterinsights_sitenote_active":false,"_monsterinsights_sitenote_note":"","_monsterinsights_sitenote_category":0},"product_brand":[],"product_cat":[825,87],"product_tag":[866,1202,1356,1327,1357,1113,1203,1172],"class_list":{"0":"post-11006","1":"product","2":"type-product","3":"status-publish","4":"has-post-thumbnail","6":"product_cat-herbicide","7":"product_cat-pesticides","8":"product_tag-al-qawafel-ind-agr-co","9":"product_tag-annual","10":"product_tag-broad-spectrum","11":"product_tag-glyofel-48-sl","12":"product_tag-glyphosate-isopropylamine","13":"product_tag-herbicide","14":"product_tag-perennial","15":"product_tag-systemic","17":"first","18":"instock","19":"shipping-taxable","20":"product-type-simple"},"aioseo_notices":[],"_links":{"self":[{"href":"https:\/\/alqawafel.com\/pt\/wp-json\/wp\/v2\/product\/11006","targetHints":{"allow":["GET"]}}],"collection":[{"href":"https:\/\/alqawafel.com\/pt\/wp-json\/wp\/v2\/product"}],"about":[{"href":"https:\/\/alqawafel.com\/pt\/wp-json\/wp\/v2\/types\/product"}],"replies":[{"embeddable":true,"href":"https:\/\/alqawafel.com\/pt\/wp-json\/wp\/v2\/comments?post=11006"}],"version-history":[{"count":12,"href":"https:\/\/alqawafel.com\/pt\/wp-json\/wp\/v2\/product\/11006\/revisions"}],"predecessor-version":[{"id":19957,"href":"https:\/\/alqawafel.com\/pt\/wp-json\/wp\/v2\/product\/11006\/revisions\/19957"}],"wp:featuredmedia":[{"embeddable":true,"href":"https:\/\/alqawafel.com\/pt\/wp-json\/wp\/v2\/media\/18186"}],"wp:attachment":[{"href":"https:\/\/alqawafel.com\/pt\/wp-json\/wp\/v2\/media?parent=11006"}],"wp:term":[{"taxonomy":"product_brand","embeddable":true,"href":"https:\/\/alqawafel.com\/pt\/wp-json\/wp\/v2\/product_brand?post=11006"},{"taxonomy":"product_cat","embeddable":true,"href":"https:\/\/alqawafel.com\/pt\/wp-json\/wp\/v2\/product_cat?post=11006"},{"taxonomy":"product_tag","embeddable":true,"href":"https:\/\/alqawafel.com\/pt\/wp-json\/wp\/v2\/product_tag?post=11006"}],"curies":[{"name":"wp","href":"https:\/\/api.w.org\/{rel}","templated":true}]}}