{"id":11052,"date":"2024-11-19T11:14:29","date_gmt":"2024-11-19T11:14:29","guid":{"rendered":"https:\/\/alqawafel.com\/?post_type=product&#038;p=11052"},"modified":"2025-06-11T07:42:21","modified_gmt":"2025-06-11T07:42:21","slug":"ultimo-ponto-45-6-ce","status":"publish","type":"product","link":"https:\/\/alqawafel.com\/pt\/product\/last-point-45-6-ec\/","title":{"rendered":"Fungicida CE Last Point 45.6%"},"content":{"rendered":"<div class=\"flex-shrink-0 flex flex-col relative items-end\">\n<h3>Porqu\u00ea o Last Point 45.6% EC?<\/h3>\n<p><span style=\"font-size: 18px\">Last Point 45.6% EC \u00e9 um fungicida sist\u00e9mico que oferece ac\u00e7\u00f5es protectoras e curativas. \u00c9 absorvido pelas folhas e translocado acropetalmente no xilema, assegurando um controlo robusto da doen\u00e7a. Ao inibir a bioss\u00edntese do ergosterol na membrana celular, interrompe eficazmente o desenvolvimento dos fungos. Este produto \u00e9 ideal para profissionais agr\u00edcolas que procuram uma prote\u00e7\u00e3o fi\u00e1vel contra as doen\u00e7as f\u00fangicas em v\u00e1rias culturas.<\/span><\/p>\n<h3>Identifica\u00e7\u00e3o<\/h3>\n<ul>\n<li><span style=\"font-size: 18px\"><strong>Formula\u00e7\u00e3o<\/strong>: Concentrado emulsion\u00e1vel (EC)<\/span><\/li>\n<li><span style=\"font-size: 18px\"><strong>Ingrediente ativo<\/strong>: Propiconazol 22.8% + Difenoconazol 22.8% (p\/p)<\/span><\/li>\n<li><span style=\"font-size: 18px\"><strong>Grupo qu\u00edmico<\/strong>: Triazol<\/span><\/li>\n<li><span style=\"font-size: 18px\"><strong>Modo de a\u00e7\u00e3o<\/strong>: Fungicida sist\u00e9mico com atividade translaminar e acropetal; inibe a bioss\u00edntese do ergosterol, impedindo o desenvolvimento dos fungos.<\/span><\/li>\n<\/ul>\n<h3>Aplica\u00e7\u00e3o ideal do Last Point 45.6% EC<\/h3>\n<p><span style=\"font-size: 18px\">Last Point 45.6% EC \u00e9 recomendado para utiliza\u00e7\u00e3o nas seguintes culturas com alvos t\u00edpicos de pragas, conforme listado:<\/span><\/p>\n<h4>Controlo das culturas e das pragas:<\/h4>\n<ul>\n<li><span style=\"font-size: 18px\"><strong>Cebola, alho<\/strong>: Controlos <em>Mancha da Folha, Mancha da Folha, O\u00eddio, Estenf\u00edlio, Ferrugem, Botrytis, Ferrugem da Folha<\/em><\/span><\/li>\n<li><span style=\"font-size: 18px\"><strong>Cenoura<\/strong>: Controlos <em>Cercospora Leaf Spot, Alternaria Leaf Blight, Powdery Mildew<\/em><\/span><\/li>\n<li><span style=\"font-size: 18px\"><strong>Nectarina, alperce, cereja, ameixa, p\u00eassego<\/strong>: Controlos <em>Podrid\u00e3o castanha, m\u00edldio da flor e podrid\u00e3o dos frutos, sarna, mancha de Alternaria e podrid\u00e3o dos frutos, antracnose, ferrugem da folha, o\u00eddio<\/em><\/span><\/li>\n<li><span style=\"font-size: 18px\"><strong>Morango<\/strong>: Controlos <em>Antracnose, Mancha da Folha, O\u00eddio, Ferrugem da Folha<\/em><\/span><\/li>\n<\/ul>\n<h3>Taxa de utiliza\u00e7\u00e3o:<\/h3>\n<p><span style=\"font-size: 14pt\">80-100 g por 200 L de \u00e1gua<\/span><\/p>\n<h3>Embalagem<\/h3>\n<ul>\n<li><span style=\"font-size: 18px\"><strong>1 L<\/strong><\/span><\/li>\n<\/ul>\n<p><img loading=\"lazy\" decoding=\"async\" class=\"alignnone size-medium wp-image-18221\" src=\"https:\/\/alqawafel.com\/wp-content\/uploads\/2024\/11\/Last-point-EC-LOGO-300x300.webp\" alt=\"\u00daltimo ponto 45.6% EC: fungicida \u00e0 base de propiconazol e difenoconazol para a mancha foliar, o m\u00edldio, a ferrugem e o m\u00edldio. A\u00e7\u00e3o sist\u00e9mica com efeitos protectores e curativos.\" width=\"300\" height=\"300\" srcset=\"https:\/\/alqawafel.com\/wp-content\/uploads\/2024\/11\/Last-point-EC-LOGO-300x300.webp 300w, https:\/\/alqawafel.com\/wp-content\/uploads\/2024\/11\/Last-point-EC-LOGO-150x150.webp 150w, https:\/\/alqawafel.com\/wp-content\/uploads\/2024\/11\/Last-point-EC-LOGO-768x768.webp 768w, https:\/\/alqawafel.com\/wp-content\/uploads\/2024\/11\/Last-point-EC-LOGO.webp 1000w\" sizes=\"auto, (max-width: 300px) 100vw, 300px\" \/><\/p>\n<\/div>\n<p>&nbsp;<\/p>","protected":false},"excerpt":{"rendered":"<p><span style=\"font-size: 18px\">\u00daltimo ponto 45.6% EC: fungicida \u00e0 base de propiconazol e difenoconazol para a mancha foliar, o m\u00edldio, a ferrugem e o m\u00edldio. A\u00e7\u00e3o sist\u00e9mica com efeitos protectores e curativos.<\/span><\/p>","protected":false},"featured_media":18221,"comment_status":"open","ping_status":"closed","template":"","meta":{"om_disable_all_campaigns":false,"_monsterinsights_skip_tracking":false,"_monsterinsights_sitenote_active":false,"_monsterinsights_sitenote_note":"","_monsterinsights_sitenote_category":0},"product_brand":[],"product_cat":[823,87],"product_tag":[866,1196,1195,901,1338,1351,1197,1172],"class_list":{"0":"post-11052","1":"product","2":"type-product","3":"status-publish","4":"has-post-thumbnail","6":"product_cat-fungicide","7":"product_cat-pesticides","8":"product_tag-al-qawafel-ind-agr-co","9":"product_tag-curative","10":"product_tag-difenoconazole","11":"product_tag-fungicide","12":"product_tag-last-point-45-6-ec","13":"product_tag-propiconazole","14":"product_tag-protective","15":"product_tag-systemic","17":"first","18":"instock","19":"shipping-taxable","20":"product-type-simple"},"aioseo_notices":[],"_links":{"self":[{"href":"https:\/\/alqawafel.com\/pt\/wp-json\/wp\/v2\/product\/11052","targetHints":{"allow":["GET"]}}],"collection":[{"href":"https:\/\/alqawafel.com\/pt\/wp-json\/wp\/v2\/product"}],"about":[{"href":"https:\/\/alqawafel.com\/pt\/wp-json\/wp\/v2\/types\/product"}],"replies":[{"embeddable":true,"href":"https:\/\/alqawafel.com\/pt\/wp-json\/wp\/v2\/comments?post=11052"}],"version-history":[{"count":9,"href":"https:\/\/alqawafel.com\/pt\/wp-json\/wp\/v2\/product\/11052\/revisions"}],"predecessor-version":[{"id":18809,"href":"https:\/\/alqawafel.com\/pt\/wp-json\/wp\/v2\/product\/11052\/revisions\/18809"}],"wp:featuredmedia":[{"embeddable":true,"href":"https:\/\/alqawafel.com\/pt\/wp-json\/wp\/v2\/media\/18221"}],"wp:attachment":[{"href":"https:\/\/alqawafel.com\/pt\/wp-json\/wp\/v2\/media?parent=11052"}],"wp:term":[{"taxonomy":"product_brand","embeddable":true,"href":"https:\/\/alqawafel.com\/pt\/wp-json\/wp\/v2\/product_brand?post=11052"},{"taxonomy":"product_cat","embeddable":true,"href":"https:\/\/alqawafel.com\/pt\/wp-json\/wp\/v2\/product_cat?post=11052"},{"taxonomy":"product_tag","embeddable":true,"href":"https:\/\/alqawafel.com\/pt\/wp-json\/wp\/v2\/product_tag?post=11052"}],"curies":[{"name":"wp","href":"https:\/\/api.w.org\/{rel}","templated":true}]}}