{"id":11066,"date":"2024-11-19T12:17:29","date_gmt":"2024-11-19T12:17:29","guid":{"rendered":"https:\/\/alqawafel.com\/?post_type=product&#038;p=11066"},"modified":"2025-08-30T12:02:02","modified_gmt":"2025-08-30T12:02:02","slug":"super-80-wdg","status":"publish","type":"product","link":"https:\/\/alqawafel.com\/pt\/product\/super-80-wdg\/","title":{"rendered":"Super 80% WDG Fungicida e Miticida"},"content":{"rendered":"<div class=\"flex-shrink-0 flex flex-col relative items-end\">\n<h3>Porqu\u00ea o Super 80% WDG?<\/h3>\n<p><span style=\"font-size: 18px;\">O Super 80% WDG \u00e9 um fungicida e miticida n\u00e3o sist\u00e9mico concebido para oferecer prote\u00e7\u00e3o atrav\u00e9s da a\u00e7\u00e3o de contacto e do sistema respirat\u00f3rio. Actua como um agente protetor, assegurando uma gest\u00e3o eficaz das doen\u00e7as f\u00fangicas e dos \u00e1caros numa variedade de culturas. Este produto \u00e9 ideal para profissionais agr\u00edcolas que procuram uma solu\u00e7\u00e3o fi\u00e1vel para o controlo de pragas e doen\u00e7as.<\/span><\/p>\n<h3>Identifica\u00e7\u00e3o<\/h3>\n<ul>\n<li><span style=\"font-size: 18px;\"><strong>Formula\u00e7\u00e3o<\/strong>: Granulado dispers\u00edvel em \u00e1gua (WDG)<\/span><\/li>\n<li><span style=\"font-size: 18px;\"><strong>Ingrediente ativo<\/strong>: Enxofre 80% (p\/p)<\/span><\/li>\n<li><span style=\"font-size: 18px;\"><strong>Grupo qu\u00edmico<\/strong>: Composto inorg\u00e2nico<\/span><\/li>\n<li><span style=\"font-size: 18px;\"><strong>Modo de a\u00e7\u00e3o<\/strong>: Fungicida e miticida n\u00e3o sist\u00e9mico com atividade de contacto e no sistema respirat\u00f3rio, oferecendo uma a\u00e7\u00e3o protetora.<\/span><\/li>\n<\/ul>\n<h3>Aplica\u00e7\u00e3o ideal do Super 80% WDG<\/h3>\n<p><span style=\"font-size: 18px;\">O Super 80% WDG \u00e9 altamente eficaz no controlo de pragas e doen\u00e7as nas seguintes culturas<\/span><\/p>\n<ul>\n<li><span style=\"font-size: 18px;\"><strong>Am\u00eandoas<\/strong>: Objectivos <em>Podrid\u00e3o castanha, m\u00edldio dos ramos e das flores, mancha da folha, o\u00eddio, ferrugem, sarna, \u00e1caros castanhos, \u00e1caros vermelhos da aranha, \u00e1caros vermelhos da mancha dupla<\/em>.<\/span><\/li>\n<li><strong><span style=\"font-size: 18px;\"><span style=\"font-size: 18px;\"><span style=\"font-size: 18px;\">Apple: <\/span><\/span><\/span><\/strong><span style=\"font-size: 18px;\"><span style=\"font-size: 18px;\"><span style=\"font-size: 18px;\">Controlos <\/span><\/span><\/span>O\u00eddio, sarna, \u00e1caro da bolha, \u00e1caro da aranha vermelha e \u00e1caro das duas manchas.<\/li>\n<li><span style=\"font-size: 18px;\"><strong>Bananas<\/strong>: Eficaz contra <em>\u00c1caros<\/em>.<\/span><\/li>\n<li><span style=\"font-size: 18px;\"><strong>Feij\u00f5es<\/strong>: Gest\u00e3o <em>Mancha da folha, o\u00eddio, ferrugem, \u00e1caros vermelhos<\/em>.<\/span><\/li>\n<li><span style=\"font-size: 18px;\"><strong>Couve, br\u00f3colos, couve-flor<\/strong>: Objectivos <em>O\u00eddio, Septoriose, Ferrugem, \u00c1caros vermelhos<\/em>.<\/span><\/li>\n<li><span style=\"font-size: 18px;\"><strong>Cenouras<\/strong>: Controlos <em>O\u00eddio, \u00c1caros de Petroba<\/em>.<\/span><\/li>\n<li><span style=\"font-size: 18px;\"><strong>Citrinos<\/strong>: Eficaz para <em>\u00c1caros (da lareira, do rebento, da ferrugem dos citrinos, da aranha vermelha, da aranha prateada, da aranha de seis manchas), tripes<\/em>.<\/span><\/li>\n<li><span style=\"font-size: 18px;\"><strong>Beringela<\/strong>: Controlos <em>O\u00eddio<\/em>.<\/span><\/li>\n<li><span style=\"font-size: 18px;\"><strong>Figos<\/strong>: Eficaz contra <em>\u00c1caros (incluindo o \u00e1caro da ferrugem da figueira, Eriophyid)<\/em>.<\/span><\/li>\n<li><span style=\"font-size: 18px;\"><strong>Uvas<\/strong>: Objectivos <em>Phomopsis, o\u00eddio, \u00e1caros (bolha, broto, aranha vermelha)<\/em>.<\/span><\/li>\n<li><span style=\"font-size: 18px;\"><strong>Alface<\/strong>: Controlos <em>O\u00eddio, ferrugem, \u00e1caros vermelhos<\/em>.<\/span><\/li>\n<li><span style=\"font-size: 18px;\"><strong>Cebola, Cebola verde, Alho<\/strong>: Eficaz contra <em>O\u00eddio, \u00c1caros de Petroba<\/em>.<\/span><\/li>\n<li><span style=\"font-size: 18px;\"><strong>Pimenta<\/strong>: Gest\u00e3o <em>Mancha da folha, o\u00eddio, \u00e1caros (lagarta, aranhi\u00e7o vermelho)<\/em>.<\/span><\/li>\n<li><span style=\"font-size: 18px;\"><strong>Batatas<\/strong>: Objectivos <em>O\u00eddio, Septoriose, \u00c1caros vermelhos<\/em>.<\/span><\/li>\n<li><span style=\"font-size: 18px;\"><strong>Tomates<\/strong>: Controlos <em>\u00c1caros da beterraba<\/em>.<\/span><\/li>\n<li><span style=\"font-size: 18px;\"><strong>Cereja, Nectarina, P\u00eassego, Ameixa<\/strong>: Eficaz contra <em>m\u00edldio da flor e dos ramos, podrid\u00e3o castanha, mancha da folha, o\u00eddio, ferrugem, sarna, \u00e1caros (chatos, aranha vermelha, prateados)<\/em>.<\/span><\/li>\n<li><span style=\"font-size: 18px;\"><strong>Rabanete<\/strong>: Gest\u00e3o <em>O\u00eddio, ferrugem, septoriose, \u00e1caros vermelhos<\/em>.<\/span><\/li>\n<li><span style=\"font-size: 18px;\"><strong>Plantas Ornamentais (Rosas)<\/strong>: Objectivos <em>O\u00eddio, \u00e1caros de duas manchas<\/em>.<\/span><\/li>\n<\/ul>\n<h3>Taxa de utiliza\u00e7\u00e3o:<\/h3>\n<p><span style=\"font-size: 14pt;\">400-500 g por 200 L de \u00e1gua<\/span><\/p>\n<h3>Embalagem<\/h3>\n<ul>\n<li><span style=\"font-size: 18px;\"><strong>1 kg<\/strong><\/span><\/li>\n<\/ul>\n<p><img loading=\"lazy\" decoding=\"async\" class=\"alignnone size-medium wp-image-18481\" src=\"https:\/\/alqawafel.com\/wp-content\/uploads\/2024\/11\/Super-80-WDG-LOGO-300x300.webp\" alt=\"O Super 80% WDG \u00e9 um fungicida e miticida n\u00e3o sist\u00e9mico que proporciona prote\u00e7\u00e3o por contacto e vapor para um controlo eficaz das doen\u00e7as das culturas e dos \u00e1caros.\" width=\"300\" height=\"300\" srcset=\"https:\/\/alqawafel.com\/wp-content\/uploads\/2024\/11\/Super-80-WDG-LOGO-300x300.webp 300w, https:\/\/alqawafel.com\/wp-content\/uploads\/2024\/11\/Super-80-WDG-LOGO-150x150.webp 150w, https:\/\/alqawafel.com\/wp-content\/uploads\/2024\/11\/Super-80-WDG-LOGO-768x768.webp 768w, https:\/\/alqawafel.com\/wp-content\/uploads\/2024\/11\/Super-80-WDG-LOGO.webp 1000w\" sizes=\"auto, (max-width: 300px) 100vw, 300px\" \/><\/p>\n<\/div>","protected":false},"excerpt":{"rendered":"<p><span style=\"font-size: 18px;\">O Super 80% WDG \u00e9 um fungicida e miticida n\u00e3o sist\u00e9mico que proporciona prote\u00e7\u00e3o por contacto e vapor para um controlo eficaz das doen\u00e7as das culturas e dos \u00e1caros.<\/span><\/p>","protected":false},"featured_media":18481,"comment_status":"open","ping_status":"closed","template":"","meta":{"om_disable_all_campaigns":false,"_monsterinsights_skip_tracking":false,"_monsterinsights_sitenote_active":false,"_monsterinsights_sitenote_note":"","_monsterinsights_sitenote_category":0},"product_brand":[],"product_cat":[823,824,87],"product_tag":[866,901,1111,844,1346,1344,1343],"class_list":{"0":"post-11066","1":"product","2":"type-product","3":"status-publish","4":"has-post-thumbnail","6":"product_cat-fungicide","7":"product_cat-miticide","8":"product_cat-pesticides","9":"product_tag-al-qawafel-ind-agr-co","10":"product_tag-fungicide","11":"product_tag-mildew","12":"product_tag-miticide","13":"product_tag-rust","14":"product_tag-sulfur","15":"product_tag-super-80-wdg","17":"first","18":"instock","19":"shipping-taxable","20":"product-type-simple"},"aioseo_notices":[],"_links":{"self":[{"href":"https:\/\/alqawafel.com\/pt\/wp-json\/wp\/v2\/product\/11066","targetHints":{"allow":["GET"]}}],"collection":[{"href":"https:\/\/alqawafel.com\/pt\/wp-json\/wp\/v2\/product"}],"about":[{"href":"https:\/\/alqawafel.com\/pt\/wp-json\/wp\/v2\/types\/product"}],"replies":[{"embeddable":true,"href":"https:\/\/alqawafel.com\/pt\/wp-json\/wp\/v2\/comments?post=11066"}],"version-history":[{"count":15,"href":"https:\/\/alqawafel.com\/pt\/wp-json\/wp\/v2\/product\/11066\/revisions"}],"predecessor-version":[{"id":19927,"href":"https:\/\/alqawafel.com\/pt\/wp-json\/wp\/v2\/product\/11066\/revisions\/19927"}],"wp:featuredmedia":[{"embeddable":true,"href":"https:\/\/alqawafel.com\/pt\/wp-json\/wp\/v2\/media\/18481"}],"wp:attachment":[{"href":"https:\/\/alqawafel.com\/pt\/wp-json\/wp\/v2\/media?parent=11066"}],"wp:term":[{"taxonomy":"product_brand","embeddable":true,"href":"https:\/\/alqawafel.com\/pt\/wp-json\/wp\/v2\/product_brand?post=11066"},{"taxonomy":"product_cat","embeddable":true,"href":"https:\/\/alqawafel.com\/pt\/wp-json\/wp\/v2\/product_cat?post=11066"},{"taxonomy":"product_tag","embeddable":true,"href":"https:\/\/alqawafel.com\/pt\/wp-json\/wp\/v2\/product_tag?post=11066"}],"curies":[{"name":"wp","href":"https:\/\/api.w.org\/{rel}","templated":true}]}}