{"id":12779,"date":"2024-12-16T07:48:33","date_gmt":"2024-12-16T07:48:33","guid":{"rendered":"https:\/\/alqawafel.com\/?post_type=product&#038;p=12779"},"modified":"2025-07-21T07:47:30","modified_gmt":"2025-07-21T07:47:30","slug":"crescimento-10-0-40t-e-fertilizante","status":"publish","type":"product","link":"https:\/\/alqawafel.com\/pt\/product\/growth-10-0-40t-e-fertilizer\/","title":{"rendered":"Crescimento 10-0-40+T.E. Fertilizante"},"content":{"rendered":"<h3><strong>Porqu\u00ea o Fertilizante Growth 10-0-40+T.E.<\/strong><\/h3>\n<p><span style=\"font-size: 18px;\">Growth 10-0-40+T.E. Soluble Fertilizer \u00e9 um fertilizante composto de qualidade superior concebido para satisfazer as necessidades de pot\u00e1ssio de v\u00e1rias culturas. Enriquecido com azoto, enxofre, magn\u00e9sio, microelementos essenciais e \u00e1cidos org\u00e2nicos, promove um crescimento robusto e melhora a qualidade dos frutos. A sua composi\u00e7\u00e3o \u00fanica assegura uma absor\u00e7\u00e3o \u00f3ptima dos nutrientes, mesmo em solos salinos, tornando-o adequado para uma vasta gama de culturas e sistemas de irriga\u00e7\u00e3o.<\/span><\/p>\n<h3><strong>Benef\u00edcios<\/strong><\/h3>\n<ul>\n<li><span style=\"font-size: 18px;\"><strong>Alto teor de pot\u00e1ssio:<\/strong> Melhora a qualidade, o tamanho e o rendimento global dos frutos, especialmente em culturas com elevadas necessidades de pot\u00e1ssio.<\/span><\/li>\n<li><span style=\"font-size: 18px;\"><strong>Formas de nitrog\u00e9nio triplo:<\/strong> Cont\u00e9m nitrato (NO\u2083), am\u00f3nio (NH\u2084) e amina (NH\u2082) para um crescimento sustentado das plantas.<\/span><\/li>\n<li><span style=\"font-size: 18px;\"><strong>pH \u00f3timo para absor\u00e7\u00e3o:<\/strong> Mant\u00e9m um pH de 6 a 1 gm\/L, assegurando uma absor\u00e7\u00e3o m\u00e1xima dos nutrientes.<\/span><\/li>\n<li><span style=\"font-size: 18px;\"><strong>Baixa CE (Condutividade El\u00e9ctrica):<\/strong> Adequado para solos salinos, promovendo um desenvolvimento mais saud\u00e1vel das plantas.<\/span><\/li>\n<li><span style=\"font-size: 18px;\"><strong>Micronutrientes e Vitaminas:<\/strong> Inclui ferro, zinco, mangan\u00e9sio, cobre e boro quelatados com \u00e1cido c\u00edtrico, bem como vitaminas essenciais (riboflavina, piridoxina, nicotinamida, tiamina).<\/span><\/li>\n<li><span style=\"font-size: 18px;\"><strong>Sem cloretos:<\/strong> Seguro para as culturas sens\u00edveis, reduzindo o risco de toxicidade.<\/span><\/li>\n<li><span style=\"font-size: 18px;\"><strong>Altamente sol\u00favel:<\/strong> Compat\u00edvel com todos os sistemas de rega, incluindo rega gota a gota, aspers\u00e3o e inunda\u00e7\u00e3o.<\/span><\/li>\n<\/ul>\n<h3 class=\"translation-block\"><span style=\"font-size: 18px\">Composi\u00e7\u00e3o qu\u00edmica<\/span><\/h3>\n<ul>\n<li><span style=\"font-size: 18px;\"><strong>Azoto (N 10%)<\/strong><\/span><\/li>\n<li><span style=\"font-size: 18px;\"><strong>Pot\u00e1ssio (K\u2082O 40%)<\/strong><\/span><\/li>\n<li><span style=\"font-size: 18px;\"><strong>Microelementos quelatados:<\/strong><\/span>\n<ul>\n<li><span style=\"font-size: 18px;\"><strong>Ferro (Fe) EDTA<\/strong><\/span><\/li>\n<li><span style=\"font-size: 18px;\"><strong>Zinco (Zn) EDTA<\/strong><\/span><\/li>\n<li><span style=\"font-size: 18px;\"><strong>Mangan\u00eas (Mn) EDTA<\/strong><\/span><\/li>\n<li><span style=\"font-size: 18px;\"><strong>Cobre (Cu) EDTA<\/strong><\/span><\/li>\n<li><span style=\"font-size: 18px;\"><strong>Boro (B)<\/strong><\/span><\/li>\n<\/ul>\n<\/li>\n<li><span style=\"font-size: 18px;\"><strong>Aditivos:<\/strong> Riboflavina, piridoxina, nicotinamida, tiamina e \u00e1cidos org\u00e2nicos.<\/span><\/li>\n<\/ul>\n<h3><strong>Aplica\u00e7\u00e3o ideal do crescimento <\/strong><strong>10-0-40+T.E.<\/strong><\/h3>\n<p><span style=\"font-size: 18px;\"><strong>Culturas adequadas:<\/strong><\/span><\/p>\n<ul>\n<li><span style=\"font-size: 18px;\">Vegetais de estufa e de campo aberto.<\/span><\/li>\n<li><span style=\"font-size: 14pt;\">Culturas arvenses.<\/span><\/li>\n<li><span style=\"font-size: 18px;\">\u00c1rvores de fruto.<\/span><\/li>\n<li><span style=\"font-size: 14pt;\">Plantas Ornamentais.<\/span><\/li>\n<\/ul>\n<h3 data-start=\"139\" data-end=\"173\">Taxa de aplica\u00e7\u00e3o<\/h3>\n<h4 data-start=\"139\" data-end=\"173\"><strong data-start=\"145\" data-end=\"171\">Produtos hort\u00edcolas de campo aberto:<\/strong><\/h4>\n<p><span style=\"font-size: 14pt;\">1,5-2 kg \/ 1000 m\u00b2, 3-4 vezes por semana.<\/span><\/p>\n<h4 data-start=\"319\" data-end=\"343\"><strong data-start=\"325\" data-end=\"341\">\u00c1rvores de fruto:<\/strong><\/h4>\n<p data-start=\"346\" data-end=\"497\"><span style=\"font-size: 14pt;\">0,5-1 kg \/ 1000 m\u00b2, 3-4 vezes por semana ap\u00f3s o in\u00edcio da frutifica\u00e7\u00e3o e durante a matura\u00e7\u00e3o dos frutos.<\/span><\/p>\n<h3><strong>Embalagem<\/strong><\/h3>\n<ul>\n<li class=\"translation-block\"><span style=\"font-size: 18px\">Dispon\u00edvel em sacos de <strong>25 kg<\/strong>.<\/span><\/li>\n<\/ul>\n<p><img loading=\"lazy\" decoding=\"async\" class=\"alignnone size-medium wp-image-17192\" src=\"https:\/\/alqawafel.com\/wp-content\/uploads\/2024\/12\/Growth-Logo-10-0-40T.E-300x300.webp\" alt=\"Crescimento 10-0-40+T.E.\" width=\"300\" height=\"300\" srcset=\"https:\/\/alqawafel.com\/wp-content\/uploads\/2024\/12\/Growth-Logo-10-0-40T.E-300x300.webp 300w, https:\/\/alqawafel.com\/wp-content\/uploads\/2024\/12\/Growth-Logo-10-0-40T.E-150x150.webp 150w, https:\/\/alqawafel.com\/wp-content\/uploads\/2024\/12\/Growth-Logo-10-0-40T.E-768x768.webp 768w, https:\/\/alqawafel.com\/wp-content\/uploads\/2024\/12\/Growth-Logo-10-0-40T.E.webp 1000w\" sizes=\"auto, (max-width: 300px) 100vw, 300px\" \/><\/p>","protected":false},"excerpt":{"rendered":"<p><span style=\"font-size: 18px;\">Growth 10-0-40+T.E. Soluble Fertilizer \u00e9 um adubo composto com elevado teor de pot\u00e1ssio, enriquecido com nutrientes e microelementos essenciais.<\/span><\/p>","protected":false},"featured_media":17192,"comment_status":"open","ping_status":"closed","template":"","meta":{"om_disable_all_campaigns":false,"_monsterinsights_skip_tracking":false,"_monsterinsights_sitenote_active":false,"_monsterinsights_sitenote_note":"","_monsterinsights_sitenote_category":0},"product_brand":[2213],"product_cat":[50,2131],"product_tag":[866,2000,463,2001,881,1999,2002],"class_list":{"0":"post-12779","1":"product","2":"type-product","3":"status-publish","4":"has-post-thumbnail","6":"product_brand-growth","7":"product_cat-fertilizers","8":"product_cat-water-soluble-fertilizers","9":"product_tag-al-qawafel-ind-agr-co","10":"product_tag-chloride-free","11":"product_tag-fertilizer","12":"product_tag-growth-10-0-40t-e","13":"product_tag-high-potassium","14":"product_tag-highly-soluble","15":"product_tag-organic-acids","17":"first","18":"instock","19":"shipping-taxable","20":"product-type-simple"},"aioseo_notices":[],"_links":{"self":[{"href":"https:\/\/alqawafel.com\/pt\/wp-json\/wp\/v2\/product\/12779","targetHints":{"allow":["GET"]}}],"collection":[{"href":"https:\/\/alqawafel.com\/pt\/wp-json\/wp\/v2\/product"}],"about":[{"href":"https:\/\/alqawafel.com\/pt\/wp-json\/wp\/v2\/types\/product"}],"replies":[{"embeddable":true,"href":"https:\/\/alqawafel.com\/pt\/wp-json\/wp\/v2\/comments?post=12779"}],"version-history":[{"count":8,"href":"https:\/\/alqawafel.com\/pt\/wp-json\/wp\/v2\/product\/12779\/revisions"}],"predecessor-version":[{"id":19446,"href":"https:\/\/alqawafel.com\/pt\/wp-json\/wp\/v2\/product\/12779\/revisions\/19446"}],"wp:featuredmedia":[{"embeddable":true,"href":"https:\/\/alqawafel.com\/pt\/wp-json\/wp\/v2\/media\/17192"}],"wp:attachment":[{"href":"https:\/\/alqawafel.com\/pt\/wp-json\/wp\/v2\/media?parent=12779"}],"wp:term":[{"taxonomy":"product_brand","embeddable":true,"href":"https:\/\/alqawafel.com\/pt\/wp-json\/wp\/v2\/product_brand?post=12779"},{"taxonomy":"product_cat","embeddable":true,"href":"https:\/\/alqawafel.com\/pt\/wp-json\/wp\/v2\/product_cat?post=12779"},{"taxonomy":"product_tag","embeddable":true,"href":"https:\/\/alqawafel.com\/pt\/wp-json\/wp\/v2\/product_tag?post=12779"}],"curies":[{"name":"wp","href":"https:\/\/api.w.org\/{rel}","templated":true}]}}