{"id":12801,"date":"2024-12-16T09:08:17","date_gmt":"2024-12-16T09:08:17","guid":{"rendered":"https:\/\/alqawafel.com\/?post_type=product&#038;p=12801"},"modified":"2025-06-24T09:56:12","modified_gmt":"2025-06-24T09:56:12","slug":"nebracid-85","status":"publish","type":"product","link":"https:\/\/alqawafel.com\/pt\/product\/nebracid-85\/","title":{"rendered":"Fertilizante NebrAcid 85%"},"content":{"rendered":"<h3 class=\"translation-block\"><strong data-start=\"245\" data-end=\"301\">Porque \u00e9 que escolheu o <span style=\"font-size: 14pt\">fertilizante l\u00edquido NebrAcid 85%<\/span>?<\/h3>\n<p><span style=\"font-size: 14pt\"><strong data-start=\"73\" data-end=\"89\">NebrAcid 85%<\/strong>\u00a0\u00e9 um adubo l\u00edquido pronto a usar com uma elevada concentra\u00e7\u00e3o de f\u00f3sforo, concebido para aplica\u00e7\u00e3o direta para satisfazer as necessidades essenciais de f\u00f3sforo das plantas.<\/span><br data-start=\"249\" data-end=\"252\" \/><span style=\"font-size: 14pt\">A sua r\u00e1pida absor\u00e7\u00e3o de f\u00f3sforo favorece o crescimento das plantas e aumenta a produtividade.<\/span><\/p>\n<p data-start=\"335\" data-end=\"714\"><span style=\"font-size: 14pt\">Gra\u00e7as ao seu pH baixo, o NebrAcid 85% ajuda a reduzir a acidez da \u00e1gua de irriga\u00e7\u00e3o e do solo, abrindo os poros entupidos nos tubos de irriga\u00e7\u00e3o causados por sujidade e dep\u00f3sitos de c\u00e1lcio.<\/span><br data-start=\"499\" data-end=\"502\" \/><span style=\"font-size: 14pt\">\u00c9 tamb\u00e9m um produto vers\u00e1til que apoia o crescimento precoce e a flora\u00e7\u00e3o durante o cultivo, e pode ser utilizado antes da planta\u00e7\u00e3o para limpar os canais de irriga\u00e7\u00e3o - garantindo um fluxo de \u00e1gua suave e um fornecimento eficiente de nutrientes.<\/span><\/p>\n<h3 data-start=\"88\" data-end=\"106\"><strong data-start=\"92\" data-end=\"106\">Aplica\u00e7\u00e3o ideal<\/strong><\/h3>\n<p><strong><span style=\"font-size: 18px\">Adequado para utiliza\u00e7\u00e3o em:<\/span><\/strong><\/p>\n<ol>\n<li><span style=\"font-size: 18px\">Culturas arvenses<\/span><\/li>\n<li><span style=\"font-size: 18px\">Legumes de casa de pl\u00e1stico<\/span><\/li>\n<li><span style=\"font-size: 18px\">Vegetais de campo aberto<\/span><\/li>\n<li><span style=\"font-size: 18px\">\u00c1rvores de fruto<\/span><\/li>\n<\/ol>\n<h3 class=\"translation-block\"><strong data-start=\"245\" data-end=\"301\"><span style=\"font-size: 14pt\">NebrAcid 85% <\/span><\/strong><strong data-start=\"73\" data-end=\"88\">Vantagens<\/strong><\/h3>\n<p><span style=\"font-size: 14pt\">- <strong data-start=\"63\" data-end=\"97\">Concentra\u00e7\u00e3o elevada de f\u00f3sforo:<\/strong> Permite uma nutri\u00e7\u00e3o eficiente das plantas, melhorando o crescimento e a produtividade.<\/span><br data-start=\"167\" data-end=\"170\" \/><span style=\"font-size: 14pt\">- <strong data-start=\"172\" data-end=\"194\">Efeito pouco \u00e1cido:<\/strong> Melhora a qualidade da \u00e1gua de irriga\u00e7\u00e3o e do solo, aumentando a efici\u00eancia dos nutrientes.<\/span><br data-start=\"277\" data-end=\"280\" data-is-only-node=\"\" \/><span style=\"font-size: 14pt\">- <strong data-start=\"282\" data-end=\"313\">Limpeza do sistema de irriga\u00e7\u00e3o:<\/strong> Remove os dep\u00f3sitos de c\u00e1lcio e melhora o fluxo de \u00e1gua para um melhor fornecimento de nutrientes.<\/span><br data-start=\"392\" data-end=\"395\" \/><span style=\"font-size: 14pt\">- <strong data-start=\"397\" data-end=\"436\">Apoio \u00e0s fases cr\u00edticas de crescimento:<\/strong> Aumenta o crescimento precoce e a forma\u00e7\u00e3o de flores, melhorando o rendimento das culturas.<\/span><br data-start=\"503\" data-end=\"506\" \/><span style=\"font-size: 14pt\">- <strong data-start=\"508\" data-end=\"534\">Aplica\u00e7\u00e3o vers\u00e1til:<\/strong> Adequado tanto para a agricultura hidrop\u00f3nica como para a agricultura no solo, o que o torna uma escolha flex\u00edvel para os agricultores.<\/span><\/p>\n<h3 data-start=\"364\" data-end=\"459\"><strong data-start=\"125\" data-end=\"146\">Taxa de aplica\u00e7\u00e3o<\/strong><\/h3>\n<p data-start=\"364\" data-end=\"459\" class=\"translation-block\"><span style=\"font-size: 14pt\">Aplicar a uma taxa de <strong data-start=\"168\" data-end=\"188\">2-3 kg por dunum<\/strong>, dependendo do tipo de solo e do n\u00edvel de pH. <\/span><\/p>\n<h3 data-start=\"364\" data-end=\"459\">Embalagem<\/h3>\n<p><span style=\"font-size: 14pt\">Gal\u00e3o de 25 kg<\/span><\/p>\n<p><img loading=\"lazy\" decoding=\"async\" class=\"alignnone size-medium wp-image-16779\" src=\"https:\/\/alqawafel.com\/wp-content\/uploads\/2024\/12\/NebrAcid-85-LOGO-300x300.webp\" alt=\"NebrAcid 85%\" width=\"300\" height=\"300\" srcset=\"https:\/\/alqawafel.com\/wp-content\/uploads\/2024\/12\/NebrAcid-85-LOGO-300x300.webp 300w, https:\/\/alqawafel.com\/wp-content\/uploads\/2024\/12\/NebrAcid-85-LOGO-150x150.webp 150w, https:\/\/alqawafel.com\/wp-content\/uploads\/2024\/12\/NebrAcid-85-LOGO-768x768.webp 768w, https:\/\/alqawafel.com\/wp-content\/uploads\/2024\/12\/NebrAcid-85-LOGO.webp 1000w\" sizes=\"auto, (max-width: 300px) 100vw, 300px\" \/><\/p>","protected":false},"excerpt":{"rendered":"<p><span style=\"font-size: 18px\">O NebrAcid 85% \u00e9 um fertilizante l\u00edquido com elevado teor de f\u00f3sforo que melhora a absor\u00e7\u00e3o de nutrientes, reduz o pH do solo e aumenta a flora\u00e7\u00e3o e o rendimento das culturas.<\/span><\/p>","protected":false},"featured_media":16779,"comment_status":"open","ping_status":"closed","template":"","meta":{"om_disable_all_campaigns":false,"_monsterinsights_skip_tracking":false,"_monsterinsights_sitenote_active":false,"_monsterinsights_sitenote_note":"","_monsterinsights_sitenote_category":0},"product_brand":[],"product_cat":[50,2134],"product_tag":[866,912,463,913,877,2023,914],"class_list":{"0":"post-12801","1":"product","2":"type-product","3":"status-publish","4":"has-post-thumbnail","6":"product_cat-fertilizers","7":"product_cat-liquid-fertilizers","8":"product_tag-al-qawafel-ind-agr-co","9":"product_tag-fast-absorption","10":"product_tag-fertilizer","11":"product_tag-growth-boost","12":"product_tag-high-phosphorus","13":"product_tag-nebracid","14":"product_tag-soil-conditioning","16":"first","17":"instock","18":"shipping-taxable","19":"product-type-simple"},"aioseo_notices":[],"_links":{"self":[{"href":"https:\/\/alqawafel.com\/pt\/wp-json\/wp\/v2\/product\/12801","targetHints":{"allow":["GET"]}}],"collection":[{"href":"https:\/\/alqawafel.com\/pt\/wp-json\/wp\/v2\/product"}],"about":[{"href":"https:\/\/alqawafel.com\/pt\/wp-json\/wp\/v2\/types\/product"}],"replies":[{"embeddable":true,"href":"https:\/\/alqawafel.com\/pt\/wp-json\/wp\/v2\/comments?post=12801"}],"version-history":[{"count":14,"href":"https:\/\/alqawafel.com\/pt\/wp-json\/wp\/v2\/product\/12801\/revisions"}],"predecessor-version":[{"id":12804,"href":"https:\/\/alqawafel.com\/pt\/wp-json\/wp\/v2\/product\/12801\/revisions\/12804"}],"wp:featuredmedia":[{"embeddable":true,"href":"https:\/\/alqawafel.com\/pt\/wp-json\/wp\/v2\/media\/16779"}],"wp:attachment":[{"href":"https:\/\/alqawafel.com\/pt\/wp-json\/wp\/v2\/media?parent=12801"}],"wp:term":[{"taxonomy":"product_brand","embeddable":true,"href":"https:\/\/alqawafel.com\/pt\/wp-json\/wp\/v2\/product_brand?post=12801"},{"taxonomy":"product_cat","embeddable":true,"href":"https:\/\/alqawafel.com\/pt\/wp-json\/wp\/v2\/product_cat?post=12801"},{"taxonomy":"product_tag","embeddable":true,"href":"https:\/\/alqawafel.com\/pt\/wp-json\/wp\/v2\/product_tag?post=12801"}],"curies":[{"name":"wp","href":"https:\/\/api.w.org\/{rel}","templated":true}]}}