{"id":12814,"date":"2024-12-16T09:56:47","date_gmt":"2024-12-16T09:56:47","guid":{"rendered":"https:\/\/alqawafel.com\/?post_type=product&#038;p=12814"},"modified":"2025-06-24T09:07:08","modified_gmt":"2025-06-24T09:07:08","slug":"e-nebras-0-25-35","status":"publish","type":"product","link":"https:\/\/alqawafel.com\/pt\/product\/an-nebras-0-25-35\/","title":{"rendered":"Fertilizante An-Nebras 0-25-35"},"content":{"rendered":"<h3>Porqu\u00ea escolher o Fertilizante L\u00edquido An-Nebras 0-25-35?<\/h3>\n<p><span style=\"font-size: 18px\">An-Nebras 0-25-35 representa uma nova tecnologia em fertiliza\u00e7\u00e3o foliar, fornecendo compostos fosfatados e pot\u00e1ssicos com baixo \u00edndice salino, garantindo seguran\u00e7a e efic\u00e1cia mesmo em altas concentra\u00e7\u00f5es. Enriquecido com amino\u00e1cidos, \u00e1cidos minerais e vitaminas essenciais, o An-Nebras 0-25-35 foi concebido para ativar as plantas, potenciar o crescimento e apoiar todas as fases de desenvolvimento. Com uma r\u00e1pida absor\u00e7\u00e3o atrav\u00e9s dos tecidos das plantas, esta formula\u00e7\u00e3o aumenta a fotoss\u00edntese, o metabolismo e a sa\u00fade das ra\u00edzes, ao mesmo tempo que aumenta a resist\u00eancia \u00e0s doen\u00e7as f\u00fangicas. \u00c9 ideal para utiliza\u00e7\u00e3o como spray foliar e na irriga\u00e7\u00e3o.<\/span><\/p>\n<h3>Principais benef\u00edcios do Fertilizante l\u00edquido An-Nebras 0-25-35<\/h3>\n<ul>\n<li><span style=\"font-size: 18px\"><strong>Ativa\u00e7\u00e3o r\u00e1pida de plantas:<\/strong> Fornece nutrientes numa forma facilmente absorv\u00edvel, acelerando o crescimento e melhorando o metabolismo das plantas.<\/span><\/li>\n<li><span style=\"font-size: 18px\"><strong>Utiliza\u00e7\u00e3o segura de alta concentra\u00e7\u00e3o:<\/strong> O baixo \u00edndice de sal torna-o seguro para aplica\u00e7\u00e3o foliar, mesmo em condi\u00e7\u00f5es climat\u00e9ricas dif\u00edceis.<\/span><\/li>\n<li><span style=\"font-size: 18px\"><strong>Melhora a qualidade dos frutos:<\/strong> O elevado teor de pot\u00e1ssio aumenta o tamanho, o sabor, a cor e a durabilidade dos frutos para o manuseamento p\u00f3s-colheita.<\/span><\/li>\n<li><span style=\"font-size: 18px\"><strong>Aumenta a resist\u00eancia:<\/strong> Refor\u00e7a as defesas das plantas contra as doen\u00e7as f\u00fangicas, nomeadamente as que afectam as ra\u00edzes.<\/span><\/li>\n<li><span style=\"font-size: 18px\"><strong>Favorece a flora\u00e7\u00e3o e a frutifica\u00e7\u00e3o:<\/strong> Cont\u00e9m f\u00f3sforo revestido e compostos org\u00e2nicos que favorecem uma flora\u00e7\u00e3o abundante e uma forte frutifica\u00e7\u00e3o.<\/span><\/li>\n<li><span style=\"font-size: 18px\"><strong>Enriquecimento multi-vitam\u00ednico:<\/strong> Vitaminas como a tiamina, a riboflavina, a niacina e a piridoxina estimulam as reac\u00e7\u00f5es bioqu\u00edmicas, aumentando ainda mais o crescimento e a produtividade.<\/span><\/li>\n<\/ul>\n<h3>Aplica\u00e7\u00e3o ideal<\/h3>\n<p><span style=\"font-size: 18px\"><strong>Aplica\u00e7\u00e3o foliar:<\/strong> Rapidamente absorvido pelas folhas, aumentando a fotoss\u00edntese e o metabolismo das plantas.<\/span><br \/>\n<span style=\"font-size: 18px\"><strong>Aplica\u00e7\u00e3o no solo:<\/strong> Fornecimento eficaz de nutrientes atrav\u00e9s da \u00e1gua de irriga\u00e7\u00e3o para resultados r\u00e1pidos e completos, <\/span><span style=\"font-size: 18px\">Adequado para: <\/span><span style=\"font-size: 18px\">Legumes e <\/span><span style=\"font-size: 18px\">\u00c1rvores de fruto.<\/span><\/p>\n<h3 class=\"translation-block\"><span style=\"font-size: 18px\">Composi\u00e7\u00e3o qu\u00edmica<\/span><\/h3>\n<ul>\n<li><span style=\"font-size: 18px\"><strong>F\u00f3sforo (P\u2082O\u2085):<\/strong> 25%<\/span><\/li>\n<li><span style=\"font-size: 18px\"><strong>Pot\u00e1ssio (K\u2082O):<\/strong> 35%<\/span><\/li>\n<li><span style=\"font-size: 18px\"><strong>Compostos adicionais:<\/strong> \u00c1cidos carbox\u00edlicos m\u00faltiplos e simples, \u00e1cido f\u00falvico, polissac\u00e1ridos, vitaminas e amino\u00e1cidos<\/span><\/li>\n<\/ul>\n<h3>Taxas de aplica\u00e7\u00e3o:<\/h3>\n<p data-start=\"100\" data-end=\"121\"><span style=\"font-size: 14pt\"><strong data-start=\"100\" data-end=\"121\">Aplica\u00e7\u00e3o no solo:<\/strong><\/span><\/p>\n<ul data-start=\"123\" data-end=\"291\">\n<li data-start=\"123\" data-end=\"194\">\n<p data-start=\"125\" data-end=\"194\"><span style=\"font-size: 14pt\"><strong data-start=\"125\" data-end=\"164\">Produtos hort\u00edcolas protegidos (estufas):<\/strong><\/span><br data-start=\"164\" data-end=\"167\" \/><span style=\"font-size: 14pt\">350-500 ml por estufa<\/span><\/p>\n<\/li>\n<li data-start=\"196\" data-end=\"249\">\n<p data-start=\"198\" data-end=\"249\"><span style=\"font-size: 14pt\"><strong data-start=\"198\" data-end=\"224\">Produtos hort\u00edcolas ao ar livre:<\/strong><\/span><br data-start=\"224\" data-end=\"227\" \/><span style=\"font-size: 14pt\">350-500 ml por dunum<\/span><\/p>\n<\/li>\n<li data-start=\"251\" data-end=\"291\">\n<p data-start=\"253\" data-end=\"291\"><span style=\"font-size: 14pt\"><strong data-start=\"253\" data-end=\"269\">\u00c1rvores de fruto:<\/strong><\/span><br data-start=\"269\" data-end=\"272\" \/><span style=\"font-size: 14pt\">25-50 ml por \u00e1rvore<\/span><\/p>\n<\/li>\n<\/ul>\n<p data-start=\"293\" data-end=\"331\"><span style=\"font-size: 14pt\"><strong data-start=\"293\" data-end=\"331\">Aplica\u00e7\u00e3o foliar (taxa geral):<\/strong><\/span><\/p>\n<ul data-start=\"333\" data-end=\"369\">\n<li data-start=\"333\" data-end=\"369\">\n<p data-start=\"335\" data-end=\"369\"><span style=\"font-size: 14pt\">200-300 ml por 200 litros de \u00e1gua<\/span><\/p>\n<\/li>\n<\/ul>\n<h3>Embalagem<\/h3>\n<ul>\n<li><span style=\"font-size: 18px\"><strong>Garrafas de 1 L e 5 L<\/strong><\/span><\/li>\n<\/ul>\n<p><img loading=\"lazy\" decoding=\"async\" class=\"alignnone size-medium wp-image-16773\" src=\"https:\/\/alqawafel.com\/wp-content\/uploads\/2024\/12\/\u0627\u0644\u0646\u0628\u0631\u0627\u0633-0-25-35.-LOGO-300x300.webp\" alt=\"An-Nebras 0-25-35\" width=\"300\" height=\"300\" srcset=\"\" sizes=\"auto, (max-width: 300px) 100vw, 300px\" data-srcset=\"\" \/><\/p>","protected":false},"excerpt":{"rendered":"<p><span style=\"font-size: 18px\">An-Nebras 0-25-35 \u00e9 um fertilizante l\u00edquido com elevado teor de pot\u00e1ssio e fosfato, que melhora o crescimento, a qualidade dos frutos e a resist\u00eancia das plantas em todas as fases de desenvolvimento.<\/span><\/p>","protected":false},"featured_media":16773,"comment_status":"open","ping_status":"closed","template":"","meta":{"om_disable_all_campaigns":false,"_monsterinsights_skip_tracking":false,"_monsterinsights_sitenote_active":false,"_monsterinsights_sitenote_note":"","_monsterinsights_sitenote_category":0},"product_brand":[],"product_cat":[50,2134],"product_tag":[866,2017,463,1022,935,1021,932],"class_list":{"0":"post-12814","1":"product","2":"type-product","3":"status-publish","4":"has-post-thumbnail","6":"product_cat-fertilizers","7":"product_cat-liquid-fertilizers","8":"product_tag-al-qawafel-ind-agr-co","9":"product_tag-an-nebras-0-25-35","10":"product_tag-fertilizer","11":"product_tag-foliar-growth-boost","12":"product_tag-fruit-quality","13":"product_tag-high-phosphorus-potassium","14":"product_tag-rapid-absorption","16":"first","17":"instock","18":"shipping-taxable","19":"product-type-simple"},"aioseo_notices":[],"_links":{"self":[{"href":"https:\/\/alqawafel.com\/pt\/wp-json\/wp\/v2\/product\/12814","targetHints":{"allow":["GET"]}}],"collection":[{"href":"https:\/\/alqawafel.com\/pt\/wp-json\/wp\/v2\/product"}],"about":[{"href":"https:\/\/alqawafel.com\/pt\/wp-json\/wp\/v2\/types\/product"}],"replies":[{"embeddable":true,"href":"https:\/\/alqawafel.com\/pt\/wp-json\/wp\/v2\/comments?post=12814"}],"version-history":[{"count":6,"href":"https:\/\/alqawafel.com\/pt\/wp-json\/wp\/v2\/product\/12814\/revisions"}],"predecessor-version":[{"id":19050,"href":"https:\/\/alqawafel.com\/pt\/wp-json\/wp\/v2\/product\/12814\/revisions\/19050"}],"wp:featuredmedia":[{"embeddable":true,"href":"https:\/\/alqawafel.com\/pt\/wp-json\/wp\/v2\/media\/16773"}],"wp:attachment":[{"href":"https:\/\/alqawafel.com\/pt\/wp-json\/wp\/v2\/media?parent=12814"}],"wp:term":[{"taxonomy":"product_brand","embeddable":true,"href":"https:\/\/alqawafel.com\/pt\/wp-json\/wp\/v2\/product_brand?post=12814"},{"taxonomy":"product_cat","embeddable":true,"href":"https:\/\/alqawafel.com\/pt\/wp-json\/wp\/v2\/product_cat?post=12814"},{"taxonomy":"product_tag","embeddable":true,"href":"https:\/\/alqawafel.com\/pt\/wp-json\/wp\/v2\/product_tag?post=12814"}],"curies":[{"name":"wp","href":"https:\/\/api.w.org\/{rel}","templated":true}]}}