{"id":12834,"date":"2024-12-16T10:25:13","date_gmt":"2024-12-16T10:25:13","guid":{"rendered":"https:\/\/alqawafel.com\/?post_type=product&#038;p=12834"},"modified":"2025-06-23T10:38:17","modified_gmt":"2025-06-23T10:38:17","slug":"fertilizante-baigreen1","status":"publish","type":"product","link":"https:\/\/alqawafel.com\/pt\/product\/baigreen1-fertilizer\/","title":{"rendered":"BAIGREEN1 Fertilizante"},"content":{"rendered":"<h3>Porqu\u00ea escolher o BAIGREEN1?<\/h3>\n<p class=\"translation-block\"><span style=\"font-size: 18px\">BAIGREEN1 \u00e9 um poderoso fertilizante natural derivado da alga marinha <em>Ascophyllum Nodosum<\/em>, conhecida por seu rico conte\u00fado de macro e micronutrientes, reguladores naturais de crescimento, vitaminas e amino\u00e1cidos. Este composto org\u00e2nico apoia a sa\u00fade das plantas, reduzindo a necessidade de irriga\u00e7\u00e3o adicional, fertiliza\u00e7\u00e3o e pesticidas, ao mesmo tempo que proporciona uma elevada resist\u00eancia a stresses clim\u00e1ticos como o calor, o frio e a seca. Com BAIGREEN1, as plantas crescem mais saud\u00e1veis e produzem colheitas naturalmente saborosas, tornando-o ideal para a agricultura sustent\u00e1vel e org\u00e2nica.<\/span><\/p>\n<h3>Principais benef\u00edcios do BAIGREEN1<\/h3>\n<ul>\n<li><span style=\"font-size: 18px\"><strong>Bioestimulante rico em nutrientes:<\/strong> Cont\u00e9m macro, micro e pequenos nutrientes essenciais, reguladores naturais de crescimento e \u00e1cidos org\u00e2nicos para uma nutri\u00e7\u00e3o equilibrada das plantas.<\/span><\/li>\n<li><span style=\"font-size: 18px\"><strong>Aumenta a resist\u00eancia das plantas:<\/strong> Aumenta a resist\u00eancia ao calor, ao frio e \u00e0 seca, protegendo as plantas do stress ambiental.<\/span><\/li>\n<li><span style=\"font-size: 18px\"><strong>Ativa as ra\u00edzes e as folhas:<\/strong> Estimula o crescimento das ra\u00edzes e das folhas simultaneamente devido \u00e0 sua composi\u00e7\u00e3o de elementos vegetais naturais.<\/span><\/li>\n<li><span style=\"font-size: 18px\"><strong>Melhora o sabor e a qualidade:<\/strong> Produz colheitas naturalmente saborosas, sem aditivos n\u00e3o naturais.<\/span><\/li>\n<li><span style=\"font-size: 18px\"><strong>Apoia a agricultura biol\u00f3gica:<\/strong> N\u00e3o t\u00f3xico e isento de res\u00edduos nocivos, o BAIGREEN1 cumpre as normas da agricultura biol\u00f3gica, garantindo a seguran\u00e7a ambiental.<\/span><\/li>\n<li><span style=\"font-size: 18px\"><strong>Melhora a efici\u00eancia dos fertilizantes e pesticidas:<\/strong> Aumenta a efic\u00e1cia dos fertilizantes e pesticidas e permite uma mistura segura com outros tratamentos.<\/span><\/li>\n<\/ul>\n<h3>Aplica\u00e7\u00e3o ideal<\/h3>\n<p><span style=\"font-size: 18px\"><strong>Aplica\u00e7\u00e3o no solo:<\/strong> Para a absor\u00e7\u00e3o pelas ra\u00edzes, melhorando a absor\u00e7\u00e3o de nutrientes do solo.<\/span><br \/>\n<span style=\"font-size: 18px\"><strong>Aplica\u00e7\u00e3o foliar:<\/strong> Pulverizar diretamente sobre as folhas para uma absor\u00e7\u00e3o r\u00e1pida e um aumento do crescimento.<\/span><\/p>\n<p><span style=\"font-size: 18px\"><strong>Adequado para:<\/strong><\/span><\/p>\n<ul>\n<li><span style=\"font-size: 18px\"><strong>Legumes<\/strong><\/span><\/li>\n<li><span style=\"font-size: 18px\"><strong>\u00c1rvores de fruto<\/strong><\/span><\/li>\n<li><span style=\"font-size: 18px\"><strong>Batatas<\/strong><\/span><\/li>\n<li><span style=\"font-size: 18px\"><strong>Plantas ornamentais<\/strong><\/span><\/li>\n<li><span style=\"font-size: 18px\"><strong>Bananas<\/strong><\/span><\/li>\n<\/ul>\n<h3>Composi\u00e7\u00e3o<\/h3>\n<ul>\n<li><span style=\"font-size: 18px\"><strong>Extrato de algas marinhas (Ascophyllum Nodosum):<\/strong> Rico em macro e micro nutrientes<\/span><\/li>\n<li><span style=\"font-size: 18px\"><strong>Reguladores de crescimento naturais:<\/strong> Auxinas, amino\u00e1cidos, enzimas, vitaminas e \u00e1cidos org\u00e2nicos<\/span><\/li>\n<\/ul>\n<h3>Taxa de aplica\u00e7\u00e3o<\/h3>\n<p><strong>Aplica\u00e7\u00e3o no solo:<\/strong> Aplicar a uma taxa de <strong data-start=\"165\" data-end=\"186\">1 litro por dunum<\/strong>uma vez por m\u00eas, para todos os tipos de culturas.<\/p>\n<p><strong>Fertiliza\u00e7\u00e3o foliar:<\/strong> Para produtos hort\u00edcolas em campo aberto e em estufa, \u00e1rvores de fruto e plantas ornamentais, aplicar a uma taxa de <strong data-start=\"346\" data-end=\"384\">200-300 ml por 200 litros de \u00e1gua<\/strong>.<\/p>\n<h3>Embalagem<\/h3>\n<ul>\n<li><span style=\"font-size: 18px\"><strong>Garrafa de 1 L<\/strong><\/span><\/li>\n<\/ul>\n<p><img loading=\"lazy\" decoding=\"async\" class=\"alignnone size-medium wp-image-16759\" src=\"https:\/\/alqawafel.com\/wp-content\/uploads\/2024\/12\/Baigreen1-LOGO-300x300.webp\" alt=\"BAIGREEN1\" width=\"300\" height=\"300\" srcset=\"https:\/\/alqawafel.com\/wp-content\/uploads\/2024\/12\/Baigreen1-LOGO-300x300.webp 300w, https:\/\/alqawafel.com\/wp-content\/uploads\/2024\/12\/Baigreen1-LOGO-150x150.webp 150w, https:\/\/alqawafel.com\/wp-content\/uploads\/2024\/12\/Baigreen1-LOGO-768x768.webp 768w, https:\/\/alqawafel.com\/wp-content\/uploads\/2024\/12\/Baigreen1-LOGO.webp 1000w\" sizes=\"auto, (max-width: 300px) 100vw, 300px\" \/><\/p>","protected":false},"excerpt":{"rendered":"<p><span style=\"font-size: 18px\">BAIGREEN1 \u00e9 um fertilizante natural \u00e0 base de algas marinhas que melhora a sa\u00fade das plantas, aumenta a resist\u00eancia ao stress e apoia as pr\u00e1ticas de agricultura biol\u00f3gica<\/span><\/p>","protected":false},"featured_media":16759,"comment_status":"open","ping_status":"closed","template":"","meta":{"om_disable_all_campaigns":false,"_monsterinsights_skip_tracking":false,"_monsterinsights_sitenote_active":false,"_monsterinsights_sitenote_note":"","_monsterinsights_sitenote_category":0},"product_brand":[],"product_cat":[2138,50],"product_tag":[866,2021,463,469,1030,995,1029],"class_list":{"0":"post-12834","1":"product","2":"type-product","3":"status-publish","4":"has-post-thumbnail","6":"product_cat-biostimulants-fertilizers","7":"product_cat-fertilizers","8":"product_tag-al-qawafel-ind-agr-co","9":"product_tag-baigreen1","10":"product_tag-fertilizer","11":"product_tag-organic-farming","12":"product_tag-organic-fertilizer","13":"product_tag-plant-vitality","14":"product_tag-seaweed-based","16":"first","17":"instock","18":"shipping-taxable","19":"product-type-simple"},"aioseo_notices":[],"_links":{"self":[{"href":"https:\/\/alqawafel.com\/pt\/wp-json\/wp\/v2\/product\/12834","targetHints":{"allow":["GET"]}}],"collection":[{"href":"https:\/\/alqawafel.com\/pt\/wp-json\/wp\/v2\/product"}],"about":[{"href":"https:\/\/alqawafel.com\/pt\/wp-json\/wp\/v2\/types\/product"}],"replies":[{"embeddable":true,"href":"https:\/\/alqawafel.com\/pt\/wp-json\/wp\/v2\/comments?post=12834"}],"version-history":[{"count":8,"href":"https:\/\/alqawafel.com\/pt\/wp-json\/wp\/v2\/product\/12834\/revisions"}],"predecessor-version":[{"id":18977,"href":"https:\/\/alqawafel.com\/pt\/wp-json\/wp\/v2\/product\/12834\/revisions\/18977"}],"wp:featuredmedia":[{"embeddable":true,"href":"https:\/\/alqawafel.com\/pt\/wp-json\/wp\/v2\/media\/16759"}],"wp:attachment":[{"href":"https:\/\/alqawafel.com\/pt\/wp-json\/wp\/v2\/media?parent=12834"}],"wp:term":[{"taxonomy":"product_brand","embeddable":true,"href":"https:\/\/alqawafel.com\/pt\/wp-json\/wp\/v2\/product_brand?post=12834"},{"taxonomy":"product_cat","embeddable":true,"href":"https:\/\/alqawafel.com\/pt\/wp-json\/wp\/v2\/product_cat?post=12834"},{"taxonomy":"product_tag","embeddable":true,"href":"https:\/\/alqawafel.com\/pt\/wp-json\/wp\/v2\/product_tag?post=12834"}],"curies":[{"name":"wp","href":"https:\/\/api.w.org\/{rel}","templated":true}]}}