{"id":13660,"date":"2024-12-31T09:40:28","date_gmt":"2024-12-31T09:40:28","guid":{"rendered":"https:\/\/alqawafel.com\/?post_type=product&#038;p=13660"},"modified":"2025-08-02T08:26:30","modified_gmt":"2025-08-02T08:26:30","slug":"an-nebras-22-22-22mgot-e","status":"publish","type":"product","link":"https:\/\/alqawafel.com\/pt\/product\/an-nebras-22-22-22mgot-e\/","title":{"rendered":"Fertilizante AN-Nebras 22-22-22+MgO+T.E."},"content":{"rendered":"<h3>Porqu\u00ea escolher o Fertilizante de Suspens\u00e3o AN-Nebras 22-22-22+MgO+T.E.?<\/h3>\n<p><span style=\"font-size: 18px;\">O fertilizante em suspens\u00e3o AN-Nebras 22-22-22+MgO+T.E. oferece um fertilizante em suspens\u00e3o equilibrado que fornece nutrientes essenciais - nitrog\u00e9nio, f\u00f3sforo e pot\u00e1ssio - juntamente com magn\u00e9sio e oligoelementos quelatados. Esta formula\u00e7\u00e3o pronta a usar foi concebida para satisfazer as necessidades nutricionais abrangentes das plantas, garantindo um crescimento e uma produtividade \u00f3ptimos. A elevada solubilidade do produto e a sua compatibilidade com diversos tipos de solo garantem uma absor\u00e7\u00e3o eficaz dos nutrientes sem provocar reac\u00e7\u00f5es adversas com os componentes do solo.<\/span><\/p>\n<p class=\"translation-block\"><span style=\"font-size: 18px\">Al\u00e9m disso, o AN-Nebras cont\u00e9m uma alta porcentagem de oligoelementos quelatados que as plantas podem absorver rapidamente, melhorando assim sua resposta de crescimento e garantindo<\/span> <span style=\"font-size: 18px\"> <\/span><span style=\"font-size: 18px\"> <\/span><span style=\"font-size: 18px\">resultados ideais. Al\u00e9m disso, com uma gama de pH baixo de 2 a 3, esta suspens\u00e3o promove eficazmente a absor\u00e7\u00e3o de nutrientes numa grande variedade de tipos de solo. Al\u00e9m disso, a baixa condutividade el\u00e9ctrica (CE = 1 para 1g\/litro) minimiza a osmose, permitindo que as plantas maximizem a ingest\u00e3o de nutrientes mesmo com taxas de aplica\u00e7\u00e3o mais elevadas. Por fim, AN-Nebras possui alta solubilidade em \u00e1gua, fornecendo uma mistura completa de micro e macro elementos essenciais necess\u00e1rios para o crescimento vigoroso das plantas.<\/span><\/p>\n<h3>Vantagens<\/h3>\n<ul>\n<li><span style=\"font-size: 18px;\"><strong>F\u00f3rmula NPK equilibrada:<\/strong> Fornece azoto, f\u00f3sforo e pot\u00e1ssio essenciais em quantidades equilibradas para apoiar o desenvolvimento saud\u00e1vel das plantas.<\/span><\/li>\n<li><span style=\"font-size: 18px;\"><strong>Apoio flex\u00edvel \u00e0 fase de crescimento:<\/strong> Adequado para plantas em diferentes fases, garantindo uma disponibilidade cont\u00ednua de nutrientes.<\/span><\/li>\n<li><span style=\"font-size: 18px;\"><strong>Completamente sol\u00favel em \u00e1gua:<\/strong> Totalmente compat\u00edvel com todos os tipos de sistemas de rega, tornando a aplica\u00e7\u00e3o f\u00e1cil e eficiente.<\/span><\/li>\n<li><span style=\"font-size: 18px;\"><strong>Adequado para todos os tipos de culturas:<\/strong> Aprovado para culturas de campo, \u00e1rvores, legumes e plantas ornamentais, satisfazendo diversas necessidades agr\u00edcolas.<\/span><\/li>\n<li><span style=\"font-size: 18px;\"><strong>Efici\u00eancia de aplica\u00e7\u00e3o dupla:<\/strong> Ideal para aplica\u00e7\u00f5es foliares e no solo, maximizando o fornecimento de nutrientes \u00e0s plantas.<\/span><\/li>\n<\/ul>\n<h3>AN-Nebras 22-22-22+MgO+T.E. Composi\u00e7\u00e3o qu\u00edmica<\/h3>\n<ul>\n<li><span style=\"font-size: 18px;\"><strong>Nutrientes prim\u00e1rios:<\/strong> Nitrog\u00e9nio (N 22%), F\u00f3sforo (P\u2082O\u2085 22%), Pot\u00e1ssio (K\u2082O 22%).<\/span><\/li>\n<li><span style=\"font-size: 18px;\"><strong>Nutrientes secund\u00e1rios:<\/strong> Magn\u00e9sio (MgO), Enxofre (S), C\u00e1lcio (CaO).<\/span><\/li>\n<li><span style=\"font-size: 18px;\"><strong>Micronutrientes:<\/strong> Ferro (Fe) (quelatado com \u00e1cido c\u00edtrico EDTA), Zinco (Zn) (quelatado com \u00e1cido c\u00edtrico EDTA), Mangan\u00eas (Mn) (quelatado com \u00e1cido c\u00edtrico EDTA), Cobre (Cu) (quelatado com \u00e1cido c\u00edtrico EDTA), Boro (B).<\/span><\/li>\n<li><span style=\"font-size: 18px;\"><strong>Aditivos:<\/strong> Tiamina, riboflavina, piridoxina, nicotinamida e \u00e1cidos org\u00e2nicos.<\/span><\/li>\n<li><span style=\"font-size: 18px;\"><strong>Sem cloreto:<\/strong> Garante a seguran\u00e7a das plantas e a sa\u00fade do solo a longo prazo.<\/span><\/li>\n<\/ul>\n<h3>Aplica\u00e7\u00e3o ideal<\/h3>\n<p><strong><span style=\"font-size: 18px;\">AN-Nebras 22-22-22+MgO+T.E. \u00e9 recomendado para aplica\u00e7\u00f5es no solo e foliares, adequado para:<\/span><\/strong><\/p>\n<ol>\n<li><span style=\"font-size: 18px;\">Produtos hort\u00edcolas em estufa.<\/span><\/li>\n<li><span style=\"font-size: 18px;\">Legumes de campo aberto.<\/span><\/li>\n<li><span style=\"font-size: 18px;\">\u00c1rvores de fruto.<\/span><\/li>\n<li><span style=\"font-size: 14pt;\">Culturas arvenses.<\/span><\/li>\n<li><span style=\"font-size: 14pt;\">Plantas ornamentais.<\/span><\/li>\n<\/ol>\n<h3>Taxas de aplica\u00e7\u00e3o<\/h3>\n<h4 data-start=\"168\" data-end=\"200\"><strong data-start=\"174\" data-end=\"200\">Vegetais de estufa<\/strong><\/h4>\n<ul data-start=\"201\" data-end=\"391\">\n<li data-start=\"201\" data-end=\"331\">\n<p data-start=\"203\" data-end=\"331\"><strong data-start=\"203\" data-end=\"224\">Aplica\u00e7\u00e3o no solo:<\/strong><br data-start=\"224\" data-end=\"227\" \/>1,5 L por casa (500 m\u00b2) desde a planta\u00e7\u00e3o at\u00e9 30-40 dias<br data-start=\"281\" data-end=\"284\" \/>2-4 L por habita\u00e7\u00e3o (500 m\u00b2) em fases avan\u00e7adas<\/p>\n<\/li>\n<li data-start=\"332\" data-end=\"391\">\n<p data-start=\"334\" data-end=\"391\"><strong data-start=\"334\" data-end=\"357\">Aplica\u00e7\u00e3o foliar:<\/strong><br data-start=\"357\" data-end=\"360\" \/>300-400 ml por 200 L de \u00e1gua<\/p>\n<\/li>\n<\/ul>\n<h4 data-start=\"398\" data-end=\"430\"><strong data-start=\"404\" data-end=\"430\">Produtos hort\u00edcolas de campo aberto<\/strong><\/h4>\n<ul data-start=\"431\" data-end=\"538\">\n<li data-start=\"431\" data-end=\"478\">\n<p data-start=\"433\" data-end=\"478\"><strong data-start=\"433\" data-end=\"454\">Aplica\u00e7\u00e3o no solo:<\/strong><br data-start=\"454\" data-end=\"457\" \/>2-4 L por 1000 m\u00b2<\/p>\n<\/li>\n<li data-start=\"479\" data-end=\"538\">\n<p data-start=\"481\" data-end=\"538\"><strong data-start=\"481\" data-end=\"504\">Aplica\u00e7\u00e3o foliar:<\/strong><br data-start=\"504\" data-end=\"507\" \/>400-500 ml por 200 L de \u00e1gua<\/p>\n<\/li>\n<\/ul>\n<h4 data-start=\"545\" data-end=\"567\"><strong data-start=\"551\" data-end=\"567\">\u00c1rvores de fruto<\/strong><\/h4>\n<ul data-start=\"568\" data-end=\"717\">\n<li data-start=\"568\" data-end=\"656\">\n<p data-start=\"570\" data-end=\"656\"><strong data-start=\"570\" data-end=\"591\">Aplica\u00e7\u00e3o no solo:<\/strong><br data-start=\"591\" data-end=\"594\" \/>1,25 L por 1000 m\u00b2 desde o in\u00edcio do crescimento at\u00e9 \u00e0 frutifica\u00e7\u00e3o<\/p>\n<\/li>\n<li data-start=\"657\" data-end=\"717\">\n<p data-start=\"659\" data-end=\"717\"><strong data-start=\"659\" data-end=\"682\">Aplica\u00e7\u00e3o foliar:<\/strong><br data-start=\"682\" data-end=\"685\" \/>500-1000 ml por 200 L de \u00e1gua<\/p>\n<\/li>\n<\/ul>\n<h3>Embalagem<\/h3>\n<p><span style=\"font-size: 18px;\">Dispon\u00edvel em 1 kg, 5 kg e 20 kg.<\/span><\/p>\n<p><img loading=\"lazy\" decoding=\"async\" class=\"alignnone size-medium wp-image-16836\" src=\"https:\/\/alqawafel.com\/wp-content\/uploads\/2024\/12\/NPK-22-22-22-300x300.webp\" alt=\"AN-Nebras 22-22-22+MgO+T.E. \" width=\"300\" height=\"300\" srcset=\"https:\/\/alqawafel.com\/wp-content\/uploads\/2024\/12\/NPK-22-22-22-300x300.webp 300w, https:\/\/alqawafel.com\/wp-content\/uploads\/2024\/12\/NPK-22-22-22-150x150.webp 150w, https:\/\/alqawafel.com\/wp-content\/uploads\/2024\/12\/NPK-22-22-22-768x768.webp 768w, https:\/\/alqawafel.com\/wp-content\/uploads\/2024\/12\/NPK-22-22-22.webp 1000w\" sizes=\"auto, (max-width: 300px) 100vw, 300px\" \/><\/p>","protected":false},"excerpt":{"rendered":"<p><span style=\"font-size: 18px;\">O adubo de suspens\u00e3o AN-Nebras 22-22-22+MgO+T.E. oferece uma formula\u00e7\u00e3o equilibrada, pronta a usar, que fornece nutrientes essenciais<\/span><\/p>","protected":false},"featured_media":16836,"comment_status":"open","ping_status":"closed","template":"","meta":{"om_disable_all_campaigns":false,"_monsterinsights_skip_tracking":false,"_monsterinsights_sitenote_active":false,"_monsterinsights_sitenote_note":"","_monsterinsights_sitenote_category":0},"product_brand":[2215],"product_cat":[50,2133],"product_tag":[866,2046,894,463,471,893,863],"class_list":{"0":"post-13660","1":"product","2":"type-product","3":"status-publish","4":"has-post-thumbnail","6":"product_brand-an-nebras","7":"product_cat-fertilizers","8":"product_cat-suspension-fertilizers","9":"product_tag-al-qawafel-ind-agr-co","10":"product_tag-an-nebras-22-22-22mgot-e","11":"product_tag-balanced-npk","12":"product_tag-fertilizer","13":"product_tag-plant-growth","14":"product_tag-soil-foliar","15":"product_tag-water-soluble","17":"first","18":"instock","19":"shipping-taxable","20":"product-type-simple"},"aioseo_notices":[],"_links":{"self":[{"href":"https:\/\/alqawafel.com\/pt\/wp-json\/wp\/v2\/product\/13660","targetHints":{"allow":["GET"]}}],"collection":[{"href":"https:\/\/alqawafel.com\/pt\/wp-json\/wp\/v2\/product"}],"about":[{"href":"https:\/\/alqawafel.com\/pt\/wp-json\/wp\/v2\/types\/product"}],"replies":[{"embeddable":true,"href":"https:\/\/alqawafel.com\/pt\/wp-json\/wp\/v2\/comments?post=13660"}],"version-history":[{"count":17,"href":"https:\/\/alqawafel.com\/pt\/wp-json\/wp\/v2\/product\/13660\/revisions"}],"predecessor-version":[{"id":19459,"href":"https:\/\/alqawafel.com\/pt\/wp-json\/wp\/v2\/product\/13660\/revisions\/19459"}],"wp:featuredmedia":[{"embeddable":true,"href":"https:\/\/alqawafel.com\/pt\/wp-json\/wp\/v2\/media\/16836"}],"wp:attachment":[{"href":"https:\/\/alqawafel.com\/pt\/wp-json\/wp\/v2\/media?parent=13660"}],"wp:term":[{"taxonomy":"product_brand","embeddable":true,"href":"https:\/\/alqawafel.com\/pt\/wp-json\/wp\/v2\/product_brand?post=13660"},{"taxonomy":"product_cat","embeddable":true,"href":"https:\/\/alqawafel.com\/pt\/wp-json\/wp\/v2\/product_cat?post=13660"},{"taxonomy":"product_tag","embeddable":true,"href":"https:\/\/alqawafel.com\/pt\/wp-json\/wp\/v2\/product_tag?post=13660"}],"curies":[{"name":"wp","href":"https:\/\/api.w.org\/{rel}","templated":true}]}}