{"id":20023,"date":"2026-01-08T09:25:42","date_gmt":"2026-01-08T09:25:42","guid":{"rendered":"https:\/\/alqawafel.com\/?post_type=product&#038;p=20023"},"modified":"2026-01-08T09:31:43","modified_gmt":"2026-01-08T09:31:43","slug":"zincafos-0-61-0-8zn","status":"publish","type":"product","link":"https:\/\/alqawafel.com\/pt\/product\/zincafos-0-61-0-8zn\/","title":{"rendered":"Fertilizante Zincafos 0-61-0 + 8Zn"},"content":{"rendered":"<p><span style=\"font-family: arial, helvetica, sans-serif;\"><strong>Porqu\u00ea escolher Zincafos 0-61-0 + 8Zn?<\/strong><\/span><\/p>\n<p><span style=\"font-family: arial, helvetica, sans-serif;\">Zincafos 0-61-0 + 8Zn \u00e9 um avan\u00e7ado fertilizante l\u00edquido de f\u00f3sforo enriquecido com uma elevada concentra\u00e7\u00e3o de zinco (8%). Foi concebido para proporcionar uma corre\u00e7\u00e3o r\u00e1pida e eficaz das defici\u00eancias de f\u00f3sforo e zinco atrav\u00e9s da aplica\u00e7\u00e3o no solo e foliar. A formula\u00e7\u00e3o aumenta a flora\u00e7\u00e3o, melhora a frutifica\u00e7\u00e3o e refor\u00e7a a toler\u00e2ncia das plantas ao stress ambiental e fisiol\u00f3gico.<\/span><\/p>\n<p><span style=\"font-family: arial, helvetica, sans-serif;\"><strong>Principais benef\u00edcios<\/strong><\/span><\/p>\n<ul>\n<li><span style=\"font-family: arial, helvetica, sans-serif;\"><strong>Fonte r\u00e1pida de f\u00f3sforo e zinco:<\/strong> Corrige rapidamente as car\u00eancias de f\u00f3sforo e zinco atrav\u00e9s da aplica\u00e7\u00e3o no solo ou foliar.<\/span><\/li>\n<li><span style=\"font-family: arial, helvetica, sans-serif;\"><strong>Aumenta a flora\u00e7\u00e3o e a frutifica\u00e7\u00e3o:<\/strong> Fortalece os bot\u00f5es florais e aumenta a fixa\u00e7\u00e3o dos frutos, resultando num maior rendimento e numa melhor qualidade.<\/span><\/li>\n<li><span style=\"font-family: arial, helvetica, sans-serif;\"><strong>Melhora a resist\u00eancia das plantas:<\/strong> Aumenta a toler\u00e2ncia ao stress clim\u00e1tico, como o vento e o frio, e apoia os mecanismos de defesa das plantas.<\/span><\/li>\n<li><span style=\"font-family: arial, helvetica, sans-serif;\"><strong>Apoia os processos vitais de crescimento:<\/strong> Promove o desenvolvimento das ra\u00edzes, ativa a produ\u00e7\u00e3o de energia e apoia as fases de crescimento vegetativo e reprodutivo.<\/span><\/li>\n<\/ul>\n<p class=\"translation-block\"><span style=\"font-size: 18px\">Composi\u00e7\u00e3o qu\u00edmica<\/span><\/p>\n<ul>\n<li><span style=\"font-family: arial, helvetica, sans-serif;\">F\u00f3sforo (P\u2082O\u2085): 61%<\/span><\/li>\n<li><span style=\"font-family: arial, helvetica, sans-serif;\">Zinco (Zn): 8%<\/span><\/li>\n<\/ul>\n<p><span style=\"font-family: arial, helvetica, sans-serif;\"><strong>Aplica\u00e7\u00e3o ideal (culturas-alvo)<\/strong><\/span><\/p>\n<ul>\n<li><span style=\"font-family: arial, helvetica, sans-serif;\">Produtos hort\u00edcolas em estufa<\/span><\/li>\n<li><span style=\"font-family: arial, helvetica, sans-serif;\">Produtos hort\u00edcolas de ar livre<\/span><\/li>\n<li><span style=\"font-family: arial, helvetica, sans-serif;\">\u00c1rvores de fruto<\/span><\/li>\n<li><span style=\"font-family: arial, helvetica, sans-serif;\">Plantas ornamentais<\/span><\/li>\n<\/ul>\n<p><span style=\"font-family: arial, helvetica, sans-serif;\"><strong>Taxa de aplica\u00e7\u00e3o<\/strong><\/span><\/p>\n<ul>\n<li><span style=\"font-family: arial, helvetica, sans-serif;\"><strong>Produtos hort\u00edcolas em estufa:<\/strong> 250-500 mL\/estufa<\/span><\/li>\n<li><span style=\"font-family: arial, helvetica, sans-serif;\"><strong>Produtos hort\u00edcolas ao ar livre:<\/strong> 250-500 ml\/duna<\/span><\/li>\n<li><span style=\"font-family: arial, helvetica, sans-serif;\"><strong>\u00c1rvores de fruto:<\/strong> 25-50 mL\/\u00e1rvore<\/span><\/li>\n<li><span style=\"font-family: arial, helvetica, sans-serif;\"><strong>Plantas ornamentais:<\/strong> 1-2,5 mL\/L de \u00e1gua<\/span><\/li>\n<li><span style=\"font-family: arial, helvetica, sans-serif;\"><strong>Taxa geral de pulveriza\u00e7\u00e3o foliar:<\/strong> 250-500 mL \/ 200 L de \u00e1gua<\/span><\/li>\n<\/ul>\n<p><span style=\"font-family: arial, helvetica, sans-serif;\"><strong>Embalagem<\/strong><\/span><\/p>\n<ul>\n<li><span style=\"font-family: arial, helvetica, sans-serif;\">Garrafa de 1 L<\/span><\/li>\n<\/ul>\n<p><img loading=\"lazy\" decoding=\"async\" class=\"size-medium wp-image-20025\" src=\"https:\/\/alqawafel.com\/wp-content\/uploads\/2026\/01\/Zinca-phose-LOGO-300x300.webp\" alt=\"Zincafos 0-61-0 + 8Zn \u00e9 um fertilizante l\u00edquido avan\u00e7ado de f\u00f3sforo enriquecido com uma elevada concentra\u00e7\u00e3o de zinco (8%).\" width=\"300\" height=\"300\" srcset=\"https:\/\/alqawafel.com\/wp-content\/uploads\/2026\/01\/Zinca-phose-LOGO-300x300.webp 300w, https:\/\/alqawafel.com\/wp-content\/uploads\/2026\/01\/Zinca-phose-LOGO-150x150.webp 150w, https:\/\/alqawafel.com\/wp-content\/uploads\/2026\/01\/Zinca-phose-LOGO-768x768.webp 768w, https:\/\/alqawafel.com\/wp-content\/uploads\/2026\/01\/Zinca-phose-LOGO-12x12.webp 12w, https:\/\/alqawafel.com\/wp-content\/uploads\/2026\/01\/Zinca-phose-LOGO.webp 1000w\" sizes=\"auto, (max-width: 300px) 100vw, 300px\" \/><\/p>","protected":false},"excerpt":{"rendered":"<p><span style=\"font-family: arial, helvetica, sans-serif;\">Zincafos 0-61-0 + 8Zn \u00e9 um avan\u00e7ado fertilizante l\u00edquido de f\u00f3sforo com uma elevada concentra\u00e7\u00e3o de zinco. Proporciona uma r\u00e1pida corre\u00e7\u00e3o do f\u00f3sforo e do zinco<\/span><\/p>","protected":false},"featured_media":20025,"comment_status":"open","ping_status":"closed","template":"","meta":{"om_disable_all_campaigns":false,"_monsterinsights_skip_tracking":false,"_monsterinsights_sitenote_active":false,"_monsterinsights_sitenote_note":"","_monsterinsights_sitenote_category":0},"product_brand":[],"product_cat":[50,2137],"product_tag":[],"class_list":{"0":"post-20023","1":"product","2":"type-product","3":"status-publish","4":"has-post-thumbnail","6":"product_cat-fertilizers","7":"product_cat-smart-fertilizers","9":"first","10":"instock","11":"shipping-taxable","12":"product-type-simple"},"aioseo_notices":[],"_links":{"self":[{"href":"https:\/\/alqawafel.com\/pt\/wp-json\/wp\/v2\/product\/20023","targetHints":{"allow":["GET"]}}],"collection":[{"href":"https:\/\/alqawafel.com\/pt\/wp-json\/wp\/v2\/product"}],"about":[{"href":"https:\/\/alqawafel.com\/pt\/wp-json\/wp\/v2\/types\/product"}],"replies":[{"embeddable":true,"href":"https:\/\/alqawafel.com\/pt\/wp-json\/wp\/v2\/comments?post=20023"}],"version-history":[{"count":2,"href":"https:\/\/alqawafel.com\/pt\/wp-json\/wp\/v2\/product\/20023\/revisions"}],"predecessor-version":[{"id":20031,"href":"https:\/\/alqawafel.com\/pt\/wp-json\/wp\/v2\/product\/20023\/revisions\/20031"}],"wp:featuredmedia":[{"embeddable":true,"href":"https:\/\/alqawafel.com\/pt\/wp-json\/wp\/v2\/media\/20025"}],"wp:attachment":[{"href":"https:\/\/alqawafel.com\/pt\/wp-json\/wp\/v2\/media?parent=20023"}],"wp:term":[{"taxonomy":"product_brand","embeddable":true,"href":"https:\/\/alqawafel.com\/pt\/wp-json\/wp\/v2\/product_brand?post=20023"},{"taxonomy":"product_cat","embeddable":true,"href":"https:\/\/alqawafel.com\/pt\/wp-json\/wp\/v2\/product_cat?post=20023"},{"taxonomy":"product_tag","embeddable":true,"href":"https:\/\/alqawafel.com\/pt\/wp-json\/wp\/v2\/product_tag?post=20023"}],"curies":[{"name":"wp","href":"https:\/\/api.w.org\/{rel}","templated":true}]}}