{"id":9886,"date":"2024-11-11T20:56:47","date_gmt":"2024-11-11T20:56:47","guid":{"rendered":"https:\/\/alqawafel.com\/?post_type=product&#038;p=9886"},"modified":"2025-06-11T09:21:46","modified_gmt":"2025-06-11T09:21:46","slug":"qwandoor-20-sl","status":"publish","type":"product","link":"https:\/\/alqawafel.com\/pt\/product\/qwandoor-20-sl\/","title":{"rendered":"Qwandoor 20% SL Inseticida"},"content":{"rendered":"<h3>Porqu\u00ea o Qwandoor 20% SL?<\/h3>\n<p><span style=\"font-size: 18px\">O Qwandoor 20% SL \u00e9 um inseticida sist\u00e9mico altamente eficaz com a\u00e7\u00e3o translaminar e sist\u00e9mica radicular, oferecendo uma prote\u00e7\u00e3o robusta contra uma s\u00e9rie de pragas de insectos. Com a\u00e7\u00e3o de contacto e estomacal, \u00e9 facilmente absorvido e distribu\u00eddo na planta, assegurando um controlo eficaz das pragas de dentro para fora. Este produto \u00e9 ideal para profissionais agr\u00edcolas que procuram uma gest\u00e3o fi\u00e1vel dos insectos nas suas culturas.<\/span><\/p>\n<h3>Identifica\u00e7\u00e3o<\/h3>\n<ul>\n<li><span style=\"font-size: 18px\"><strong>Formula\u00e7\u00e3o<\/strong>: Concentrado sol\u00favel (SL)<\/span><\/li>\n<li><span style=\"font-size: 18px\"><strong>Ingrediente ativo<\/strong>: Imidaclopride 20% (m\/v)<\/span><\/li>\n<li><span style=\"font-size: 18px\"><strong>Grupo qu\u00edmico<\/strong>: Neonicotin\u00f3ide<\/span><\/li>\n<li><span style=\"font-size: 18px\"><strong>Modo de a\u00e7\u00e3o<\/strong>: Sist\u00e9mico com atividade translaminar; absorvido atrav\u00e9s das ra\u00edzes e distribu\u00eddo acropetalmente, oferecendo uma efic\u00e1cia de contacto e estomacal.<\/span><\/li>\n<\/ul>\n<h3>Aplica\u00e7\u00e3o ideal do Qwandoor 20% SL<\/h3>\n<p><span style=\"font-size: 18px\">Recomendado para utiliza\u00e7\u00e3o nas seguintes culturas com alvos t\u00edpicos de pragas, conforme listado:<\/span><\/p>\n<h4><span style=\"font-size: 18px\">Controlo das culturas e das pragas:<\/span><\/h4>\n<ul>\n<li><span style=\"font-size: 18px\"><strong>Tomate<\/strong>: Controlos <em>Lagarta da folha, mosca branca, pulg\u00e3o<\/em><\/span><\/li>\n<li><span style=\"font-size: 18px\"><strong>Couve-flor<\/strong>: Controlos <em>Lagarta da folha, mosca branca, pulg\u00e3o<\/em><\/span><\/li>\n<li><span style=\"font-size: 18px\"><strong>Beringela<\/strong>: Controlos <em>Lagarta da folha, mosca branca, pulg\u00e3o<\/em><\/span><\/li>\n<li><span style=\"font-size: 18px\"><strong>Apple<\/strong>: Controlos <em>Lagarta-das-folhas, pulg\u00e3o<\/em><\/span><\/li>\n<li><span style=\"font-size: 18px\"><strong>Pimenta<\/strong>: Controlos <em>Lagarta da folha, mosca branca<\/em><\/span><\/li>\n<li><span style=\"font-size: 18px\"><strong>Pepino<\/strong>: Controlos <em>Lagarta da folha, mosca branca, pulg\u00e3o<\/em><\/span><\/li>\n<\/ul>\n<h3>Taxa de utiliza\u00e7\u00e3o:<\/h3>\n<p><span style=\"font-size: 14pt\">100-250 ml por 200 L de \u00e1gua<\/span><\/p>\n<h3>Embalagem<\/h3>\n<ul>\n<li><span style=\"font-size: 18px\"><strong>1 L<\/strong><\/span><\/li>\n<li><span style=\"font-size: 18px\"><strong>250 ml<\/strong><\/span><\/li>\n<\/ul>\n<p><img loading=\"lazy\" decoding=\"async\" class=\"alignnone size-medium wp-image-17902\" src=\"https:\/\/alqawafel.com\/wp-content\/uploads\/2024\/11\/QAWANDOOR-20-SL-LOGO-300x300.webp\" alt=\"Qwandoor 20% SL Um inseticida sist\u00e9mico com imidaclopride 20% para um controlo eficaz dos insectos. Proporciona prote\u00e7\u00e3o atrav\u00e9s da a\u00e7\u00e3o translaminar e radicular.\" width=\"300\" height=\"300\" srcset=\"https:\/\/alqawafel.com\/wp-content\/uploads\/2024\/11\/QAWANDOOR-20-SL-LOGO-300x300.webp 300w, https:\/\/alqawafel.com\/wp-content\/uploads\/2024\/11\/QAWANDOOR-20-SL-LOGO-150x150.webp 150w, https:\/\/alqawafel.com\/wp-content\/uploads\/2024\/11\/QAWANDOOR-20-SL-LOGO-768x768.webp 768w, https:\/\/alqawafel.com\/wp-content\/uploads\/2024\/11\/QAWANDOOR-20-SL-LOGO.webp 1000w\" sizes=\"auto, (max-width: 300px) 100vw, 300px\" \/><\/p>\n<p>&nbsp;<\/p>\n<p>&nbsp;<\/p>","protected":false},"excerpt":{"rendered":"<p><span style=\"font-size: 18px\">Qwandoor 20% SL Um inseticida sist\u00e9mico com imidaclopride 20% para um controlo eficaz dos insectos. Proporciona prote\u00e7\u00e3o atrav\u00e9s da a\u00e7\u00e3o translaminar e radicular.<\/span><\/p>","protected":false},"featured_media":17902,"comment_status":"open","ping_status":"closed","template":"","meta":{"om_disable_all_campaigns":false,"_monsterinsights_skip_tracking":false,"_monsterinsights_sitenote_active":false,"_monsterinsights_sitenote_note":"","_monsterinsights_sitenote_category":0},"product_brand":[],"product_cat":[822,87],"product_tag":[866,847,856,841,857,849,1094,858],"class_list":{"0":"post-9886","1":"product","2":"type-product","3":"status-publish","4":"has-post-thumbnail","6":"product_cat-insecticide","7":"product_cat-pesticides","8":"product_tag-al-qawafel-ind-agr-co","9":"product_tag-aphid","10":"product_tag-imidacloprid","11":"product_tag-insecticide","12":"product_tag-leafminer","13":"product_tag-neonicotinoid","14":"product_tag-qwandoor-20-sl","15":"product_tag-whitefly","17":"first","18":"instock","19":"shipping-taxable","20":"product-type-simple"},"aioseo_notices":[],"_links":{"self":[{"href":"https:\/\/alqawafel.com\/pt\/wp-json\/wp\/v2\/product\/9886","targetHints":{"allow":["GET"]}}],"collection":[{"href":"https:\/\/alqawafel.com\/pt\/wp-json\/wp\/v2\/product"}],"about":[{"href":"https:\/\/alqawafel.com\/pt\/wp-json\/wp\/v2\/types\/product"}],"replies":[{"embeddable":true,"href":"https:\/\/alqawafel.com\/pt\/wp-json\/wp\/v2\/comments?post=9886"}],"version-history":[{"count":11,"href":"https:\/\/alqawafel.com\/pt\/wp-json\/wp\/v2\/product\/9886\/revisions"}],"predecessor-version":[{"id":18864,"href":"https:\/\/alqawafel.com\/pt\/wp-json\/wp\/v2\/product\/9886\/revisions\/18864"}],"wp:featuredmedia":[{"embeddable":true,"href":"https:\/\/alqawafel.com\/pt\/wp-json\/wp\/v2\/media\/17902"}],"wp:attachment":[{"href":"https:\/\/alqawafel.com\/pt\/wp-json\/wp\/v2\/media?parent=9886"}],"wp:term":[{"taxonomy":"product_brand","embeddable":true,"href":"https:\/\/alqawafel.com\/pt\/wp-json\/wp\/v2\/product_brand?post=9886"},{"taxonomy":"product_cat","embeddable":true,"href":"https:\/\/alqawafel.com\/pt\/wp-json\/wp\/v2\/product_cat?post=9886"},{"taxonomy":"product_tag","embeddable":true,"href":"https:\/\/alqawafel.com\/pt\/wp-json\/wp\/v2\/product_tag?post=9886"}],"curies":[{"name":"wp","href":"https:\/\/api.w.org\/{rel}","templated":true}]}}