{"id":10038,"date":"2024-11-13T12:39:18","date_gmt":"2024-11-13T12:39:18","guid":{"rendered":"https:\/\/alqawafel.com\/?post_type=product&#038;p=10038"},"modified":"2025-06-24T09:56:00","modified_gmt":"2025-06-24T09:56:00","slug":"nebracid-60","status":"publish","type":"product","link":"https:\/\/alqawafel.com\/pt_br\/product\/nebracid-60\/","title":{"rendered":"Fertilizante NebrAcid 60%"},"content":{"rendered":"<h3 class=\"translation-block\"><strong data-start=\"245\" data-end=\"301\">Por que voc\u00ea escolheu o fertilizante <span style=\"font-size: 14pt\">NebrAcid 60% l\u00edquido<\/span>?<\/h3>\n<p><span style=\"font-size: 14pt\"><strong data-start=\"73\" data-end=\"89\">NebrAcid 60%<\/strong>\u00a0\u00e9 um fertilizante l\u00edquido pronto para uso com alta concentra\u00e7\u00e3o de f\u00f3sforo, projetado para aplica\u00e7\u00e3o direta para atender \u00e0s necessidades essenciais de f\u00f3sforo das plantas.<\/span><br data-start=\"249\" data-end=\"252\" \/><span style=\"font-size: 14pt\">Sua r\u00e1pida absor\u00e7\u00e3o de f\u00f3sforo melhora o crescimento das plantas e aumenta a produtividade.<\/span><\/p>\n<p data-start=\"335\" data-end=\"714\"><span style=\"font-size: 14pt\">Gra\u00e7as ao seu baixo pH, o NebrAcid 60% ajuda a reduzir a acidez da \u00e1gua de irriga\u00e7\u00e3o e do solo, abrindo poros entupidos nos tubos de irriga\u00e7\u00e3o causados por sujeira e dep\u00f3sitos de c\u00e1lcio.<\/span><br data-start=\"499\" data-end=\"502\" \/><span style=\"font-size: 14pt\">Tamb\u00e9m \u00e9 um produto vers\u00e1til que apoia o crescimento inicial e a flora\u00e7\u00e3o durante o cultivo e pode ser usado antes do plantio para limpar os canais de irriga\u00e7\u00e3o, garantindo um fluxo de \u00e1gua suave e o fornecimento eficiente de nutrientes.<\/span><\/p>\n<h3 data-start=\"88\" data-end=\"106\"><strong data-start=\"92\" data-end=\"106\">Aplica\u00e7\u00e3o ideal<\/strong><\/h3>\n<p><strong><span style=\"font-size: 18px\">Adequado para uso em:<\/span><\/strong><\/p>\n<ol>\n<li><span style=\"font-size: 18px\">Culturas de campo<\/span><\/li>\n<li><span style=\"font-size: 18px\">Vegetais em casa de pl\u00e1stico<\/span><\/li>\n<li><span style=\"font-size: 18px\">Vegetais em campo aberto<\/span><\/li>\n<li><span style=\"font-size: 18px\">\u00c1rvores frut\u00edferas<\/span><\/li>\n<\/ol>\n<h3 class=\"translation-block\"><strong data-start=\"245\" data-end=\"301\"><span style=\"font-size: 14pt\">NebrAcid 60% <\/span><\/strong><strong data-start=\"73\" data-end=\"88\">Vantagens<\/strong><\/h3>\n<p><span style=\"font-size: 14pt\">- <strong data-start=\"63\" data-end=\"97\">Alta concentra\u00e7\u00e3o de f\u00f3sforo:<\/strong> Permite uma nutri\u00e7\u00e3o eficiente das plantas, melhorando o crescimento e a produtividade.<\/span><br data-start=\"167\" data-end=\"170\" \/><span style=\"font-size: 14pt\">- <strong data-start=\"172\" data-end=\"194\">Baixo efeito \u00e1cido:<\/strong> Melhora a qualidade da \u00e1gua de irriga\u00e7\u00e3o e do solo, aumentando a efici\u00eancia dos nutrientes.<\/span><br data-start=\"277\" data-end=\"280\" data-is-only-node=\"\" \/><span style=\"font-size: 14pt\">- <strong data-start=\"282\" data-end=\"313\">Limpeza do sistema de irriga\u00e7\u00e3o:<\/strong> Remove dep\u00f3sitos de c\u00e1lcio e melhora o fluxo de \u00e1gua para um melhor fornecimento de nutrientes.<\/span><br data-start=\"392\" data-end=\"395\" \/><span style=\"font-size: 14pt\">- <strong data-start=\"397\" data-end=\"436\">Suporte para est\u00e1gios cr\u00edticos de crescimento:<\/strong> Aumenta o crescimento inicial e a forma\u00e7\u00e3o de flores, melhorando a produtividade das culturas.<\/span><br data-start=\"503\" data-end=\"506\" \/><span style=\"font-size: 14pt\">- <strong data-start=\"508\" data-end=\"534\">Aplica\u00e7\u00e3o vers\u00e1til:<\/strong> Adequado para cultivo hidrop\u00f4nico e no solo, o que o torna uma op\u00e7\u00e3o flex\u00edvel para os agricultores.<\/span><\/p>\n<h3 data-start=\"364\" data-end=\"459\"><strong data-start=\"125\" data-end=\"146\">Taxa de aplica\u00e7\u00e3o<\/strong><\/h3>\n<p data-start=\"364\" data-end=\"459\" class=\"translation-block\"><span style=\"font-size: 14pt\">Aplicar a uma taxa de <strong data-start=\"168\" data-end=\"188\">2-3 kg por dunum<\/strong>, dependendo do tipo de solo e do n\u00edvel de pH. <\/span><\/p>\n<h3 data-start=\"364\" data-end=\"459\">Empacotamento<\/h3>\n<p><span style=\"font-size: 14pt\">Gal\u00e3o de 25 kg<\/span><\/p>\n<p><img loading=\"lazy\" decoding=\"async\" class=\"alignnone size-medium wp-image-16795\" src=\"https:\/\/alqawafel.com\/wp-content\/uploads\/2024\/11\/NebrAcid-60-LOGO-300x300.webp\" alt=\"NebrAcid 60%\" width=\"300\" height=\"300\" srcset=\"https:\/\/alqawafel.com\/wp-content\/uploads\/2024\/11\/NebrAcid-60-LOGO-300x300.webp 300w, https:\/\/alqawafel.com\/wp-content\/uploads\/2024\/11\/NebrAcid-60-LOGO-150x150.webp 150w, https:\/\/alqawafel.com\/wp-content\/uploads\/2024\/11\/NebrAcid-60-LOGO-768x768.webp 768w, https:\/\/alqawafel.com\/wp-content\/uploads\/2024\/11\/NebrAcid-60-LOGO.webp 1000w\" sizes=\"auto, (max-width: 300px) 100vw, 300px\" \/><\/p>","protected":false},"excerpt":{"rendered":"<p><span style=\"font-size: 18px\">O NebrAcid 60% \u00e9 um fertilizante l\u00edquido com alto teor de f\u00f3sforo que melhora a absor\u00e7\u00e3o de nutrientes, reduz o pH do solo e aumenta a flora\u00e7\u00e3o e o rendimento da cultura.<\/span><\/p>","protected":false},"featured_media":16795,"comment_status":"open","ping_status":"closed","template":"","meta":{"om_disable_all_campaigns":false,"_monsterinsights_skip_tracking":false,"_monsterinsights_sitenote_active":false,"_monsterinsights_sitenote_note":"","_monsterinsights_sitenote_category":0},"product_brand":[],"product_cat":[50,2134],"product_tag":[866,912,463,913,877,2025,914],"class_list":{"0":"post-10038","1":"product","2":"type-product","3":"status-publish","4":"has-post-thumbnail","6":"product_cat-fertilizers","7":"product_cat-liquid-fertilizers","8":"product_tag-al-qawafel-ind-agr-co","9":"product_tag-fast-absorption","10":"product_tag-fertilizer","11":"product_tag-growth-boost","12":"product_tag-high-phosphorus","13":"product_tag-nebracid-60","14":"product_tag-soil-conditioning","16":"first","17":"instock","18":"shipping-taxable","19":"product-type-simple"},"aioseo_notices":[],"_links":{"self":[{"href":"https:\/\/alqawafel.com\/pt_br\/wp-json\/wp\/v2\/product\/10038","targetHints":{"allow":["GET"]}}],"collection":[{"href":"https:\/\/alqawafel.com\/pt_br\/wp-json\/wp\/v2\/product"}],"about":[{"href":"https:\/\/alqawafel.com\/pt_br\/wp-json\/wp\/v2\/types\/product"}],"replies":[{"embeddable":true,"href":"https:\/\/alqawafel.com\/pt_br\/wp-json\/wp\/v2\/comments?post=10038"}],"version-history":[{"count":10,"href":"https:\/\/alqawafel.com\/pt_br\/wp-json\/wp\/v2\/product\/10038\/revisions"}],"predecessor-version":[{"id":19125,"href":"https:\/\/alqawafel.com\/pt_br\/wp-json\/wp\/v2\/product\/10038\/revisions\/19125"}],"wp:featuredmedia":[{"embeddable":true,"href":"https:\/\/alqawafel.com\/pt_br\/wp-json\/wp\/v2\/media\/16795"}],"wp:attachment":[{"href":"https:\/\/alqawafel.com\/pt_br\/wp-json\/wp\/v2\/media?parent=10038"}],"wp:term":[{"taxonomy":"product_brand","embeddable":true,"href":"https:\/\/alqawafel.com\/pt_br\/wp-json\/wp\/v2\/product_brand?post=10038"},{"taxonomy":"product_cat","embeddable":true,"href":"https:\/\/alqawafel.com\/pt_br\/wp-json\/wp\/v2\/product_cat?post=10038"},{"taxonomy":"product_tag","embeddable":true,"href":"https:\/\/alqawafel.com\/pt_br\/wp-json\/wp\/v2\/product_tag?post=10038"}],"curies":[{"name":"wp","href":"https:\/\/api.w.org\/{rel}","templated":true}]}}