{"id":10091,"date":"2024-11-13T19:07:28","date_gmt":"2024-11-13T19:07:28","guid":{"rendered":"https:\/\/alqawafel.com\/?post_type=product&#038;p=10091"},"modified":"2025-08-07T09:50:47","modified_gmt":"2025-08-07T09:50:47","slug":"giberelina","status":"publish","type":"product","link":"https:\/\/alqawafel.com\/pt_br\/product\/gibberellin\/","title":{"rendered":"Giberelina"},"content":{"rendered":"<div class=\"flex-shrink-0 flex flex-col relative items-end\">\n<div class=\"pt-0\">\n<div class=\"gizmo-bot-avatar flex h-8 w-8 items-center justify-center overflow-hidden rounded-full\">\n<h3>Por que escolher a giberelina?<\/h3>\n<p><span style=\"font-size: 18px;\">A giberelina \u00e9 um regulador de crescimento de plantas vers\u00e1til, desenvolvido para melhorar o crescimento e a qualidade das planta\u00e7\u00f5es de frutas, vegetais e plantas ornamentais. Ao promover um crescimento mais r\u00e1pido, melhorar o tamanho dos frutos e ajudar a gerenciar os cronogramas de colheita de frutas, a giberelina otimiza o rendimento e a qualidade da safra, apoiando a produtividade e o valor de mercado.<\/span><\/p>\n<h3>Principais benef\u00edcios do regulador de crescimento vegetal giberelina<\/h3>\n<ul>\n<li><span style=\"font-size: 18px;\"><strong>Melhora a qualidade e o tamanho dos frutos:<\/strong> Aumenta o tamanho, a uniformidade e a cor dos frutos em v\u00e1rias culturas.<\/span><\/li>\n<li><span style=\"font-size: 18px;\"><strong>Acelera o processo de crescimento:<\/strong> Promove um crescimento mais r\u00e1pido e saud\u00e1vel, essencial para a obten\u00e7\u00e3o de um \u00f3timo rendimento das culturas.<\/span><\/li>\n<li><span style=\"font-size: 18px;\"><strong>Controla o tempo de colheita:<\/strong> Auxilia no gerenciamento das programa\u00e7\u00f5es de colheita de frutas, permitindo flexibilidade e melhor tempo.<\/span><\/li>\n<\/ul>\n<h3>Composi\u00e7\u00e3o<\/h3>\n<ul>\n<li><span style=\"font-size: 18px;\"><strong>Ingrediente ativo:<\/strong> \u00c1cido giber\u00e9lico 20g\/L<\/span><\/li>\n<\/ul>\n<h3>Aplica\u00e7\u00f5es e finalidades recomendadas<\/h3>\n<ul>\n<li><span style=\"font-size: 18px;\"><strong>Uvas:<\/strong><\/span>\n<ul>\n<li><span style=\"font-size: 18px;\">Promove o alongamento do cluster.<\/span><\/li>\n<li><span style=\"font-size: 18px;\">Aumenta o tamanho dos frutos.<\/span><\/li>\n<li><span style=\"font-size: 18px;\">Garante o tamanho uniforme dos frutos.<\/span><\/li>\n<\/ul>\n<\/li>\n<li><span style=\"font-size: 18px;\"><strong>Uvas passas:<\/strong><\/span>\n<ul>\n<li><span style=\"font-size: 18px;\">Alivia os clusters para melhorar o fluxo de ar e a qualidade.<\/span><\/li>\n<\/ul>\n<\/li>\n<li><span style=\"font-size: 18px;\"><strong>Uvas de perlita:<\/strong><\/span>\n<ul>\n<li><span style=\"font-size: 18px;\">Aumenta o tamanho dos frutos.<\/span><\/li>\n<\/ul>\n<\/li>\n<li><span style=\"font-size: 18px;\"><strong>Laranjas:<\/strong><\/span>\n<ul>\n<li><span style=\"font-size: 18px;\">Estende o per\u00edodo de colheita de frutas.<\/span><\/li>\n<li><span style=\"font-size: 18px;\">Melhora a qualidade do revestimento externo.<\/span><\/li>\n<\/ul>\n<\/li>\n<li><span style=\"font-size: 18px;\"><strong>Lim\u00f5es:<\/strong><\/span>\n<ul>\n<li><span style=\"font-size: 18px;\">Prolonga a fase verde das \u00e1rvores.<\/span><\/li>\n<li><span style=\"font-size: 18px;\">Ajuda a controlar os hor\u00e1rios de colheita de frutas.<\/span><\/li>\n<\/ul>\n<\/li>\n<li><span style=\"font-size: 18px;\"><strong>Mandarinas:<\/strong><\/span>\n<ul>\n<li><span style=\"font-size: 18px;\">Melhora a fixa\u00e7\u00e3o dos frutos para uma melhor produ\u00e7\u00e3o.<\/span><\/li>\n<\/ul>\n<\/li>\n<li><span style=\"font-size: 18px;\"><strong>Peras:<\/strong><\/span>\n<ul>\n<li><span style=\"font-size: 18px;\">Reduz os per\u00edodos de flora\u00e7\u00e3o.<\/span><\/li>\n<li><span style=\"font-size: 18px;\">Previne doen\u00e7as e pragas.<\/span><\/li>\n<li><span style=\"font-size: 18px;\">Aumenta a fixa\u00e7\u00e3o e o rendimento dos frutos.<\/span><\/li>\n<\/ul>\n<\/li>\n<li><span style=\"font-size: 18px;\"><strong>Morangos:<\/strong><\/span>\n<ul>\n<li><span style=\"font-size: 18px;\">Promove o crescimento de estolhos, aumentando a propaga\u00e7\u00e3o e a produ\u00e7\u00e3o das plantas.<\/span><\/li>\n<\/ul>\n<\/li>\n<li><span style=\"font-size: 18px;\"><strong>Bananas:<\/strong><\/span>\n<ul>\n<li><span style=\"font-size: 18px;\">Aumenta o tamanho dos frutos, melhorando a qualidade.<\/span><\/li>\n<\/ul>\n<\/li>\n<li><span style=\"font-size: 18px;\"><strong>Cerejas:<\/strong><\/span>\n<ul>\n<li><span style=\"font-size: 18px;\">Atrasa a colheita para permitir o amadurecimento ideal.<\/span><\/li>\n<li><span style=\"font-size: 18px;\">Resulta em frutos maiores, mais firmes e com cores mais brilhantes.<\/span><\/li>\n<\/ul>\n<\/li>\n<\/ul>\n<h3>Taxa de aplica\u00e7\u00e3o<\/h3>\n<ul>\n<li data-start=\"146\" data-end=\"517\">\n<p data-start=\"148\" data-end=\"308\"><span style=\"font-size: 14pt;\"><strong data-start=\"148\" data-end=\"188\">Vegetais (casa de vegeta\u00e7\u00e3o e campo aberto):<\/strong><\/span><br data-start=\"188\" data-end=\"191\" \/><span style=\"font-size: 14pt;\">- <em data-start=\"195\" data-end=\"205\">Objetivo:<\/em> Alongamento do cacho antes da flora\u00e7\u00e3o (quando o cacho tem de 4 a 8 cm)<\/span><br data-start=\"266\" data-end=\"269\" \/><span style=\"font-size: 14pt;\">- <em data-start=\"273\" data-end=\"280\">Taxa:<\/em> <strong data-start=\"281\" data-end=\"308\">100 ml \/ 100 L de \u00e1gua<\/strong><\/span><\/p>\n<p data-start=\"312\" data-end=\"411\"><span style=\"font-size: 14pt;\">- <em data-start=\"314\" data-end=\"324\">Objetivo:<\/em> Aumento do tamanho do fruto (quando o fruto tem 3-4 mm)<\/span><br data-start=\"369\" data-end=\"372\" \/><span style=\"font-size: 14pt;\">- <em data-start=\"376\" data-end=\"383\">Taxa:<\/em> <strong data-start=\"384\" data-end=\"411\">150 ml \/ 100 L de \u00e1gua<\/strong><\/span><\/p>\n<p data-start=\"415\" data-end=\"517\"><span style=\"font-size: 14pt;\">- <em data-start=\"417\" data-end=\"427\">Objetivo:<\/em> Garantia de frutos de tamanho semelhante (ap\u00f3s a terceira pulveriza\u00e7\u00e3o)<\/span><br data-start=\"475\" data-end=\"478\" \/><span style=\"font-size: 14pt;\">- <em data-start=\"482\" data-end=\"489\">Taxa:<\/em> <strong data-start=\"490\" data-end=\"517\">150 ml \/ 100 L de \u00e1gua<\/strong><\/span><\/p>\n<\/li>\n<li data-start=\"519\" data-end=\"703\">\n<p data-start=\"521\" data-end=\"636\"><span style=\"font-size: 14pt;\"><strong data-start=\"521\" data-end=\"606\">\u00c1rvores frut\u00edferas (por exemplo, uvas, laranjas, lim\u00f5es, mandarinas, peras, bananas, cerejas):<\/strong><\/span><br data-start=\"606\" data-end=\"609\" \/><span style=\"font-size: 14pt;\">- <em data-start=\"613\" data-end=\"634\">As tarifas variam de acordo com o tipo:<\/em><\/span><\/p>\n<ul data-start=\"641\" data-end=\"703\">\n<li data-start=\"641\" data-end=\"703\">\n<p data-start=\"643\" data-end=\"703\"><span style=\"font-size: 14pt;\"><strong data-start=\"643\" data-end=\"673\">50-200 ml \/ 100 L de \u00e1gua<\/strong>dependendo da cultura e do momento<\/span><\/p>\n<\/li>\n<\/ul>\n<\/li>\n<\/ul>\n<h3>Embalagem<\/h3>\n<ul>\n<li><span style=\"font-size: 18px;\"><strong>Frascos de 100 ml<\/strong><\/span><\/li>\n<\/ul>\n<p><img loading=\"lazy\" decoding=\"async\" class=\"alignnone size-medium wp-image-17053\" src=\"https:\/\/alqawafel.com\/wp-content\/uploads\/2024\/11\/GIBBERELLIN-LOGO-300x300.webp\" alt=\"Giberelina\" width=\"300\" height=\"300\" srcset=\"https:\/\/alqawafel.com\/wp-content\/uploads\/2024\/11\/GIBBERELLIN-LOGO-300x300.webp 300w, https:\/\/alqawafel.com\/wp-content\/uploads\/2024\/11\/GIBBERELLIN-LOGO-150x150.webp 150w, https:\/\/alqawafel.com\/wp-content\/uploads\/2024\/11\/GIBBERELLIN-LOGO-768x768.webp 768w, https:\/\/alqawafel.com\/wp-content\/uploads\/2024\/11\/GIBBERELLIN-LOGO.webp 1000w\" sizes=\"auto, (max-width: 300px) 100vw, 300px\" \/><\/p>\n<\/div>\n<\/div>\n<\/div>\n<div id=\"hzImgLoader\" class=\"imgError\" style=\"width: auto; height: auto; line-height: 0px; overflow: hidden; padding: 0px; margin: 4px; position: absolute; z-index: 2147483647; border-radius: 4px; background-color: #ed0707; border: 4px solid #ed0707;\"><\/div>","protected":false},"excerpt":{"rendered":"<p><span style=\"font-size: 18px;\">A giberelina \u00e9 um regulador de crescimento vegetal para frutas, legumes e plantas ornamentais. Ela melhora a qualidade das frutas, acelera o crescimento e controla os hor\u00e1rios de colheita.<\/span><\/p>","protected":false},"featured_media":17053,"comment_status":"open","ping_status":"closed","template":"","meta":{"om_disable_all_campaigns":false,"_monsterinsights_skip_tracking":false,"_monsterinsights_sitenote_active":false,"_monsterinsights_sitenote_note":"","_monsterinsights_sitenote_category":0},"product_brand":[],"product_cat":[50,2139],"product_tag":[866,463,935,983,982,969,984],"class_list":{"0":"post-10091","1":"product","2":"type-product","3":"status-publish","4":"has-post-thumbnail","6":"product_cat-fertilizers","7":"product_cat-plant-growth-regulator","8":"product_tag-al-qawafel-ind-agr-co","9":"product_tag-fertilizer","10":"product_tag-fruit-quality","11":"product_tag-fruit-size-enhancement","12":"product_tag-gibberellin","13":"product_tag-growth-regulator","14":"product_tag-harvest-timing","16":"first","17":"instock","18":"shipping-taxable","19":"product-type-simple"},"aioseo_notices":[],"_links":{"self":[{"href":"https:\/\/alqawafel.com\/pt_br\/wp-json\/wp\/v2\/product\/10091","targetHints":{"allow":["GET"]}}],"collection":[{"href":"https:\/\/alqawafel.com\/pt_br\/wp-json\/wp\/v2\/product"}],"about":[{"href":"https:\/\/alqawafel.com\/pt_br\/wp-json\/wp\/v2\/types\/product"}],"replies":[{"embeddable":true,"href":"https:\/\/alqawafel.com\/pt_br\/wp-json\/wp\/v2\/comments?post=10091"}],"version-history":[{"count":13,"href":"https:\/\/alqawafel.com\/pt_br\/wp-json\/wp\/v2\/product\/10091\/revisions"}],"predecessor-version":[{"id":12257,"href":"https:\/\/alqawafel.com\/pt_br\/wp-json\/wp\/v2\/product\/10091\/revisions\/12257"}],"wp:featuredmedia":[{"embeddable":true,"href":"https:\/\/alqawafel.com\/pt_br\/wp-json\/wp\/v2\/media\/17053"}],"wp:attachment":[{"href":"https:\/\/alqawafel.com\/pt_br\/wp-json\/wp\/v2\/media?parent=10091"}],"wp:term":[{"taxonomy":"product_brand","embeddable":true,"href":"https:\/\/alqawafel.com\/pt_br\/wp-json\/wp\/v2\/product_brand?post=10091"},{"taxonomy":"product_cat","embeddable":true,"href":"https:\/\/alqawafel.com\/pt_br\/wp-json\/wp\/v2\/product_cat?post=10091"},{"taxonomy":"product_tag","embeddable":true,"href":"https:\/\/alqawafel.com\/pt_br\/wp-json\/wp\/v2\/product_tag?post=10091"}],"curies":[{"name":"wp","href":"https:\/\/api.w.org\/{rel}","templated":true}]}}