{"id":10113,"date":"2024-11-14T07:48:31","date_gmt":"2024-11-14T07:48:31","guid":{"rendered":"https:\/\/alqawafel.com\/?post_type=product&#038;p=10113"},"modified":"2025-08-11T09:32:52","modified_gmt":"2025-08-11T09:32:52","slug":"cellecron-si","status":"publish","type":"product","link":"https:\/\/alqawafel.com\/pt_br\/product\/cellecron-si\/","title":{"rendered":"Fertilizante CELLECRON Si"},"content":{"rendered":"<h3>Por que escolher a CELLECRON Si?<\/h3>\n<p><span style=\"font-size: 14pt;\">O CELLECRON Si \u00e9 um suplemento rico em sil\u00edcio desenvolvido para apoiar a for\u00e7a das paredes celulares, o crescimento das plantas e a resist\u00eancia a fatores de estresse ambiental. O sil\u00edcio \u00e9 essencial para refor\u00e7ar as paredes celulares, ajudando as plantas a prosperar sob estresse de seca, calor e pragas. Ao melhorar a resist\u00eancia interna da planta, o CILICRON tamb\u00e9m aprimora a fotoss\u00edntese, retarda a senesc\u00eancia e fortalece o sistema imunol\u00f3gico, garantindo plantas mais saud\u00e1veis e resistentes.<\/span><\/p>\n<h3>Principais benef\u00edcios do <span style=\"font-size: 14pt;\">CELLECRON Si<\/span><\/h3>\n<ul>\n<li><span style=\"font-size: 18px;\"><strong>Fortalece as paredes celulares:<\/strong> Fornece sil\u00edcio para endurecer as estruturas celulares, tornando as plantas menos vulner\u00e1veis \u00e0 penetra\u00e7\u00e3o de insetos e fungos.<\/span><\/li>\n<li><span style=\"font-size: 18px;\"><strong>Aumenta a resist\u00eancia ao estresse:<\/strong> Aumenta a resist\u00eancia \u00e0 seca, ao calor e \u00e0 salinidade, melhorando a resist\u00eancia geral da planta.<\/span><\/li>\n<li><span style=\"font-size: 18px;\"><strong>Retarda a senesc\u00eancia:<\/strong> Aumenta a efici\u00eancia da fotoss\u00edntese, retardando os processos de envelhecimento das plantas.<\/span><\/li>\n<li><span style=\"font-size: 18px;\"><strong>Melhora a qualidade da fruta:<\/strong> Proporciona elasticidade \u00e0s folhas e aos frutos, evitando rachaduras na casca externa e melhorando a apar\u00eancia.<\/span><\/li>\n<li><span style=\"font-size: 18px;\"><strong>Aumenta a resist\u00eancia a toxinas:<\/strong> Fortalece as plantas contra subst\u00e2ncias nocivas liberadas por pragas, fortalecendo as defesas internas.<\/span><\/li>\n<\/ul>\n<h3>Aplica\u00e7\u00e3o de <span style=\"font-size: 14pt;\">CELLECRON Si<\/span><\/h3>\n<ul>\n<li><span style=\"font-size: 18px;\"><strong>Vegetais de campo aberto:<\/strong> Tomate, berinjela, piment\u00e3o, abobrinha, pepino, melancia, mel\u00e3o, batata, repolho<\/span><\/li>\n<li><span style=\"font-size: 18px;\"><strong>Vegetais protegidos:<\/strong> Tomate, pepino, piment\u00e3o, berinjela, feij\u00e3o, morango<\/span><\/li>\n<li><span style=\"font-size: 18px;\"><strong>\u00c1rvores frut\u00edferas:<\/strong> Ma\u00e7\u00e3, am\u00eandoa, uva, azeitona, frutas c\u00edtricas, banana, manga<\/span><\/li>\n<li><span style=\"font-size: 18px;\"><strong>Plantas ornamentais e paisagismo:<\/strong> Adequado para ambientes internos e externos<\/span><\/li>\n<li><span style=\"font-size: 18px;\"><strong>Culturas de campo:<\/strong> Trigo, milho, arroz, cana-de-a\u00e7\u00facar, beterraba<\/span><\/li>\n<\/ul>\n<h3>Taxa de aplica\u00e7\u00e3o<\/h3>\n<ul>\n<li data-start=\"76\" data-end=\"268\">\n<p data-start=\"78\" data-end=\"268\"><span style=\"font-size: 14pt;\"><strong data-start=\"78\" data-end=\"103\">Vegetais em campo aberto<\/strong> (por exemplo, tomate, berinjela, piment\u00e3o, abobrinha, pepino, melancia, mel\u00e3o, batata, repolho):<\/span><br data-start=\"193\" data-end=\"196\" data-is-only-node=\"\" \/><span style=\"font-size: 14pt;\"><em data-start=\"200\" data-end=\"268\">Pulverize uma vez a cada duas semanas a uma taxa de 2-4 ml por litro de \u00e1gua.<\/em><\/span><\/p>\n<\/li>\n<li data-start=\"270\" data-end=\"434\">\n<p data-start=\"272\" data-end=\"434\"><span style=\"font-size: 14pt;\"><strong data-start=\"272\" data-end=\"296\">Vegetais protegidos<\/strong> (por exemplo, tomate, pepino, piment\u00e3o, berinjela, feij\u00e3o, morango):<\/span><br data-start=\"359\" data-end=\"362\" data-is-only-node=\"\" \/><span style=\"font-size: 14pt;\"><em data-start=\"366\" data-end=\"434\">Pulverize uma vez a cada duas semanas a uma taxa de 2-4 ml por litro de \u00e1gua.<\/em><\/span><\/p>\n<\/li>\n<li data-start=\"436\" data-end=\"602\">\n<p data-start=\"438\" data-end=\"602\"><span style=\"font-size: 14pt;\"><strong data-start=\"438\" data-end=\"453\">\u00c1rvores frut\u00edferas<\/strong> (por exemplo, ma\u00e7\u00e3s, am\u00eandoas, uvas, azeitonas, frutas c\u00edtricas, bananas, mangas):<\/span><br data-start=\"527\" data-end=\"530\" data-is-only-node=\"\" \/><span style=\"font-size: 14pt;\"><em data-start=\"534\" data-end=\"602\">Pulverize uma vez a cada duas semanas a uma taxa de 2-4 ml por litro de \u00e1gua.<\/em><\/span><\/p>\n<\/li>\n<li data-start=\"604\" data-end=\"727\">\n<p data-start=\"606\" data-end=\"727\"><span style=\"font-size: 14pt;\"><strong data-start=\"606\" data-end=\"662\">Plantas ornamentais (internas e externas) e paisagismo<\/strong>:<\/span><br data-start=\"663\" data-end=\"666\" data-is-only-node=\"\" \/><span style=\"font-size: 14pt;\"><em data-start=\"670\" data-end=\"727\">Pulverize uma vez por semana a uma taxa de 2 ml por litro de \u00e1gua.<\/em><\/span><\/p>\n<\/li>\n<li data-start=\"729\" data-end=\"903\" data-is-last-node=\"\">\n<p data-start=\"731\" data-end=\"903\" data-is-last-node=\"\"><span style=\"font-size: 14pt;\"><strong data-start=\"731\" data-end=\"746\">Culturas de campo<\/strong> (por exemplo, trigo, milho, arroz, cana-de-a\u00e7\u00facar, beterraba):<\/span><br data-start=\"790\" data-end=\"793\" data-is-only-node=\"\" \/><span style=\"font-size: 14pt;\"><em data-start=\"797\" data-end=\"865\">Pulverize uma vez a cada duas semanas a uma taxa de 2-3 ml por litro de \u00e1gua.<\/em><\/span><\/p>\n<\/li>\n<\/ul>\n<h3 class=\"translation-block\"><span style=\"font-size: 18px\">Composi\u00e7\u00e3o qu\u00edmica<\/span><\/h3>\n<ul>\n<li><span style=\"font-size: 18px;\"><strong>\u00d3xido de sil\u00edcio (SiO\u2082 25%)<\/strong><\/span><\/li>\n<li><span style=\"font-size: 18px;\"><strong>\u00d3xido de pot\u00e1ssio (K\u2082O 10%)<\/strong><\/span><\/li>\n<\/ul>\n<h3>Embalagem<\/h3>\n<ul>\n<li><span style=\"font-size: 18px;\"><strong>Garrafa de 1 L.<\/strong><\/span><\/li>\n<\/ul>\n<p><img loading=\"lazy\" decoding=\"async\" class=\"alignnone size-medium wp-image-18304\" src=\"https:\/\/alqawafel.com\/wp-content\/uploads\/2024\/11\/CELLECRONSI-LOGO-300x300.webp\" alt=\"\u0633\u064a\u0644\u064a\u0631\u0643\u0631\u0648\u0646 \u0645\u0643\u0645\u0644 \u063a\u0646\u064a \u0628\u0627\u0644\u0633\u064a\u0644\u064a\u0643\u0648\u0646 \u064a\u0639\u0632\u0632 \u0642\u0648\u0629 \u0627\u0644\u062c\u062f\u0631\u0627\u0646 \u0627\u0644\u062e\u0644\u0648\u064a\u0629\u060c \u0645\u0642\u0627\u0648\u0645\u0629 \u0627\u0644\u0625\u062c\u0647\u0627\u062f \u0627\u0644\u0628\u064a\u0626\u064a\u060c \u0648\u062a\u062d\u0633\u064a\u0646 \u062c\u0648\u062f\u0629 \u0627\u0644\u062b\u0645\u0627\u0631 \u0644\u0644\u0646\u0628\u0627\u062a\u0627\u062a.\" width=\"300\" height=\"300\" srcset=\"https:\/\/alqawafel.com\/wp-content\/uploads\/2024\/11\/CELLECRONSI-LOGO-300x300.webp 300w, https:\/\/alqawafel.com\/wp-content\/uploads\/2024\/11\/CELLECRONSI-LOGO-150x150.webp 150w, https:\/\/alqawafel.com\/wp-content\/uploads\/2024\/11\/CELLECRONSI-LOGO-768x768.webp 768w, https:\/\/alqawafel.com\/wp-content\/uploads\/2024\/11\/CELLECRONSI-LOGO.webp 1000w\" sizes=\"auto, (max-width: 300px) 100vw, 300px\" \/><\/p>","protected":false},"excerpt":{"rendered":"<p class=\"translation-block\"><span style=\"font-size: 18px\"><span style=\"font-size: 14pt\">CELLECRON Si<\/span> fornece sil\u00edcio para apoiar a for\u00e7a da parede celular, a resist\u00eancia ao estresse e a colora\u00e7\u00e3o natural da fruta. Ideal para uma ampla variedade de culturas e \u00e1rvores.<\/span><\/p>","protected":false},"featured_media":18303,"comment_status":"open","ping_status":"closed","template":"","meta":{"om_disable_all_campaigns":false,"_monsterinsights_skip_tracking":false,"_monsterinsights_sitenote_active":false,"_monsterinsights_sitenote_note":"","_monsterinsights_sitenote_category":0},"product_brand":[],"product_cat":[50,2136],"product_tag":[866,1015,463,1018,929,1016,1017],"class_list":{"0":"post-10113","1":"product","2":"type-product","3":"status-publish","4":"has-post-thumbnail","6":"product_cat-fertilizers","7":"product_cat-specialty-fertilizers","8":"product_tag-al-qawafel-ind-agr-co","9":"product_tag-cilicron","10":"product_tag-fertilizer","11":"product_tag-improved-fruit-quality","12":"product_tag-plant-resilience","13":"product_tag-silicon-supplement","14":"product_tag-stress-resistance","16":"first","17":"instock","18":"shipping-taxable","19":"product-type-simple"},"aioseo_notices":[],"_links":{"self":[{"href":"https:\/\/alqawafel.com\/pt_br\/wp-json\/wp\/v2\/product\/10113","targetHints":{"allow":["GET"]}}],"collection":[{"href":"https:\/\/alqawafel.com\/pt_br\/wp-json\/wp\/v2\/product"}],"about":[{"href":"https:\/\/alqawafel.com\/pt_br\/wp-json\/wp\/v2\/types\/product"}],"replies":[{"embeddable":true,"href":"https:\/\/alqawafel.com\/pt_br\/wp-json\/wp\/v2\/comments?post=10113"}],"version-history":[{"count":13,"href":"https:\/\/alqawafel.com\/pt_br\/wp-json\/wp\/v2\/product\/10113\/revisions"}],"predecessor-version":[{"id":19520,"href":"https:\/\/alqawafel.com\/pt_br\/wp-json\/wp\/v2\/product\/10113\/revisions\/19520"}],"wp:featuredmedia":[{"embeddable":true,"href":"https:\/\/alqawafel.com\/pt_br\/wp-json\/wp\/v2\/media\/18303"}],"wp:attachment":[{"href":"https:\/\/alqawafel.com\/pt_br\/wp-json\/wp\/v2\/media?parent=10113"}],"wp:term":[{"taxonomy":"product_brand","embeddable":true,"href":"https:\/\/alqawafel.com\/pt_br\/wp-json\/wp\/v2\/product_brand?post=10113"},{"taxonomy":"product_cat","embeddable":true,"href":"https:\/\/alqawafel.com\/pt_br\/wp-json\/wp\/v2\/product_cat?post=10113"},{"taxonomy":"product_tag","embeddable":true,"href":"https:\/\/alqawafel.com\/pt_br\/wp-json\/wp\/v2\/product_tag?post=10113"}],"curies":[{"name":"wp","href":"https:\/\/api.w.org\/{rel}","templated":true}]}}