{"id":10121,"date":"2024-11-14T08:28:19","date_gmt":"2024-11-14T08:28:19","guid":{"rendered":"https:\/\/alqawafel.com\/?post_type=product&#038;p=10121"},"modified":"2025-08-18T11:26:45","modified_gmt":"2025-08-18T11:26:45","slug":"humugreen-15","status":"publish","type":"product","link":"https:\/\/alqawafel.com\/pt_br\/product\/humugreen-15\/","title":{"rendered":"Fertilizante HUMUGREEN 15%"},"content":{"rendered":"<h3>Por que escolher o HUMUgreen 15%?<\/h3>\n<p><span style=\"font-size: 18px;\">O HUMUgreen 15% \u00e9 um poderoso aditivo formulado especificamente para melhorar o crescimento das plantas e a sa\u00fade do solo. Esse aditivo org\u00e2nico promove um sistema radicular mais forte, melhora a disponibilidade de nutrientes e ajuda a corrigir os n\u00edveis de pH do solo. O HUMUgreen 15% \u00e9 f\u00e1cil de usar, adequado para uma ampla variedade de culturas e pode ser aplicado via foliar ou por sistemas de irriga\u00e7\u00e3o para otimizar a vitalidade e a produtividade das plantas.<\/span><\/p>\n<h3>Principais benef\u00edcios do HUMUgreen 15%<\/h3>\n<ul>\n<li><span style=\"font-size: 18px;\"><strong>Estimula o desenvolvimento da raiz:<\/strong> Promove um sistema radicular robusto e melhora a absor\u00e7\u00e3o de nutrientes ao aumentar a capacidade de troca cati\u00f4nica.<\/span><\/li>\n<li><span style=\"font-size: 18px;\"><strong>Melhora as taxas de germina\u00e7\u00e3o:<\/strong> Garante taxas de germina\u00e7\u00e3o mais r\u00e1pidas e mais altas para as sementes, apoiando o estabelecimento de culturas mais saud\u00e1veis.<\/span><\/li>\n<li><span style=\"font-size: 18px;\"><strong>Reduz o uso de fertilizantes qu\u00edmicos:<\/strong> Aumenta a disponibilidade de nutrientes, reduzindo a depend\u00eancia de fertilizantes qu\u00edmicos.<\/span><\/li>\n<li><span style=\"font-size: 18px;\"><strong>Equilibra o pH do solo:<\/strong> Corrige o pH do solo e atenua os efeitos do sal, criando um ambiente ideal para o crescimento das plantas.<\/span><\/li>\n<li><span style=\"font-size: 18px;\"><strong>Melhora as aplica\u00e7\u00f5es foliares:<\/strong> Amplia a efic\u00e1cia de fertilizantes foliares, pesticidas e herbicidas.<\/span><\/li>\n<li><span style=\"font-size: 18px;\"><strong>Libera os nutrientes bloqueados:<\/strong> Libera nutrientes essenciais no solo, tornando-os prontamente dispon\u00edveis para as plantas.<\/span><\/li>\n<li><span style=\"font-size: 18px;\"><strong>Aumenta a resist\u00eancia das plantas:<\/strong> Fortalece a resist\u00eancia das plantas ao estresse ambiental, promovendo um crescimento consistente.<\/span><\/li>\n<\/ul>\n<h3>Aplica\u00e7\u00f5es ideais para o HUMUgreen 15%<\/h3>\n<ul>\n<li><span style=\"font-size: 18px;\"><strong>Culturas de campo e culturas forrageiras<\/strong><\/span><\/li>\n<li><span style=\"font-size: 18px;\"><strong>Vegetais<\/strong><\/span><\/li>\n<li><span style=\"font-size: 18px;\"><strong>\u00c1rvores frut\u00edferas<\/strong><\/span><\/li>\n<li><span style=\"font-size: 18px;\"><strong>Plantas ornamentais<\/strong><\/span><\/li>\n<\/ul>\n<h3>Componentes<\/h3>\n<ul>\n<li><span style=\"font-size: 18px;\"><strong>\u00c1cido H\u00famico L\u00edquido (\u00c1cido Dopal) 12%<\/strong><\/span><\/li>\n<li><span style=\"font-size: 18px;\"><strong>\u00c1cido f\u00falvico l\u00edquido 3%<\/strong><\/span><\/li>\n<\/ul>\n<h3 data-start=\"88\" data-end=\"110\"><strong data-start=\"88\" data-end=\"110\">Taxas de aplica\u00e7\u00e3o<\/strong><\/h3>\n<ul data-start=\"112\" data-end=\"356\">\n<li data-start=\"112\" data-end=\"184\">\n<p data-start=\"114\" data-end=\"184\"><strong data-start=\"114\" data-end=\"153\">Vegetais protegidos (estufas): <\/strong>500-1000 ml por estufa<\/p>\n<\/li>\n<li data-start=\"186\" data-end=\"240\">\n<p data-start=\"188\" data-end=\"240\"><strong data-start=\"188\" data-end=\"214\">Vegetais em campo aberto: <\/strong>500-1000 ml por dunum<\/p>\n<\/li>\n<li data-start=\"242\" data-end=\"287\">\n<p data-start=\"244\" data-end=\"287\"><strong data-start=\"244\" data-end=\"260\">Culturas de campo: <\/strong>5 a 7 litros por hectare<\/p>\n<\/li>\n<li data-start=\"289\" data-end=\"356\">\n<p data-start=\"291\" data-end=\"356\"><strong data-start=\"291\" data-end=\"307\">\u00c1rvores frut\u00edferas: <\/strong>25-50 ml por \u00e1rvore, dependendo do tipo e da idade<\/p>\n<\/li>\n<\/ul>\n<h3>Embalagem<\/h3>\n<ul>\n<li><span style=\"font-size: 18px;\"><strong>1 L, 5 L e 20 L<\/strong><\/span><\/li>\n<\/ul>\n<h3><img loading=\"lazy\" decoding=\"async\" class=\"alignnone size-medium wp-image-16766\" src=\"https:\/\/alqawafel.com\/wp-content\/uploads\/2024\/11\/HUMUGREEN-15-LOGO-300x300.webp\" alt=\"HUMUGREEN 15%\" width=\"300\" height=\"300\" srcset=\"https:\/\/alqawafel.com\/wp-content\/uploads\/2024\/11\/HUMUGREEN-15-LOGO-300x300.webp 300w, https:\/\/alqawafel.com\/wp-content\/uploads\/2024\/11\/HUMUGREEN-15-LOGO-150x150.webp 150w, https:\/\/alqawafel.com\/wp-content\/uploads\/2024\/11\/HUMUGREEN-15-LOGO-768x768.webp 768w, https:\/\/alqawafel.com\/wp-content\/uploads\/2024\/11\/HUMUGREEN-15-LOGO.webp 1000w\" sizes=\"auto, (max-width: 300px) 100vw, 300px\" \/><\/h3>\n<p>&nbsp;<\/p>\n<p>&nbsp;<\/p>","protected":false},"excerpt":{"rendered":"<p><span style=\"font-size: 18px;\">O HUMUgreen 15% \u00e9 um estimulador de crescimento natural, que aumenta o desenvolvimento das ra\u00edzes, melhora a qualidade do solo e aumenta a resist\u00eancia das plantas.<\/span><\/p>","protected":false},"featured_media":16766,"comment_status":"open","ping_status":"closed","template":"","meta":{"om_disable_all_campaigns":false,"_monsterinsights_skip_tracking":false,"_monsterinsights_sitenote_active":false,"_monsterinsights_sitenote_note":"","_monsterinsights_sitenote_category":0},"product_brand":[],"product_cat":[2138,50],"product_tag":[866,2218,463,1024,1023,872,1026,1025],"class_list":{"0":"post-10121","1":"product","2":"type-product","3":"status-publish","4":"has-post-thumbnail","6":"product_cat-biostimulants-fertilizers","7":"product_cat-fertilizers","8":"product_tag-al-qawafel-ind-agr-co","9":"product_tag-dopal-acid","10":"product_tag-fertilizer","11":"product_tag-humic-acid","12":"product_tag-humugreen-15","13":"product_tag-nutrient-uptake","14":"product_tag-ph-balance","15":"product_tag-soil-enhancer","17":"first","18":"instock","19":"shipping-taxable","20":"product-type-simple"},"aioseo_notices":[],"_links":{"self":[{"href":"https:\/\/alqawafel.com\/pt_br\/wp-json\/wp\/v2\/product\/10121","targetHints":{"allow":["GET"]}}],"collection":[{"href":"https:\/\/alqawafel.com\/pt_br\/wp-json\/wp\/v2\/product"}],"about":[{"href":"https:\/\/alqawafel.com\/pt_br\/wp-json\/wp\/v2\/types\/product"}],"replies":[{"embeddable":true,"href":"https:\/\/alqawafel.com\/pt_br\/wp-json\/wp\/v2\/comments?post=10121"}],"version-history":[{"count":11,"href":"https:\/\/alqawafel.com\/pt_br\/wp-json\/wp\/v2\/product\/10121\/revisions"}],"predecessor-version":[{"id":14172,"href":"https:\/\/alqawafel.com\/pt_br\/wp-json\/wp\/v2\/product\/10121\/revisions\/14172"}],"wp:featuredmedia":[{"embeddable":true,"href":"https:\/\/alqawafel.com\/pt_br\/wp-json\/wp\/v2\/media\/16766"}],"wp:attachment":[{"href":"https:\/\/alqawafel.com\/pt_br\/wp-json\/wp\/v2\/media?parent=10121"}],"wp:term":[{"taxonomy":"product_brand","embeddable":true,"href":"https:\/\/alqawafel.com\/pt_br\/wp-json\/wp\/v2\/product_brand?post=10121"},{"taxonomy":"product_cat","embeddable":true,"href":"https:\/\/alqawafel.com\/pt_br\/wp-json\/wp\/v2\/product_cat?post=10121"},{"taxonomy":"product_tag","embeddable":true,"href":"https:\/\/alqawafel.com\/pt_br\/wp-json\/wp\/v2\/product_tag?post=10121"}],"curies":[{"name":"wp","href":"https:\/\/api.w.org\/{rel}","templated":true}]}}