{"id":10149,"date":"2024-11-14T10:15:36","date_gmt":"2024-11-14T10:15:36","guid":{"rendered":"https:\/\/alqawafel.com\/?post_type=product&#038;p=10149"},"modified":"2025-08-09T11:59:02","modified_gmt":"2025-08-09T11:59:02","slug":"superfruta","status":"publish","type":"product","link":"https:\/\/alqawafel.com\/pt_br\/product\/super-fruit\/","title":{"rendered":"Super Fruit Fertilizer"},"content":{"rendered":"<h3>Por que escolher a Super Fruit?<\/h3>\n<p><span style=\"font-size: 18px;\">O Super Fruit \u00e9 um composto especializado em nutri\u00e7\u00e3o vegetal desenvolvido para melhorar a flora\u00e7\u00e3o e a frutifica\u00e7\u00e3o, mesmo em condi\u00e7\u00f5es clim\u00e1ticas desafiadoras. Com nutrientes essenciais como molibd\u00eanio, f\u00f3sforo e nitrog\u00eanio, al\u00e9m de \u00e1cidos org\u00e2nicos, o Super Fruit fortalece as plantas e estimula a produ\u00e7\u00e3o de reguladores de crescimento naturais, eliminando a necessidade de reguladores de crescimento industriais. Essa f\u00f3rmula equilibrada ajuda a regular os n\u00edveis de nitrog\u00eanio em excesso, convertendo-o em amino\u00e1cidos ben\u00e9ficos que promovem o desenvolvimento saud\u00e1vel das c\u00e9lulas e o crescimento reprodutivo equilibrado.<\/span><\/p>\n<h3>Principais benef\u00edcios do composto nutritivo da Super Fruit<\/h3>\n<ul>\n<li><span style=\"font-size: 18px;\"><strong>Aumenta a flora\u00e7\u00e3o e o regulador de crescimento dos frutos:<\/strong> Estimula a produ\u00e7\u00e3o de regulador de crescimento natural, melhorando a flora\u00e7\u00e3o e a frutifica\u00e7\u00e3o e reduzindo a necessidade de regulador de crescimento industrial.<\/span><\/li>\n<li><span style=\"font-size: 18px;\"><strong>Equil\u00edbrio entre o crescimento vegetativo e reprodutivo:<\/strong> Converte o excesso de nitrog\u00eanio em amino\u00e1cidos, garantindo um ciclo de crescimento equilibrado entre as fases vegetativa e reprodutiva.<\/span><\/li>\n<li><span style=\"font-size: 18px;\"><strong>Melhora a qualidade da fruta:<\/strong> Aumenta a fixa\u00e7\u00e3o dos frutos e melhora a qualidade, resultando em produtos mais saud\u00e1veis e prontos para o mercado.<\/span><\/li>\n<li><span style=\"font-size: 18px;\"><strong>Resili\u00eancia \u00e0 temperatura:<\/strong> Suporta a forma\u00e7\u00e3o de frutos em temperaturas variadas, ajudando as culturas a se adaptarem a condi\u00e7\u00f5es altas ou baixas.<\/span><\/li>\n<li><span style=\"font-size: 18px;\"><strong>M\u00e9todo de absor\u00e7\u00e3o dupla:<\/strong> Absorvido tanto pelas folhas quanto pelas ra\u00edzes, o que o torna vers\u00e1til para pulveriza\u00e7\u00f5es foliares ou irriga\u00e7\u00e3o por gotejamento.<\/span><\/li>\n<\/ul>\n<h3>Aplica\u00e7\u00e3o ideal<\/h3>\n<p><span style=\"font-size: 18px;\">O Super Fruit pode ser aplicado via:<\/span><\/p>\n<ul>\n<li><span style=\"font-size: 18px;\"><strong>Aplica\u00e7\u00e3o foliar:<\/strong> Pulverize diretamente nas folhas para uma absor\u00e7\u00e3o eficiente.<\/span><\/li>\n<li><span style=\"font-size: 18px;\"><strong>Irriga\u00e7\u00e3o por gotejamento:<\/strong> Aplique atrav\u00e9s de sistemas de irriga\u00e7\u00e3o para absor\u00e7\u00e3o direta pela raiz.<\/span><\/li>\n<\/ul>\n<p><span style=\"font-size: 18px;\"><strong>Adequado para:<\/strong><\/span><\/p>\n<ul>\n<li><span style=\"font-size: 18px;\"><strong>Mel\u00e3o e melancia<\/strong><\/span><\/li>\n<li><span style=\"font-size: 18px;\"><strong>V\u00e1rias culturas de vegetais<\/strong><\/span><\/li>\n<\/ul>\n<h3 class=\"translation-block\"><span style=\"font-size: 18px\">Composi\u00e7\u00e3o qu\u00edmica<\/span><\/h3>\n<ul>\n<li><span style=\"font-size: 18px;\"><strong>Molibd\u00eanio (Mo 3%)<\/strong><\/span><\/li>\n<li><span style=\"font-size: 18px;\"><strong>Nitrog\u00eanio (N 4%)<\/strong><\/span><\/li>\n<li><span style=\"font-size: 18px;\"><strong>F\u00f3sforo (P2O5 21%)<\/strong><\/span><\/li>\n<\/ul>\n<h3 data-start=\"191\" data-end=\"215\">Taxas de aplica\u00e7\u00e3o<\/h3>\n<h4 data-start=\"217\" data-end=\"245\"><strong data-start=\"222\" data-end=\"245\">Aplica\u00e7\u00e3o foliar:<\/strong><\/h4>\n<ul data-start=\"246\" data-end=\"420\">\n<li data-start=\"246\" data-end=\"364\">\n<p data-start=\"248\" data-end=\"259\"><span style=\"font-size: 14pt;\"><strong data-start=\"248\" data-end=\"259\">Ver\u00e3o:<\/strong><\/span><\/p>\n<ul data-start=\"262\" data-end=\"364\">\n<li data-start=\"262\" data-end=\"317\">\n<p data-start=\"264\" data-end=\"317\"><span style=\"font-size: 14pt;\">Mel\u00e3o, melancia: <strong data-start=\"287\" data-end=\"317\">100-140 g \/ 200 L de \u00e1gua<\/strong><\/span><\/p>\n<\/li>\n<li data-start=\"320\" data-end=\"364\">\n<p data-start=\"322\" data-end=\"364\"><span style=\"font-size: 14pt;\">Vegetais: <strong data-start=\"334\" data-end=\"364\">120-160 g \/ 200 L de \u00e1gua<\/strong><\/span><\/p>\n<\/li>\n<\/ul>\n<\/li>\n<li data-start=\"365\" data-end=\"420\">\n<p data-start=\"367\" data-end=\"378\"><span style=\"font-size: 14pt;\"><strong data-start=\"367\" data-end=\"378\">Inverno:<\/strong><\/span><\/p>\n<ul data-start=\"381\" data-end=\"420\">\n<li data-start=\"381\" data-end=\"420\">\n<p data-start=\"383\" data-end=\"420\"><span style=\"font-size: 14pt;\">Todas as culturas: <strong data-start=\"394\" data-end=\"420\">200 g \/ 200 L de \u00e1gua<\/strong><\/span><\/p>\n<\/li>\n<\/ul>\n<\/li>\n<\/ul>\n<h4 data-start=\"422\" data-end=\"447\"><span style=\"font-size: 14pt;\"><strong data-start=\"427\" data-end=\"447\">Irriga\u00e7\u00e3o por gotejamento:<\/strong><\/span><\/h4>\n<ul data-start=\"448\" data-end=\"480\">\n<li data-start=\"448\" data-end=\"480\">\n<p data-start=\"450\" data-end=\"480\"><span style=\"font-size: 14pt;\">Todas as culturas: <strong data-start=\"461\" data-end=\"480\">150 g \/ 1000 m\u00b2<\/strong><\/span><\/p>\n<\/li>\n<\/ul>\n<h3>Embalagem<\/h3>\n<ul>\n<li><span style=\"font-size: 18px;\"><strong>100 g, 150 g e 1 kg<\/strong><\/span><\/li>\n<\/ul>\n<p><img loading=\"lazy\" decoding=\"async\" class=\"alignnone size-medium wp-image-17083\" src=\"https:\/\/alqawafel.com\/wp-content\/uploads\/2024\/11\/SUPER-FRUIT-LOGO-300x300.webp\" alt=\"Super Frutas\" width=\"300\" height=\"300\" srcset=\"https:\/\/alqawafel.com\/wp-content\/uploads\/2024\/11\/SUPER-FRUIT-LOGO-300x300.webp 300w, https:\/\/alqawafel.com\/wp-content\/uploads\/2024\/11\/SUPER-FRUIT-LOGO-150x150.webp 150w, https:\/\/alqawafel.com\/wp-content\/uploads\/2024\/11\/SUPER-FRUIT-LOGO-768x768.webp 768w, https:\/\/alqawafel.com\/wp-content\/uploads\/2024\/11\/SUPER-FRUIT-LOGO.webp 1000w\" sizes=\"auto, (max-width: 300px) 100vw, 300px\" \/><\/p>","protected":false},"excerpt":{"rendered":"<p><span style=\"font-size: 18px;\">O Super Fruit \u00e9 um composto nutritivo para plantas, que melhora a flora\u00e7\u00e3o, a frutifica\u00e7\u00e3o e a qualidade, com nutrientes que substituem o regulador de crescimento industrial.<\/span><\/p>","protected":false},"featured_media":17083,"comment_status":"open","ping_status":"closed","template":"","meta":{"om_disable_all_campaigns":false,"_monsterinsights_skip_tracking":false,"_monsterinsights_sitenote_active":false,"_monsterinsights_sitenote_note":"","_monsterinsights_sitenote_category":0},"product_brand":[],"product_cat":[50,2137],"product_tag":[866,1039,463,1063,970,1062,1064],"class_list":{"0":"post-10149","1":"product","2":"type-product","3":"status-publish","4":"has-post-thumbnail","6":"product_cat-fertilizers","7":"product_cat-smart-fertilizers","8":"product_tag-al-qawafel-ind-agr-co","9":"product_tag-balanced-growth","10":"product_tag-fertilizer","11":"product_tag-flowering-enhancer","12":"product_tag-fruit-setting","13":"product_tag-super-fruit","14":"product_tag-temperature-resilience","16":"first","17":"instock","18":"shipping-taxable","19":"product-type-simple"},"aioseo_notices":[],"_links":{"self":[{"href":"https:\/\/alqawafel.com\/pt_br\/wp-json\/wp\/v2\/product\/10149","targetHints":{"allow":["GET"]}}],"collection":[{"href":"https:\/\/alqawafel.com\/pt_br\/wp-json\/wp\/v2\/product"}],"about":[{"href":"https:\/\/alqawafel.com\/pt_br\/wp-json\/wp\/v2\/types\/product"}],"replies":[{"embeddable":true,"href":"https:\/\/alqawafel.com\/pt_br\/wp-json\/wp\/v2\/comments?post=10149"}],"version-history":[{"count":7,"href":"https:\/\/alqawafel.com\/pt_br\/wp-json\/wp\/v2\/product\/10149\/revisions"}],"predecessor-version":[{"id":19512,"href":"https:\/\/alqawafel.com\/pt_br\/wp-json\/wp\/v2\/product\/10149\/revisions\/19512"}],"wp:featuredmedia":[{"embeddable":true,"href":"https:\/\/alqawafel.com\/pt_br\/wp-json\/wp\/v2\/media\/17083"}],"wp:attachment":[{"href":"https:\/\/alqawafel.com\/pt_br\/wp-json\/wp\/v2\/media?parent=10149"}],"wp:term":[{"taxonomy":"product_brand","embeddable":true,"href":"https:\/\/alqawafel.com\/pt_br\/wp-json\/wp\/v2\/product_brand?post=10149"},{"taxonomy":"product_cat","embeddable":true,"href":"https:\/\/alqawafel.com\/pt_br\/wp-json\/wp\/v2\/product_cat?post=10149"},{"taxonomy":"product_tag","embeddable":true,"href":"https:\/\/alqawafel.com\/pt_br\/wp-json\/wp\/v2\/product_tag?post=10149"}],"curies":[{"name":"wp","href":"https:\/\/api.w.org\/{rel}","templated":true}]}}