{"id":10175,"date":"2024-11-16T06:57:44","date_gmt":"2024-11-16T06:57:44","guid":{"rendered":"https:\/\/alqawafel.com\/?post_type=product&#038;p=10175"},"modified":"2025-07-21T08:25:46","modified_gmt":"2025-07-21T08:25:46","slug":"crescimento-17-10-27t-e-fertilizante","status":"publish","type":"product","link":"https:\/\/alqawafel.com\/pt_br\/product\/growth-17-10-27t-e-fertilizer\/","title":{"rendered":"Crescimento 17-10-27+Fertilizante T.E."},"content":{"rendered":"<h3>Por que escolher o fertilizante Growth 17-10-27+T.E.?<\/h3>\n<p><span style=\"font-size: 18px;\">O Growth 17-10-27+T.E. Fertilizer \u00e9 um fertilizante premium com alto teor de pot\u00e1ssio, desenvolvido para apoiar o crescimento robusto, a alta produtividade e a qualidade superior dos frutos. Ele tamb\u00e9m inclui pot\u00e1ssio, f\u00f3sforo e nitrog\u00eanio, al\u00e9m de magn\u00e9sio e oligoelementos, garantindo o desenvolvimento ideal da planta. O pH \u00e1cido e a baixa CE o tornam ideal para solos com alta salinidade e diversos sistemas de irriga\u00e7\u00e3o.<\/span><\/p>\n<h3>Principais benef\u00edcios do fertilizante Growth 17-10-27+T.E.<\/h3>\n<ul>\n<li><span style=\"font-size: 18px;\"><strong>Alto teor de pot\u00e1ssio:<\/strong> Fornece uma concentra\u00e7\u00e3o significativa de pot\u00e1ssio para melhorar o tamanho, o sabor e a qualidade de armazenamento dos frutos.<\/span><\/li>\n<li><span style=\"font-size: 18px;\"><strong>Fontes balanceadas de nutrientes:<\/strong> Oferece nitrog\u00eanio nas formas de nitrato (NO3), am\u00f4nio (NH4) e amina (NH2), garantindo a nutri\u00e7\u00e3o cont\u00ednua das plantas e estimulando o crescimento vegetativo.<\/span><\/li>\n<li><span style=\"font-size: 18px;\"><strong>Estabilidade aprimorada:<\/strong> O pot\u00e1ssio \u00e9 derivado de v\u00e1rias fontes puras, promovendo a disponibilidade de nutrientes no solo a longo prazo.<\/span><\/li>\n<li><span style=\"font-size: 18px;\"><strong>pH \u00e1cido para absor\u00e7\u00e3o ideal:<\/strong> Mant\u00e9m um pH de aproximadamente 6 para melhorar a absor\u00e7\u00e3o de nutrientes, mesmo em condi\u00e7\u00f5es desafiadoras de solo.<\/span><\/li>\n<li><span style=\"font-size: 18px;\"><strong>Aplica\u00e7\u00e3o vers\u00e1til:<\/strong> A alta solubilidade garante o uso eficiente em v\u00e1rios sistemas de irriga\u00e7\u00e3o e a compatibilidade com diferentes culturas.<\/span><\/li>\n<\/ul>\n<h3 class=\"translation-block\"><span style=\"font-size: 18px\">Composi\u00e7\u00e3o qu\u00edmica<\/span><\/h3>\n<ul>\n<li><span style=\"font-size: 18px;\"><strong>Nitrog\u00eanio (N 17%)<\/strong><\/span><\/li>\n<li><span style=\"font-size: 18px;\"><strong>F\u00f3sforo (P\u2082O\u2085 10%)<\/strong><\/span><\/li>\n<li><span style=\"font-size: 18px;\"><strong>Pot\u00e1ssio (K\u2082O 27%)<\/strong><\/span><\/li>\n<li><span style=\"font-size: 18px;\"><strong>Magn\u00e9sio (MgO)<\/strong><\/span><\/li>\n<li><span style=\"font-size: 18px;\"><strong>Micronutrientes quelatados:<\/strong><\/span>\n<ul>\n<li><span style=\"font-size: 18px;\">Ferro (Fe)<\/span><\/li>\n<li><span style=\"font-size: 18px;\">Zinco (Zn)<\/span><\/li>\n<li><span style=\"font-size: 18px;\">Mangan\u00eas (Mn)<\/span><\/li>\n<li><span style=\"font-size: 18px;\">Cobre (Cu)<\/span><\/li>\n<li><span style=\"font-size: 18px;\">Boro (B)<\/span><\/li>\n<\/ul>\n<\/li>\n<\/ul>\n<p><span style=\"font-size: 18px;\"><strong>Aditivos adicionais:<\/strong><\/span><br \/>\n<span style=\"font-size: 18px;\">Riboflavina, piridoxina, nicotinamida, tiamina e \u00e1cidos org\u00e2nicos.<\/span><\/p>\n<p><strong>Livre de cloreto (Cl).<\/strong><\/p>\n<h3>Aplica\u00e7\u00e3o ideal<\/h3>\n<ul>\n<li><span style=\"font-size: 18px;\"><strong>Culturas adequadas:<\/strong><\/span>\n<ul>\n<li><span style=\"font-size: 18px;\">Vegetais em estufa e em campo aberto.<\/span><\/li>\n<li><span style=\"font-size: 14pt;\">Culturas de campo.<\/span><\/li>\n<li><span style=\"font-size: 18px;\">\u00c1rvores frut\u00edferas.<\/span><\/li>\n<li><span style=\"font-size: 14pt;\">Plantas Ornamentais.<\/span><\/li>\n<\/ul>\n<h3 data-start=\"139\" data-end=\"173\">Taxa de aplica\u00e7\u00e3o<\/h3>\n<h4 data-start=\"139\" data-end=\"173\"><strong data-start=\"145\" data-end=\"171\">Vegetais de campo aberto:<\/strong><\/h4>\n<p><span style=\"font-size: 14pt;\">1,5-2 kg \/ 1000 m\u00b2, 3-4 vezes por semana.<\/span><\/p>\n<h4 data-start=\"319\" data-end=\"343\"><strong data-start=\"325\" data-end=\"341\">\u00c1rvores frut\u00edferas:<\/strong><\/h4>\n<p data-start=\"346\" data-end=\"497\"><span style=\"font-size: 14pt;\">0,5-1 kg \/ 1000 m\u00b2, 3-4 vezes por semana ap\u00f3s o in\u00edcio da frutifica\u00e7\u00e3o e durante a matura\u00e7\u00e3o dos frutos.<\/span><\/p>\n<\/li>\n<\/ul>\n<h3>Embalagem<\/h3>\n<ul>\n<li><span style=\"font-size: 18px;\"><strong>25 kg<\/strong><\/span><\/li>\n<\/ul>\n<p><img loading=\"lazy\" decoding=\"async\" class=\"alignnone size-medium wp-image-17218\" src=\"https:\/\/alqawafel.com\/wp-content\/uploads\/2024\/11\/Growth-Logo-17-10-27T.E-300x300.webp\" alt=\"\" width=\"300\" height=\"300\" srcset=\"https:\/\/alqawafel.com\/wp-content\/uploads\/2024\/11\/Growth-Logo-17-10-27T.E-300x300.webp 300w, https:\/\/alqawafel.com\/wp-content\/uploads\/2024\/11\/Growth-Logo-17-10-27T.E-150x150.webp 150w, https:\/\/alqawafel.com\/wp-content\/uploads\/2024\/11\/Growth-Logo-17-10-27T.E-768x768.webp 768w, https:\/\/alqawafel.com\/wp-content\/uploads\/2024\/11\/Growth-Logo-17-10-27T.E.webp 1000w\" sizes=\"auto, (max-width: 300px) 100vw, 300px\" \/><\/p>","protected":false},"excerpt":{"rendered":"<p><span style=\"font-size: 18px;\">O fertilizante Growth 17-10-27+T.E. proporciona uma nutri\u00e7\u00e3o ideal de pot\u00e1ssio, garantindo um crescimento equilibrado, melhor qualidade dos frutos e alta produtividade da cultura.<\/span><\/p>","protected":false},"featured_media":17218,"comment_status":"open","ping_status":"closed","template":"","meta":{"om_disable_all_campaigns":false,"_monsterinsights_skip_tracking":false,"_monsterinsights_sitenote_active":false,"_monsterinsights_sitenote_note":"","_monsterinsights_sitenote_category":0},"product_brand":[2213],"product_cat":[50,2131],"product_tag":[866,946,463,1067,1960,881,1081],"class_list":{"0":"post-10175","1":"product","2":"type-product","3":"status-publish","4":"has-post-thumbnail","6":"product_brand-growth","7":"product_cat-fertilizers","8":"product_cat-water-soluble-fertilizers","9":"product_tag-al-qawafel-ind-agr-co","10":"product_tag-chlorophyll-production","11":"product_tag-fertilizer","12":"product_tag-fruit-quality-enhancement","13":"product_tag-growth-17-10-27t-e-fertilizer","14":"product_tag-high-potassium","15":"product_tag-magnesium-enriched","17":"first","18":"instock","19":"shipping-taxable","20":"product-type-simple"},"aioseo_notices":[],"_links":{"self":[{"href":"https:\/\/alqawafel.com\/pt_br\/wp-json\/wp\/v2\/product\/10175","targetHints":{"allow":["GET"]}}],"collection":[{"href":"https:\/\/alqawafel.com\/pt_br\/wp-json\/wp\/v2\/product"}],"about":[{"href":"https:\/\/alqawafel.com\/pt_br\/wp-json\/wp\/v2\/types\/product"}],"replies":[{"embeddable":true,"href":"https:\/\/alqawafel.com\/pt_br\/wp-json\/wp\/v2\/comments?post=10175"}],"version-history":[{"count":10,"href":"https:\/\/alqawafel.com\/pt_br\/wp-json\/wp\/v2\/product\/10175\/revisions"}],"predecessor-version":[{"id":19450,"href":"https:\/\/alqawafel.com\/pt_br\/wp-json\/wp\/v2\/product\/10175\/revisions\/19450"}],"wp:featuredmedia":[{"embeddable":true,"href":"https:\/\/alqawafel.com\/pt_br\/wp-json\/wp\/v2\/media\/17218"}],"wp:attachment":[{"href":"https:\/\/alqawafel.com\/pt_br\/wp-json\/wp\/v2\/media?parent=10175"}],"wp:term":[{"taxonomy":"product_brand","embeddable":true,"href":"https:\/\/alqawafel.com\/pt_br\/wp-json\/wp\/v2\/product_brand?post=10175"},{"taxonomy":"product_cat","embeddable":true,"href":"https:\/\/alqawafel.com\/pt_br\/wp-json\/wp\/v2\/product_cat?post=10175"},{"taxonomy":"product_tag","embeddable":true,"href":"https:\/\/alqawafel.com\/pt_br\/wp-json\/wp\/v2\/product_tag?post=10175"}],"curies":[{"name":"wp","href":"https:\/\/api.w.org\/{rel}","templated":true}]}}