{"id":10329,"date":"2024-11-17T08:15:42","date_gmt":"2024-11-17T08:15:42","guid":{"rendered":"https:\/\/alqawafel.com\/?post_type=product&#038;p=10329"},"modified":"2025-08-12T08:26:22","modified_gmt":"2025-08-12T08:26:22","slug":"pepino-qsc-108-f1","status":"publish","type":"product","link":"https:\/\/alqawafel.com\/pt_br\/product\/cucumber-qsc-108-f1\/","title":{"rendered":"Pepino QSC-108 F1"},"content":{"rendered":"<p><span style=\"font-size: 18px;\">Pepino QSC-108 F1: pepino Beita-alfa projetado para esta\u00e7\u00f5es frias, produzindo frutos verdes profundos uniformes com toler\u00e2ncia e capacidade de ramifica\u00e7\u00e3o excepcionais.<\/span><\/p>\n<table>\n<thead>\n<tr>\n<td><span style=\"font-size: 18px;\"><strong>Atributo<\/strong><\/span><\/td>\n<td><span style=\"font-size: 18px;\"><strong>Detalhes<\/strong><\/span><\/td>\n<\/tr>\n<\/thead>\n<tbody>\n<tr>\n<td><span style=\"font-size: 18px;\"><strong>Nome do produto<\/strong><\/span><\/td>\n<td><span style=\"font-size: 18px;\">Pepino QSC-108 F1<\/span><\/td>\n<\/tr>\n<tr>\n<td><span style=\"font-size: 18px;\"><strong>Tipo<\/strong><\/span><\/td>\n<td><span style=\"font-size: 18px;\">Estufa Beita-alfa<\/span><\/td>\n<\/tr>\n<tr>\n<td><span style=\"font-size: 18px;\"><strong>Estilo do conjunto de frutas<\/strong><\/span><\/td>\n<td><span style=\"font-size: 18px;\">Semi-multi-fruto, 1 fruto por n\u00f3 com boa ramifica\u00e7\u00e3o<\/span><\/td>\n<\/tr>\n<tr>\n<td><span style=\"font-size: 18px;\"><strong>Temporada<\/strong><\/span><\/td>\n<td><span style=\"font-size: 18px;\">Inverno e outono, adequado para baixas temperaturas<\/span><\/td>\n<\/tr>\n<tr>\n<td><span style=\"font-size: 18px;\"><strong>Crescimento vegetativo<\/strong><\/span><\/td>\n<td><span style=\"font-size: 18px;\">Planta forte com brotos laterais robustos<\/span><\/td>\n<\/tr>\n<tr>\n<td><span style=\"font-size: 18px;\"><strong>Caracter\u00edsticas da fruta<\/strong><\/span><\/td>\n<td><span style=\"font-size: 18px;\">Frutos verdes com pequenas nervuras, 16-18 cm de comprimento<\/span><\/td>\n<\/tr>\n<tr>\n<td><span style=\"font-size: 18px;\"><strong>Toler\u00e2ncia (IR)<\/strong><\/span><\/td>\n<td><span style=\"font-size: 18px;\">PM (Powdery Mildew), DM (Downy Mildew), CMV (Cucumber Mosaic Virus), CVYV (Cucumber Vein Yellowing Virus), ZYMV (Zucchini Yellow Mosaic Virus)<\/span><\/td>\n<\/tr>\n<\/tbody>\n<\/table>\n<p><img loading=\"lazy\" decoding=\"async\" class=\"alignnone size-medium wp-image-10331\" src=\"https:\/\/alqawafel.com\/wp-content\/uploads\/2024\/11\/WhatsApp-Image-2024-11-17-at-11.24.03-AM-225x300.jpeg\" alt=\"Pepino QSC-108 F1\" width=\"225\" height=\"300\" srcset=\"https:\/\/alqawafel.com\/wp-content\/uploads\/2024\/11\/WhatsApp-Image-2024-11-17-at-11.24.03-AM-225x300.jpeg 225w, https:\/\/alqawafel.com\/wp-content\/uploads\/2024\/11\/WhatsApp-Image-2024-11-17-at-11.24.03-AM-768x1024.jpeg 768w, https:\/\/alqawafel.com\/wp-content\/uploads\/2024\/11\/WhatsApp-Image-2024-11-17-at-11.24.03-AM-150x200.jpeg 150w, https:\/\/alqawafel.com\/wp-content\/uploads\/2024\/11\/WhatsApp-Image-2024-11-17-at-11.24.03-AM.jpeg 960w\" sizes=\"auto, (max-width: 225px) 100vw, 225px\" \/><\/p>\n<p>&nbsp;<\/p>\n<p><a title=\"Voltar para Sementes\" href=\"https:\/\/alqawafel.com\/pt_br\/sementes\/\">Voltar para Sementes<\/a><\/p>\n<p><a title=\"Facebook\" href=\"https:\/\/alqawafel.com\/pt_br\/facebook\/\" target=\"_blank\" rel=\"noopener\">Facebook<\/a><\/p>\n<p><a title=\"Linkedin\" href=\"https:\/\/www.linkedin.com\/company\/alqawafel-ind-agr-co\/\" target=\"_blank\" rel=\"noopener\">Linkedin<\/a><\/p>","protected":false},"excerpt":{"rendered":"<p><span style=\"font-size: 18px;\">Pepino QSC-108 F1: \u00e9 uma variedade Beita-alfa forte que apresenta frutos verdes profundos de 16-18 cm e toler\u00e2ncia robusta a PM, DM, CMV, CVYV e ZYMV.<\/span><\/p>","protected":false},"featured_media":10331,"comment_status":"open","ping_status":"closed","template":"","meta":{"om_disable_all_campaigns":false,"_monsterinsights_skip_tracking":false,"_monsterinsights_sitenote_active":false,"_monsterinsights_sitenote_note":"","_monsterinsights_sitenote_category":0},"product_brand":[],"product_cat":[827,237],"product_tag":[866,1097,1798,1131,1098,1101,1799],"class_list":{"0":"post-10329","1":"product","2":"type-product","3":"status-publish","4":"has-post-thumbnail","6":"product_cat-cucumber","7":"product_cat-seeds","8":"product_tag-al-qawafel-ind-agr-co","9":"product_tag-beita-alpha-cucumber","10":"product_tag-cold-season-cucumber","11":"product_tag-cucumber-qsc-108-f1","12":"product_tag-greenhouse-cucumber","13":"product_tag-seeds","14":"product_tag-winter-cucumber","16":"first","17":"instock","18":"shipping-taxable","19":"product-type-simple"},"aioseo_notices":[],"_links":{"self":[{"href":"https:\/\/alqawafel.com\/pt_br\/wp-json\/wp\/v2\/product\/10329","targetHints":{"allow":["GET"]}}],"collection":[{"href":"https:\/\/alqawafel.com\/pt_br\/wp-json\/wp\/v2\/product"}],"about":[{"href":"https:\/\/alqawafel.com\/pt_br\/wp-json\/wp\/v2\/types\/product"}],"replies":[{"embeddable":true,"href":"https:\/\/alqawafel.com\/pt_br\/wp-json\/wp\/v2\/comments?post=10329"}],"version-history":[{"count":7,"href":"https:\/\/alqawafel.com\/pt_br\/wp-json\/wp\/v2\/product\/10329\/revisions"}],"predecessor-version":[{"id":19533,"href":"https:\/\/alqawafel.com\/pt_br\/wp-json\/wp\/v2\/product\/10329\/revisions\/19533"}],"wp:featuredmedia":[{"embeddable":true,"href":"https:\/\/alqawafel.com\/pt_br\/wp-json\/wp\/v2\/media\/10331"}],"wp:attachment":[{"href":"https:\/\/alqawafel.com\/pt_br\/wp-json\/wp\/v2\/media?parent=10329"}],"wp:term":[{"taxonomy":"product_brand","embeddable":true,"href":"https:\/\/alqawafel.com\/pt_br\/wp-json\/wp\/v2\/product_brand?post=10329"},{"taxonomy":"product_cat","embeddable":true,"href":"https:\/\/alqawafel.com\/pt_br\/wp-json\/wp\/v2\/product_cat?post=10329"},{"taxonomy":"product_tag","embeddable":true,"href":"https:\/\/alqawafel.com\/pt_br\/wp-json\/wp\/v2\/product_tag?post=10329"}],"curies":[{"name":"wp","href":"https:\/\/api.w.org\/{rel}","templated":true}]}}