{"id":10363,"date":"2024-11-17T09:17:20","date_gmt":"2024-11-17T09:17:20","guid":{"rendered":"https:\/\/alqawafel.com\/?post_type=product&#038;p=10363"},"modified":"2025-08-12T09:14:27","modified_gmt":"2025-08-12T09:14:27","slug":"pepino-qsc-114-f1","status":"publish","type":"product","link":"https:\/\/alqawafel.com\/pt_br\/product\/cucumber-qsc-114-f1\/","title":{"rendered":"Pepino QSC-114 F1"},"content":{"rendered":"<p><span style=\"font-size: 18px;\">Pepino QSC-114 F1: Um pepino longo holand\u00eas de alto desempenho para produ\u00e7\u00e3o durante todo o ano. Produz frutos verde-escuros de 30 a 35 cm com forte vigor de planta e toler\u00e2ncia a doen\u00e7as.<\/span><\/p>\n<table>\n<thead>\n<tr>\n<th><span style=\"font-size: 18px;\"><strong>Atributo<\/strong><\/span><\/th>\n<th><span style=\"font-size: 18px;\"><strong>Detalhes<\/strong><\/span><\/th>\n<\/tr>\n<\/thead>\n<tbody>\n<tr>\n<td><span style=\"font-size: 18px;\"><strong>Nome do produto<\/strong><\/span><\/td>\n<td><span style=\"font-size: 18px;\">Pepino QSC-114 F1<\/span><\/td>\n<\/tr>\n<tr>\n<td><span style=\"font-size: 18px;\"><strong>Tipo<\/strong><\/span><\/td>\n<td><span style=\"font-size: 18px;\">Pepino holand\u00eas de estufa do tipo longo<\/span><\/td>\n<\/tr>\n<tr>\n<td><span style=\"font-size: 18px;\"><strong>Estilo do conjunto de frutas<\/strong><\/span><\/td>\n<td><span style=\"font-size: 18px;\">Fruto \u00fanico por n\u00f3<\/span><\/td>\n<\/tr>\n<tr>\n<td><span style=\"font-size: 18px;\"><strong>Temporada<\/strong><\/span><\/td>\n<td><span style=\"font-size: 18px;\">Durante todo o ano, adequado para temperaturas m\u00e9dias<\/span><\/td>\n<\/tr>\n<tr>\n<td><span style=\"font-size: 18px;\"><strong>Vegetativo <\/strong><strong style=\"font-family: inherit;\">Crescimento<\/strong><strong><br \/>\n<\/strong><\/span><\/td>\n<td><span style=\"font-size: 18px;\">Planta forte com brotos laterais robustos<\/span><\/td>\n<\/tr>\n<tr>\n<td><span style=\"font-size: 18px;\"><strong>Caracter\u00edsticas da fruta<\/strong><\/span><\/td>\n<td><span style=\"font-size: 18px;\">Frutos verdes, com 30 a 35 cm de comprimento<\/span><\/td>\n<\/tr>\n<tr>\n<td><span style=\"font-size: 18px;\"><strong>Toler\u00e2ncia (IR)<\/strong><\/span><\/td>\n<td><span style=\"font-size: 18px;\">PM (Powdery Mildew), DM (Downy Mildew), CMV (Cucumber Mosaic Virus)<\/span><\/td>\n<\/tr>\n<\/tbody>\n<\/table>\n<p><img loading=\"lazy\" decoding=\"async\" class=\"alignnone size-medium wp-image-12682\" src=\"https:\/\/alqawafel.com\/wp-content\/uploads\/2024\/11\/IMG_1125-1-225x300.jpg\" alt=\"Pepino QSC-114 F1\" width=\"225\" height=\"300\" srcset=\"https:\/\/alqawafel.com\/wp-content\/uploads\/2024\/11\/IMG_1125-1-225x300.jpg 225w, https:\/\/alqawafel.com\/wp-content\/uploads\/2024\/11\/IMG_1125-1-768x1024.jpg 768w, https:\/\/alqawafel.com\/wp-content\/uploads\/2024\/11\/IMG_1125-1-1152x1536.jpg 1152w, https:\/\/alqawafel.com\/wp-content\/uploads\/2024\/11\/IMG_1125-1-1536x2048.jpg 1536w, https:\/\/alqawafel.com\/wp-content\/uploads\/2024\/11\/IMG_1125-1-1200x1600.jpg 1200w, https:\/\/alqawafel.com\/wp-content\/uploads\/2024\/11\/IMG_1125-1-150x200.jpg 150w, https:\/\/alqawafel.com\/wp-content\/uploads\/2024\/11\/IMG_1125-1-scaled.jpg 1920w\" sizes=\"auto, (max-width: 225px) 100vw, 225px\" \/> <img loading=\"lazy\" decoding=\"async\" class=\"alignnone size-medium wp-image-12697\" src=\"https:\/\/alqawafel.com\/wp-content\/uploads\/2024\/11\/IMG_1127-225x300.jpg\" alt=\"Pepino QSC-114 F1\" width=\"225\" height=\"300\" srcset=\"https:\/\/alqawafel.com\/wp-content\/uploads\/2024\/11\/IMG_1127-225x300.jpg 225w, https:\/\/alqawafel.com\/wp-content\/uploads\/2024\/11\/IMG_1127-768x1024.jpg 768w, https:\/\/alqawafel.com\/wp-content\/uploads\/2024\/11\/IMG_1127-1152x1536.jpg 1152w, https:\/\/alqawafel.com\/wp-content\/uploads\/2024\/11\/IMG_1127-1536x2048.jpg 1536w, https:\/\/alqawafel.com\/wp-content\/uploads\/2024\/11\/IMG_1127-1200x1600.jpg 1200w, https:\/\/alqawafel.com\/wp-content\/uploads\/2024\/11\/IMG_1127-150x200.jpg 150w, https:\/\/alqawafel.com\/wp-content\/uploads\/2024\/11\/IMG_1127-scaled.jpg 1920w\" sizes=\"auto, (max-width: 225px) 100vw, 225px\" \/><\/p>\n<p>&nbsp;<\/p>\n<p><a title=\"Voltar para Sementes\" href=\"https:\/\/alqawafel.com\/pt_br\/sementes\/\">Voltar para Sementes<\/a><\/p>\n<p><a title=\"Facebook\" href=\"https:\/\/alqawafel.com\/pt_br\/facebook\/\" target=\"_blank\" rel=\"noopener\">Facebook<\/a><\/p>\n<p><a title=\"Linkedin\" href=\"https:\/\/www.linkedin.com\/company\/alqawafel-ind-agr-co\/\" target=\"_blank\" rel=\"noopener\">Linkedin<\/a><\/p>","protected":false},"excerpt":{"rendered":"<p><span style=\"font-size: 18px;\">Pepino QSC-114 F1: Um pepino holand\u00eas longo de estufa com frutos de 30 a 35 cm, forte vigor de planta e resist\u00eancia a PM, DM e CMV.<\/span><\/p>","protected":false},"featured_media":12697,"comment_status":"open","ping_status":"closed","template":"","meta":{"om_disable_all_campaigns":false,"_monsterinsights_skip_tracking":false,"_monsterinsights_sitenote_active":false,"_monsterinsights_sitenote_note":"","_monsterinsights_sitenote_category":0},"product_brand":[],"product_cat":[827,237],"product_tag":[866,1143,1144,1098,1145,1101,1138],"class_list":{"0":"post-10363","1":"product","2":"type-product","3":"status-publish","4":"has-post-thumbnail","6":"product_cat-cucumber","7":"product_cat-seeds","8":"product_tag-al-qawafel-ind-agr-co","9":"product_tag-cucumber-qsc-114-f1","10":"product_tag-dutch-long-cucumber","11":"product_tag-greenhouse-cucumber","12":"product_tag-medium-temperature-cucumber","13":"product_tag-seeds","14":"product_tag-year-round-cucumber","16":"first","17":"instock","18":"shipping-taxable","19":"product-type-simple"},"aioseo_notices":[],"_links":{"self":[{"href":"https:\/\/alqawafel.com\/pt_br\/wp-json\/wp\/v2\/product\/10363","targetHints":{"allow":["GET"]}}],"collection":[{"href":"https:\/\/alqawafel.com\/pt_br\/wp-json\/wp\/v2\/product"}],"about":[{"href":"https:\/\/alqawafel.com\/pt_br\/wp-json\/wp\/v2\/types\/product"}],"replies":[{"embeddable":true,"href":"https:\/\/alqawafel.com\/pt_br\/wp-json\/wp\/v2\/comments?post=10363"}],"version-history":[{"count":6,"href":"https:\/\/alqawafel.com\/pt_br\/wp-json\/wp\/v2\/product\/10363\/revisions"}],"predecessor-version":[{"id":19542,"href":"https:\/\/alqawafel.com\/pt_br\/wp-json\/wp\/v2\/product\/10363\/revisions\/19542"}],"wp:featuredmedia":[{"embeddable":true,"href":"https:\/\/alqawafel.com\/pt_br\/wp-json\/wp\/v2\/media\/12697"}],"wp:attachment":[{"href":"https:\/\/alqawafel.com\/pt_br\/wp-json\/wp\/v2\/media?parent=10363"}],"wp:term":[{"taxonomy":"product_brand","embeddable":true,"href":"https:\/\/alqawafel.com\/pt_br\/wp-json\/wp\/v2\/product_brand?post=10363"},{"taxonomy":"product_cat","embeddable":true,"href":"https:\/\/alqawafel.com\/pt_br\/wp-json\/wp\/v2\/product_cat?post=10363"},{"taxonomy":"product_tag","embeddable":true,"href":"https:\/\/alqawafel.com\/pt_br\/wp-json\/wp\/v2\/product_tag?post=10363"}],"curies":[{"name":"wp","href":"https:\/\/api.w.org\/{rel}","templated":true}]}}