{"id":10372,"date":"2024-11-17T09:27:30","date_gmt":"2024-11-17T09:27:30","guid":{"rendered":"https:\/\/alqawafel.com\/?post_type=product&#038;p=10372"},"modified":"2025-08-12T09:54:18","modified_gmt":"2025-08-12T09:54:18","slug":"tomate-qst-202-f1","status":"publish","type":"product","link":"https:\/\/alqawafel.com\/pt_br\/product\/tomato-qst-202-f1\/","title":{"rendered":"Tomate QST-202 F1"},"content":{"rendered":"<p><span style=\"font-size: 18px;\">Tomate QST-202 F1: Uma variedade confi\u00e1vel de tomate de crescimento determinado para campos abertos. Produz frutos vermelhos brilhantes e redondos, com m\u00e9dia de 180 a 220 g, com excelente toler\u00e2ncia a doen\u00e7as.<\/span><\/p>\n<table>\n<thead>\n<tr>\n<th><span style=\"font-size: 18px;\"><strong>Atributo<\/strong><\/span><\/th>\n<th><span style=\"font-size: 18px;\"><strong>Detalhes<\/strong><\/span><\/th>\n<\/tr>\n<\/thead>\n<tbody>\n<tr>\n<td><span style=\"font-size: 18px;\"><strong>Nome do produto<\/strong><\/span><\/td>\n<td><span style=\"font-size: 18px;\">Tomate QST-202 F1<\/span><\/td>\n<\/tr>\n<tr>\n<td><span style=\"font-size: 18px;\"><strong>Tipo<\/strong><\/span><\/td>\n<td><span style=\"font-size: 18px;\">Crescimento determinado, campo aberto<\/span><\/td>\n<\/tr>\n<tr>\n<td><span style=\"font-size: 18px;\"><strong>Estilo do conjunto de frutas<\/strong><\/span><\/td>\n<td><span style=\"font-size: 18px;\">Bom<\/span><\/td>\n<\/tr>\n<tr>\n<td><span style=\"font-size: 18px;\"><strong>Temporada<\/strong><\/span><\/td>\n<td><span style=\"font-size: 18px;\">Ver\u00e3o, primavera, outono<\/span><\/td>\n<\/tr>\n<tr>\n<td><span style=\"font-size: 18px;\"><strong>Crescimento vegetativo<\/strong><\/span><\/td>\n<td><span style=\"font-size: 18px;\">Planta m\u00e9dia<\/span><\/td>\n<\/tr>\n<tr>\n<td><span style=\"font-size: 18px;\"><strong>Caracter\u00edsticas da fruta<\/strong><\/span><\/td>\n<td><span style=\"font-size: 18px;\">\u00a0Frutos vermelhos brilhantes, redondos ou em forma de globo, com peso m\u00e9dio de 180 a 220 g<\/span><\/td>\n<\/tr>\n<tr>\n<td><span style=\"font-size: 18px;\"><strong>Toler\u00e2ncia (IR)<\/strong><\/span><\/td>\n<td><span style=\"font-size: 18px;\">TYLCV (Tomato Yellow Leaf Curl Virus), V (Verticillium Wilt), F1 e F2 (Fusarium Wilt Races 1 e 2)<\/span><\/td>\n<\/tr>\n<\/tbody>\n<\/table>\n<p><img loading=\"lazy\" decoding=\"async\" class=\"alignnone size-medium wp-image-10373\" src=\"https:\/\/alqawafel.com\/wp-content\/uploads\/2024\/11\/202-225x300.jpg\" alt=\"Tomate QST-202 F1\" width=\"225\" height=\"300\" srcset=\"https:\/\/alqawafel.com\/wp-content\/uploads\/2024\/11\/202-225x300.jpg 225w, https:\/\/alqawafel.com\/wp-content\/uploads\/2024\/11\/202-768x1024.jpg 768w, https:\/\/alqawafel.com\/wp-content\/uploads\/2024\/11\/202-150x200.jpg 150w, https:\/\/alqawafel.com\/wp-content\/uploads\/2024\/11\/202.jpg 960w\" sizes=\"auto, (max-width: 225px) 100vw, 225px\" \/><\/p>\n<p>&nbsp;<\/p>\n<p><a title=\"Voltar para Sementes\" href=\"https:\/\/alqawafel.com\/pt_br\/sementes\/\">Voltar para Sementes<\/a><\/p>\n<p><a title=\"Facebook\" href=\"https:\/\/alqawafel.com\/pt_br\/facebook\/\" target=\"_blank\" rel=\"noopener\">Facebook<\/a><\/p>\n<p><a title=\"Linkedin\" href=\"https:\/\/www.linkedin.com\/company\/alqawafel-ind-agr-co\/\" target=\"_blank\" rel=\"noopener\">Linkedin<\/a><\/p>","protected":false},"excerpt":{"rendered":"<p><span style=\"font-size: 18px;\">Tomate QST-202 F1: Um tomate determinado para campo aberto que produz frutos vermelhos redondos de 180-220 gm com toler\u00e2ncia a TYLCV, V e Fusarium (F1 e F2).<\/span><\/p>","protected":false},"featured_media":10373,"comment_status":"open","ping_status":"closed","template":"","meta":{"om_disable_all_campaigns":false,"_monsterinsights_skip_tracking":false,"_monsterinsights_sitenote_active":false,"_monsterinsights_sitenote_note":"","_monsterinsights_sitenote_category":0},"product_brand":[],"product_cat":[237,828],"product_tag":[866,1148,1147,1146,1149,1101,1151],"class_list":{"0":"post-10372","1":"product","2":"type-product","3":"status-publish","4":"has-post-thumbnail","6":"product_cat-seeds","7":"product_cat-tomato","8":"product_tag-al-qawafel-ind-agr-co","9":"product_tag-bright-red-tomato","10":"product_tag-determinate-tomato","11":"product_tag-open-field-tomato","12":"product_tag-round-tomato","13":"product_tag-seeds","14":"product_tag-tomato-qst-202-f1","16":"first","17":"instock","18":"shipping-taxable","19":"product-type-simple"},"aioseo_notices":[],"_links":{"self":[{"href":"https:\/\/alqawafel.com\/pt_br\/wp-json\/wp\/v2\/product\/10372","targetHints":{"allow":["GET"]}}],"collection":[{"href":"https:\/\/alqawafel.com\/pt_br\/wp-json\/wp\/v2\/product"}],"about":[{"href":"https:\/\/alqawafel.com\/pt_br\/wp-json\/wp\/v2\/types\/product"}],"replies":[{"embeddable":true,"href":"https:\/\/alqawafel.com\/pt_br\/wp-json\/wp\/v2\/comments?post=10372"}],"version-history":[{"count":5,"href":"https:\/\/alqawafel.com\/pt_br\/wp-json\/wp\/v2\/product\/10372\/revisions"}],"predecessor-version":[{"id":19547,"href":"https:\/\/alqawafel.com\/pt_br\/wp-json\/wp\/v2\/product\/10372\/revisions\/19547"}],"wp:featuredmedia":[{"embeddable":true,"href":"https:\/\/alqawafel.com\/pt_br\/wp-json\/wp\/v2\/media\/10373"}],"wp:attachment":[{"href":"https:\/\/alqawafel.com\/pt_br\/wp-json\/wp\/v2\/media?parent=10372"}],"wp:term":[{"taxonomy":"product_brand","embeddable":true,"href":"https:\/\/alqawafel.com\/pt_br\/wp-json\/wp\/v2\/product_brand?post=10372"},{"taxonomy":"product_cat","embeddable":true,"href":"https:\/\/alqawafel.com\/pt_br\/wp-json\/wp\/v2\/product_cat?post=10372"},{"taxonomy":"product_tag","embeddable":true,"href":"https:\/\/alqawafel.com\/pt_br\/wp-json\/wp\/v2\/product_tag?post=10372"}],"curies":[{"name":"wp","href":"https:\/\/api.w.org\/{rel}","templated":true}]}}