{"id":10499,"date":"2024-11-17T19:14:54","date_gmt":"2024-11-17T19:14:54","guid":{"rendered":"https:\/\/alqawafel.com\/?post_type=product&#038;p=10499"},"modified":"2025-06-11T08:47:56","modified_gmt":"2025-06-11T08:47:56","slug":"abafuze-45-4-sc","status":"publish","type":"product","link":"https:\/\/alqawafel.com\/pt_br\/product\/abafuze-45-4-sc\/","title":{"rendered":"Abafuze 45.4% SC Inseticida e Miticida"},"content":{"rendered":"<h3>Por que o Abafuze 45.4% SC?<\/h3>\n<p><span style=\"font-size: 18px\">O Abafuze 45.4% SC \u00e9 um poderoso inseticida e miticida desenvolvido para o controle abrangente de pragas em plantas ornamentais, perenes e \u00e1rvores frut\u00edferas sem frutos. Com uma formula\u00e7\u00e3o de a\u00e7\u00e3o dupla, ele elimina com efic\u00e1cia as pragas por meio de contato e a\u00e7\u00e3o estomacal, oferecendo um efeito de derrubada e atividade residual duradoura. Isso o torna uma solu\u00e7\u00e3o ideal para aplica\u00e7\u00f5es profissionais que exigem um controle de pragas confi\u00e1vel e prolongado.<\/span><\/p>\n<h3>Identifica\u00e7\u00e3o<\/h3>\n<ul>\n<li><span style=\"font-size: 18px\"><strong>Formula\u00e7\u00e3o<\/strong>: Suspens\u00e3o concentrada (SC)<\/span><\/li>\n<li><span style=\"font-size: 18px\"><strong>Ingrediente ativo<\/strong>: Bifenazato 43,2% + Abamectina 2,2% (p\/p)<\/span><\/li>\n<li><span style=\"font-size: 18px\"><strong>Grupo qu\u00edmico<\/strong>: Carbazato + Avermectina<\/span><\/li>\n<li><span style=\"font-size: 18px\"><strong>Modo de a\u00e7\u00e3o<\/strong>: Atua por contato e por via estomacal com efeito knockdown, eliminando com efic\u00e1cia todos os est\u00e1gios dos \u00e1caros e de v\u00e1rias pragas de insetos.<\/span><\/li>\n<\/ul>\n<h3>Aplica\u00e7\u00e3o ideal do Abafuze 45.4% SC<\/h3>\n<p><span style=\"font-size: 18px\">O Abafuze 45.4% SC \u00e9 recomendado para uso nas seguintes culturas com alvos t\u00edpicos de pragas, conforme listado:<\/span><\/p>\n<h4><span style=\"font-size: 18px\">Controle de culturas e pragas:<\/span><\/h4>\n<ul>\n<li><span style=\"font-size: 18px\"><strong>Culturas<\/strong>:<\/span>\n<ul>\n<li><span style=\"font-size: 18px\">Todas as plantas ornamentais, incluindo plantas de canteiro, plantas com flores, plantas de folhagem, culturas de bulbos, plantas perenes, \u00e1rvores e arbustos.<\/span><\/li>\n<li><span style=\"font-size: 18px\">Todas as \u00e1rvores frut\u00edferas n\u00e3o produtivas.<\/span><\/li>\n<\/ul>\n<\/li>\n<li><span style=\"font-size: 18px\"><strong>Pragas t\u00edpicas<\/strong>:<\/span>\n<ul>\n<li><span style=\"font-size: 18px\"><em>\u00c1caro vermelho europeu, \u00e1caro da ferrugem, \u00e1caro de duas manchas, \u00e1caro do broto, \u00e1caro largo<\/em><\/span><\/li>\n<li><span style=\"font-size: 18px\"><em>Minerador de folhas<\/em><\/span><\/li>\n<li><span style=\"font-size: 18px\"><strong>Somente supress\u00e3o<\/strong>: <em>Pulg\u00f5es, tripes, moscas brancas<\/em><\/span><\/li>\n<\/ul>\n<\/li>\n<\/ul>\n<h3>Taxa de uso:<\/h3>\n<p><span style=\"font-size: 14pt\">50-100 ml por 200 L de \u00e1gua<\/span><\/p>\n<h3>Embalagem<\/h3>\n<ul>\n<li><span style=\"font-size: 18px\"><strong>250 ml<\/strong><\/span><\/li>\n<\/ul>\n<p><img loading=\"lazy\" decoding=\"async\" class=\"alignnone size-medium wp-image-18491\" src=\"https:\/\/alqawafel.com\/wp-content\/uploads\/2024\/11\/ABAFUZE-45.4-LOGO-300x300.webp\" alt=\"O Abafuze 45.4% SC \u00e9 um inseticida e miticida que proporciona controle residual e de derrubada de \u00e1caros, minadores de folhas e outros, ideal para plantas ornamentais e \u00e1rvores n\u00e3o produtivas.\" width=\"300\" height=\"300\" srcset=\"https:\/\/alqawafel.com\/wp-content\/uploads\/2024\/11\/ABAFUZE-45.4-LOGO-300x300.webp 300w, https:\/\/alqawafel.com\/wp-content\/uploads\/2024\/11\/ABAFUZE-45.4-LOGO-150x150.webp 150w, https:\/\/alqawafel.com\/wp-content\/uploads\/2024\/11\/ABAFUZE-45.4-LOGO-768x768.webp 768w, https:\/\/alqawafel.com\/wp-content\/uploads\/2024\/11\/ABAFUZE-45.4-LOGO.webp 1000w\" sizes=\"auto, (max-width: 300px) 100vw, 300px\" \/><\/p>\n<p>&nbsp;<\/p>","protected":false},"excerpt":{"rendered":"<p><span style=\"font-size: 18px\">O Abafuze 45.4% SC \u00e9 um inseticida e miticida que proporciona controle residual e de derrubada de \u00e1caros, minadores de folhas e outros, ideal para plantas ornamentais e \u00e1rvores n\u00e3o produtivas.<\/span><\/p>","protected":false},"featured_media":18491,"comment_status":"open","ping_status":"closed","template":"","meta":{"om_disable_all_campaigns":false,"_monsterinsights_skip_tracking":false,"_monsterinsights_sitenote_active":false,"_monsterinsights_sitenote_note":"","_monsterinsights_sitenote_category":0},"product_brand":[],"product_cat":[822,824,87],"product_tag":[1185,852,866,1188,841,1186,845,844,1187],"class_list":{"0":"post-10499","1":"product","2":"type-product","3":"status-publish","4":"has-post-thumbnail","6":"product_cat-insecticide","7":"product_cat-miticide","8":"product_cat-pesticides","9":"product_tag-abafuze-45-4-sc","10":"product_tag-abamectin","11":"product_tag-al-qawafel-ind-agr-co","12":"product_tag-bifenazate","13":"product_tag-insecticide","14":"product_tag-knockdown","15":"product_tag-mite","16":"product_tag-miticide","17":"product_tag-residual","19":"first","20":"instock","21":"shipping-taxable","22":"product-type-simple"},"aioseo_notices":[],"_links":{"self":[{"href":"https:\/\/alqawafel.com\/pt_br\/wp-json\/wp\/v2\/product\/10499","targetHints":{"allow":["GET"]}}],"collection":[{"href":"https:\/\/alqawafel.com\/pt_br\/wp-json\/wp\/v2\/product"}],"about":[{"href":"https:\/\/alqawafel.com\/pt_br\/wp-json\/wp\/v2\/types\/product"}],"replies":[{"embeddable":true,"href":"https:\/\/alqawafel.com\/pt_br\/wp-json\/wp\/v2\/comments?post=10499"}],"version-history":[{"count":8,"href":"https:\/\/alqawafel.com\/pt_br\/wp-json\/wp\/v2\/product\/10499\/revisions"}],"predecessor-version":[{"id":18850,"href":"https:\/\/alqawafel.com\/pt_br\/wp-json\/wp\/v2\/product\/10499\/revisions\/18850"}],"wp:featuredmedia":[{"embeddable":true,"href":"https:\/\/alqawafel.com\/pt_br\/wp-json\/wp\/v2\/media\/18491"}],"wp:attachment":[{"href":"https:\/\/alqawafel.com\/pt_br\/wp-json\/wp\/v2\/media?parent=10499"}],"wp:term":[{"taxonomy":"product_brand","embeddable":true,"href":"https:\/\/alqawafel.com\/pt_br\/wp-json\/wp\/v2\/product_brand?post=10499"},{"taxonomy":"product_cat","embeddable":true,"href":"https:\/\/alqawafel.com\/pt_br\/wp-json\/wp\/v2\/product_cat?post=10499"},{"taxonomy":"product_tag","embeddable":true,"href":"https:\/\/alqawafel.com\/pt_br\/wp-json\/wp\/v2\/product_tag?post=10499"}],"curies":[{"name":"wp","href":"https:\/\/api.w.org\/{rel}","templated":true}]}}