{"id":10703,"date":"2024-11-18T09:58:18","date_gmt":"2024-11-18T09:58:18","guid":{"rendered":"https:\/\/alqawafel.com\/?post_type=product&#038;p=10703"},"modified":"2025-08-12T12:55:47","modified_gmt":"2025-08-12T12:55:47","slug":"squash-qssq-406-f1","status":"publish","type":"product","link":"https:\/\/alqawafel.com\/pt_br\/product\/squash-qssq-406-f1\/","title":{"rendered":"Squash QSSq-406 F1"},"content":{"rendered":"<p><span style=\"font-size: 18px;\">Ab\u00f3bora QSSq-406 F1: Uma variedade de ab\u00f3bora Iskandarany pronta para o ver\u00e3o para campos abertos. Produz frutos verdes brilhantes e cil\u00edndricos (17-22 cm) com maturidade em 40 dias e excelente resist\u00eancia a doen\u00e7as.<\/span><\/p>\n<table style=\"width: 100%; height: 243px;\">\n<thead>\n<tr style=\"height: 27px;\">\n<th style=\"height: 27px;\"><span style=\"font-size: 18px;\"><strong>Atributo<\/strong><\/span><\/th>\n<th style=\"height: 27px;\"><span style=\"font-size: 18px;\"><strong>Detalhes<\/strong><\/span><\/th>\n<\/tr>\n<\/thead>\n<tbody>\n<tr style=\"height: 27px;\">\n<td style=\"height: 27px;\"><span style=\"font-size: 18px;\"><strong>Nome do produto<\/strong><\/span><\/td>\n<td style=\"height: 27px;\"><span style=\"font-size: 18px;\">Squash QSSq-406 F1<\/span><\/td>\n<\/tr>\n<tr style=\"height: 27px;\">\n<td style=\"height: 27px;\"><span style=\"font-size: 18px;\"><strong>Tipo<\/strong><\/span><\/td>\n<td style=\"height: 27px;\"><span style=\"font-size: 18px;\">Variedade Iskandarany para campo aberto<\/span><\/td>\n<\/tr>\n<tr style=\"height: 27px;\">\n<td style=\"height: 27px;\"><span style=\"font-size: 18px;\"><strong>Estilo do conjunto de frutas<\/strong><\/span><\/td>\n<td style=\"height: 27px;\"><span style=\"font-size: 18px;\">Boa, com matura\u00e7\u00e3o em cerca de 40 dias<\/span><\/td>\n<\/tr>\n<tr style=\"height: 27px;\">\n<td style=\"height: 27px;\"><span style=\"font-size: 18px;\"><strong>Crescimento vegetativo<\/strong><\/span><\/td>\n<td style=\"height: 27px;\"><span style=\"font-size: 18px;\">Planta forte e compacta<\/span><\/td>\n<\/tr>\n<tr style=\"height: 54px;\">\n<td style=\"height: 54px;\"><span style=\"font-size: 18px;\"><strong>Caracter\u00edsticas da fruta<\/strong><\/span><\/td>\n<td style=\"height: 54px;\"><span style=\"font-size: 18px;\">Verde brilhante, formato cil\u00edndrico, 17-22 cm de tamanho, adequado para o ver\u00e3o<\/span><\/td>\n<\/tr>\n<tr style=\"height: 54px;\">\n<td style=\"height: 54px;\"><span style=\"font-size: 18px;\"><strong>Toler\u00e2ncia (IR)<\/strong><\/span><\/td>\n<td style=\"height: 54px;\"><span style=\"font-size: 18px;\">PM (Powdery Mildew), CMV (Cucumber Mosaic Virus), WMV (Watermelon Mosaic Virus), ZYMV (Zucchini Yellow Mosaic Virus)<\/span><\/td>\n<\/tr>\n<\/tbody>\n<\/table>\n<p><img loading=\"lazy\" decoding=\"async\" class=\"alignnone size-medium wp-image-10704\" src=\"https:\/\/alqawafel.com\/wp-content\/uploads\/2024\/11\/406-225x300.jpg\" alt=\"Squash QSSq-406 F1\" width=\"225\" height=\"300\" srcset=\"https:\/\/alqawafel.com\/wp-content\/uploads\/2024\/11\/406-225x300.jpg 225w, https:\/\/alqawafel.com\/wp-content\/uploads\/2024\/11\/406-768x1024.jpg 768w, https:\/\/alqawafel.com\/wp-content\/uploads\/2024\/11\/406-150x200.jpg 150w, https:\/\/alqawafel.com\/wp-content\/uploads\/2024\/11\/406.jpg 960w\" sizes=\"auto, (max-width: 225px) 100vw, 225px\" \/><\/p>\n<p>&nbsp;<\/p>\n<p><a title=\"Voltar para Sementes\" href=\"https:\/\/alqawafel.com\/pt_br\/sementes\/\">Voltar para Sementes<\/a><\/p>\n<p><a title=\"Facebook\" href=\"https:\/\/alqawafel.com\/pt_br\/facebook\/\" target=\"_blank\" rel=\"noopener\">Facebook<\/a><\/p>\n<p><a title=\"Linkedin\" href=\"https:\/\/www.linkedin.com\/company\/alqawafel-ind-agr-co\/\" target=\"_blank\" rel=\"noopener\">Linkedin<\/a><\/p>","protected":false},"excerpt":{"rendered":"<p><span style=\"font-size: 18px;\">Ab\u00f3bora QSSq-406 F1: Uma ab\u00f3bora Iskandarany robusta para cultivo de ver\u00e3o com frutos cil\u00edndricos verdes brilhantes e resist\u00eancia a PM, CMV, WMV e ZYMV.<\/span><\/p>","protected":false},"featured_media":10704,"comment_status":"open","ping_status":"closed","template":"","meta":{"om_disable_all_campaigns":false,"_monsterinsights_skip_tracking":false,"_monsterinsights_sitenote_active":false,"_monsterinsights_sitenote_note":"","_monsterinsights_sitenote_category":0},"product_brand":[],"product_cat":[237,829],"product_tag":[866,1241,1250,1240,1101,1253,1247],"class_list":{"0":"post-10703","1":"product","2":"type-product","3":"status-publish","4":"has-post-thumbnail","6":"product_cat-seeds","7":"product_cat-squash","8":"product_tag-al-qawafel-ind-agr-co","9":"product_tag-high-yield-squash","10":"product_tag-iskandarany-squash","11":"product_tag-open-field-squash","12":"product_tag-seeds","13":"product_tag-squash-qssq-406-f1","14":"product_tag-summer-squash","16":"first","17":"instock","18":"shipping-taxable","19":"product-type-simple"},"aioseo_notices":[],"_links":{"self":[{"href":"https:\/\/alqawafel.com\/pt_br\/wp-json\/wp\/v2\/product\/10703","targetHints":{"allow":["GET"]}}],"collection":[{"href":"https:\/\/alqawafel.com\/pt_br\/wp-json\/wp\/v2\/product"}],"about":[{"href":"https:\/\/alqawafel.com\/pt_br\/wp-json\/wp\/v2\/types\/product"}],"replies":[{"embeddable":true,"href":"https:\/\/alqawafel.com\/pt_br\/wp-json\/wp\/v2\/comments?post=10703"}],"version-history":[{"count":3,"href":"https:\/\/alqawafel.com\/pt_br\/wp-json\/wp\/v2\/product\/10703\/revisions"}],"predecessor-version":[{"id":19579,"href":"https:\/\/alqawafel.com\/pt_br\/wp-json\/wp\/v2\/product\/10703\/revisions\/19579"}],"wp:featuredmedia":[{"embeddable":true,"href":"https:\/\/alqawafel.com\/pt_br\/wp-json\/wp\/v2\/media\/10704"}],"wp:attachment":[{"href":"https:\/\/alqawafel.com\/pt_br\/wp-json\/wp\/v2\/media?parent=10703"}],"wp:term":[{"taxonomy":"product_brand","embeddable":true,"href":"https:\/\/alqawafel.com\/pt_br\/wp-json\/wp\/v2\/product_brand?post=10703"},{"taxonomy":"product_cat","embeddable":true,"href":"https:\/\/alqawafel.com\/pt_br\/wp-json\/wp\/v2\/product_cat?post=10703"},{"taxonomy":"product_tag","embeddable":true,"href":"https:\/\/alqawafel.com\/pt_br\/wp-json\/wp\/v2\/product_tag?post=10703"}],"curies":[{"name":"wp","href":"https:\/\/api.w.org\/{rel}","templated":true}]}}