{"id":10727,"date":"2024-11-18T10:52:10","date_gmt":"2024-11-18T10:52:10","guid":{"rendered":"https:\/\/alqawafel.com\/?post_type=product&#038;p=10727"},"modified":"2025-04-28T08:12:55","modified_gmt":"2025-04-28T08:12:55","slug":"watermelon-qswm-702-f1","status":"publish","type":"product","link":"https:\/\/alqawafel.com\/pt_br\/product\/watermelon-qswm-702-f1\/","title":{"rendered":"Melancia QSWM-702 F1"},"content":{"rendered":"<p><span style=\"font-size: 18px\">Melancia QSWM-702 F1: Uma variedade de melancia Charleston Gray para campos abertos. Produz frutos redondos (10-14 kg) com polpa vermelha intensa, sementes pequenas e excelente resist\u00eancia a doen\u00e7as.<\/span><\/p>\n<table style=\"width: 54.7835%;height: 216px\">\n<thead>\n<tr style=\"height: 27px\">\n<th style=\"height: 27px\"><span style=\"font-size: 18px\"><strong>Atributo<\/strong><\/span><\/th>\n<th style=\"height: 27px\"><span style=\"font-size: 18px\"><strong>Detalhes<\/strong><\/span><\/th>\n<\/tr>\n<\/thead>\n<tbody>\n<tr style=\"height: 27px\">\n<td style=\"height: 27px\"><span style=\"font-size: 18px\"><strong>Nome do produto<\/strong><\/span><\/td>\n<td style=\"height: 27px\"><span style=\"font-size: 18px\">Melancia QSWM - 702 F1<\/span><\/td>\n<\/tr>\n<tr style=\"height: 27px\">\n<td style=\"height: 27px\"><span style=\"font-size: 18px\"><strong>Tipo<\/strong><\/span><\/td>\n<td style=\"height: 27px\"><span style=\"font-size: 18px\">Tipo Charleston Gray para campo aberto<\/span><\/td>\n<\/tr>\n<tr style=\"height: 54px\">\n<td style=\"height: 54px\"><span style=\"font-size: 18px\"><strong>Caracter\u00edsticas da fruta<\/strong><\/span><\/td>\n<td style=\"height: 54px\"><span style=\"font-size: 18px\">Forma redonda com um peso de 10 a 14 kg<\/span><\/td>\n<\/tr>\n<tr style=\"height: 27px\">\n<td style=\"height: 27px\"><span style=\"font-size: 18px\"><strong>Cor da carne<\/strong><\/span><\/td>\n<td style=\"height: 27px\"><span style=\"font-size: 18px\">Vermelho escuro com sementes pequenas<\/span><\/td>\n<\/tr>\n<tr style=\"height: 54px\">\n<td style=\"height: 54px\"><span style=\"font-size: 18px\"><strong>Toler\u00e2ncia (IR)<\/strong><\/span><\/td>\n<td style=\"height: 54px\"><span style=\"font-size: 18px\">PM (O\u00eddio), F2 (Fusarium Wilt Race 2)<\/span><\/td>\n<\/tr>\n<\/tbody>\n<\/table>\n<p><img loading=\"lazy\" decoding=\"async\" class=\"alignnone size-medium wp-image-10728\" src=\"https:\/\/alqawafel.com\/wp-content\/uploads\/2024\/11\/WhatsApp-Image-2024-11-18-at-1.22.05-PM-1-225x300.jpeg\" alt=\"Melancia QSWM-702 F1\" width=\"225\" height=\"300\" srcset=\"https:\/\/alqawafel.com\/wp-content\/uploads\/2024\/11\/WhatsApp-Image-2024-11-18-at-1.22.05-PM-1-225x300.jpeg 225w, https:\/\/alqawafel.com\/wp-content\/uploads\/2024\/11\/WhatsApp-Image-2024-11-18-at-1.22.05-PM-1-768x1024.jpeg 768w, https:\/\/alqawafel.com\/wp-content\/uploads\/2024\/11\/WhatsApp-Image-2024-11-18-at-1.22.05-PM-1-150x200.jpeg 150w, https:\/\/alqawafel.com\/wp-content\/uploads\/2024\/11\/WhatsApp-Image-2024-11-18-at-1.22.05-PM-1.jpeg 867w\" sizes=\"auto, (max-width: 225px) 100vw, 225px\" \/><\/p>\n<p>&nbsp;<\/p>\n<p><a title=\"Voltar para Sementes\" href=\"https:\/\/alqawafel.com\/pt_br\/sementes\/\">Voltar para Sementes<\/a><\/p>\n<p><a title=\"Facebook\" href=\"https:\/\/alqawafel.com\/pt_br\/facebook\/\" target=\"_blank\" rel=\"noopener\">Facebook<\/a><\/p>\n<p><a title=\"Linkedin\" href=\"https:\/\/www.linkedin.com\/company\/alqawafel-ind-agr-co\/\" target=\"_blank\" rel=\"noopener\">Linkedin<\/a><\/p>","protected":false},"excerpt":{"rendered":"<p><span style=\"font-size: 18px\">Melancia QSWM-702 F1: Melancia Charleston Gray com frutos redondos de 10 a 14 kg, polpa vermelha intensa, sementes pequenas e resist\u00eancia \u00e0 PM e \u00e0 murcha de Fusarium (F2).<\/span><\/p>","protected":false},"featured_media":10728,"comment_status":"open","ping_status":"closed","template":"","meta":{"om_disable_all_campaigns":false,"_monsterinsights_skip_tracking":false,"_monsterinsights_sitenote_active":false,"_monsterinsights_sitenote_note":"","_monsterinsights_sitenote_category":0},"product_brand":[],"product_cat":[237,832],"product_tag":[1265,866,1259,1260,1264,1101,1263],"class_list":{"0":"post-10727","1":"product","2":"type-product","3":"status-publish","4":"has-post-thumbnail","6":"product_cat-seeds","7":"product_cat-watermelon","8":"product_tag-10-14-kg-watermelon","9":"product_tag-al-qawafel-ind-agr-co","10":"product_tag-charleston-gray-watermelon","11":"product_tag-open-field-watermelon","12":"product_tag-round-watermelon","13":"product_tag-seeds","14":"product_tag-watermelon-qswm-702-f1","16":"first","17":"instock","18":"shipping-taxable","19":"product-type-simple"},"aioseo_notices":[],"_links":{"self":[{"href":"https:\/\/alqawafel.com\/pt_br\/wp-json\/wp\/v2\/product\/10727","targetHints":{"allow":["GET"]}}],"collection":[{"href":"https:\/\/alqawafel.com\/pt_br\/wp-json\/wp\/v2\/product"}],"about":[{"href":"https:\/\/alqawafel.com\/pt_br\/wp-json\/wp\/v2\/types\/product"}],"replies":[{"embeddable":true,"href":"https:\/\/alqawafel.com\/pt_br\/wp-json\/wp\/v2\/comments?post=10727"}],"version-history":[{"count":2,"href":"https:\/\/alqawafel.com\/pt_br\/wp-json\/wp\/v2\/product\/10727\/revisions"}],"predecessor-version":[{"id":10734,"href":"https:\/\/alqawafel.com\/pt_br\/wp-json\/wp\/v2\/product\/10727\/revisions\/10734"}],"wp:featuredmedia":[{"embeddable":true,"href":"https:\/\/alqawafel.com\/pt_br\/wp-json\/wp\/v2\/media\/10728"}],"wp:attachment":[{"href":"https:\/\/alqawafel.com\/pt_br\/wp-json\/wp\/v2\/media?parent=10727"}],"wp:term":[{"taxonomy":"product_brand","embeddable":true,"href":"https:\/\/alqawafel.com\/pt_br\/wp-json\/wp\/v2\/product_brand?post=10727"},{"taxonomy":"product_cat","embeddable":true,"href":"https:\/\/alqawafel.com\/pt_br\/wp-json\/wp\/v2\/product_cat?post=10727"},{"taxonomy":"product_tag","embeddable":true,"href":"https:\/\/alqawafel.com\/pt_br\/wp-json\/wp\/v2\/product_tag?post=10727"}],"curies":[{"name":"wp","href":"https:\/\/api.w.org\/{rel}","templated":true}]}}