{"id":10997,"date":"2024-11-19T07:22:36","date_gmt":"2024-11-19T07:22:36","guid":{"rendered":"https:\/\/alqawafel.com\/?post_type=product&#038;p=10997"},"modified":"2025-08-30T09:59:54","modified_gmt":"2025-08-30T09:59:54","slug":"super-80-s-sc","status":"publish","type":"product","link":"https:\/\/alqawafel.com\/pt_br\/product\/super-80-s-sc\/","title":{"rendered":"Super 80% - S Fungicida e Miticida"},"content":{"rendered":"<div class=\"flex-shrink-0 flex flex-col relative items-end\">\n<h3>Por que o Super 80% - S ?<\/h3>\n<p><span style=\"font-size: 18px;\">O Super 80% - S \u00e9 um fungicida e miticida n\u00e3o sist\u00eamico que proporciona contato confi\u00e1vel e a\u00e7\u00e3o respirat\u00f3ria para uma prote\u00e7\u00e3o eficaz da cultura. Ele oferece a\u00e7\u00e3o protetora contra uma ampla gama de doen\u00e7as f\u00fangicas e infesta\u00e7\u00f5es de \u00e1caros. O Super 80% - S \u00e9 uma excelente solu\u00e7\u00e3o para profissionais da agricultura que buscam proteger as culturas contra pragas e doen\u00e7as de forma eficaz.<\/span><\/p>\n<h3>Identifica\u00e7\u00e3o<\/h3>\n<ul>\n<li><span style=\"font-size: 18px;\"><strong>Formula\u00e7\u00e3o<\/strong>: Suspens\u00e3o concentrada (S)<\/span><\/li>\n<li><span style=\"font-size: 18px;\"><strong>Ingrediente ativo<\/strong>: Enxofre 80% (p\/v)<\/span><\/li>\n<li><span style=\"font-size: 18px;\"><strong>Grupo qu\u00edmico<\/strong>: Composto inorg\u00e2nico<\/span><\/li>\n<li><span style=\"font-size: 18px;\"><strong>Modo de a\u00e7\u00e3o<\/strong>: Fungicida e miticida n\u00e3o sist\u00eamico com a\u00e7\u00e3o de contato e respirat\u00f3ria que oferece cobertura protetora contra pragas e doen\u00e7as.<\/span><\/li>\n<\/ul>\n<h3>Aplica\u00e7\u00e3o ideal do Super 80% - S<\/h3>\n<p><span style=\"font-size: 18px;\">Recomendado para uso nas seguintes culturas com alvos t\u00edpicos de pragas, conforme listado:<\/span><\/p>\n<h4>Controle de culturas e pragas:<\/h4>\n<ul>\n<li><span style=\"font-size: 18px;\"><strong>Citrus<\/strong>: Controles <em>\u00c1caro marrom da ferrugem dos citros, \u00e1caro do broto dos citros, ferrugem<\/em><\/span><\/li>\n<li><span style=\"font-size: 18px;\"><strong>Uva<\/strong>: Controles <em>\u00c1caro da ferrugem da folha da uva, o\u00eddio<\/em><\/span><\/li>\n<li><span style=\"font-size: 18px;\"><strong>Plantas Ornamentais<\/strong>: Controles <em>\u00c1caro de duas manchas, o\u00eddio<\/em><\/span><\/li>\n<li><span style=\"font-size: 18px;\"><strong>Ma\u00e7\u00e3, pera, marmelo, n\u00easpera<\/strong>: Controles <em>Mancha preta (sarna), o\u00eddio<\/em><\/span><\/li>\n<li><span style=\"font-size: 18px;\"><strong>Nectarina, p\u00eassego, cereja (doce e azeda)<\/strong>: Controles <em>Podrid\u00e3o marrom, ferrugem<\/em><\/span><\/li>\n<li><span style=\"font-size: 18px;\"><strong>Vegetais<\/strong>: Controles <em>O\u00eddio, ferrugem, \u00e1caro da ferrugem do tomateiro, \u00e1caro de duas manchas<\/em><\/span><\/li>\n<\/ul>\n<h3>Taxa de uso:<\/h3>\n<p><span style=\"font-size: 14pt;\">500 ml por 200 L de \u00e1gua<\/span><\/p>\n<h3>Embalagem<\/h3>\n<ul>\n<li><span style=\"font-size: 18px;\"><strong>5 L<\/strong><\/span><\/li>\n<\/ul>\n<\/div>\n<p><img loading=\"lazy\" decoding=\"async\" class=\"alignnone size-medium wp-image-18753\" src=\"https:\/\/alqawafel.com\/wp-content\/uploads\/2024\/11\/Super-80-S-LOGO-300x300.webp\" alt=\"O fungicida e miticida Super 80% - S (SC) oferece prote\u00e7\u00e3o a culturas como frutas c\u00edtricas, uvas e ma\u00e7\u00e3s contra \u00e1caros, ferrugem e o\u00eddio.\" width=\"300\" height=\"300\" srcset=\"https:\/\/alqawafel.com\/wp-content\/uploads\/2024\/11\/Super-80-S-LOGO-300x300.webp 300w, https:\/\/alqawafel.com\/wp-content\/uploads\/2024\/11\/Super-80-S-LOGO-150x150.webp 150w, https:\/\/alqawafel.com\/wp-content\/uploads\/2024\/11\/Super-80-S-LOGO-768x768.webp 768w, https:\/\/alqawafel.com\/wp-content\/uploads\/2024\/11\/Super-80-S-LOGO.webp 1000w\" sizes=\"auto, (max-width: 300px) 100vw, 300px\" \/><\/p>\n<p>&nbsp;<\/p>","protected":false},"excerpt":{"rendered":"<p><span style=\"font-size: 18px;\">O fungicida e miticida Super 80% - S (SC) oferece prote\u00e7\u00e3o a culturas como frutas c\u00edtricas, uvas e ma\u00e7\u00e3s contra \u00e1caros, ferrugem e o\u00eddio.<\/span><\/p>","protected":false},"featured_media":18753,"comment_status":"open","ping_status":"closed","template":"","meta":{"om_disable_all_campaigns":false,"_monsterinsights_skip_tracking":false,"_monsterinsights_sitenote_active":false,"_monsterinsights_sitenote_note":"","_monsterinsights_sitenote_category":0},"product_brand":[],"product_cat":[823,824,87],"product_tag":[866,901,1111,845,844,1344,1323],"class_list":{"0":"post-10997","1":"product","2":"type-product","3":"status-publish","4":"has-post-thumbnail","6":"product_cat-fungicide","7":"product_cat-miticide","8":"product_cat-pesticides","9":"product_tag-al-qawafel-ind-agr-co","10":"product_tag-fungicide","11":"product_tag-mildew","12":"product_tag-mite","13":"product_tag-miticide","14":"product_tag-sulfur","15":"product_tag-super-80-s-sc","17":"first","18":"instock","19":"shipping-taxable","20":"product-type-simple"},"aioseo_notices":[],"_links":{"self":[{"href":"https:\/\/alqawafel.com\/pt_br\/wp-json\/wp\/v2\/product\/10997","targetHints":{"allow":["GET"]}}],"collection":[{"href":"https:\/\/alqawafel.com\/pt_br\/wp-json\/wp\/v2\/product"}],"about":[{"href":"https:\/\/alqawafel.com\/pt_br\/wp-json\/wp\/v2\/types\/product"}],"replies":[{"embeddable":true,"href":"https:\/\/alqawafel.com\/pt_br\/wp-json\/wp\/v2\/comments?post=10997"}],"version-history":[{"count":14,"href":"https:\/\/alqawafel.com\/pt_br\/wp-json\/wp\/v2\/product\/10997\/revisions"}],"predecessor-version":[{"id":19924,"href":"https:\/\/alqawafel.com\/pt_br\/wp-json\/wp\/v2\/product\/10997\/revisions\/19924"}],"wp:featuredmedia":[{"embeddable":true,"href":"https:\/\/alqawafel.com\/pt_br\/wp-json\/wp\/v2\/media\/18753"}],"wp:attachment":[{"href":"https:\/\/alqawafel.com\/pt_br\/wp-json\/wp\/v2\/media?parent=10997"}],"wp:term":[{"taxonomy":"product_brand","embeddable":true,"href":"https:\/\/alqawafel.com\/pt_br\/wp-json\/wp\/v2\/product_brand?post=10997"},{"taxonomy":"product_cat","embeddable":true,"href":"https:\/\/alqawafel.com\/pt_br\/wp-json\/wp\/v2\/product_cat?post=10997"},{"taxonomy":"product_tag","embeddable":true,"href":"https:\/\/alqawafel.com\/pt_br\/wp-json\/wp\/v2\/product_tag?post=10997"}],"curies":[{"name":"wp","href":"https:\/\/api.w.org\/{rel}","templated":true}]}}