{"id":11004,"date":"2024-11-19T07:53:12","date_gmt":"2024-11-19T07:53:12","guid":{"rendered":"https:\/\/alqawafel.com\/?post_type=product&#038;p=11004"},"modified":"2025-06-11T10:11:30","modified_gmt":"2025-06-11T10:11:30","slug":"toxamite-11-sc","status":"publish","type":"product","link":"https:\/\/alqawafel.com\/pt_br\/product\/toxamite-11-sc\/","title":{"rendered":"Toxamite 11 SC Miticida"},"content":{"rendered":"<div class=\"flex-shrink-0 flex flex-col relative items-end\">\n<h3>Por que o Toxamite 11% SC?<\/h3>\n<p><span style=\"font-size: 18px\">O Toxamite 11% SC \u00e9 um miticida de contato altamente eficaz, projetado especificamente para controlar os \u00e1caros em v\u00e1rios est\u00e1gios de crescimento, incluindo ovos, larvas e ninfas. Ao inibir o processo de muda, ele oferece prote\u00e7\u00e3o completa, garantindo uma redu\u00e7\u00e3o significativa nas popula\u00e7\u00f5es de \u00e1caros. \u00c9 a escolha ideal para profissionais da agricultura que buscam um controle confi\u00e1vel dos \u00e1caros em suas planta\u00e7\u00f5es.<\/span><\/p>\n<h3>Identifica\u00e7\u00e3o<\/h3>\n<ul>\n<li><span style=\"font-size: 18px\"><strong>Formula\u00e7\u00e3o<\/strong>: Suspens\u00e3o concentrada (SC)<\/span><\/li>\n<li><span style=\"font-size: 18px\"><strong>Ingrediente ativo<\/strong>: Etoxazol 11% (p\/v)<\/span><\/li>\n<li><span style=\"font-size: 18px\"><strong>Grupo qu\u00edmico<\/strong>: Difenil oxazolina<\/span><\/li>\n<li><span style=\"font-size: 18px\"><strong>Modo de a\u00e7\u00e3o<\/strong>: Miticida de contato que inibe a muda do \u00e1caro em v\u00e1rios est\u00e1gios da vida (ovos, larvas e ninfas).<\/span><\/li>\n<\/ul>\n<h3>Aplica\u00e7\u00e3o ideal do Toxamite 11% SC<\/h3>\n<p><span style=\"font-size: 18px\">Eficaz para as seguintes culturas e pragas:<\/span><\/p>\n<ul>\n<li><span style=\"font-size: 18px\"><strong>Ma\u00e7\u00e3, pera, n\u00easpera, marmelo:<\/strong><\/span>\n<ul>\n<li><span style=\"font-size: 18px\"><strong>Pragas controladas:<\/strong> \u00c1caro vermelho, \u00e1caro europeu<\/span><\/li>\n<\/ul>\n<\/li>\n<li><span style=\"font-size: 18px\"><strong>C\u00edtricos (laranja, lim\u00e3o, pomelo, mandarim):<\/strong><\/span>\n<ul>\n<li><span style=\"font-size: 18px\"><strong>Pragas controladas:<\/strong> \u00c1caros<\/span><\/li>\n<\/ul>\n<\/li>\n<li><span style=\"font-size: 18px\"><strong>Tomate, piment\u00e3o:<\/strong><\/span>\n<ul>\n<li><span style=\"font-size: 18px\"><strong>Pragas controladas:<\/strong> \u00c1caro aranha de duas manchas<\/span><\/li>\n<\/ul>\n<\/li>\n<li><span style=\"font-size: 18px\"><strong>Banana:<\/strong><\/span>\n<ul>\n<li><span style=\"font-size: 18px\"><strong>Pragas controladas:<\/strong> \u00c1caros<\/span><\/li>\n<\/ul>\n<\/li>\n<\/ul>\n<h3>Taxa de uso:<\/h3>\n<p><span style=\"font-size: 14pt\">70-100 ml por 200 L de \u00e1gua<\/span><\/p>\n<h3>Embalagem<\/h3>\n<ul>\n<li><span style=\"font-size: 18px\"><strong>500 ml<\/strong><\/span><\/li>\n<\/ul>\n<\/div>\n<p><img loading=\"lazy\" decoding=\"async\" class=\"alignnone size-medium wp-image-18566\" src=\"https:\/\/alqawafel.com\/wp-content\/uploads\/2024\/11\/TOXAMITE-11-SC-LOGO-300x300.webp\" alt=\"O miticida de contato Toxamite 11 SC controla eficazmente os \u00e1caros em todos os est\u00e1gios de crescimento, inclusive ovos e ninfas, oferecendo prote\u00e7\u00e3o completa e confi\u00e1vel \u00e0 cultura.\" width=\"300\" height=\"300\" srcset=\"https:\/\/alqawafel.com\/wp-content\/uploads\/2024\/11\/TOXAMITE-11-SC-LOGO-300x300.webp 300w, https:\/\/alqawafel.com\/wp-content\/uploads\/2024\/11\/TOXAMITE-11-SC-LOGO-150x150.webp 150w, https:\/\/alqawafel.com\/wp-content\/uploads\/2024\/11\/TOXAMITE-11-SC-LOGO-768x768.webp 768w, https:\/\/alqawafel.com\/wp-content\/uploads\/2024\/11\/TOXAMITE-11-SC-LOGO.webp 1000w\" sizes=\"auto, (max-width: 300px) 100vw, 300px\" \/><\/p>\n<p>&nbsp;<\/p>","protected":false},"excerpt":{"rendered":"<p><span style=\"font-size: 18px\">O miticida de contato Toxamite 11 SC controla eficazmente os \u00e1caros em todos os est\u00e1gios de crescimento, inclusive ovos e ninfas, oferecendo prote\u00e7\u00e3o completa e confi\u00e1vel \u00e0 cultura.<\/span><\/p>","protected":false},"featured_media":18566,"comment_status":"open","ping_status":"closed","template":"","meta":{"om_disable_all_campaigns":false,"_monsterinsights_skip_tracking":false,"_monsterinsights_sitenote_active":false,"_monsterinsights_sitenote_note":"","_monsterinsights_sitenote_category":0},"product_brand":[],"product_cat":[824,87],"product_tag":[866,1115,1345,845,844,1326],"class_list":{"0":"post-11004","1":"product","2":"type-product","3":"status-publish","4":"has-post-thumbnail","6":"product_cat-miticide","7":"product_cat-pesticides","8":"product_tag-al-qawafel-ind-agr-co","9":"product_tag-contact","10":"product_tag-etoxazole","11":"product_tag-mite","12":"product_tag-miticide","13":"product_tag-toxamite-11-sc","15":"first","16":"instock","17":"shipping-taxable","18":"product-type-simple"},"aioseo_notices":[],"_links":{"self":[{"href":"https:\/\/alqawafel.com\/pt_br\/wp-json\/wp\/v2\/product\/11004","targetHints":{"allow":["GET"]}}],"collection":[{"href":"https:\/\/alqawafel.com\/pt_br\/wp-json\/wp\/v2\/product"}],"about":[{"href":"https:\/\/alqawafel.com\/pt_br\/wp-json\/wp\/v2\/types\/product"}],"replies":[{"embeddable":true,"href":"https:\/\/alqawafel.com\/pt_br\/wp-json\/wp\/v2\/comments?post=11004"}],"version-history":[{"count":8,"href":"https:\/\/alqawafel.com\/pt_br\/wp-json\/wp\/v2\/product\/11004\/revisions"}],"predecessor-version":[{"id":18885,"href":"https:\/\/alqawafel.com\/pt_br\/wp-json\/wp\/v2\/product\/11004\/revisions\/18885"}],"wp:featuredmedia":[{"embeddable":true,"href":"https:\/\/alqawafel.com\/pt_br\/wp-json\/wp\/v2\/media\/18566"}],"wp:attachment":[{"href":"https:\/\/alqawafel.com\/pt_br\/wp-json\/wp\/v2\/media?parent=11004"}],"wp:term":[{"taxonomy":"product_brand","embeddable":true,"href":"https:\/\/alqawafel.com\/pt_br\/wp-json\/wp\/v2\/product_brand?post=11004"},{"taxonomy":"product_cat","embeddable":true,"href":"https:\/\/alqawafel.com\/pt_br\/wp-json\/wp\/v2\/product_cat?post=11004"},{"taxonomy":"product_tag","embeddable":true,"href":"https:\/\/alqawafel.com\/pt_br\/wp-json\/wp\/v2\/product_tag?post=11004"}],"curies":[{"name":"wp","href":"https:\/\/api.w.org\/{rel}","templated":true}]}}