{"id":11012,"date":"2024-11-19T09:34:15","date_gmt":"2024-11-19T09:34:15","guid":{"rendered":"https:\/\/alqawafel.com\/?post_type=product&#038;p=11012"},"modified":"2025-06-11T07:46:05","modified_gmt":"2025-06-11T07:46:05","slug":"unifel-se","status":"publish","type":"product","link":"https:\/\/alqawafel.com\/pt_br\/product\/unifel-se\/","title":{"rendered":"Fungicida Unifel-SE"},"content":{"rendered":"<div class=\"flex-shrink-0 flex flex-col relative items-end\">\n<h3>Por que a Unifel-SE?<\/h3>\n<p><span style=\"font-size: 18px\">O Unifel-SE \u00e9 um fungicida sist\u00eamico altamente eficaz que oferece a\u00e7\u00e3o protetora e curativa. Ele inibe a germina\u00e7\u00e3o de esporos e o crescimento micelial, atacando diretamente os pat\u00f3genos transmitidos pelo solo. Esse fungicida oferece controle essencial de doen\u00e7as no plantio e apoia a sa\u00fade da cultura durante todo o ciclo de crescimento. Os profissionais da agricultura confiam nele para aumentar a produtividade das culturas e gerenciar as doen\u00e7as f\u00fangicas de forma abrangente.<\/span><\/p>\n<h3>Identifica\u00e7\u00e3o Unifel-SE<\/h3>\n<ul>\n<li><span style=\"font-size: 18px\"><strong>Formula\u00e7\u00e3o<\/strong>: Suspoemuls\u00e3o (SE)<\/span><\/li>\n<li><span style=\"font-size: 18px\"><strong>Ingrediente ativo<\/strong>: Azoxistrobina 28,2% + Metalaxil-M 10,9% (p\/p)<\/span><\/li>\n<li><span style=\"font-size: 18px\"><strong>Grupo qu\u00edmico<\/strong>: Strobilurin + Acylalanine<\/span><\/li>\n<li><span style=\"font-size: 18px\"><strong>Modo de a\u00e7\u00e3o<\/strong>: Fungicida sist\u00eamico com propriedades protetoras e curativas que inibem a germina\u00e7\u00e3o de esporos de fungos, controlam o crescimento micelial e protegem contra pat\u00f3genos transmitidos pelo solo.<\/span><\/li>\n<\/ul>\n<h3>Aplica\u00e7\u00e3o ideal<\/h3>\n<p><span style=\"font-size: 18px\">O Unifel - SE \u00e9 recomendado para uso nas seguintes culturas com alvos t\u00edpicos de pragas, conforme listado:<\/span><\/p>\n<h3>Controle de culturas e pragas:<\/h3>\n<ul>\n<li><span style=\"font-size: 18px\"><strong>Tomate, piment\u00e3o<\/strong>: Controles <em>Podrid\u00e3o da raiz, murcha<\/em><\/span><\/li>\n<li><span style=\"font-size: 18px\"><strong>Vegetais cruc\u00edferos, cebolas, cucurbit\u00e1ceas, vegetais folhosos<\/strong>: Controles <em>Rhizoctonia, Pythium<\/em><\/span><\/li>\n<li><span style=\"font-size: 18px\"><strong>Cereais<\/strong>: Controles <em>Ferrugem das mudas, podrid\u00e3o da raiz, murcha<\/em><\/span><\/li>\n<\/ul>\n<h3>Taxa de uso:<\/h3>\n<p><span style=\"font-size: 14pt\">200-300 ml por 200 L de \u00e1gua<\/span><\/p>\n<h3>Embalagem<\/h3>\n<ul>\n<li><span style=\"font-size: 18px\"><strong>500 ml<\/strong><\/span><\/li>\n<\/ul>\n<p><img loading=\"lazy\" decoding=\"async\" class=\"alignnone size-medium wp-image-18576\" src=\"https:\/\/alqawafel.com\/wp-content\/uploads\/2024\/11\/Unifel-SE-LOGO-300x300.webp\" alt=\"O Unifel-SE, um fungicida sist\u00eamico com a\u00e7\u00e3o protetora e curativa, controla com efic\u00e1cia os pat\u00f3genos e as doen\u00e7as f\u00fangicas transmitidas pelo solo.\" width=\"300\" height=\"300\" srcset=\"https:\/\/alqawafel.com\/wp-content\/uploads\/2024\/11\/Unifel-SE-LOGO-300x300.webp 300w, https:\/\/alqawafel.com\/wp-content\/uploads\/2024\/11\/Unifel-SE-LOGO-150x150.webp 150w, https:\/\/alqawafel.com\/wp-content\/uploads\/2024\/11\/Unifel-SE-LOGO-768x768.webp 768w, https:\/\/alqawafel.com\/wp-content\/uploads\/2024\/11\/Unifel-SE-LOGO.webp 1000w\" sizes=\"auto, (max-width: 300px) 100vw, 300px\" \/><\/p>\n<\/div>\n<p>&nbsp;<\/p>","protected":false},"excerpt":{"rendered":"<p><span style=\"font-size: 18px\">O Unifel-SE, um fungicida sist\u00eamico com a\u00e7\u00e3o protetora e curativa, controla com efic\u00e1cia os pat\u00f3genos e as doen\u00e7as f\u00fangicas transmitidas pelo solo.<\/span><\/p>","protected":false},"featured_media":18576,"comment_status":"open","ping_status":"closed","template":"","meta":{"om_disable_all_campaigns":false,"_monsterinsights_skip_tracking":false,"_monsterinsights_sitenote_active":false,"_monsterinsights_sitenote_note":"","_monsterinsights_sitenote_category":0},"product_brand":[],"product_cat":[823,87],"product_tag":[866,1194,1196,901,1371,1197,1370,1172,1330],"class_list":{"0":"post-11012","1":"product","2":"type-product","3":"status-publish","4":"has-post-thumbnail","6":"product_cat-fungicide","7":"product_cat-pesticides","8":"product_tag-al-qawafel-ind-agr-co","9":"product_tag-azoxystrobin","10":"product_tag-curative","11":"product_tag-fungicide","12":"product_tag-metalaxyl-m","13":"product_tag-protective","14":"product_tag-soil-borne","15":"product_tag-systemic","16":"product_tag-unifel-se","18":"first","19":"instock","20":"shipping-taxable","21":"product-type-simple"},"aioseo_notices":[],"_links":{"self":[{"href":"https:\/\/alqawafel.com\/pt_br\/wp-json\/wp\/v2\/product\/11012","targetHints":{"allow":["GET"]}}],"collection":[{"href":"https:\/\/alqawafel.com\/pt_br\/wp-json\/wp\/v2\/product"}],"about":[{"href":"https:\/\/alqawafel.com\/pt_br\/wp-json\/wp\/v2\/types\/product"}],"replies":[{"embeddable":true,"href":"https:\/\/alqawafel.com\/pt_br\/wp-json\/wp\/v2\/comments?post=11012"}],"version-history":[{"count":11,"href":"https:\/\/alqawafel.com\/pt_br\/wp-json\/wp\/v2\/product\/11012\/revisions"}],"predecessor-version":[{"id":18811,"href":"https:\/\/alqawafel.com\/pt_br\/wp-json\/wp\/v2\/product\/11012\/revisions\/18811"}],"wp:featuredmedia":[{"embeddable":true,"href":"https:\/\/alqawafel.com\/pt_br\/wp-json\/wp\/v2\/media\/18576"}],"wp:attachment":[{"href":"https:\/\/alqawafel.com\/pt_br\/wp-json\/wp\/v2\/media?parent=11012"}],"wp:term":[{"taxonomy":"product_brand","embeddable":true,"href":"https:\/\/alqawafel.com\/pt_br\/wp-json\/wp\/v2\/product_brand?post=11012"},{"taxonomy":"product_cat","embeddable":true,"href":"https:\/\/alqawafel.com\/pt_br\/wp-json\/wp\/v2\/product_cat?post=11012"},{"taxonomy":"product_tag","embeddable":true,"href":"https:\/\/alqawafel.com\/pt_br\/wp-json\/wp\/v2\/product_tag?post=11012"}],"curies":[{"name":"wp","href":"https:\/\/api.w.org\/{rel}","templated":true}]}}