{"id":11047,"date":"2024-11-19T10:57:46","date_gmt":"2024-11-19T10:57:46","guid":{"rendered":"https:\/\/alqawafel.com\/?post_type=product&#038;p=11047"},"modified":"2025-06-11T10:00:19","modified_gmt":"2025-06-11T10:00:19","slug":"qwafenzato-48-sc","status":"publish","type":"product","link":"https:\/\/alqawafel.com\/pt_br\/product\/qwafenzate-48-sc\/","title":{"rendered":"Qwafenzate-48% SC Miticida"},"content":{"rendered":"<div class=\"flex-shrink-0 flex flex-col relative items-end\">\n<h3>Por que o Qwafenzate-48% SC?<\/h3>\n<p><span style=\"font-size: 18px\">O Qwafenzate-48% SC \u00e9 um miticida n\u00e3o sist\u00eamico altamente eficaz que oferece controle excepcional sobre todos os est\u00e1gios de vida dos \u00e1caros, incluindo ovos, ninfas e adultos. Com a\u00e7\u00e3o predominantemente de contato e longa atividade residual, ele garante prote\u00e7\u00e3o sustent\u00e1vel para as culturas. Esse produto \u00e9 ideal para profissionais da agricultura que buscam um manejo confi\u00e1vel e eficiente dos \u00e1caros em v\u00e1rias culturas.<\/span><\/p>\n<h3>Identifica\u00e7\u00e3o<\/h3>\n<ul>\n<li><span style=\"font-size: 18px\"><strong>Formula\u00e7\u00e3o<\/strong>: Suspens\u00e3o concentrada (SC)<\/span><\/li>\n<li><span style=\"font-size: 18px\"><strong>Ingrediente ativo<\/strong>: Bifenazato 48% (p\/v)<\/span><\/li>\n<li><span style=\"font-size: 18px\"><strong>Grupo qu\u00edmico<\/strong>: Carbazato<\/span><\/li>\n<li><span style=\"font-size: 18px\"><strong>Modo de a\u00e7\u00e3o<\/strong>: Miticida n\u00e3o sist\u00eamico com a\u00e7\u00e3o de contato e longo efeito residual, visando todos os est\u00e1gios dos \u00e1caros.<\/span><\/li>\n<\/ul>\n<h3>Aplica\u00e7\u00e3o ideal do Qwafenzate-48% SC<\/h3>\n<p><span style=\"font-size: 18px\">Recomendado para uso nas seguintes culturas com alvos t\u00edpicos de pragas, conforme listado:<\/span><\/p>\n<h4>Controle de culturas e pragas:<\/h4>\n<ul>\n<li><span style=\"font-size: 18px\"><strong>Morango<\/strong>: Controles <em>\u00c1caro aranha de duas manchas<\/em><\/span><\/li>\n<li><span style=\"font-size: 18px\"><strong>Ma\u00e7\u00e3, pera<\/strong>: Controles <em>\u00c1caro aranha de duas manchas<\/em><\/span><\/li>\n<li><span style=\"font-size: 18px\"><strong>Damasco, Nectarina, P\u00eassego<\/strong>: Controles <em>\u00c1caro aranha de duas manchas<\/em><\/span><\/li>\n<li><span style=\"font-size: 18px\"><strong>Am\u00eandoa<\/strong>: Controles <em>\u00c1caro aranha de duas manchas<\/em><\/span><\/li>\n<li><span style=\"font-size: 18px\"><strong>Tomate, piment\u00e3o, piment\u00e3o doce, berinjela<\/strong>: Controles <em>\u00c1caro aranha de duas manchas<\/em><\/span><\/li>\n<li><span style=\"font-size: 18px\"><strong>Ab\u00f3bora, mel\u00e3o, melancia, pepino<\/strong>: Controles <em>\u00c1caro aranha de duas manchas<\/em><\/span><\/li>\n<\/ul>\n<h3>Taxa de uso:<\/h3>\n<p><span style=\"font-size: 14pt\">100-130 ml por 200 L de \u00e1gua<\/span><\/p>\n<h3>Embalagem<\/h3>\n<ul>\n<li><span style=\"font-size: 18px\"><strong>1 L<\/strong><\/span><\/li>\n<\/ul>\n<p><img loading=\"lazy\" decoding=\"async\" class=\"alignnone size-medium wp-image-18120\" src=\"https:\/\/alqawafel.com\/wp-content\/uploads\/2024\/11\/Qwafenazate-48-SC-LOGO-300x300.webp\" alt=\"Qwafenzate-48% SC: miticida \u00e0 base de bifenazato para controle de \u00e1caros em todos os est\u00e1gios de vida. Oferece longa atividade residual para prote\u00e7\u00e3o sustent\u00e1vel da cultura.\" width=\"300\" height=\"300\" \/><\/p>\n<\/div>\n<p>&nbsp;<\/p>","protected":false},"excerpt":{"rendered":"<p><span style=\"font-size: 18px\">Qwafenzate-48% SC: miticida \u00e0 base de bifenazato para controle de \u00e1caros em todos os est\u00e1gios de vida. Oferece longa atividade residual para prote\u00e7\u00e3o sustent\u00e1vel da cultura.<\/span><\/p>","protected":false},"featured_media":0,"comment_status":"open","ping_status":"closed","template":"","meta":{"om_disable_all_campaigns":false,"_monsterinsights_skip_tracking":false,"_monsterinsights_sitenote_active":false,"_monsterinsights_sitenote_note":"","_monsterinsights_sitenote_category":0},"product_brand":[],"product_cat":[824,87],"product_tag":[866,1188,844,1336,1187,1191],"class_list":{"0":"post-11047","1":"product","2":"type-product","3":"status-publish","5":"product_cat-miticide","6":"product_cat-pesticides","7":"product_tag-al-qawafel-ind-agr-co","8":"product_tag-bifenazate","9":"product_tag-miticide","10":"product_tag-qwafenzate-48-sc","11":"product_tag-residual","12":"product_tag-two-spotted-spider-mite","14":"first","15":"instock","16":"shipping-taxable","17":"product-type-simple"},"aioseo_notices":[],"_links":{"self":[{"href":"https:\/\/alqawafel.com\/pt_br\/wp-json\/wp\/v2\/product\/11047","targetHints":{"allow":["GET"]}}],"collection":[{"href":"https:\/\/alqawafel.com\/pt_br\/wp-json\/wp\/v2\/product"}],"about":[{"href":"https:\/\/alqawafel.com\/pt_br\/wp-json\/wp\/v2\/types\/product"}],"replies":[{"embeddable":true,"href":"https:\/\/alqawafel.com\/pt_br\/wp-json\/wp\/v2\/comments?post=11047"}],"version-history":[{"count":8,"href":"https:\/\/alqawafel.com\/pt_br\/wp-json\/wp\/v2\/product\/11047\/revisions"}],"predecessor-version":[{"id":18881,"href":"https:\/\/alqawafel.com\/pt_br\/wp-json\/wp\/v2\/product\/11047\/revisions\/18881"}],"wp:attachment":[{"href":"https:\/\/alqawafel.com\/pt_br\/wp-json\/wp\/v2\/media?parent=11047"}],"wp:term":[{"taxonomy":"product_brand","embeddable":true,"href":"https:\/\/alqawafel.com\/pt_br\/wp-json\/wp\/v2\/product_brand?post=11047"},{"taxonomy":"product_cat","embeddable":true,"href":"https:\/\/alqawafel.com\/pt_br\/wp-json\/wp\/v2\/product_cat?post=11047"},{"taxonomy":"product_tag","embeddable":true,"href":"https:\/\/alqawafel.com\/pt_br\/wp-json\/wp\/v2\/product_tag?post=11047"}],"curies":[{"name":"wp","href":"https:\/\/api.w.org\/{rel}","templated":true}]}}