{"id":11066,"date":"2024-11-19T12:17:29","date_gmt":"2024-11-19T12:17:29","guid":{"rendered":"https:\/\/alqawafel.com\/?post_type=product&#038;p=11066"},"modified":"2025-08-30T12:02:02","modified_gmt":"2025-08-30T12:02:02","slug":"super-80-wdg","status":"publish","type":"product","link":"https:\/\/alqawafel.com\/pt_br\/product\/super-80-wdg\/","title":{"rendered":"Super 80% WDG Fungicida e Miticida"},"content":{"rendered":"<div class=\"flex-shrink-0 flex flex-col relative items-end\">\n<h3>Por que o Super 80% WDG?<\/h3>\n<p><span style=\"font-size: 18px;\">O Super 80% WDG \u00e9 um fungicida e miticida n\u00e3o sist\u00eamico desenvolvido para oferecer prote\u00e7\u00e3o por meio de contato e a\u00e7\u00e3o do sistema respirat\u00f3rio. Atua como um agente protetor, garantindo o gerenciamento eficaz de doen\u00e7as f\u00fangicas e \u00e1caros em uma variedade de culturas. Esse produto \u00e9 ideal para profissionais da agricultura que buscam uma solu\u00e7\u00e3o confi\u00e1vel para o controle de pragas e doen\u00e7as.<\/span><\/p>\n<h3>Identifica\u00e7\u00e3o<\/h3>\n<ul>\n<li><span style=\"font-size: 18px;\"><strong>Formula\u00e7\u00e3o<\/strong>: Granulado dispers\u00edvel em \u00e1gua (WDG)<\/span><\/li>\n<li><span style=\"font-size: 18px;\"><strong>Ingrediente ativo<\/strong>: Enxofre 80% (p\/p)<\/span><\/li>\n<li><span style=\"font-size: 18px;\"><strong>Grupo qu\u00edmico<\/strong>: Composto inorg\u00e2nico<\/span><\/li>\n<li><span style=\"font-size: 18px;\"><strong>Modo de a\u00e7\u00e3o<\/strong>: Fungicida e miticida n\u00e3o sist\u00eamico com atividade de contato e no sistema respirat\u00f3rio, oferecendo a\u00e7\u00e3o protetora.<\/span><\/li>\n<\/ul>\n<h3>Aplica\u00e7\u00e3o ideal do Super 80% WDG<\/h3>\n<p><span style=\"font-size: 18px;\">O Super 80% WDG \u00e9 altamente eficaz no controle de pragas e doen\u00e7as nas seguintes culturas:<\/span><\/p>\n<ul>\n<li><span style=\"font-size: 18px;\"><strong>Am\u00eandoas<\/strong>: Alvos <em>Podrid\u00e3o marrom, ferrugem do galho e da flor, mancha da folha, o\u00eddio, ferrugem, sarna, \u00e1caros marrons, \u00e1caros vermelhos da aranha, \u00e1caros vermelhos da mancha dupla<\/em>.<\/span><\/li>\n<li><strong><span style=\"font-size: 18px;\"><span style=\"font-size: 18px;\"><span style=\"font-size: 18px;\">Apple: <\/span><\/span><\/span><\/strong><span style=\"font-size: 18px;\"><span style=\"font-size: 18px;\"><span style=\"font-size: 18px;\">Controles <\/span><\/span><\/span>O\u00eddio, sarna, \u00e1caro da bolha, \u00e1caro vermelho da aranha e \u00e1caro de duas manchas.<\/li>\n<li><span style=\"font-size: 18px;\"><strong>Bananas<\/strong>: Eficaz contra <em>\u00c1caros<\/em>.<\/span><\/li>\n<li><span style=\"font-size: 18px;\"><strong>Feij\u00f5es<\/strong>: Gerencia <em>Mancha da folha, o\u00eddio, ferrugem, \u00e1caros vermelhos<\/em>.<\/span><\/li>\n<li><span style=\"font-size: 18px;\"><strong>Repolho, br\u00f3colis, couve-flor<\/strong>: Alvos <em>O\u00eddio, mancha foliar de Septoria, ferrugem, \u00e1caros vermelhos<\/em>.<\/span><\/li>\n<li><span style=\"font-size: 18px;\"><strong>Cenouras<\/strong>: Controles <em>O\u00eddio, \u00e1caros de Petroba<\/em>.<\/span><\/li>\n<li><span style=\"font-size: 18px;\"><strong>Citrus<\/strong>: Eficaz para <em>\u00c1caros (largo, do broto, da ferrugem c\u00edtrica, plano, da aranha vermelha, prateado, de seis manchas), tripes<\/em>.<\/span><\/li>\n<li><span style=\"font-size: 18px;\"><strong>Berinjela<\/strong>: Controles <em>O\u00eddio<\/em>.<\/span><\/li>\n<li><span style=\"font-size: 18px;\"><strong>Figos<\/strong>: Eficaz contra <em>\u00c1caros (incluindo o \u00e1caro da ferrugem da figueira, Eriophyid)<\/em>.<\/span><\/li>\n<li><span style=\"font-size: 18px;\"><strong>Uvas<\/strong>: Alvos <em>Phomopsis, o\u00eddio, \u00e1caros (bolha, broto, aranha vermelha)<\/em>.<\/span><\/li>\n<li><span style=\"font-size: 18px;\"><strong>Alface<\/strong>: Controles <em>O\u00eddio, ferrugem, \u00e1caros vermelhos<\/em>.<\/span><\/li>\n<li><span style=\"font-size: 18px;\"><strong>Cebola, cebolinha, alho<\/strong>: Eficaz contra <em>O\u00eddio, \u00e1caros de Petroba<\/em>.<\/span><\/li>\n<li><span style=\"font-size: 18px;\"><strong>Pimenta<\/strong>: Gerencia <em>Mancha da folha, o\u00eddio, \u00e1caros (aranha larga, aranha vermelha)<\/em>.<\/span><\/li>\n<li><span style=\"font-size: 18px;\"><strong>Batatas<\/strong>: Alvos <em>O\u00eddio, mancha foliar de Septoria, \u00e1caros vermelhos<\/em>.<\/span><\/li>\n<li><span style=\"font-size: 18px;\"><strong>Tomates<\/strong>: Controles <em>\u00c1caros da beterraba<\/em>.<\/span><\/li>\n<li><span style=\"font-size: 18px;\"><strong>Cereja, Nectarina, P\u00eassego, Ameixa<\/strong>: Eficaz contra <em>Blossom and Twig Blight, Brown Rot, Leaf Spot, Powdery Mildew, Rust, Scab, Mites (Flat, Red Spider, Silver)<\/em>.<\/span><\/li>\n<li><span style=\"font-size: 18px;\"><strong>Rabanete<\/strong>: Gerencia <em>O\u00eddio, ferrugem, mancha foliar de Septoria, \u00e1caros vermelhos<\/em>.<\/span><\/li>\n<li><span style=\"font-size: 18px;\"><strong>Plantas Ornamentais (Rosas)<\/strong>: Alvos <em>O\u00eddio, \u00e1caros de duas manchas<\/em>.<\/span><\/li>\n<\/ul>\n<h3>Taxa de uso:<\/h3>\n<p><span style=\"font-size: 14pt;\">400-500 g por 200 L de \u00e1gua<\/span><\/p>\n<h3>Embalagem<\/h3>\n<ul>\n<li><span style=\"font-size: 18px;\"><strong>1 kg<\/strong><\/span><\/li>\n<\/ul>\n<p><img loading=\"lazy\" decoding=\"async\" class=\"alignnone size-medium wp-image-18481\" src=\"https:\/\/alqawafel.com\/wp-content\/uploads\/2024\/11\/Super-80-WDG-LOGO-300x300.webp\" alt=\"O Super 80% WDG \u00e9 um fungicida e miticida n\u00e3o sist\u00eamico que oferece prote\u00e7\u00e3o de contato e de vapor para o controle eficaz de doen\u00e7as e \u00e1caros da cultura.\" width=\"300\" height=\"300\" \/><\/p>\n<\/div>","protected":false},"excerpt":{"rendered":"<p><span style=\"font-size: 18px;\">O Super 80% WDG \u00e9 um fungicida e miticida n\u00e3o sist\u00eamico que oferece prote\u00e7\u00e3o de contato e de vapor para o controle eficaz de doen\u00e7as e \u00e1caros da cultura.<\/span><\/p>","protected":false},"featured_media":0,"comment_status":"open","ping_status":"closed","template":"","meta":{"om_disable_all_campaigns":false,"_monsterinsights_skip_tracking":false,"_monsterinsights_sitenote_active":false,"_monsterinsights_sitenote_note":"","_monsterinsights_sitenote_category":0},"product_brand":[],"product_cat":[823,824,87],"product_tag":[866,901,1111,844,1346,1344,1343],"class_list":{"0":"post-11066","1":"product","2":"type-product","3":"status-publish","5":"product_cat-fungicide","6":"product_cat-miticide","7":"product_cat-pesticides","8":"product_tag-al-qawafel-ind-agr-co","9":"product_tag-fungicide","10":"product_tag-mildew","11":"product_tag-miticide","12":"product_tag-rust","13":"product_tag-sulfur","14":"product_tag-super-80-wdg","16":"first","17":"instock","18":"shipping-taxable","19":"product-type-simple"},"aioseo_notices":[],"_links":{"self":[{"href":"https:\/\/alqawafel.com\/pt_br\/wp-json\/wp\/v2\/product\/11066","targetHints":{"allow":["GET"]}}],"collection":[{"href":"https:\/\/alqawafel.com\/pt_br\/wp-json\/wp\/v2\/product"}],"about":[{"href":"https:\/\/alqawafel.com\/pt_br\/wp-json\/wp\/v2\/types\/product"}],"replies":[{"embeddable":true,"href":"https:\/\/alqawafel.com\/pt_br\/wp-json\/wp\/v2\/comments?post=11066"}],"version-history":[{"count":15,"href":"https:\/\/alqawafel.com\/pt_br\/wp-json\/wp\/v2\/product\/11066\/revisions"}],"predecessor-version":[{"id":19927,"href":"https:\/\/alqawafel.com\/pt_br\/wp-json\/wp\/v2\/product\/11066\/revisions\/19927"}],"wp:attachment":[{"href":"https:\/\/alqawafel.com\/pt_br\/wp-json\/wp\/v2\/media?parent=11066"}],"wp:term":[{"taxonomy":"product_brand","embeddable":true,"href":"https:\/\/alqawafel.com\/pt_br\/wp-json\/wp\/v2\/product_brand?post=11066"},{"taxonomy":"product_cat","embeddable":true,"href":"https:\/\/alqawafel.com\/pt_br\/wp-json\/wp\/v2\/product_cat?post=11066"},{"taxonomy":"product_tag","embeddable":true,"href":"https:\/\/alqawafel.com\/pt_br\/wp-json\/wp\/v2\/product_tag?post=11066"}],"curies":[{"name":"wp","href":"https:\/\/api.w.org\/{rel}","templated":true}]}}