{"id":12785,"date":"2024-12-16T08:15:52","date_gmt":"2024-12-16T08:15:52","guid":{"rendered":"https:\/\/alqawafel.com\/?post_type=product&#038;p=12785"},"modified":"2026-01-08T09:14:02","modified_gmt":"2026-01-08T09:14:02","slug":"crescimento-13-5-40-t-e","status":"publish","type":"product","link":"https:\/\/alqawafel.com\/pt_br\/product\/growth-13-5-40-t-e\/","title":{"rendered":"Crescimento 13-5-40 + Fertilizante T.E."},"content":{"rendered":"<p><span style=\"font-family: arial, helvetica, sans-serif;\"><strong>Por que escolher o Growth 13-5-40 + T.E.?<\/strong><\/span><\/p>\n<p><span style=\"font-family: arial, helvetica, sans-serif;\">O Growth 13-5-40 + T.E. \u00e9 um fertilizante avan\u00e7ado totalmente sol\u00favel em \u00e1gua, formulado com alto teor de pot\u00e1ssio, al\u00e9m de nitrog\u00eanio, f\u00f3sforo e micronutrientes essenciais. Essa formula\u00e7\u00e3o apoia o crescimento das plantas, melhora a qualidade dos frutos e aumenta a efici\u00eancia da absor\u00e7\u00e3o de nutrientes, mesmo em condi\u00e7\u00f5es de solo salino. \u00c9 compat\u00edvel com v\u00e1rios sistemas de irriga\u00e7\u00e3o, o que o torna adequado para hortali\u00e7as, culturas frut\u00edferas, culturas de campo e plantas ornamentais.<\/span><\/p>\n<p><span style=\"font-family: arial, helvetica, sans-serif;\"><strong>Principais benef\u00edcios<\/strong><\/span><\/p>\n<ul>\n<li><span style=\"font-family: arial, helvetica, sans-serif;\"><strong>Alto teor de pot\u00e1ssio:<\/strong> Promove frutos maiores, melhor qualidade e maior rendimento, especialmente para culturas que exigem pot\u00e1ssio.<\/span><\/li>\n<li><span style=\"font-family: arial, helvetica, sans-serif;\"><strong>Nutri\u00e7\u00e3o balanceada:<\/strong> Cont\u00e9m nitrog\u00eanio, f\u00f3sforo, enxofre, magn\u00e9sio e micronutrientes quelatados para apoiar a sa\u00fade das plantas.<\/span><\/li>\n<li><span style=\"font-family: arial, helvetica, sans-serif;\"><strong>pH ideal:<\/strong> Mant\u00e9m um pH de <strong>6<\/strong> em <strong>1 g\/L<\/strong>, garantindo a m\u00e1xima disponibilidade e absor\u00e7\u00e3o de nutrientes.<\/span><\/li>\n<li><span style=\"font-family: arial, helvetica, sans-serif;\"><strong>Baixa condutividade el\u00e9trica (CE):<\/strong> Adequado para solos salinos e ajuda a reduzir o estresse das plantas.<\/span><\/li>\n<li><span style=\"font-family: arial, helvetica, sans-serif;\"><strong>Micronutrientes e vitaminas:<\/strong> Fortificado com ferro quelatado, zinco, mangan\u00eas, cobre e boro, al\u00e9m de vitaminas essenciais, como riboflavina, piridoxina, nicotinamida e tiamina.<\/span><\/li>\n<li><span style=\"font-family: arial, helvetica, sans-serif;\"><strong>Sem cloreto:<\/strong> Seguro para culturas sens\u00edveis ao cloro e reduz o risco de toxicidade.<\/span><\/li>\n<li><span style=\"font-family: arial, helvetica, sans-serif;\"><strong>Totalmente sol\u00favel em \u00e1gua:<\/strong> Ideal para irriga\u00e7\u00e3o por gotejamento, sistemas de aspers\u00e3o e irriga\u00e7\u00e3o por inunda\u00e7\u00e3o.<\/span><\/li>\n<\/ul>\n<p class=\"translation-block\"><span style=\"font-size: 18px\">Composi\u00e7\u00e3o qu\u00edmica<\/span><\/p>\n<ul>\n<li><span style=\"font-family: arial, helvetica, sans-serif;\">Nitrog\u00eanio (N): 13%<\/span><\/li>\n<li><span style=\"font-family: arial, helvetica, sans-serif;\">F\u00f3sforo (P\u2082O\u2085): 5%<\/span><\/li>\n<li><span style=\"font-family: arial, helvetica, sans-serif;\">Pot\u00e1ssio (K\u2082O): 40%<\/span><\/li>\n<\/ul>\n<p><span style=\"font-family: arial, helvetica, sans-serif;\"><strong>Micronutrientes quelatados:<\/strong><\/span><\/p>\n<ul>\n<li><span style=\"font-family: arial, helvetica, sans-serif;\">Ferro (Fe) EDTA<\/span><\/li>\n<li><span style=\"font-family: arial, helvetica, sans-serif;\">Zinco (Zn) EDTA<\/span><\/li>\n<li><span style=\"font-family: arial, helvetica, sans-serif;\">Mangan\u00eas (Mn) EDTA<\/span><\/li>\n<li><span style=\"font-family: arial, helvetica, sans-serif;\">Cobre (Cu) EDTA<\/span><\/li>\n<li><span style=\"font-family: arial, helvetica, sans-serif;\">Boro (B)<\/span><\/li>\n<\/ul>\n<p><span style=\"font-family: arial, helvetica, sans-serif;\"><strong>Aditivos: <\/strong>riboflavina, piridoxina, nicotinamida, tiamina e \u00e1cidos org\u00e2nicos.<\/span><\/p>\n<p><span style=\"font-family: arial, helvetica, sans-serif;\"><strong>Aplica\u00e7\u00e3o ideal (culturas-alvo)<\/strong><\/span><\/p>\n<ul>\n<li><span style=\"font-family: arial, helvetica, sans-serif;\">Culturas vegetais em estufas e em campo aberto<\/span><\/li>\n<li><span style=\"font-family: arial, helvetica, sans-serif;\">Culturas de campo<\/span><\/li>\n<li><span style=\"font-family: arial, helvetica, sans-serif;\">\u00c1rvores frut\u00edferas<\/span><\/li>\n<li><span style=\"font-family: arial, helvetica, sans-serif;\">Plantas ornamentais<\/span><\/li>\n<\/ul>\n<p><span style=\"font-family: arial, helvetica, sans-serif;\"><strong>Taxa de aplica\u00e7\u00e3o<\/strong><\/span><\/p>\n<p><span style=\"font-family: arial, helvetica, sans-serif;\"><strong>Vegetais em campo aberto: <\/strong>2-3 kg\/dunum<\/span><\/p>\n<p><span style=\"font-family: arial, helvetica, sans-serif;\"><strong>Vegetais em estufa:<\/strong> 2-3 kg\/estufa<\/span><\/p>\n<p><span style=\"font-family: arial, helvetica, sans-serif;\"><strong>\u00c1rvores frut\u00edferas: <\/strong>50-100 g\/\u00e1rvore (dependendo da idade)<\/span><\/p>\n<p><span style=\"font-family: arial, helvetica, sans-serif;\"><strong>Embalagem<\/strong><\/span><\/p>\n<ul>\n<li><span style=\"font-family: arial, helvetica, sans-serif;\"><strong>Sacos de 25 kg<\/strong><\/span><\/li>\n<\/ul>\n<p><img loading=\"lazy\" decoding=\"async\" class=\"size-medium wp-image-20021\" src=\"https:\/\/alqawafel.com\/wp-content\/uploads\/2024\/12\/Growth-LOGO-13-5-40-300x300.webp\" alt=\"O Growth 13-5-40 + T.E. \u00e9 um fertilizante totalmente sol\u00favel em \u00e1gua, formulado com alto teor de pot\u00e1ssio, al\u00e9m de nitrog\u00eanio, f\u00f3sforo e micronutrientes essenciais.\" width=\"300\" height=\"300\" srcset=\"https:\/\/alqawafel.com\/wp-content\/uploads\/2024\/12\/Growth-LOGO-13-5-40-300x300.webp 300w, https:\/\/alqawafel.com\/wp-content\/uploads\/2024\/12\/Growth-LOGO-13-5-40-150x150.webp 150w, https:\/\/alqawafel.com\/wp-content\/uploads\/2024\/12\/Growth-LOGO-13-5-40-768x768.webp 768w, https:\/\/alqawafel.com\/wp-content\/uploads\/2024\/12\/Growth-LOGO-13-5-40-12x12.webp 12w, https:\/\/alqawafel.com\/wp-content\/uploads\/2024\/12\/Growth-LOGO-13-5-40.webp 1000w\" sizes=\"auto, (max-width: 300px) 100vw, 300px\" \/><\/p>","protected":false},"excerpt":{"rendered":"<p><span style=\"font-family: arial, helvetica, sans-serif;\">O Growth 13-5-40 + T.E. \u00e9 um fertilizante totalmente sol\u00favel em \u00e1gua, formulado com alto teor de pot\u00e1ssio, al\u00e9m de nitrog\u00eanio, f\u00f3sforo e micronutrientes essenciais. <\/span><\/p>","protected":false},"featured_media":20021,"comment_status":"open","ping_status":"closed","template":"","meta":{"om_disable_all_campaigns":false,"_monsterinsights_skip_tracking":false,"_monsterinsights_sitenote_active":false,"_monsterinsights_sitenote_note":"","_monsterinsights_sitenote_category":0},"product_brand":[2213],"product_cat":[50,2131],"product_tag":[866,1035,463,2007,881,1999],"class_list":{"0":"post-12785","1":"product","2":"type-product","3":"status-publish","4":"has-post-thumbnail","6":"product_brand-growth","7":"product_cat-fertilizers","8":"product_cat-water-soluble-fertilizers","9":"product_tag-al-qawafel-ind-agr-co","10":"product_tag-balanced-nutrition","11":"product_tag-fertilizer","12":"product_tag-growth-15-5-35t-e","13":"product_tag-high-potassium","14":"product_tag-highly-soluble","16":"first","17":"instock","18":"shipping-taxable","19":"product-type-simple"},"aioseo_notices":[],"_links":{"self":[{"href":"https:\/\/alqawafel.com\/pt_br\/wp-json\/wp\/v2\/product\/12785","targetHints":{"allow":["GET"]}}],"collection":[{"href":"https:\/\/alqawafel.com\/pt_br\/wp-json\/wp\/v2\/product"}],"about":[{"href":"https:\/\/alqawafel.com\/pt_br\/wp-json\/wp\/v2\/types\/product"}],"replies":[{"embeddable":true,"href":"https:\/\/alqawafel.com\/pt_br\/wp-json\/wp\/v2\/comments?post=12785"}],"version-history":[{"count":8,"href":"https:\/\/alqawafel.com\/pt_br\/wp-json\/wp\/v2\/product\/12785\/revisions"}],"predecessor-version":[{"id":20022,"href":"https:\/\/alqawafel.com\/pt_br\/wp-json\/wp\/v2\/product\/12785\/revisions\/20022"}],"wp:featuredmedia":[{"embeddable":true,"href":"https:\/\/alqawafel.com\/pt_br\/wp-json\/wp\/v2\/media\/20021"}],"wp:attachment":[{"href":"https:\/\/alqawafel.com\/pt_br\/wp-json\/wp\/v2\/media?parent=12785"}],"wp:term":[{"taxonomy":"product_brand","embeddable":true,"href":"https:\/\/alqawafel.com\/pt_br\/wp-json\/wp\/v2\/product_brand?post=12785"},{"taxonomy":"product_cat","embeddable":true,"href":"https:\/\/alqawafel.com\/pt_br\/wp-json\/wp\/v2\/product_cat?post=12785"},{"taxonomy":"product_tag","embeddable":true,"href":"https:\/\/alqawafel.com\/pt_br\/wp-json\/wp\/v2\/product_tag?post=12785"}],"curies":[{"name":"wp","href":"https:\/\/api.w.org\/{rel}","templated":true}]}}