{"id":12797,"date":"2024-12-16T08:56:12","date_gmt":"2024-12-16T08:56:12","guid":{"rendered":"https:\/\/alqawafel.com\/?post_type=product&#038;p=12797"},"modified":"2025-06-30T08:25:07","modified_gmt":"2025-06-30T08:25:07","slug":"e-nebras-30-0-0","status":"publish","type":"product","link":"https:\/\/alqawafel.com\/pt_br\/product\/an-nebras-30-0-0\/","title":{"rendered":"Fertilizante AN-Nebras 30-0-0"},"content":{"rendered":"<h3>Por que escolher o fertilizante l\u00edquido AN-Nebras 30-0-0 Multi Nitrog\u00eanio?<\/h3>\n<p><span style=\"font-size: 18px\">O AN-Nebras 30-0-0 Multi Nitrogen Fertilizer \u00e9 uma poderosa solu\u00e7\u00e3o de nitrog\u00eanio, derivada de quatro fontes de nitrog\u00eanio. Notavelmente, essa formula\u00e7\u00e3o exclusiva garante o fornecimento est\u00e1vel e eficiente de nitrog\u00eanio \u00e0s plantas, especialmente em condi\u00e7\u00f5es de baixa temperatura, onde a absor\u00e7\u00e3o de nitrog\u00eanio pode ser um desafio. Al\u00e9m disso, o AN-Nebras \u00e9 isento de enxofre e cloreto, o que o torna ideal para sistemas hidrop\u00f4nicos, bem como para v\u00e1rias aplica\u00e7\u00f5es no solo.<\/span><\/p>\n<p><span style=\"font-size: 18px\">Al\u00e9m disso, esse fertilizante \u00e9 altamente compat\u00edvel com outros fertilizantes sol\u00faveis, aumentando sua versatilidade para programas de fertiliza\u00e7\u00e3o integrados. O mais importante \u00e9 que sua efic\u00e1cia se torna percept\u00edvel logo ap\u00f3s a aplica\u00e7\u00e3o, proporcionando resultados r\u00e1pidos e apoiando a sa\u00fade ideal das plantas.<\/span><\/p>\n<h3>Vantagens<\/h3>\n<ul>\n<li><span style=\"font-size: 18px\"><strong>Nitrog\u00eanio de alta efici\u00eancia:<\/strong> Fornece nitrog\u00eanio concentrado derivado de quatro fontes, garantindo um desempenho confi\u00e1vel mesmo em temperaturas mais baixas, promovendo um crescimento vegetativo forte e saud\u00e1vel<\/span><\/li>\n<li><span style=\"font-size: 18px\"><strong>Estabilidade do solo:<\/strong> A f\u00f3rmula est\u00e1vel maximiza a reten\u00e7\u00e3o de nitrog\u00eanio no solo, reduzindo as perdas e melhorando a efic\u00e1cia.<\/span><\/li>\n<li><span style=\"font-size: 18px\"><strong>Resultados de a\u00e7\u00e3o r\u00e1pida:<\/strong> Oferece r\u00e1pida disponibilidade de nitrog\u00eanio, apoiando o crescimento das plantas em um curto per\u00edodo.<\/span><\/li>\n<li><span style=\"font-size: 18px\"><strong>Sem enxofre e sem cloreto:<\/strong> Seguro para sistemas hidrop\u00f4nicos.<\/span><\/li>\n<li><span style=\"font-size: 18px\"><strong>Compatibilidade de mistura:<\/strong> Funciona bem com outros fertilizantes sol\u00faveis, aumentando a flexibilidade dos nutrientes.<\/span><\/li>\n<\/ul>\n<h3>I<span style=\"font-size: 22px\">Aplicativo de neg\u00f3cios <strong>AN-Nebras 30-0-0<\/strong><\/span><\/h3>\n<p><strong><span style=\"font-size: 18px\">adequado para uma ampla variedade de culturas, inclusive:<\/span><\/strong><\/p>\n<ol>\n<li><span style=\"font-size: 18px\">Vegetais (campos abertos e estufas)<\/span><\/li>\n<li><span style=\"font-size: 18px\">\u00c1rvores frut\u00edferas<\/span><\/li>\n<li><span style=\"font-size: 18px\">Culturas de campo<\/span><\/li>\n<li><span style=\"font-size: 18px\">Flores e plantas ornamentais<\/span><\/li>\n<li><span style=\"font-size: 18px\">Gramados<\/span><\/li>\n<\/ol>\n<h3 data-start=\"124\" data-end=\"152\"><strong data-start=\"130\" data-end=\"152\">Taxas de aplica\u00e7\u00e3o:<\/strong><\/h3>\n<h4 data-start=\"154\" data-end=\"202\"><strong data-start=\"162\" data-end=\"202\">Aplica\u00e7\u00e3o no solo (Dose por Hectare):<\/strong><\/h4>\n<ul data-start=\"203\" data-end=\"483\">\n<li data-start=\"203\" data-end=\"272\">\n<p data-start=\"205\" data-end=\"272\"><strong data-start=\"205\" data-end=\"249\">Vegetais (campo aberto e estufas):<\/strong><br data-start=\"249\" data-end=\"252\" \/>30 - 40 L por dose<\/p>\n<\/li>\n<li data-start=\"273\" data-end=\"314\">\n<p data-start=\"275\" data-end=\"314\"><strong data-start=\"275\" data-end=\"291\">\u00c1rvores frut\u00edferas:<\/strong><br data-start=\"291\" data-end=\"294\" \/>40 - 50 L por dose<\/p>\n<\/li>\n<li data-start=\"315\" data-end=\"351\">\n<p data-start=\"317\" data-end=\"351\"><strong data-start=\"317\" data-end=\"328\">Banana:<\/strong><br data-start=\"328\" data-end=\"331\" \/>40 - 50 L por dose<\/p>\n<\/li>\n<li data-start=\"352\" data-end=\"393\">\n<p data-start=\"354\" data-end=\"393\"><strong data-start=\"354\" data-end=\"370\">Culturas de campo:<\/strong><br data-start=\"370\" data-end=\"373\" \/>20 - 30 L por dose<\/p>\n<\/li>\n<li data-start=\"394\" data-end=\"447\">\n<p data-start=\"396\" data-end=\"447\"><strong data-start=\"396\" data-end=\"424\">Flores e plantas ornamentais:<\/strong><br data-start=\"424\" data-end=\"427\" \/>20 - 30 L por dose<\/p>\n<\/li>\n<li data-start=\"448\" data-end=\"483\">\n<p data-start=\"450\" data-end=\"483\"><strong data-start=\"450\" data-end=\"460\">Gramados:<\/strong><br data-start=\"460\" data-end=\"463\" \/>20 - 30 L por dose<\/p>\n<\/li>\n<\/ul>\n<h4 data-start=\"485\" data-end=\"543\"><strong data-start=\"493\" data-end=\"543\">Aplica\u00e7\u00e3o foliar (Dose por 1000 L de \u00e1gua):<\/strong><\/h4>\n<ul data-start=\"544\" data-end=\"723\">\n<li data-start=\"544\" data-end=\"581\">\n<p data-start=\"546\" data-end=\"581\"><strong data-start=\"546\" data-end=\"561\">Vegetais:<\/strong><br data-start=\"561\" data-end=\"564\" \/>1500 - 1800 cm\u00b3<\/p>\n<\/li>\n<li data-start=\"582\" data-end=\"629\">\n<p data-start=\"584\" data-end=\"629\"><strong data-start=\"584\" data-end=\"609\">\u00c1rvores frut\u00edferas e bananas:<\/strong><br data-start=\"609\" data-end=\"612\" \/>1200 - 1500 cm\u00b3<\/p>\n<\/li>\n<li data-start=\"630\" data-end=\"690\">\n<p data-start=\"632\" data-end=\"690\"><strong data-start=\"632\" data-end=\"670\">Culturas de campo, flores e plantas ornamentais:<\/strong><br data-start=\"670\" data-end=\"673\" \/>1000 - 1200 cm\u00b3<\/p>\n<\/li>\n<li data-start=\"691\" data-end=\"723\">\n<p data-start=\"693\" data-end=\"723\"><strong data-start=\"693\" data-end=\"703\">Gramados:<\/strong><br data-start=\"703\" data-end=\"706\" \/>1200 - 1500 cm\u00b3<\/p>\n<\/li>\n<\/ul>\n<h3>Embalagem<\/h3>\n<p><span style=\"font-size: 18px\">Dispon\u00edvel em recipientes de 1 L, 5 L e 25 kg.<\/span><\/p>\n<p><img loading=\"lazy\" decoding=\"async\" class=\"alignnone size-medium wp-image-16785\" src=\"https:\/\/alqawafel.com\/wp-content\/uploads\/2024\/12\/NEBRAS-30-0-0-LOGO-300x300.webp\" alt=\"AN-Nebras 30-0-0 \" width=\"300\" height=\"300\" srcset=\"https:\/\/alqawafel.com\/wp-content\/uploads\/2024\/12\/NEBRAS-30-0-0-LOGO-300x300.webp 300w, https:\/\/alqawafel.com\/wp-content\/uploads\/2024\/12\/NEBRAS-30-0-0-LOGO-150x150.webp 150w, https:\/\/alqawafel.com\/wp-content\/uploads\/2024\/12\/NEBRAS-30-0-0-LOGO-768x768.webp 768w, https:\/\/alqawafel.com\/wp-content\/uploads\/2024\/12\/NEBRAS-30-0-0-LOGO.webp 1000w\" sizes=\"auto, (max-width: 300px) 100vw, 300px\" \/><\/p>","protected":false},"excerpt":{"rendered":"<p><span style=\"font-size: 18px\">O fertilizante l\u00edquido AN-Nebras 30-0-0 Multi Nitrogen, derivado de quatro fontes de nitrog\u00eanio, fornece nitrog\u00eanio de alta efici\u00eancia para aplica\u00e7\u00f5es no solo e foliares.<\/span><\/p>","protected":false},"featured_media":16785,"comment_status":"open","ping_status":"closed","template":"","meta":{"om_disable_all_campaigns":false,"_monsterinsights_skip_tracking":false,"_monsterinsights_sitenote_active":false,"_monsterinsights_sitenote_note":"","_monsterinsights_sitenote_category":0},"product_brand":[],"product_cat":[50,2134],"product_tag":[866,2009,922,463,919,921,920],"class_list":{"0":"post-12797","1":"product","2":"type-product","3":"status-publish","4":"has-post-thumbnail","6":"product_cat-fertilizers","7":"product_cat-liquid-fertilizers","8":"product_tag-al-qawafel-ind-agr-co","9":"product_tag-an-nebras-30-0-0","10":"product_tag-fast-action","11":"product_tag-fertilizer","12":"product_tag-multi-source-nitrogen","13":"product_tag-nitrogen-boost","14":"product_tag-sulfur-free","16":"first","17":"instock","18":"shipping-taxable","19":"product-type-simple"},"aioseo_notices":[],"_links":{"self":[{"href":"https:\/\/alqawafel.com\/pt_br\/wp-json\/wp\/v2\/product\/12797","targetHints":{"allow":["GET"]}}],"collection":[{"href":"https:\/\/alqawafel.com\/pt_br\/wp-json\/wp\/v2\/product"}],"about":[{"href":"https:\/\/alqawafel.com\/pt_br\/wp-json\/wp\/v2\/types\/product"}],"replies":[{"embeddable":true,"href":"https:\/\/alqawafel.com\/pt_br\/wp-json\/wp\/v2\/comments?post=12797"}],"version-history":[{"count":6,"href":"https:\/\/alqawafel.com\/pt_br\/wp-json\/wp\/v2\/product\/12797\/revisions"}],"predecessor-version":[{"id":13163,"href":"https:\/\/alqawafel.com\/pt_br\/wp-json\/wp\/v2\/product\/12797\/revisions\/13163"}],"wp:featuredmedia":[{"embeddable":true,"href":"https:\/\/alqawafel.com\/pt_br\/wp-json\/wp\/v2\/media\/16785"}],"wp:attachment":[{"href":"https:\/\/alqawafel.com\/pt_br\/wp-json\/wp\/v2\/media?parent=12797"}],"wp:term":[{"taxonomy":"product_brand","embeddable":true,"href":"https:\/\/alqawafel.com\/pt_br\/wp-json\/wp\/v2\/product_brand?post=12797"},{"taxonomy":"product_cat","embeddable":true,"href":"https:\/\/alqawafel.com\/pt_br\/wp-json\/wp\/v2\/product_cat?post=12797"},{"taxonomy":"product_tag","embeddable":true,"href":"https:\/\/alqawafel.com\/pt_br\/wp-json\/wp\/v2\/product_tag?post=12797"}],"curies":[{"name":"wp","href":"https:\/\/api.w.org\/{rel}","templated":true}]}}