{"id":9860,"date":"2024-11-11T19:19:46","date_gmt":"2024-11-11T19:19:46","guid":{"rendered":"https:\/\/alqawafel.com\/?post_type=product&#038;p=9860"},"modified":"2025-06-11T10:25:46","modified_gmt":"2025-06-11T10:25:46","slug":"spiromite-24-sc","status":"publish","type":"product","link":"https:\/\/alqawafel.com\/pt_br\/product\/spiromite-24-sc\/","title":{"rendered":"Miticida Spiromite 24% SC"},"content":{"rendered":"<h3>Por que o Spiromite 24% SC?<\/h3>\n<p><span style=\"font-size: 18px\">O Spiromite 24% SC \u00e9 um miticida seletivo e n\u00e3o sist\u00eamico desenvolvido para proporcionar controle direcionado de \u00e1caros em todos os est\u00e1gios de desenvolvimento, exceto no est\u00e1gio adulto. Projetado para alta efic\u00e1cia, o Spiromite 24% SC \u00e9 ideal para proteger uma ampla gama de culturas contra infesta\u00e7\u00f5es de \u00e1caros. Esse produto \u00e9 uma ferramenta valiosa para profissionais da agricultura que buscam uma solu\u00e7\u00e3o confi\u00e1vel para gerenciar popula\u00e7\u00f5es de \u00e1caros e evitar danos \u00e0s culturas.<\/span><\/p>\n<h3>Identifica\u00e7\u00e3o<\/h3>\n<ul>\n<li><span style=\"font-size: 18px\"><strong>Formula\u00e7\u00e3o<\/strong>: Suspens\u00e3o concentrada (SC).<\/span><\/li>\n<li><span style=\"font-size: 18px\"><strong>Ingrediente ativo<\/strong>: Spirodiclofen 24% (p\/v).<\/span><\/li>\n<li><span style=\"font-size: 18px\"><strong>Grupo qu\u00edmico<\/strong>: \u00c1cido tetr\u00f4nico.<\/span><\/li>\n<li><span style=\"font-size: 18px\"><strong>Modo de a\u00e7\u00e3o<\/strong>: Interfere no desenvolvimento do \u00e1caro, proporcionando um controle eficaz em v\u00e1rios est\u00e1gios do crescimento do \u00e1caro e protegendo a sa\u00fade da cultura.<\/span><\/li>\n<\/ul>\n<h3>Aplica\u00e7\u00e3o ideal do Spiromite 24% SC<\/h3>\n<p><span style=\"font-size: 18px\">O Spiromite-24% SC \u00e9 recomendado para uso nas seguintes culturas com alvos t\u00edpicos de pragas, conforme listado:<\/span><\/p>\n<h4>Culturas e pragas t\u00edpicas:<\/h4>\n<ul>\n<li><span style=\"font-size: 18px\"><strong>Ma\u00e7\u00e3, pera, n\u00easpera<\/strong>: Controles <em>\u00c1caro vermelho, \u00e1caro de duas manchas, aranhas, ferrugem.<\/em><\/span><\/li>\n<li><span style=\"font-size: 18px\"><strong>Damasco, cereja (doce e azeda), p\u00eassego, nectarina<\/strong>: Controles <em>\u00c1caro vermelho, \u00e1caro-aranha de duas manchas, \u00e1caro prateado do p\u00eassego.<\/em><\/span><\/li>\n<li><span style=\"font-size: 18px\"><strong>Nozes, am\u00eandoas<\/strong>: Controles <em>\u00c1caro vermelho, \u00e1caro-aranha de duas manchas.<\/em><\/span><\/li>\n<li><span style=\"font-size: 18px\"><strong>Videiras<\/strong>: Controles <em>\u00c1caro vermelho, \u00e1caro-aranha de duas manchas.<\/em><\/span><\/li>\n<li><span style=\"font-size: 18px\"><strong>C\u00edtricos (laranja, lim\u00e3o, pomelo, tangerina)<\/strong>: Controles <em>\u00c1caro vermelho dos citros, \u00e1caro de duas manchas, ferrugem dos citros.<\/em><\/span><\/li>\n<\/ul>\n<h3>Taxa de uso:<\/h3>\n<p><span style=\"font-size: 14pt\">120-150 ml por 200 L de \u00e1gua<\/span><\/p>\n<h3>Embalagem<\/h3>\n<ul>\n<li><span style=\"font-size: 18px\"><strong>500 ml<\/strong><\/span><\/li>\n<\/ul>\n<p><img loading=\"lazy\" decoding=\"async\" class=\"alignnone size-medium wp-image-18546\" src=\"https:\/\/alqawafel.com\/wp-content\/uploads\/2024\/11\/Spiromite-24-SC-LOGO-300x300.webp\" alt=\"Spiromite 24% SC Um miticida seletivo com espirodiclofeno para um controle eficaz dos \u00e1caros. Tem como alvo os \u00e1caros em todos os est\u00e1gios da vida, protegendo ma\u00e7\u00e3s, frutas c\u00edtricas e muito mais.\" width=\"300\" height=\"300\" srcset=\"https:\/\/alqawafel.com\/wp-content\/uploads\/2024\/11\/Spiromite-24-SC-LOGO-300x300.webp 300w, https:\/\/alqawafel.com\/wp-content\/uploads\/2024\/11\/Spiromite-24-SC-LOGO-150x150.webp 150w, https:\/\/alqawafel.com\/wp-content\/uploads\/2024\/11\/Spiromite-24-SC-LOGO-768x768.webp 768w, https:\/\/alqawafel.com\/wp-content\/uploads\/2024\/11\/Spiromite-24-SC-LOGO.webp 1000w\" sizes=\"auto, (max-width: 300px) 100vw, 300px\" \/><\/p>\n<p>&nbsp;<\/p>","protected":false},"excerpt":{"rendered":"<p><span style=\"font-size: 18px\">Spiromite 24% SC Um miticida seletivo com espirodiclofeno para um controle eficaz dos \u00e1caros. Tem como alvo os \u00e1caros em todas as fases da vida, protegendo ma\u00e7\u00e3s, frutas c\u00edtricas e muito mais.<\/span><\/p>","protected":false},"featured_media":18546,"comment_status":"open","ping_status":"closed","template":"","meta":{"om_disable_all_campaigns":false,"_monsterinsights_skip_tracking":false,"_monsterinsights_sitenote_active":false,"_monsterinsights_sitenote_note":"","_monsterinsights_sitenote_category":0},"product_brand":[],"product_cat":[824,87],"product_tag":[866,845,844,843,873],"class_list":{"0":"post-9860","1":"product","2":"type-product","3":"status-publish","4":"has-post-thumbnail","6":"product_cat-miticide","7":"product_cat-pesticides","8":"product_tag-al-qawafel-ind-agr-co","9":"product_tag-mite","10":"product_tag-miticide","11":"product_tag-spirodiclofen","12":"product_tag-spiromite-24-sc","14":"first","15":"instock","16":"shipping-taxable","17":"product-type-simple"},"aioseo_notices":[],"_links":{"self":[{"href":"https:\/\/alqawafel.com\/pt_br\/wp-json\/wp\/v2\/product\/9860","targetHints":{"allow":["GET"]}}],"collection":[{"href":"https:\/\/alqawafel.com\/pt_br\/wp-json\/wp\/v2\/product"}],"about":[{"href":"https:\/\/alqawafel.com\/pt_br\/wp-json\/wp\/v2\/types\/product"}],"replies":[{"embeddable":true,"href":"https:\/\/alqawafel.com\/pt_br\/wp-json\/wp\/v2\/comments?post=9860"}],"version-history":[{"count":16,"href":"https:\/\/alqawafel.com\/pt_br\/wp-json\/wp\/v2\/product\/9860\/revisions"}],"predecessor-version":[{"id":18892,"href":"https:\/\/alqawafel.com\/pt_br\/wp-json\/wp\/v2\/product\/9860\/revisions\/18892"}],"wp:featuredmedia":[{"embeddable":true,"href":"https:\/\/alqawafel.com\/pt_br\/wp-json\/wp\/v2\/media\/18546"}],"wp:attachment":[{"href":"https:\/\/alqawafel.com\/pt_br\/wp-json\/wp\/v2\/media?parent=9860"}],"wp:term":[{"taxonomy":"product_brand","embeddable":true,"href":"https:\/\/alqawafel.com\/pt_br\/wp-json\/wp\/v2\/product_brand?post=9860"},{"taxonomy":"product_cat","embeddable":true,"href":"https:\/\/alqawafel.com\/pt_br\/wp-json\/wp\/v2\/product_cat?post=9860"},{"taxonomy":"product_tag","embeddable":true,"href":"https:\/\/alqawafel.com\/pt_br\/wp-json\/wp\/v2\/product_tag?post=9860"}],"curies":[{"name":"wp","href":"https:\/\/api.w.org\/{rel}","templated":true}]}}