{"id":9909,"date":"2024-11-12T12:43:43","date_gmt":"2024-11-12T12:43:43","guid":{"rendered":"https:\/\/alqawafel.com\/?post_type=product&#038;p=9909"},"modified":"2025-07-20T12:43:37","modified_gmt":"2025-07-20T12:43:37","slug":"an-nebras-17-44-0t-e","status":"publish","type":"product","link":"https:\/\/alqawafel.com\/pt_br\/product\/an-nebras-17-44-0t-e\/","title":{"rendered":"Fertilizante AN-Nebras 17-44-0+T.E."},"content":{"rendered":"<h3>Por que o Fertilizante de Suspens\u00e3o AN-Nebras 17-44-0+T.E.?<\/h3>\n<p><span style=\"font-size: 18px;\">O Fertilizante em Suspens\u00e3o AN-Nebras 17-44-0+T.E. \u00e9 um fertilizante pronto, liquefeito em uma solu\u00e7\u00e3o e pronto para uso direto. Cont\u00e9m compostos org\u00e2nicos que abrangem elementos nutritivos, ricos em nitrog\u00eanio e f\u00f3sforo, o que torna sua absor\u00e7\u00e3o simples e sem rea\u00e7\u00f5es colaterais com os componentes do solo. <\/span><\/p>\n<p class=\"translation-block\"><span style=\"font-size: 18px\">Al\u00e9m disso, ele cont\u00e9m uma alta porcentagem de oligoelementos quelatados de r\u00e1pida absor\u00e7\u00e3o que refletem na alta resposta das plantas \u00e0 fertiliza\u00e7\u00e3o e na obten\u00e7\u00e3o de melhores resultados. <\/span><span style=\"font-size: 18px\">Al\u00e9m disso, o pH 2-3 do AN-Nebras \u00e9 bastante baixo, o que ajuda a aumentar a taxa de absor\u00e7\u00e3o de diferentes elementos nutritivos.<\/span><\/p>\n<p><span style=\"font-size: 18px;\">Al\u00e9m disso, a condutividade el\u00e9trica do Fertilizante em Suspens\u00e3o An-Nebras \u00e9 baixa (CE = 1 para solu\u00e7\u00e3o de 1 grama\/litro), o que diminui o processo de osmose e aumenta a absor\u00e7\u00e3o, mesmo que as quantidades de fertilizante em suspens\u00e3o usadas sejam relativamente altas, levando a altos benef\u00edcios para a planta. <\/span><span style=\"font-size: 18px;\">Al\u00e9m disso, o AN-Nebras Suspension Fertilizer \u00e9 caracterizado pela alta solubilidade em \u00e1gua, al\u00e9m de seu alto teor de micro e macroelementos necess\u00e1rios para a planta.<\/span><\/p>\n<h3>Benef\u00edcios<\/h3>\n<ul>\n<li><span style=\"font-size: 18px;\"><strong>Alto teor de f\u00f3sforo:<\/strong> Especificamente formulado para fortalecer as ra\u00edzes e melhorar a flora\u00e7\u00e3o e a frutifica\u00e7\u00e3o.<\/span><\/li>\n<li><span style=\"font-size: 18px;\"><strong>Solubilidade em \u00e1gua:<\/strong> Al\u00e9m disso, \u00e9 totalmente sol\u00favel em \u00e1gua, o que o torna adequado para todos os sistemas de irriga\u00e7\u00e3o e aumenta a facilidade de uso.<\/span><\/li>\n<li><span style=\"font-size: 18px;\"><strong>Aplica\u00e7\u00e3o vers\u00e1til:<\/strong> Al\u00e9m disso, \u00e9 eficiente para aplica\u00e7\u00f5es foliares e no solo, o que o torna ideal para planta\u00e7\u00f5es, \u00e1rvores, vegetais e plantas ornamentais.<\/span><\/li>\n<\/ul>\n<h3><span style=\"font-size: 22px;\">AN-Nebras 17-44-0+T.E. Composi\u00e7\u00e3o qu\u00edmica<\/span><\/h3>\n<ul>\n<li><span style=\"font-size: 18px;\"><strong>Nutrientes prim\u00e1rios<\/strong>: Nitrog\u00eanio (N 17%), F\u00f3sforo (P\u2082O\u2085 44%).<\/span><\/li>\n<li><span style=\"font-size: 18px;\"><strong>Nutrientes secund\u00e1rios<\/strong>: Magn\u00e9sio (MgO), Enxofre (S), C\u00e1lcio (CaO).<\/span><\/li>\n<li><span style=\"font-size: 18px;\"><strong>Micronutrientes<\/strong>: Ferro (Fe) quelatado por EDTA, Zinco (Zn) quelatado por EDTA, Mangan\u00eas (Mn) quelatado por EDTA, Cobre (Cu) quelatado por EDTA, Boro (B).<\/span><\/li>\n<li><span style=\"font-size: 18px;\"><strong>Compostos adicionais<\/strong>: Tiamina, riboflavina, piridoxina, nicotinamida, \u00e1cidos org\u00e2nicos.<\/span><\/li>\n<li><span style=\"font-size: 18px;\"><strong>Livre de cloreto<\/strong>: Assim, ele garante a seguran\u00e7a das plantas e a sa\u00fade do solo.<\/span><\/li>\n<\/ul>\n<h3>Aplica\u00e7\u00e3o ideal<\/h3>\n<p><strong><span style=\"font-size: 18px;\">AN-Nebras 17-44-0+T.E.<\/span> Recomendado para aplica\u00e7\u00e3o no solo e foliar para:<\/strong><\/p>\n<ul>\n<li><span style=\"font-size: 18px;\">Vegetais em estufa.<\/span><\/li>\n<li><span style=\"font-size: 18px;\">Vegetais de campo aberto.<\/span><\/li>\n<li><span style=\"font-size: 18px;\">\u00c1rvores frut\u00edferas.<\/span><\/li>\n<li>Culturas de campo.<\/li>\n<li>Plantas Ornamentais.<\/li>\n<\/ul>\n<h3>Taxas de aplica\u00e7\u00e3o<\/h3>\n<h4 data-start=\"168\" data-end=\"200\"><strong data-start=\"174\" data-end=\"200\">Vegetais em estufa<\/strong><\/h4>\n<ul data-start=\"201\" data-end=\"391\">\n<li data-start=\"201\" data-end=\"331\">\n<p data-start=\"203\" data-end=\"331\"><strong data-start=\"203\" data-end=\"224\">Aplica\u00e7\u00e3o no solo:<\/strong><br data-start=\"224\" data-end=\"227\" \/>1,5 L por casa (500 m\u00b2) desde o plantio at\u00e9 30-40 dias<br data-start=\"281\" data-end=\"284\" \/>2-4 L por casa (500 m\u00b2) em est\u00e1gios avan\u00e7ados<\/p>\n<\/li>\n<li data-start=\"332\" data-end=\"391\">\n<p data-start=\"334\" data-end=\"391\"><strong data-start=\"334\" data-end=\"357\">Aplica\u00e7\u00e3o foliar:<\/strong><br data-start=\"357\" data-end=\"360\" \/>300-400 ml por 200 L de \u00e1gua<\/p>\n<\/li>\n<\/ul>\n<h4 data-start=\"398\" data-end=\"430\"><strong data-start=\"404\" data-end=\"430\">Vegetais em campo aberto<\/strong><\/h4>\n<ul data-start=\"431\" data-end=\"538\">\n<li data-start=\"431\" data-end=\"478\">\n<p data-start=\"433\" data-end=\"478\"><strong data-start=\"433\" data-end=\"454\">Aplica\u00e7\u00e3o no solo:<\/strong><br data-start=\"454\" data-end=\"457\" \/>2-4 L por 1000 m\u00b2<\/p>\n<\/li>\n<li data-start=\"479\" data-end=\"538\">\n<p data-start=\"481\" data-end=\"538\"><strong data-start=\"481\" data-end=\"504\">Aplica\u00e7\u00e3o foliar:<\/strong><br data-start=\"504\" data-end=\"507\" \/>400-500 ml por 200 L de \u00e1gua<\/p>\n<\/li>\n<\/ul>\n<h4 data-start=\"545\" data-end=\"567\"><strong data-start=\"551\" data-end=\"567\">\u00c1rvores frut\u00edferas<\/strong><\/h4>\n<ul data-start=\"568\" data-end=\"717\">\n<li data-start=\"568\" data-end=\"656\">\n<p data-start=\"570\" data-end=\"656\"><strong data-start=\"570\" data-end=\"591\">Aplica\u00e7\u00e3o no solo:<\/strong><br data-start=\"591\" data-end=\"594\" \/>1,25 L por 1.000 m\u00b2 desde o in\u00edcio do crescimento at\u00e9 a frutifica\u00e7\u00e3o<\/p>\n<\/li>\n<li data-start=\"657\" data-end=\"717\">\n<p data-start=\"659\" data-end=\"717\"><strong data-start=\"659\" data-end=\"682\">Aplica\u00e7\u00e3o foliar:<\/strong><br data-start=\"682\" data-end=\"685\" \/>500-1000 ml por 200 L de \u00e1gua<\/p>\n<\/li>\n<\/ul>\n<h2>Embalagem<\/h2>\n<p><span style=\"font-size: 18px;\">O AN-Nebras 17-44-0+T.E. est\u00e1 dispon\u00edvel em sacos de 1 kg, 5 kg e 20 kg para uso vers\u00e1til.<\/span><\/p>\n<p><img loading=\"lazy\" decoding=\"async\" class=\"alignnone size-medium wp-image-16975\" src=\"https:\/\/alqawafel.com\/wp-content\/uploads\/2024\/11\/NPK-LOGO-17-44-0-300x300.webp\" alt=\"\" width=\"300\" height=\"300\" srcset=\"https:\/\/alqawafel.com\/wp-content\/uploads\/2024\/11\/NPK-LOGO-17-44-0-300x300.webp 300w, https:\/\/alqawafel.com\/wp-content\/uploads\/2024\/11\/NPK-LOGO-17-44-0-150x150.webp 150w, https:\/\/alqawafel.com\/wp-content\/uploads\/2024\/11\/NPK-LOGO-17-44-0-768x768.webp 768w, https:\/\/alqawafel.com\/wp-content\/uploads\/2024\/11\/NPK-LOGO-17-44-0.webp 1000w\" sizes=\"auto, (max-width: 300px) 100vw, 300px\" \/><\/p>","protected":false},"excerpt":{"rendered":"<p><span style=\"font-size: 18px;\">O AN-Nebras 17-44-0+T.E. \u00e9 um fertilizante em suspens\u00e3o composto de alto teor de nitrog\u00eanio e f\u00f3sforo para r\u00e1pida absor\u00e7\u00e3o. Ideal para diversas culturas,<\/span><\/p>","protected":false},"featured_media":16975,"comment_status":"open","ping_status":"closed","template":"","meta":{"om_disable_all_campaigns":false,"_monsterinsights_skip_tracking":false,"_monsterinsights_sitenote_active":false,"_monsterinsights_sitenote_note":"","_monsterinsights_sitenote_category":0},"product_brand":[2215],"product_cat":[50,2133],"product_tag":[866,870,882,463,877,864,863],"class_list":{"0":"post-9909","1":"product","2":"type-product","3":"status-publish","4":"has-post-thumbnail","6":"product_brand-an-nebras","7":"product_cat-fertilizers","8":"product_cat-suspension-fertilizers","9":"product_tag-al-qawafel-ind-agr-co","10":"product_tag-an-nebras-17-44-0t-e","11":"product_tag-crop-growth","12":"product_tag-fertilizer","13":"product_tag-high-phosphorus","14":"product_tag-nutrient-absorption","15":"product_tag-water-soluble","17":"first","18":"instock","19":"shipping-taxable","20":"product-type-simple"},"aioseo_notices":[],"_links":{"self":[{"href":"https:\/\/alqawafel.com\/pt_br\/wp-json\/wp\/v2\/product\/9909","targetHints":{"allow":["GET"]}}],"collection":[{"href":"https:\/\/alqawafel.com\/pt_br\/wp-json\/wp\/v2\/product"}],"about":[{"href":"https:\/\/alqawafel.com\/pt_br\/wp-json\/wp\/v2\/types\/product"}],"replies":[{"embeddable":true,"href":"https:\/\/alqawafel.com\/pt_br\/wp-json\/wp\/v2\/comments?post=9909"}],"version-history":[{"count":10,"href":"https:\/\/alqawafel.com\/pt_br\/wp-json\/wp\/v2\/product\/9909\/revisions"}],"predecessor-version":[{"id":19445,"href":"https:\/\/alqawafel.com\/pt_br\/wp-json\/wp\/v2\/product\/9909\/revisions\/19445"}],"wp:featuredmedia":[{"embeddable":true,"href":"https:\/\/alqawafel.com\/pt_br\/wp-json\/wp\/v2\/media\/16975"}],"wp:attachment":[{"href":"https:\/\/alqawafel.com\/pt_br\/wp-json\/wp\/v2\/media?parent=9909"}],"wp:term":[{"taxonomy":"product_brand","embeddable":true,"href":"https:\/\/alqawafel.com\/pt_br\/wp-json\/wp\/v2\/product_brand?post=9909"},{"taxonomy":"product_cat","embeddable":true,"href":"https:\/\/alqawafel.com\/pt_br\/wp-json\/wp\/v2\/product_cat?post=9909"},{"taxonomy":"product_tag","embeddable":true,"href":"https:\/\/alqawafel.com\/pt_br\/wp-json\/wp\/v2\/product_tag?post=9909"}],"curies":[{"name":"wp","href":"https:\/\/api.w.org\/{rel}","templated":true}]}}