{"id":10009,"date":"2024-11-13T09:20:11","date_gmt":"2024-11-13T09:20:11","guid":{"rendered":"https:\/\/alqawafel.com\/?post_type=product&#038;p=10009"},"modified":"2025-08-03T09:06:20","modified_gmt":"2025-08-03T09:06:20","slug":"an-nebras-12-50-12t-e","status":"publish","type":"product","link":"https:\/\/alqawafel.com\/tr\/product\/an-nebras-12-50-12t-e\/","title":{"rendered":"AN-Nebras 12-50-12+T.E. G\u00fcbre"},"content":{"rendered":"<h3>Neden AN-Nebras 12-50-12+T.E. S\u00fcspansiyon G\u00fcbresini Se\u00e7melisiniz?<\/h3>\n<p><span style=\"font-size: 18px;\">AN-Nebras 12-50-12+T.E. S\u00fcspansiyon G\u00fcbresi, do\u011frudan uygulama i\u00e7in \u00f6zel olarak tasarlanm\u0131\u015f birinci s\u0131n\u0131f, kullan\u0131ma haz\u0131r bir g\u00fcbredir. Fosfor, potasyum ve azot gibi temel besin maddelerini, herhangi bir olumsuz toprak reaksiyonuna neden olmadan kolayca emilmesini sa\u011flar.<\/span><\/p>\n<p><span style=\"font-size: 18px;\">Ayr\u0131ca AN-Nebras, bitkilerin h\u0131zl\u0131 bir \u015fekilde alabilece\u011fi ve b\u00f6ylece b\u00fcy\u00fcme tepkilerini art\u0131ran y\u00fcksek oranda h\u0131zl\u0131 emilebilir \u015felatl\u0131 iz elementler i\u00e7erir. Ek olarak, g\u00fcbrenin 2 ila 3 pH aral\u0131\u011f\u0131, farkl\u0131 toprak t\u00fcrlerinde besin al\u0131m\u0131n\u0131 te\u015fvik etmek i\u00e7in idealdir. Ayr\u0131ca, d\u00fc\u015f\u00fck elektrik iletkenli\u011fi (1 g\/litre i\u00e7in EC = 1) ozmozu azaltarak bitkilerin daha y\u00fcksek uygulama oranlar\u0131nda bile besin maddelerini tamamen emmesini sa\u011flar. Son olarak, AN-Nebras suda y\u00fcksek oranda \u00e7\u00f6z\u00fcn\u00fcr ve g\u00fc\u00e7l\u00fc bitki geli\u015fimi i\u00e7in gerekli olan mikro ve makro elementleri eksiksiz bir \u015fekilde sa\u011flar.<\/span><\/p>\n<h3>Avantajlar<\/h3>\n<ul>\n<li><span style=\"font-size: 18px;\"><strong>Y\u00fcksek Fosfor \u0130\u00e7eri\u011fi:<\/strong> \u00c7e\u015fitli a\u015famalarda b\u00fcy\u00fcmeyi desteklemek i\u00e7in \u00e7ok \u00f6nemli fosfor sa\u011flar.<\/span><\/li>\n<li><span style=\"font-size: 18px;\"><strong>Sahne Uyumlulu\u011fu:<\/strong> T\u00fcm b\u00fcy\u00fcme a\u015famalar\u0131ndaki bitkiler i\u00e7in uygundur ve s\u00fcrekli besin deste\u011fi sunar.<\/span><\/li>\n<li><span style=\"font-size: 18px;\"><strong>Suda \u00c7\u00f6z\u00fcn\u00fcrl\u00fck:<\/strong> Tamamen suda \u00e7\u00f6z\u00fcn\u00fcr ve t\u00fcm sulama sistemleriyle uyumludur, uygulamay\u0131 basitle\u015ftirir.<\/span><\/li>\n<li><span style=\"font-size: 18px;\"><strong>Her t\u00fcrl\u00fc \u00fcr\u00fcn i\u00e7in uygundur:<\/strong> \u00c7ok \u00e7e\u015fitli tar\u0131msal ihtiya\u00e7lar\u0131 kapsayan tarla bitkileri, a\u011fa\u00e7lar, sebzeler ve s\u00fcs bitkileri i\u00e7in onaylanm\u0131\u015ft\u0131r.<\/span><\/li>\n<li><span style=\"font-size: 18px;\"><strong>Esnek Uygulama Se\u00e7enekleri:<\/strong> Hem yaprak hem de toprak uygulamalar\u0131 i\u00e7in uygundur, verimli besin iletimi sa\u011flar.<\/span><\/li>\n<\/ul>\n<h3><span style=\"font-size: 22px;\"><strong>\u0130deal Uygulama<\/strong><\/span><\/h3>\n<p><strong><span style=\"font-size: 18px;\">AN-Nebras 12-50-12+T.E. toprak ve yaprak uygulamalar\u0131 i\u00e7in tavsiye edilir, a\u015fa\u011f\u0131dakiler i\u00e7in uygundur:<\/span><\/strong><\/p>\n<ol>\n<li><span style=\"font-size: 18px;\">Sera sebzeleri.<\/span><\/li>\n<li><span style=\"font-size: 18px;\">A\u00e7\u0131k tarla sebzeleri.<\/span><\/li>\n<li><span style=\"font-size: 18px;\">Meyve a\u011fa\u00e7lar\u0131.<\/span><\/li>\n<li><span style=\"font-size: 14pt;\">Tarla Bitkileri.<\/span><\/li>\n<li><span style=\"font-size: 14pt;\">S\u00fcs Bitkileri.<\/span><\/li>\n<\/ol>\n<h3>AN-Nebras 12-50-12+T.E. Kimyasal Bile\u015fimi<\/h3>\n<ul>\n<li><span style=\"font-size: 18px;\"><strong>Birincil Besinler:<\/strong> Azot (N)12%, Fosfor (P\u2082O\u2085)50%, Potasyum (K\u2082O)12%.<\/span><\/li>\n<li><span style=\"font-size: 18px;\"><strong>\u0130kincil Besinler:<\/strong> Magnezyum (MgO), S\u00fclf\u00fcr (S), Kalsiyum Oksit (CaO).<\/span><\/li>\n<li><span style=\"font-size: 18px;\"><strong>Mikro besinler:<\/strong> Demir (Fe) (EDTA sitrik asit \u015felatl\u0131), \u00c7inko (Zn) (EDTA sitrik asit \u015felatl\u0131), Manganez (Mn) (EDTA sitrik asit \u015felatl\u0131), Bak\u0131r (Cu) (EDTA sitrik asit \u015felatl\u0131), Bor (B).<\/span><\/li>\n<li><span style=\"font-size: 18px;\"><strong>Katk\u0131 maddeleri:<\/strong> Tiamin, Riboflavin, Piridoksin, Nikotinamid, Organik Asitler.<\/span><\/li>\n<li><span style=\"font-size: 18px;\"><strong>Klor\u00fcr i\u00e7ermez:<\/strong> Bitki g\u00fcvenli\u011fini te\u015fvik eder ve toprak sa\u011fl\u0131\u011f\u0131 sa\u011flar.<\/span><\/li>\n<\/ul>\n<h3>Ba\u015fvuru Oranlar\u0131<\/h3>\n<h4 data-start=\"168\" data-end=\"200\"><strong data-start=\"174\" data-end=\"200\">Sera Sebzeleri<\/strong><\/h4>\n<ul data-start=\"201\" data-end=\"391\">\n<li data-start=\"201\" data-end=\"331\">\n<p data-start=\"203\" data-end=\"331\"><strong data-start=\"203\" data-end=\"224\">Toprak Uygulamas\u0131:<\/strong><br data-start=\"224\" data-end=\"227\" \/>Ev ba\u015f\u0131na 1,5 L (500 m\u00b2) ekimden 30-40 g\u00fcne kadar<br data-start=\"281\" data-end=\"284\" \/>\u0130leri a\u015famalarda ev ba\u015f\u0131na 2-4 L (500 m\u00b2)<\/p>\n<\/li>\n<li data-start=\"332\" data-end=\"391\">\n<p data-start=\"334\" data-end=\"391\"><strong data-start=\"334\" data-end=\"357\">Yapraktan Uygulama:<\/strong><br data-start=\"357\" data-end=\"360\" \/>200 L su ba\u015f\u0131na 300-400 ml<\/p>\n<\/li>\n<\/ul>\n<h4 data-start=\"398\" data-end=\"430\"><strong data-start=\"404\" data-end=\"430\">A\u00e7\u0131k Alan Sebzeleri<\/strong><\/h4>\n<ul data-start=\"431\" data-end=\"538\">\n<li data-start=\"431\" data-end=\"478\">\n<p data-start=\"433\" data-end=\"478\"><strong data-start=\"433\" data-end=\"454\">Toprak Uygulamas\u0131:<\/strong><br data-start=\"454\" data-end=\"457\" \/>1000 m\u00b2 ba\u015f\u0131na 2-4 L<\/p>\n<\/li>\n<li data-start=\"479\" data-end=\"538\">\n<p data-start=\"481\" data-end=\"538\"><strong data-start=\"481\" data-end=\"504\">Yapraktan Uygulama:<\/strong><br data-start=\"504\" data-end=\"507\" \/>200 L su ba\u015f\u0131na 400-500 ml<\/p>\n<\/li>\n<\/ul>\n<h4 data-start=\"545\" data-end=\"567\"><strong data-start=\"551\" data-end=\"567\">Meyve A\u011fa\u00e7lar\u0131<\/strong><\/h4>\n<ul data-start=\"568\" data-end=\"717\">\n<li data-start=\"568\" data-end=\"656\">\n<p data-start=\"570\" data-end=\"656\"><strong data-start=\"570\" data-end=\"591\">Toprak Uygulamas\u0131:<\/strong><br data-start=\"591\" data-end=\"594\" \/>B\u00fcy\u00fcme ba\u015flang\u0131c\u0131ndan meyve verene kadar 1000 m\u00b2 ba\u015f\u0131na 1,25 L<\/p>\n<\/li>\n<li data-start=\"657\" data-end=\"717\">\n<p data-start=\"659\" data-end=\"717\"><strong data-start=\"659\" data-end=\"682\">Yapraktan Uygulama:<\/strong><br data-start=\"682\" data-end=\"685\" \/>200 L su ba\u015f\u0131na 500-1000 ml<\/p>\n<\/li>\n<\/ul>\n<h3>Paketleme<\/h3>\n<p><span style=\"font-size: 18px;\">1 kg, 5 kg ve 20 kg'l\u0131k torbalarda mevcut olan AN-Nebras 12-50-12+T.E. k\u00fc\u00e7\u00fck \u00e7iftliklerden b\u00fcy\u00fck tar\u0131msal i\u015fletmelere kadar her b\u00fcy\u00fckl\u00fckteki operasyona uygundur.<\/span><\/p>\n<p><img loading=\"lazy\" decoding=\"async\" class=\"alignnone size-medium wp-image-16894\" src=\"https:\/\/alqawafel.com\/wp-content\/uploads\/2024\/11\/NPK-LOGO-12-50-12-300x300.webp\" alt=\"AN-Nebras 12-50-12+T.E. \" width=\"300\" height=\"300\" srcset=\"https:\/\/alqawafel.com\/wp-content\/uploads\/2024\/11\/NPK-LOGO-12-50-12-300x300.webp 300w, https:\/\/alqawafel.com\/wp-content\/uploads\/2024\/11\/NPK-LOGO-12-50-12-150x150.webp 150w, https:\/\/alqawafel.com\/wp-content\/uploads\/2024\/11\/NPK-LOGO-12-50-12-768x768.webp 768w, https:\/\/alqawafel.com\/wp-content\/uploads\/2024\/11\/NPK-LOGO-12-50-12.webp 1000w\" sizes=\"auto, (max-width: 300px) 100vw, 300px\" \/><\/p>","protected":false},"excerpt":{"rendered":"<p><span style=\"font-size: 18px;\">AN-Nebras 12-50-12+T.E. S\u00fcspansiyon G\u00fcbresi, do\u011frudan uygulama i\u00e7in \u00f6zel olarak tasarlanm\u0131\u015f birinci s\u0131n\u0131f, kullan\u0131ma haz\u0131r bir g\u00fcbredir.<\/span><\/p>","protected":false},"featured_media":16894,"comment_status":"open","ping_status":"closed","template":"","meta":{"om_disable_all_campaigns":false,"_monsterinsights_skip_tracking":false,"_monsterinsights_sitenote_active":false,"_monsterinsights_sitenote_note":"","_monsterinsights_sitenote_category":0},"product_brand":[2215],"product_cat":[50,2133],"product_tag":[866,1977,892,463,877,863],"class_list":{"0":"post-10009","1":"product","2":"type-product","3":"status-publish","4":"has-post-thumbnail","6":"product_brand-an-nebras","7":"product_cat-fertilizers","8":"product_cat-suspension-fertilizers","9":"product_tag-al-qawafel-ind-agr-co","10":"product_tag-an-nebras-12-50-12t-e","11":"product_tag-broad-crop-compatibility","12":"product_tag-fertilizer","13":"product_tag-high-phosphorus","14":"product_tag-water-soluble","16":"first","17":"instock","18":"shipping-taxable","19":"product-type-simple"},"aioseo_notices":[],"_links":{"self":[{"href":"https:\/\/alqawafel.com\/tr\/wp-json\/wp\/v2\/product\/10009","targetHints":{"allow":["GET"]}}],"collection":[{"href":"https:\/\/alqawafel.com\/tr\/wp-json\/wp\/v2\/product"}],"about":[{"href":"https:\/\/alqawafel.com\/tr\/wp-json\/wp\/v2\/types\/product"}],"replies":[{"embeddable":true,"href":"https:\/\/alqawafel.com\/tr\/wp-json\/wp\/v2\/comments?post=10009"}],"version-history":[{"count":15,"href":"https:\/\/alqawafel.com\/tr\/wp-json\/wp\/v2\/product\/10009\/revisions"}],"predecessor-version":[{"id":19469,"href":"https:\/\/alqawafel.com\/tr\/wp-json\/wp\/v2\/product\/10009\/revisions\/19469"}],"wp:featuredmedia":[{"embeddable":true,"href":"https:\/\/alqawafel.com\/tr\/wp-json\/wp\/v2\/media\/16894"}],"wp:attachment":[{"href":"https:\/\/alqawafel.com\/tr\/wp-json\/wp\/v2\/media?parent=10009"}],"wp:term":[{"taxonomy":"product_brand","embeddable":true,"href":"https:\/\/alqawafel.com\/tr\/wp-json\/wp\/v2\/product_brand?post=10009"},{"taxonomy":"product_cat","embeddable":true,"href":"https:\/\/alqawafel.com\/tr\/wp-json\/wp\/v2\/product_cat?post=10009"},{"taxonomy":"product_tag","embeddable":true,"href":"https:\/\/alqawafel.com\/tr\/wp-json\/wp\/v2\/product_tag?post=10009"}],"curies":[{"name":"wp","href":"https:\/\/api.w.org\/{rel}","templated":true}]}}