{"id":10028,"date":"2024-11-13T10:48:49","date_gmt":"2024-11-13T10:48:49","guid":{"rendered":"https:\/\/alqawafel.com\/?post_type=product&#038;p=10028"},"modified":"2025-08-28T07:05:34","modified_gmt":"2025-08-28T07:05:34","slug":"granufert-12-12-17","status":"publish","type":"product","link":"https:\/\/alqawafel.com\/tr\/product\/granufert-12-12-17\/","title":{"rendered":"Granufert 12-12-17 G\u00fcbre"},"content":{"rendered":"<h3><span style=\"font-size: 12pt; font-family: arial, helvetica, sans-serif;\">Neden Granufert 12-12-17 Gran\u00fcl G\u00fcbreyi Se\u00e7melisiniz?<\/span><\/h3>\n<p><span style=\"font-size: 14pt; font-family: arial, helvetica, sans-serif;\">Granufert 12-12-17+6S Gran\u00fcl G\u00fcbre, zaman i\u00e7inde s\u00fcrekli olarak temel besin maddelerini sa\u011flar. Granufert azot, fosfor ve potasyum sa\u011flaman\u0131n yan\u0131 s\u0131ra, bitkilerin temel ihtiya\u00e7lar\u0131n\u0131 kar\u015f\u0131layarak \u00e7e\u015fitli a\u015famalarda b\u00fcy\u00fcmeyi destekler. Dahas\u0131, form\u00fcl\u00fc, sulama yapt\u0131k\u00e7a g\u00fcbrenin k\u0131s\u0131mlar\u0131n\u0131n kademeli olarak \u00e7\u00f6z\u00fclmesini sa\u011flayarak bitkilere tam ihtiya\u00e7 duyduklar\u0131 anda besin sa\u011flar.<\/span><\/p>\n<h3><span style=\"font-size: 14pt; font-family: arial, helvetica, sans-serif;\">Avantajlar<\/span><\/h3>\n<ul>\n<li><span style=\"font-size: 14pt; font-family: arial, helvetica, sans-serif;\"><strong>Uzun S\u00fcreli Besin Sal\u0131n\u0131m\u0131:<\/strong> Granufert'in form\u00fcl\u00fc bitkilerin ihtiya\u00e7lar\u0131n\u0131 kar\u015f\u0131lar ve her sulama d\u00f6ng\u00fcs\u00fcnde tutarl\u0131 beslenme sa\u011flar.<\/span><\/li>\n<li><span style=\"font-size: 14pt; font-family: arial, helvetica, sans-serif;\"><strong>Kolay Uygulama:<\/strong> Granufert'i do\u011frudan topra\u011fa serpebilir veya fermente g\u00fcbrelerle kar\u0131\u015ft\u0131rabilirsiniz, bu da onu \u00e7ok y\u00f6nl\u00fc ve kullan\u0131m\u0131 kolay hale getirir.<\/span><\/li>\n<li><span style=\"font-size: 14pt; font-family: arial, helvetica, sans-serif;\"><strong>Geli\u015ftirilmi\u015f Toprak Verimlili\u011fi:<\/strong> Granufert'teki s\u00fclf\u00fcr kapl\u0131 gran\u00fcller, toprak verimlili\u011fini art\u0131ran ve besin kullan\u0131labilirli\u011fini geli\u015ftiren asidik bir etki ekler.<\/span><\/li>\n<li><span style=\"font-size: 14pt; font-family: arial, helvetica, sans-serif;\"><strong>Kararl\u0131 ve Uzun \u00d6m\u00fcrl\u00fc:<\/strong> S\u00fclf\u00fcr kaplama Granufert'i toprakta daha uzun s\u00fcre tutarak stabilite sa\u011flar ve zaman i\u00e7inde bitki sa\u011fl\u0131\u011f\u0131n\u0131 destekler.<\/span><\/li>\n<li><span style=\"font-size: 14pt; font-family: arial, helvetica, sans-serif;\"><strong>Kapsaml\u0131 Besin Kar\u0131\u015f\u0131m\u0131:<\/strong> Granufert azot, fosfor ve potasyumun yan\u0131 s\u0131ra magnezyum ve demir gibi temel iz elementleri de i\u00e7erir ve bunlar\u0131n her ikisi de sa\u011fl\u0131kl\u0131 bitki b\u00fcy\u00fcmesi i\u00e7in \u00e7ok \u00f6nemlidir.<\/span><\/li>\n<\/ul>\n<h3><span style=\"font-size: 14pt; font-family: arial, helvetica, sans-serif;\">Granufert 12-12-17 Kimyasal Bile\u015fim<\/span><\/h3>\n<ul>\n<li><span style=\"font-size: 14pt; font-family: arial, helvetica, sans-serif;\"><strong>Birincil Besinler:<\/strong> Azot (N), Fosfor (P\u2082O\u2085), Potasyum (K\u2082O).<\/span><\/li>\n<li><span style=\"font-size: 14pt; font-family: arial, helvetica, sans-serif;\"><strong>Ek Besin:<\/strong> S\u00fclf\u00fcr (S).<\/span><\/li>\n<\/ul>\n<h3><span style=\"font-size: 14pt; font-family: arial, helvetica, sans-serif;\">\u0130deal Uygulama<\/span><\/h3>\n<p><span style=\"font-size: 14pt; font-family: arial, helvetica, sans-serif;\"><strong>Granufert 12-12-17+6S i\u00e7in tavsiye edilir:<\/strong><\/span><\/p>\n<ol>\n<li><span style=\"font-size: 14pt; font-family: arial, helvetica, sans-serif;\">Ye\u015fil Peyzajlar<\/span><\/li>\n<li><span style=\"font-size: 14pt; font-family: arial, helvetica, sans-serif;\">Meyve A\u011fa\u00e7lar\u0131 (Elma, Badem, Zeytin, \u00dcz\u00fcm ve Narenciye gibi)<\/span><\/li>\n<li><span style=\"font-size: 14pt; font-family: arial, helvetica, sans-serif;\">Tarla Bitkileri<\/span><\/li>\n<li><span style=\"font-size: 14pt; font-family: arial, helvetica, sans-serif;\">D\u0131\u015f Mekan S\u00fcs Bitkileri<\/span><\/li>\n<\/ol>\n<h3 data-start=\"81\" data-end=\"114\">Uygulama Oran\u0131<\/h3>\n<h4 data-start=\"81\" data-end=\"114\"><strong data-start=\"87\" data-end=\"112\">A\u00e7\u0131k Alan Sebzeleri<\/strong><\/h4>\n<ul data-start=\"115\" data-end=\"223\">\n<li data-start=\"115\" data-end=\"223\">\n<p data-start=\"117\" data-end=\"223\"><span style=\"font-size: 14pt;\"><em data-start=\"117\" data-end=\"223\">Haz\u0131rl\u0131k g\u00fcbresi olarak sebze ekiminden \u00f6nce veya \u00e7ift s\u00fcrme s\u0131ras\u0131nda \u00e7izilere serpilerek kullan\u0131l\u0131r.<\/em><\/span><\/p>\n<\/li>\n<\/ul>\n<h4 data-start=\"230\" data-end=\"253\"><strong data-start=\"236\" data-end=\"251\">Meyve A\u011fa\u00e7lar\u0131<\/strong><\/h4>\n<ul data-start=\"254\" data-end=\"348\">\n<li data-start=\"254\" data-end=\"348\">\n<p data-start=\"256\" data-end=\"348\"><span style=\"font-size: 14pt;\"><em data-start=\"256\" data-end=\"348\">Ya\u015fa ba\u011fl\u0131 olarak 1-2 kg\/a\u011fa\u00e7.<\/em><\/span><\/p>\n<\/li>\n<\/ul>\n<h4 data-start=\"355\" data-end=\"378\"><strong data-start=\"361\" data-end=\"376\">Tarla Bitkileri<\/strong><\/h4>\n<ul data-start=\"379\" data-end=\"462\">\n<li data-start=\"379\" data-end=\"462\">\n<p data-start=\"381\" data-end=\"462\"><span style=\"font-size: 14pt;\"><em data-start=\"381\" data-end=\"462\">500 kg\/Ha ekim s\u0131ras\u0131nda ve b\u00fcy\u00fcme ba\u015flad\u0131ktan sonra tekrar uygulan\u0131r.<\/em><\/span><\/p>\n<\/li>\n<\/ul>\n<h4 data-start=\"469\" data-end=\"500\"><strong data-start=\"475\" data-end=\"498\">D\u0131\u015f Mekan S\u00fcs Bitkileri<\/strong><\/h4>\n<ul data-start=\"501\" data-end=\"582\">\n<li data-start=\"501\" data-end=\"582\">\n<p data-start=\"503\" data-end=\"582\"><span style=\"font-size: 14pt;\"><em data-start=\"503\" data-end=\"582\">25 g\/m\u00b2 aktif b\u00fcy\u00fcme s\u0131ras\u0131nda ayda bir kez eklenmelidir.<\/em><\/span><\/p>\n<\/li>\n<\/ul>\n<h3>Paketleme<\/h3>\n<ul>\n<li><span style=\"font-size: 14pt;\">25 Kg torba.<\/span><\/li>\n<li><span style=\"font-size: 14pt;\">50 Kg torba.<\/span><\/li>\n<\/ul>\n<p><img loading=\"lazy\" decoding=\"async\" class=\"alignnone size-medium wp-image-16435\" src=\"https:\/\/alqawafel.com\/wp-content\/uploads\/2024\/11\/Granufert-Logo-12-12-17-300x300.webp\" alt=\"Granufert 12-12-17\" width=\"300\" height=\"300\" srcset=\"https:\/\/alqawafel.com\/wp-content\/uploads\/2024\/11\/Granufert-Logo-12-12-17-300x300.webp 300w, https:\/\/alqawafel.com\/wp-content\/uploads\/2024\/11\/Granufert-Logo-12-12-17-150x150.webp 150w, https:\/\/alqawafel.com\/wp-content\/uploads\/2024\/11\/Granufert-Logo-12-12-17-768x768.webp 768w, https:\/\/alqawafel.com\/wp-content\/uploads\/2024\/11\/Granufert-Logo-12-12-17.webp 1000w\" sizes=\"auto, (max-width: 300px) 100vw, 300px\" \/><\/p>","protected":false},"excerpt":{"rendered":"<p data-start=\"125\" data-end=\"320\"><span style=\"font-size: 14pt;\">Granufert 12-12-17+6S g\u00fcbresi meyve kalitesini, toprak verimlili\u011fini ve kal\u0131c\u0131 bitki sa\u011fl\u0131\u011f\u0131n\u0131 art\u0131rmak i\u00e7in m\u00fckemmeldir.<\/span><\/p>","protected":false},"featured_media":16435,"comment_status":"open","ping_status":"closed","template":"","meta":{"om_disable_all_campaigns":false,"_monsterinsights_skip_tracking":false,"_monsterinsights_sitenote_active":false,"_monsterinsights_sitenote_note":"","_monsterinsights_sitenote_category":0},"product_brand":[2214],"product_cat":[50,2128],"product_tag":[866,886,463,1971,907,470],"class_list":{"0":"post-10028","1":"product","2":"type-product","3":"status-publish","4":"has-post-thumbnail","6":"product_brand-granufert","7":"product_cat-fertilizers","8":"product_cat-npk-granular-fertilizers","9":"product_tag-al-qawafel-ind-agr-co","10":"product_tag-balanced-nutrients","11":"product_tag-fertilizer","12":"product_tag-granufert-12-12-17","13":"product_tag-long-term-feeding","14":"product_tag-soil-fertility","16":"first","17":"instock","18":"shipping-taxable","19":"product-type-simple"},"aioseo_notices":[],"_links":{"self":[{"href":"https:\/\/alqawafel.com\/tr\/wp-json\/wp\/v2\/product\/10028","targetHints":{"allow":["GET"]}}],"collection":[{"href":"https:\/\/alqawafel.com\/tr\/wp-json\/wp\/v2\/product"}],"about":[{"href":"https:\/\/alqawafel.com\/tr\/wp-json\/wp\/v2\/types\/product"}],"replies":[{"embeddable":true,"href":"https:\/\/alqawafel.com\/tr\/wp-json\/wp\/v2\/comments?post=10028"}],"version-history":[{"count":30,"href":"https:\/\/alqawafel.com\/tr\/wp-json\/wp\/v2\/product\/10028\/revisions"}],"predecessor-version":[{"id":19918,"href":"https:\/\/alqawafel.com\/tr\/wp-json\/wp\/v2\/product\/10028\/revisions\/19918"}],"wp:featuredmedia":[{"embeddable":true,"href":"https:\/\/alqawafel.com\/tr\/wp-json\/wp\/v2\/media\/16435"}],"wp:attachment":[{"href":"https:\/\/alqawafel.com\/tr\/wp-json\/wp\/v2\/media?parent=10028"}],"wp:term":[{"taxonomy":"product_brand","embeddable":true,"href":"https:\/\/alqawafel.com\/tr\/wp-json\/wp\/v2\/product_brand?post=10028"},{"taxonomy":"product_cat","embeddable":true,"href":"https:\/\/alqawafel.com\/tr\/wp-json\/wp\/v2\/product_cat?post=10028"},{"taxonomy":"product_tag","embeddable":true,"href":"https:\/\/alqawafel.com\/tr\/wp-json\/wp\/v2\/product_tag?post=10028"}],"curies":[{"name":"wp","href":"https:\/\/api.w.org\/{rel}","templated":true}]}}