{"id":10056,"date":"2024-11-13T15:42:50","date_gmt":"2024-11-13T15:42:50","guid":{"rendered":"https:\/\/alqawafel.com\/?post_type=product&#038;p=10056"},"modified":"2025-09-18T08:18:03","modified_gmt":"2025-09-18T08:18:03","slug":"mikronat-15","status":"publish","type":"product","link":"https:\/\/alqawafel.com\/tr\/product\/micronate-15\/","title":{"rendered":"Micronate 15 G\u00fcbre"},"content":{"rendered":"<h3><strong>Neden Micronate 15'i Se\u00e7melisiniz?<\/strong><\/h3>\n<p><span style=\"font-size: 18px;\">Micronate 15, sa\u011fl\u0131kl\u0131 bitki b\u00fcy\u00fcmesini desteklemek i\u00e7in \u00f6zel olarak form\u00fcle edilmi\u015f demir, \u00e7inko, bor, magnezyum, manganez ve bak\u0131r gibi \u015felatl\u0131 mikro besinlerin g\u00fc\u00e7l\u00fc bir kar\u0131\u015f\u0131m\u0131n\u0131 sunar. Etilen Diamin Tetraasetik ve sitrik asitlerle \u015felatlanan bu besinler h\u0131zl\u0131 ve verimli bir \u015fekilde emilerek bitkilerin besin d\u00fczeltmesinden hemen faydalanmas\u0131n\u0131 ve sararan yapraklar gibi yayg\u0131n eksikliklerin etkili bir \u015fekilde giderilmesini sa\u011flar. Ayr\u0131ca Micronate 15, b\u00fcy\u00fcmeyi daha da art\u0131ran, bitki direncini g\u00fc\u00e7lendiren ve dona ve \u00e7evresel de\u011fi\u015fikliklere kar\u015f\u0131 direnci art\u0131ran organik asitler, amino asitler ve temel vitaminler i\u00e7erir.<\/span><\/p>\n<p><span style=\"font-size: 18px;\">Ayr\u0131ca Micronate 15, besin emilimini en \u00fcst d\u00fczeye \u00e7\u0131karmak i\u00e7in benzersiz katk\u0131 maddeleri ve yay\u0131c\u0131 maddeler i\u00e7erir ve bitkilerin mevcut t\u00fcm besin maddelerinden tam olarak yararlanmas\u0131n\u0131 sa\u011flar. Bu \u00e7ok y\u00f6nl\u00fc kar\u0131\u015f\u0131m hem yapraktan hem de topraktan uygulanabilir ve \u00e7e\u015fitli \u00fcr\u00fcnlerde besin eksikliklerini korumak ve tedavi etmek i\u00e7in esnek se\u00e7enekler sunar.<\/span><\/p>\n<h3><strong>Micronate 15 Mikro Besin G\u00fcbresinin Temel Faydalar\u0131<\/strong><\/h3>\n<ul>\n<li><span style=\"font-size: 18px;\"><strong>Kapsaml\u0131 Mikro Besin Deste\u011fi:<\/strong> Dengeli bitki sa\u011fl\u0131\u011f\u0131 sa\u011flamak i\u00e7in demir, \u00e7inko, bor, magnezyum, manganez ve bak\u0131r gibi temel elementleri sa\u011flar.<\/span><\/li>\n<li><span style=\"font-size: 18px;\"><strong>Y\u00fcksek Emilim ve Verimlilik:<\/strong> \u015eelatl\u0131 form\u00fclasyon, hem yaprak hem de toprak uygulamalar\u0131 yoluyla h\u0131zl\u0131 besin al\u0131m\u0131na izin vererek g\u00fcbreleme etkisini art\u0131r\u0131r.<\/span><\/li>\n<li><span style=\"font-size: 18px;\"><strong>Geli\u015ftirilmi\u015f Bitki Direnci:<\/strong> \u00c7evresel strese kar\u015f\u0131 direnci art\u0131r\u0131r ve canl\u0131 yaprak b\u00fcy\u00fcmesini destekleyerek genel bitki canl\u0131l\u0131\u011f\u0131n\u0131 art\u0131r\u0131r.<\/span><\/li>\n<li><span style=\"font-size: 18px;\"><strong>Uygun Maliyetli \u00c7\u00f6z\u00fcm:<\/strong> Koruma programlar\u0131 i\u00e7in uygundur, maliyetleri d\u00fc\u015f\u00fcrmeye ve g\u00fcbreleme verimlili\u011fini art\u0131rmaya yard\u0131mc\u0131 olur.<\/span><\/li>\n<li><span style=\"font-size: 18px;\"><strong>H\u0131zl\u0131 B\u00fcy\u00fcyen Mahsuller i\u00e7in Optimal:<\/strong> \u00d6zellikle k\u0131sa b\u00fcy\u00fcme mevsimi olan mahsuller i\u00e7in faydal\u0131d\u0131r ve besin eksikliklerine h\u0131zl\u0131 bir yan\u0131t sa\u011flar.<\/span><\/li>\n<\/ul>\n<h3><strong>Mikronat \u0130\u00e7erisindeki Temel Mikro Besin Maddelerinin Rol\u00fc 15<\/strong><\/h3>\n<ul>\n<li><span style=\"font-size: 18px;\"><strong>Demir (Fe):<\/strong> Klorofil sentezi ve fotosentez i\u00e7in gereklidir; b\u00fcy\u00fcmeyi desteklemek i\u00e7in enzimleri aktive eder.<\/span><\/li>\n<li><span style=\"font-size: 18px;\"><strong>\u00c7inko (Zn):<\/strong> Protein sentezi, enzim aktivasyonu ve klorofilin stabilize edilmesi i\u00e7in hayati \u00f6nem ta\u015f\u0131r.<\/span><\/li>\n<li><span style=\"font-size: 18px;\"><strong>Manganez (Mn):<\/strong> Fotosentezi, protein sentezini ve ozmoz reg\u00fclasyonunu destekler.<\/span><\/li>\n<li><span style=\"font-size: 18px;\"><strong>Magnezyum (Mg):<\/strong> Klorofil olu\u015fumu ve fotosentez s\u00fcreci i\u00e7in gereklidir.<\/span><\/li>\n<li><span style=\"font-size: 18px;\"><strong>Bor (B):<\/strong> \u015eeker ta\u015f\u0131nmas\u0131na ve h\u00fccre duvar\u0131 yap\u0131s\u0131na yard\u0131mc\u0131 olarak besin ta\u015f\u0131nmas\u0131n\u0131 art\u0131r\u0131r.<\/span><\/li>\n<li><span style=\"font-size: 18px;\"><strong>Bak\u0131r (Cu):<\/strong> Protein sentezini kolayla\u015ft\u0131r\u0131r ve kritik enzimleri aktive eder.<\/span><\/li>\n<\/ul>\n<h3><strong>Micronate 15 i\u00e7in Uygulama Y\u00f6ntemleri<\/strong><\/h3>\n<p><span style=\"font-size: 18px;\">Micronate 15, farkl\u0131 mahsul ihtiya\u00e7lar\u0131na uyacak \u015fekilde birden fazla \u015fekilde uygulanabilir:<\/span><\/p>\n<ol>\n<li><span style=\"font-size: 18px;\"><strong>Do\u011frudan Emilim i\u00e7in Yapraktan Uygulama:<\/strong> H\u0131zl\u0131 b\u00fcy\u00fcyen mahsuller ve en yo\u011fun b\u00fcy\u00fcme d\u00f6nemleri i\u00e7in idealdir, verimli al\u0131m ve an\u0131nda besin faydalar\u0131 sa\u011flar.<\/span><\/li>\n<li><span style=\"font-size: 18px;\"><strong>K\u00f6k Emilimi i\u00e7in Toprak Uygulamas\u0131:<\/strong> Besin maddelerini do\u011frudan k\u00f6k b\u00f6lgesine ileterek bitkinin s\u00fcrekli beslenmesini destekler.<\/span><\/li>\n<li><span style=\"font-size: 18px;\"><strong>D\u00fczg\u00fcn Da\u011f\u0131t\u0131m i\u00e7in G\u00fcbreleme:<\/strong> Sulama sistemleri ile uyumludur, besin maddelerinin tarlalara e\u015fit olarak da\u011f\u0131t\u0131lmas\u0131n\u0131 sa\u011flar.<\/span><\/li>\n<\/ol>\n<h3><strong>\u0130deal Uygulama<\/strong><\/h3>\n<p><strong><span style=\"font-size: 18px;\">Micronate 15 \u00e7ok y\u00f6nl\u00fcd\u00fcr ve a\u015fa\u011f\u0131dakiler de dahil olmak \u00fczere geni\u015f bir \u00fcr\u00fcn yelpazesi i\u00e7in uygundur:<\/span><\/strong><\/p>\n<ul>\n<li><span style=\"font-size: 18px;\">Sebzeler (Sera ve A\u00e7\u0131k Alan)<\/span><\/li>\n<li><span style=\"font-size: 18px;\">Meyve A\u011fa\u00e7lar\u0131<\/span><\/li>\n<li><span style=\"font-size: 18px;\">Tarla Bitkileri<\/span><\/li>\n<li><span style=\"font-size: 18px;\">S\u00fcs Bitkileri<\/span><\/li>\n<\/ul>\n<h3>Uygulama Oran\u0131<\/h3>\n<p data-start=\"149\" data-end=\"173\"><span style=\"font-size: 14pt;\"><strong data-start=\"149\" data-end=\"171\">Yapraktan Uygulama<\/strong><\/span><\/p>\n<ul data-start=\"174\" data-end=\"405\">\n<li data-start=\"174\" data-end=\"216\">\n<p data-start=\"176\" data-end=\"216\"><span style=\"font-size: 14pt;\">Sebzeler: 200-250 g \/ 200 L su<\/span><\/p>\n<\/li>\n<li data-start=\"217\" data-end=\"260\">\n<p data-start=\"219\" data-end=\"260\"><span style=\"font-size: 14pt;\">Meyve A\u011fa\u00e7lar\u0131: 250-300 g \/ 200 L su<\/span><\/p>\n<\/li>\n<li data-start=\"330\" data-end=\"358\">\n<p data-start=\"332\" data-end=\"358\"><span style=\"font-size: 14pt;\">Tarla Bitkileri: 1-2 kg\/ha<\/span><\/p>\n<\/li>\n<li data-start=\"359\" data-end=\"405\">\n<p data-start=\"361\" data-end=\"405\"><span style=\"font-size: 14pt;\">S\u00fcs Bitkileri: 10-20 g \/ 20 L su<\/span><\/p>\n<\/li>\n<\/ul>\n<p data-start=\"407\" data-end=\"429\"><span style=\"font-size: 14pt;\"><strong data-start=\"407\" data-end=\"427\">Toprak Uygulamas\u0131<\/strong><\/span><\/p>\n<ul data-start=\"430\" data-end=\"658\">\n<li data-start=\"430\" data-end=\"483\">\n<p data-start=\"432\" data-end=\"483\"><span style=\"font-size: 14pt;\">Sera Sebzeleri: 250-500 g \/ ev (500 m\u00b2)<\/span><\/p>\n<\/li>\n<li data-start=\"484\" data-end=\"530\">\n<p data-start=\"486\" data-end=\"530\"><span style=\"font-size: 14pt;\">A\u00e7\u0131k Tarla Sebzeleri: 250-500 g \/ 1000 m\u00b2<\/span><\/p>\n<\/li>\n<li data-start=\"531\" data-end=\"591\">\n<p data-start=\"533\" data-end=\"591\"><span style=\"font-size: 14pt;\">Meyve A\u011fa\u00e7lar\u0131: 50-100 g \/ a\u011fa\u00e7 (t\u00fcr\u00fcne ve ya\u015f\u0131na ba\u011fl\u0131 olarak)<\/span><\/p>\n<\/li>\n<li data-start=\"592\" data-end=\"658\">\n<p data-start=\"594\" data-end=\"658\"><span style=\"font-size: 14pt;\">Muz: 2-3 haftada bir 100-200 g \/ 1000 L sulama suyu<\/span><\/p>\n<\/li>\n<\/ul>\n<p data-start=\"660\" data-end=\"677\"><span style=\"font-size: 14pt;\"><strong data-start=\"660\" data-end=\"675\">G\u00fcbreleme<\/strong><\/span><\/p>\n<ul data-start=\"678\" data-end=\"743\">\n<li data-start=\"678\" data-end=\"743\">\n<p data-start=\"680\" data-end=\"743\"><span style=\"font-size: 14pt;\">10-20 g \/ 100 L su<\/span><\/p>\n<\/li>\n<\/ul>\n<h3><strong>Mikronat 15 Kimyasal Bile\u015fimi<\/strong><\/h3>\n<ul>\n<li><span style=\"font-size: 18px;\"><strong>Demir (Fe 4%):<\/strong> Sitrik Asit ile \u015eelatlanm\u0131\u015f EDTA<\/span><\/li>\n<li><span style=\"font-size: 18px;\"><strong>\u00c7inko (Zn 4%):<\/strong> Sitrik Asit ile \u015eelatlanm\u0131\u015f EDTA<\/span><\/li>\n<li><span style=\"font-size: 18px;\"><strong>Manganez (Mn 3%):<\/strong> Sitrik Asit ile \u015eelatlanm\u0131\u015f EDTA<\/span><\/li>\n<li><span style=\"font-size: 18px;\"><strong>Magnezyum (Mg 2%):<\/strong> Sitrik Asit ile \u015eelatlanm\u0131\u015f EDTA<\/span><\/li>\n<li><span style=\"font-size: 18px;\"><strong>Bor (B 1.5%)<\/strong><\/span><\/li>\n<li><span style=\"font-size: 18px;\"><strong>Bak\u0131r (Cu 0.05%):<\/strong> Sitrik Asit ile \u015eelatlanm\u0131\u015f EDTA<\/span><\/li>\n<li><span style=\"font-size: 18px;\"><strong>Molibden (Mo)<\/strong><\/span><\/li>\n<\/ul>\n<h3><strong>Paketleme<\/strong><\/h3>\n<p><span style=\"font-size: 18px;\">1 kg ve 5 kg'l\u0131k torbalarda mevcut olan Micronate 15, \u00e7e\u015fitli tar\u0131msal ihtiya\u00e7lar\u0131 kar\u015f\u0131lamak i\u00e7in uygun ambalajlar sunar.<\/span><\/p>\n<p><img loading=\"lazy\" decoding=\"async\" class=\"alignnone size-medium wp-image-17022\" src=\"https:\/\/alqawafel.com\/wp-content\/uploads\/2024\/11\/Micronate-15-LOGO-300x300.webp\" alt=\"Mikronat 15\" width=\"300\" height=\"300\" \/><\/p>","protected":false},"excerpt":{"rendered":"<p><span style=\"font-size: 18px;\">Micronate 15, eksiklikleri tedavi etmek ve bitki direncini art\u0131rmak i\u00e7in organik asitler, amino asitler ve vitaminlerle zenginle\u015ftirilmi\u015f \u015felatl\u0131 bir mikro besin kar\u0131\u015f\u0131m\u0131d\u0131r.<\/span><\/p>","protected":false},"featured_media":0,"comment_status":"open","ping_status":"closed","template":"","meta":{"om_disable_all_campaigns":false,"_monsterinsights_skip_tracking":false,"_monsterinsights_sitenote_active":false,"_monsterinsights_sitenote_note":"","_monsterinsights_sitenote_category":0},"product_brand":[2216],"product_cat":[50,2135],"product_tag":[866,924,926,463,930,931,932],"class_list":{"0":"post-10056","1":"product","2":"type-product","3":"status-publish","5":"product_brand-micronate","6":"product_cat-fertilizers","7":"product_cat-micro-nutrients-fertilizers","8":"product_tag-al-qawafel-ind-agr-co","9":"product_tag-chelated-micronutrients","10":"product_tag-deficiency-correction","11":"product_tag-fertilizer","12":"product_tag-foliar-soil","13":"product_tag-micronate-15","14":"product_tag-rapid-absorption","16":"first","17":"instock","18":"shipping-taxable","19":"product-type-simple"},"aioseo_notices":[],"_links":{"self":[{"href":"https:\/\/alqawafel.com\/tr\/wp-json\/wp\/v2\/product\/10056","targetHints":{"allow":["GET"]}}],"collection":[{"href":"https:\/\/alqawafel.com\/tr\/wp-json\/wp\/v2\/product"}],"about":[{"href":"https:\/\/alqawafel.com\/tr\/wp-json\/wp\/v2\/types\/product"}],"replies":[{"embeddable":true,"href":"https:\/\/alqawafel.com\/tr\/wp-json\/wp\/v2\/comments?post=10056"}],"version-history":[{"count":6,"href":"https:\/\/alqawafel.com\/tr\/wp-json\/wp\/v2\/product\/10056\/revisions"}],"predecessor-version":[{"id":19970,"href":"https:\/\/alqawafel.com\/tr\/wp-json\/wp\/v2\/product\/10056\/revisions\/19970"}],"wp:attachment":[{"href":"https:\/\/alqawafel.com\/tr\/wp-json\/wp\/v2\/media?parent=10056"}],"wp:term":[{"taxonomy":"product_brand","embeddable":true,"href":"https:\/\/alqawafel.com\/tr\/wp-json\/wp\/v2\/product_brand?post=10056"},{"taxonomy":"product_cat","embeddable":true,"href":"https:\/\/alqawafel.com\/tr\/wp-json\/wp\/v2\/product_cat?post=10056"},{"taxonomy":"product_tag","embeddable":true,"href":"https:\/\/alqawafel.com\/tr\/wp-json\/wp\/v2\/product_tag?post=10056"}],"curies":[{"name":"wp","href":"https:\/\/api.w.org\/{rel}","templated":true}]}}