{"id":10060,"date":"2024-11-13T16:11:47","date_gmt":"2024-11-13T16:11:47","guid":{"rendered":"https:\/\/alqawafel.com\/?post_type=product&#038;p=10060"},"modified":"2025-07-09T09:46:41","modified_gmt":"2025-07-09T09:46:41","slug":"micronate-cu-15","status":"publish","type":"product","link":"https:\/\/alqawafel.com\/tr\/product\/micronate-cu-15\/","title":{"rendered":"Mikronat Cu 15% G\u00fcbre"},"content":{"rendered":"<h3>Neden Micronate Cu 15%'yi Se\u00e7melisiniz?<\/h3>\n<p><span style=\"font-size: 18px;\">Micronate Cu 15%, bak\u0131r eksikliklerini h\u0131zl\u0131 ve etkili bir \u015fekilde gidermek i\u00e7in tasarlanm\u0131\u015f y\u00fcksek konsantrasyonlu ve kimyasal olarak saf bir bak\u0131r g\u00fcbresidir. Bu form\u00fclasyon bak\u0131r\u0131n biyokimyasal fonksiyonlar\u0131n\u0131 geli\u015ftirir, \u00f6zellikle fotosentezi ve enzim aktivasyonunu destekler. Eksiklik belirtileri ortaya \u00e7\u0131kt\u0131\u011f\u0131nda, Micronate Cu 15%'nin hemen kullan\u0131lmas\u0131 ve belirtiler devam ederse tedavinin 1-2 haftada bir tekrarlanmas\u0131 \u00f6nerilir.<\/span><\/p>\n<h3>Micronate Cu 15% Bak\u0131r G\u00fcbresinin Temel Faydalar\u0131<\/h3>\n<ul>\n<li><span style=\"font-size: 18px;\"><strong>Y\u00fcksek Konsantrasyonlu Bak\u0131r:<\/strong> Eksiklikleri etkili bir \u015fekilde gidermek i\u00e7in g\u00fc\u00e7l\u00fc bir bak\u0131r kayna\u011f\u0131 sa\u011flar.<\/span><\/li>\n<li><span style=\"font-size: 18px;\"><strong>Geli\u015ftirilmi\u015f Fotosentez Deste\u011fi:<\/strong> Fotosentez s\u00fcrecini te\u015fvik ederek bitkilerin b\u00fcy\u00fcme i\u00e7in gereken enerjiye sahip olmas\u0131n\u0131 sa\u011flar.<\/span><\/li>\n<li><span style=\"font-size: 18px;\"><strong>Klorofil Stabilitesini \u0130yile\u015ftirir:<\/strong> Erken klorofil par\u00e7alanmas\u0131n\u0131 azaltarak bitkilerin canl\u0131 ve sa\u011fl\u0131kl\u0131 yapraklar b\u0131rakmas\u0131na yard\u0131mc\u0131 olur.<\/span><\/li>\n<li><span style=\"font-size: 18px;\"><strong>H\u0131zl\u0131 Etkili \u00c7\u00f6z\u00fcm:<\/strong> \u00d6zellikle eksiklik belirtileri g\u00f6r\u00fcn\u00fcr hale geldi\u011finde, bak\u0131r eksikliklerinin h\u0131zl\u0131 bir \u015fekilde d\u00fczeltilmesi i\u00e7in idealdir.<\/span><\/li>\n<\/ul>\n<h3>Bak\u0131r\u0131n Bitki Sa\u011fl\u0131\u011f\u0131ndaki Rol\u00fc<\/h3>\n<p><span style=\"font-size: 18px;\">Bak\u0131r, bitkilerdeki \u00e7e\u015fitli biyokimyasal s\u00fcre\u00e7ler i\u00e7in gereklidir:<\/span><\/p>\n<ul>\n<li><span style=\"font-size: 18px;\"><strong>Protein Sentezi:<\/strong> Bitki b\u00fcy\u00fcmesi ve onar\u0131m\u0131 i\u00e7in \u00e7ok \u00f6nemli olan protein olu\u015fumunu destekler.<\/span><\/li>\n<li><span style=\"font-size: 18px;\"><strong>Enzim Aktivasyonu:<\/strong> Fotosentez ve di\u011fer metabolik fonksiyonlarda yer alan enzimleri aktive eder.<\/span><\/li>\n<li><span style=\"font-size: 18px;\"><strong>Klorofil Stabilitesi:<\/strong> Klorofilin erken par\u00e7alanmas\u0131n\u0131 \u00f6nlemeye yard\u0131mc\u0131 olarak yaprak sa\u011fl\u0131\u011f\u0131n\u0131 ve rengini korur.<\/span><\/li>\n<\/ul>\n<h3 class=\"translation-block\"><span style=\"font-size: 18px\">Kimyasal Bile\u015fimi<\/span>ition<\/h3>\n<ul>\n<li><span style=\"font-size: 18px;\"><strong>Bak\u0131r (Cu):<\/strong> 15% (Sitrik Asit ile \u015eelatl\u0131 EDTA)<\/span><\/li>\n<\/ul>\n<h3>\u0130deal Uygulama<\/h3>\n<ul>\n<li data-start=\"314\" data-end=\"348\">\n<p data-start=\"316\" data-end=\"348\"><span style=\"font-size: 14pt;\"><strong data-start=\"316\" data-end=\"331\">Meyve a\u011fa\u00e7lar\u0131<\/strong> (\u00f6rne\u011fin, narenciye)<\/span><\/p>\n<\/li>\n<li data-start=\"349\" data-end=\"394\">\n<p data-start=\"351\" data-end=\"394\"><span style=\"font-size: 14pt;\"><strong data-start=\"351\" data-end=\"365\">Sebzeler<\/strong> (korumal\u0131 ve a\u00e7\u0131k alan)<\/span><\/p>\n<\/li>\n<li data-start=\"395\" data-end=\"516\">\n<p data-start=\"397\" data-end=\"516\"><span style=\"font-size: 14pt;\"><strong data-start=\"397\" data-end=\"412\">Tarla bitkileri<\/strong> ve <strong data-start=\"417\" data-end=\"438\">s\u00fcs bi\u0307tki\u0307leri\u0307<\/strong><\/span><\/p>\n<\/li>\n<\/ul>\n<h3>Uygulama Oran\u0131<\/h3>\n<p><span style=\"font-size: 14pt;\">200 litre su ba\u015f\u0131na 200-250 g.<\/span><\/p>\n<h3>Paketleme<\/h3>\n<p><span style=\"font-size: 18px;\">Micronate Cu 15%, bak\u0131r eksikliklerini tedavi etmek i\u00e7in hassas uygulama i\u00e7in uygun olan 1 kg'l\u0131k torbalarda mevcuttur.<\/span><\/p>\n<p><img loading=\"lazy\" decoding=\"async\" class=\"alignnone size-medium wp-image-18735\" src=\"https:\/\/alqawafel.com\/wp-content\/uploads\/2024\/11\/Micronatr-CU-15-300x300.webp\" alt=\"Micronate Cu 15% (EDTA Sitrik Asit) bitkilerde fotosentezi, enzim aktivasyonunu ve klorofil stabilitesini destekleyen y\u00fcksek safl\u0131kta bir bak\u0131r g\u00fcbresidir.\" width=\"300\" height=\"300\" srcset=\"https:\/\/alqawafel.com\/wp-content\/uploads\/2024\/11\/Micronatr-CU-15-300x300.webp 300w, https:\/\/alqawafel.com\/wp-content\/uploads\/2024\/11\/Micronatr-CU-15-150x150.webp 150w, https:\/\/alqawafel.com\/wp-content\/uploads\/2024\/11\/Micronatr-CU-15-768x768.webp 768w, https:\/\/alqawafel.com\/wp-content\/uploads\/2024\/11\/Micronatr-CU-15.webp 1000w\" sizes=\"auto, (max-width: 300px) 100vw, 300px\" \/><\/p>","protected":false},"excerpt":{"rendered":"<p><span style=\"font-size: 18px;\">Micronate Cu 15% (EDTA Sitrik Asit) bitkilerde fotosentezi, enzim aktivasyonunu ve klorofil stabilitesini destekleyen y\u00fcksek safl\u0131kta bir bak\u0131r g\u00fcbresidir.<\/span><\/p>","protected":false},"featured_media":18735,"comment_status":"open","ping_status":"closed","template":"","meta":{"om_disable_all_campaigns":false,"_monsterinsights_skip_tracking":false,"_monsterinsights_sitenote_active":false,"_monsterinsights_sitenote_note":"","_monsterinsights_sitenote_category":0},"product_brand":[2216],"product_cat":[50,2135],"product_tag":[866,939,940,941,463,930,935,938,937],"class_list":{"0":"post-10060","1":"product","2":"type-product","3":"status-publish","4":"has-post-thumbnail","6":"product_brand-micronate","7":"product_cat-fertilizers","8":"product_cat-micro-nutrients-fertilizers","9":"product_tag-al-qawafel-ind-agr-co","10":"product_tag-chlorophyll-support","11":"product_tag-copper-deficiency","12":"product_tag-enzyme-activation","13":"product_tag-fertilizer","14":"product_tag-foliar-soil","15":"product_tag-fruit-quality","16":"product_tag-high-copper-concentration","17":"product_tag-micronate-cu-15","19":"first","20":"instock","21":"shipping-taxable","22":"product-type-simple"},"aioseo_notices":[],"_links":{"self":[{"href":"https:\/\/alqawafel.com\/tr\/wp-json\/wp\/v2\/product\/10060","targetHints":{"allow":["GET"]}}],"collection":[{"href":"https:\/\/alqawafel.com\/tr\/wp-json\/wp\/v2\/product"}],"about":[{"href":"https:\/\/alqawafel.com\/tr\/wp-json\/wp\/v2\/types\/product"}],"replies":[{"embeddable":true,"href":"https:\/\/alqawafel.com\/tr\/wp-json\/wp\/v2\/comments?post=10060"}],"version-history":[{"count":7,"href":"https:\/\/alqawafel.com\/tr\/wp-json\/wp\/v2\/product\/10060\/revisions"}],"predecessor-version":[{"id":19349,"href":"https:\/\/alqawafel.com\/tr\/wp-json\/wp\/v2\/product\/10060\/revisions\/19349"}],"wp:featuredmedia":[{"embeddable":true,"href":"https:\/\/alqawafel.com\/tr\/wp-json\/wp\/v2\/media\/18735"}],"wp:attachment":[{"href":"https:\/\/alqawafel.com\/tr\/wp-json\/wp\/v2\/media?parent=10060"}],"wp:term":[{"taxonomy":"product_brand","embeddable":true,"href":"https:\/\/alqawafel.com\/tr\/wp-json\/wp\/v2\/product_brand?post=10060"},{"taxonomy":"product_cat","embeddable":true,"href":"https:\/\/alqawafel.com\/tr\/wp-json\/wp\/v2\/product_cat?post=10060"},{"taxonomy":"product_tag","embeddable":true,"href":"https:\/\/alqawafel.com\/tr\/wp-json\/wp\/v2\/product_tag?post=10060"}],"curies":[{"name":"wp","href":"https:\/\/api.w.org\/{rel}","templated":true}]}}