{"id":10084,"date":"2024-11-13T18:36:38","date_gmt":"2024-11-13T18:36:38","guid":{"rendered":"https:\/\/alqawafel.com\/?post_type=product&#038;p=10084"},"modified":"2025-07-06T09:45:29","modified_gmt":"2025-07-06T09:45:29","slug":"bona-beta","status":"publish","type":"product","link":"https:\/\/alqawafel.com\/tr\/product\/bona-beta\/","title":{"rendered":"BONA BETA"},"content":{"rendered":"<div class=\"flex-shrink-0 flex flex-col relative items-end\">\n<div class=\"pt-0\">\n<div class=\"gizmo-bot-avatar flex h-8 w-8 items-center justify-center overflow-hidden rounded-full\">\n<h4><strong>Neden BONA BETA'y\u0131 Se\u00e7melisiniz?<\/strong><\/h4>\n<p><span style=\"font-size: 18px;\">BONA BETA, domates, patl\u0131can, kabak, biber, salatal\u0131k, fasulye ve \u00e7ilek dahil olmak \u00fczere \u00e7ok \u00e7e\u015fitli \u00fcr\u00fcnlerde meyve tutumunu ve b\u00fcy\u00fcmesini art\u0131ran etkili bir bitki b\u00fcy\u00fcme d\u00fczenleyicisidir. Hem seralarda hem de a\u00e7\u0131k alanlarda uygulayabilece\u011finiz bu \u00fcr\u00fcn, \u00f6nemli \u00e7i\u00e7eklenme a\u015famas\u0131nda do\u011fal b\u00fcy\u00fcme s\u00fcre\u00e7lerini geli\u015ftirir. BONA BETA kullanarak, \u00fcr\u00fcnlerinizin sa\u011fl\u0131kl\u0131 ve bol verim elde etmesini aktif olarak desteklemi\u015f olursunuz.<\/span><\/p>\n<h3><strong>Temel Avantajlar<\/strong><\/h3>\n<ul>\n<li><span style=\"font-size: 18px;\"><strong>Meyve Tutumunu \u0130yile\u015ftirir:<\/strong> Meyve geli\u015fimini aktif olarak te\u015fvik ederek \u00e7e\u015fitli \u00fcr\u00fcnlerde daha y\u00fcksek verim sa\u011flar.<\/span><\/li>\n<li><span style=\"font-size: 18px;\"><strong>Meyve B\u00fcy\u00fckl\u00fc\u011f\u00fcn\u00fc Artt\u0131r\u0131r:<\/strong> Meyve b\u00fcy\u00fcmesini destekleyerek mahsullerin optimum boyut ve kaliteye ula\u015fmas\u0131na yard\u0131mc\u0131 olur.<\/span><\/li>\n<li><span style=\"font-size: 18px;\"><strong>\u00c7ok Y\u00f6nl\u00fc Uygulama:<\/strong> Hem seralarda hem de a\u00e7\u0131k arazi ko\u015fullar\u0131nda etkili olan uygulamalarla domates, patl\u0131can, kabak, biber, salatal\u0131k, fasulye ve \u00e7ilek i\u00e7in idealdir.<\/span><\/li>\n<\/ul>\n<h3><strong>Bile\u015fimi <\/strong><strong>BONA BETA<\/strong><\/h3>\n<ul>\n<li><span style=\"font-size: 18px;\"><strong>Etken Madde:<\/strong> Beta Naftoksi Asetik Asit 50 g\/L<\/span><\/li>\n<\/ul>\n<h3><strong>\u0130deal Uygulama\u00a0<\/strong><\/h3>\n<ul>\n<li data-start=\"70\" data-end=\"82\">\n<p data-start=\"72\" data-end=\"82\"><span style=\"font-size: 14pt;\">Domates<\/span><\/p>\n<\/li>\n<li data-start=\"83\" data-end=\"96\">\n<p data-start=\"85\" data-end=\"96\"><span style=\"font-size: 14pt;\">Patl\u0131can<\/span><\/p>\n<\/li>\n<li data-start=\"97\" data-end=\"109\">\n<p data-start=\"99\" data-end=\"109\"><span style=\"font-size: 14pt;\">Kabaklar<\/span><\/p>\n<\/li>\n<li data-start=\"110\" data-end=\"121\">\n<p data-start=\"112\" data-end=\"121\"><span style=\"font-size: 14pt;\">Biberler<\/span><\/p>\n<\/li>\n<li data-start=\"122\" data-end=\"135\">\n<p data-start=\"124\" data-end=\"135\"><span style=\"font-size: 14pt;\">Salatal\u0131k<\/span><\/p>\n<\/li>\n<li data-start=\"136\" data-end=\"145\">\n<p data-start=\"138\" data-end=\"145\"><span style=\"font-size: 14pt;\">Fasulye<\/span><\/p>\n<\/li>\n<li data-start=\"146\" data-end=\"162\">\n<p data-start=\"148\" data-end=\"162\"><span style=\"font-size: 14pt;\">\u00c7ilek<\/span><\/p>\n<\/li>\n<\/ul>\n<h3>Uygulama Oran\u0131<\/h3>\n<ul>\n<li data-start=\"188\" data-end=\"223\">\n<p data-start=\"190\" data-end=\"223\"><span style=\"font-size: 14pt;\"><strong data-start=\"190\" data-end=\"221\">1 litre su ba\u015f\u0131na 2-4 ml<\/strong><\/span><\/p>\n<\/li>\n<li data-start=\"224\" data-end=\"299\">\n<p data-start=\"226\" data-end=\"299\" class=\"translation-block\"><span style=\"font-size: 14pt\">G\u00fcn\u00fcn <strong data-start=\"243\" data-end=\"263\">\u00e7i\u00e7eklenme d\u00f6neminde<\/strong> ve <strong data-start=\"271\" data-end=\"298\">so\u011fuk saatlerinde<\/strong> uygulay\u0131n.<\/span><\/p>\n<\/li>\n<\/ul>\n<h3><strong>Paketleme<\/strong><\/h3>\n<ul>\n<li><span style=\"font-size: 18px;\"><strong>100 ml \u015ei\u015feler<\/strong><\/span><\/li>\n<\/ul>\n<p><img loading=\"lazy\" decoding=\"async\" class=\"alignnone size-medium wp-image-17071\" src=\"https:\/\/alqawafel.com\/wp-content\/uploads\/2024\/11\/\u0628\u0648\u0646\u0627-\u0628\u064a\u062a\u0627-LOGO-300x300.webp\" alt=\"BONA BETA\" width=\"300\" height=\"300\" srcset=\"\" sizes=\"auto, (max-width: 300px) 100vw, 300px\" data-srcset=\"\" \/><\/p>\n<\/div>\n<\/div>\n<\/div>\n<div id=\"hzImgLoader\" class=\"imgError\" style=\"width: auto; height: auto; line-height: 0px; overflow: hidden; padding: 0px; margin: 4px; position: absolute; z-index: 2147483647; border-radius: 4px; background-color: #ed0707; border: 4px solid #ed0707;\"><\/div>","protected":false},"excerpt":{"rendered":"<p><span style=\"font-size: 18px;\">BONA BETA, meyve tutumunu ve b\u00fcy\u00fcmesini te\u015fvik eden bir bitki b\u00fcy\u00fcme d\u00fczenleyicisidir, sera ve a\u00e7\u0131k alan bitkileri i\u00e7in idealdir.<\/span><\/p>","protected":false},"featured_media":17071,"comment_status":"open","ping_status":"closed","template":"","meta":{"om_disable_all_campaigns":false,"_monsterinsights_skip_tracking":false,"_monsterinsights_sitenote_active":false,"_monsterinsights_sitenote_note":"","_monsterinsights_sitenote_category":0},"product_brand":[],"product_cat":[50,2139],"product_tag":[866,968,463,971,970,972,969],"class_list":{"0":"post-10084","1":"product","2":"type-product","3":"status-publish","4":"has-post-thumbnail","6":"product_cat-fertilizers","7":"product_cat-plant-growth-regulator","8":"product_tag-al-qawafel-ind-agr-co","9":"product_tag-bona-beta","10":"product_tag-fertilizer","11":"product_tag-fruit-enlargement","12":"product_tag-fruit-setting","13":"product_tag-greenhouse-field","14":"product_tag-growth-regulator","16":"first","17":"instock","18":"shipping-taxable","19":"product-type-simple"},"aioseo_notices":[],"_links":{"self":[{"href":"https:\/\/alqawafel.com\/tr\/wp-json\/wp\/v2\/product\/10084","targetHints":{"allow":["GET"]}}],"collection":[{"href":"https:\/\/alqawafel.com\/tr\/wp-json\/wp\/v2\/product"}],"about":[{"href":"https:\/\/alqawafel.com\/tr\/wp-json\/wp\/v2\/types\/product"}],"replies":[{"embeddable":true,"href":"https:\/\/alqawafel.com\/tr\/wp-json\/wp\/v2\/comments?post=10084"}],"version-history":[{"count":14,"href":"https:\/\/alqawafel.com\/tr\/wp-json\/wp\/v2\/product\/10084\/revisions"}],"predecessor-version":[{"id":19360,"href":"https:\/\/alqawafel.com\/tr\/wp-json\/wp\/v2\/product\/10084\/revisions\/19360"}],"wp:featuredmedia":[{"embeddable":true,"href":"https:\/\/alqawafel.com\/tr\/wp-json\/wp\/v2\/media\/17071"}],"wp:attachment":[{"href":"https:\/\/alqawafel.com\/tr\/wp-json\/wp\/v2\/media?parent=10084"}],"wp:term":[{"taxonomy":"product_brand","embeddable":true,"href":"https:\/\/alqawafel.com\/tr\/wp-json\/wp\/v2\/product_brand?post=10084"},{"taxonomy":"product_cat","embeddable":true,"href":"https:\/\/alqawafel.com\/tr\/wp-json\/wp\/v2\/product_cat?post=10084"},{"taxonomy":"product_tag","embeddable":true,"href":"https:\/\/alqawafel.com\/tr\/wp-json\/wp\/v2\/product_tag?post=10084"}],"curies":[{"name":"wp","href":"https:\/\/api.w.org\/{rel}","templated":true}]}}