{"id":10091,"date":"2024-11-13T19:07:28","date_gmt":"2024-11-13T19:07:28","guid":{"rendered":"https:\/\/alqawafel.com\/?post_type=product&#038;p=10091"},"modified":"2025-08-07T09:50:47","modified_gmt":"2025-08-07T09:50:47","slug":"gibberellin","status":"publish","type":"product","link":"https:\/\/alqawafel.com\/tr\/product\/gibberellin\/","title":{"rendered":"Gibberellin"},"content":{"rendered":"<div class=\"flex-shrink-0 flex flex-col relative items-end\">\n<div class=\"pt-0\">\n<div class=\"gizmo-bot-avatar flex h-8 w-8 items-center justify-center overflow-hidden rounded-full\">\n<h3>Neden Gibberellin'i Se\u00e7melisiniz?<\/h3>\n<p><span style=\"font-size: 18px;\">Gibberellin, meyve mahsullerinde, sebze mahsullerinde ve s\u00fcs bitkilerinde b\u00fcy\u00fcmeyi ve kaliteyi art\u0131rmak i\u00e7in tasarlanm\u0131\u015f \u00e7ok y\u00f6nl\u00fc bir bitki b\u00fcy\u00fcme d\u00fczenleyicisidir. Daha h\u0131zl\u0131 b\u00fcy\u00fcmeyi te\u015fvik ederek, meyve boyutunu iyile\u015ftirerek ve meyve toplama programlar\u0131n\u0131n y\u00f6netilmesine yard\u0131mc\u0131 olarak Gibberellin, mahsul verimini ve kalitesini optimize ederek hem \u00fcretkenli\u011fi hem de pazar de\u011ferini destekler.<\/span><\/p>\n<h3>Gibberellin Bitki B\u00fcy\u00fcme D\u00fczenleyicisinin Temel Faydalar\u0131<\/h3>\n<ul>\n<li><span style=\"font-size: 18px;\"><strong>Meyve Kalitesini ve Boyutunu Art\u0131r\u0131r:<\/strong> \u00c7e\u015fitli \u00fcr\u00fcnlerde meyve boyutunu, homojenli\u011fini ve rengini art\u0131r\u0131r.<\/span><\/li>\n<li><span style=\"font-size: 18px;\"><strong>B\u00fcy\u00fcme S\u00fcrecini H\u0131zland\u0131r\u0131r:<\/strong> Optimum mahsul verimi elde etmek i\u00e7in gerekli olan daha h\u0131zl\u0131, daha sa\u011fl\u0131kl\u0131 b\u00fcy\u00fcmeyi destekler.<\/span><\/li>\n<li><span style=\"font-size: 18px;\"><strong>Hasat Zamanlamas\u0131n\u0131 Kontrol Eder:<\/strong> Meyveler i\u00e7in toplama programlar\u0131n\u0131n y\u00f6netilmesine yard\u0131mc\u0131 olarak esneklik ve geli\u015fmi\u015f zamanlama sa\u011flar.<\/span><\/li>\n<\/ul>\n<h3>Kompozisyon<\/h3>\n<ul>\n<li><span style=\"font-size: 18px;\"><strong>Etken Madde:<\/strong> Gibberellic Asit 20g\/L<\/span><\/li>\n<\/ul>\n<h3>\u00d6nerilen Uygulamalar ve Ama\u00e7lar<\/h3>\n<ul>\n<li><span style=\"font-size: 18px;\"><strong>\u00dcz\u00fcmler:<\/strong><\/span>\n<ul>\n<li><span style=\"font-size: 18px;\">K\u00fcme uzamas\u0131n\u0131 destekler.<\/span><\/li>\n<li><span style=\"font-size: 18px;\">Meyve b\u00fcy\u00fckl\u00fc\u011f\u00fcn\u00fc art\u0131r\u0131r.<\/span><\/li>\n<li><span style=\"font-size: 18px;\">Tek tip meyve b\u00fcy\u00fckl\u00fc\u011f\u00fc sa\u011flar.<\/span><\/li>\n<\/ul>\n<\/li>\n<li><span style=\"font-size: 18px;\"><strong>Kuru \u00fcz\u00fcm:<\/strong><\/span>\n<ul>\n<li><span style=\"font-size: 18px;\">Daha iyi hava ak\u0131\u015f\u0131 ve kalitesi i\u00e7in k\u00fcmeleri hafifletir.<\/span><\/li>\n<\/ul>\n<\/li>\n<li><span style=\"font-size: 18px;\"><strong>Perlit \u00dcz\u00fcmleri:<\/strong><\/span>\n<ul>\n<li><span style=\"font-size: 18px;\">Meyve b\u00fcy\u00fckl\u00fc\u011f\u00fcn\u00fc art\u0131r\u0131r.<\/span><\/li>\n<\/ul>\n<\/li>\n<li><span style=\"font-size: 18px;\"><strong>Portakallar:<\/strong><\/span>\n<ul>\n<li><span style=\"font-size: 18px;\">Meyve toplama s\u00fcresini uzat\u0131r.<\/span><\/li>\n<li><span style=\"font-size: 18px;\">D\u0131\u015f kabuk kalitesini art\u0131r\u0131r.<\/span><\/li>\n<\/ul>\n<\/li>\n<li><span style=\"font-size: 18px;\"><strong>Limonlar:<\/strong><\/span>\n<ul>\n<li><span style=\"font-size: 18px;\">A\u011fa\u00e7lar\u0131n ye\u015fil kalma s\u00fcresini uzat\u0131r.<\/span><\/li>\n<li><span style=\"font-size: 18px;\">Meyve toplama programlar\u0131n\u0131 kontrol etmeye yard\u0131mc\u0131 olur.<\/span><\/li>\n<\/ul>\n<\/li>\n<li><span style=\"font-size: 18px;\"><strong>Mandalinalar:<\/strong><\/span>\n<ul>\n<li><span style=\"font-size: 18px;\">Daha iyi verim i\u00e7in meyve tutumunu art\u0131r\u0131r.<\/span><\/li>\n<\/ul>\n<\/li>\n<li><span style=\"font-size: 18px;\"><strong>Armut:<\/strong><\/span>\n<ul>\n<li><span style=\"font-size: 18px;\">\u00c7i\u00e7eklenme d\u00f6nemlerini k\u0131salt\u0131r.<\/span><\/li>\n<li><span style=\"font-size: 18px;\">Hastal\u0131klar\u0131 ve zararl\u0131lar\u0131 \u00f6nler.<\/span><\/li>\n<li><span style=\"font-size: 18px;\">Meyve tutumunu ve verimi art\u0131r\u0131r.<\/span><\/li>\n<\/ul>\n<\/li>\n<li><span style=\"font-size: 18px;\"><strong>\u00c7ilek:<\/strong><\/span>\n<ul>\n<li><span style=\"font-size: 18px;\">Ko\u015fucular\u0131n (a\u015f\u0131klar\u0131n) b\u00fcy\u00fcmesini te\u015fvik ederek bitkinin yay\u0131lmas\u0131n\u0131 ve \u00fcretimini art\u0131r\u0131r.<\/span><\/li>\n<\/ul>\n<\/li>\n<li><span style=\"font-size: 18px;\"><strong>Muzlar:<\/strong><\/span>\n<ul>\n<li><span style=\"font-size: 18px;\">Meyve b\u00fcy\u00fckl\u00fc\u011f\u00fcn\u00fc art\u0131r\u0131r, kaliteyi y\u00fckseltir.<\/span><\/li>\n<\/ul>\n<\/li>\n<li><span style=\"font-size: 18px;\"><strong>Kirazlar:<\/strong><\/span>\n<ul>\n<li><span style=\"font-size: 18px;\">Optimum olgunla\u015fmaya izin vermek i\u00e7in toplamay\u0131 geciktirir.<\/span><\/li>\n<li><span style=\"font-size: 18px;\">Daha b\u00fcy\u00fck, daha s\u0131k\u0131 ve daha parlak renkli meyvelerle sonu\u00e7lan\u0131r.<\/span><\/li>\n<\/ul>\n<\/li>\n<\/ul>\n<h3>Uygulama Oran\u0131<\/h3>\n<ul>\n<li data-start=\"146\" data-end=\"517\">\n<p data-start=\"148\" data-end=\"308\"><span style=\"font-size: 14pt;\"><strong data-start=\"148\" data-end=\"188\">Sebzeler (sera ve a\u00e7\u0131k alan):<\/strong><\/span><br data-start=\"188\" data-end=\"191\" \/><span style=\"font-size: 14pt;\">- <em data-start=\"195\" data-end=\"205\">Amac\u0131m\u0131z:<\/em> \u00c7i\u00e7eklenmeden \u00f6nce salk\u0131m uzamas\u0131 (salk\u0131m 4-8 cm oldu\u011funda)<\/span><br data-start=\"266\" data-end=\"269\" \/><span style=\"font-size: 14pt;\">- <em data-start=\"273\" data-end=\"280\">Oran:<\/em> <strong data-start=\"281\" data-end=\"308\">100 ml \/ 100 L su<\/strong><\/span><\/p>\n<p data-start=\"312\" data-end=\"411\"><span style=\"font-size: 14pt;\">- <em data-start=\"314\" data-end=\"324\">Amac\u0131m\u0131z:<\/em> Meyve b\u00fcy\u00fckl\u00fc\u011f\u00fcn\u00fcn art\u0131r\u0131lmas\u0131 (meyve 3-4 mm oldu\u011funda)<\/span><br data-start=\"369\" data-end=\"372\" \/><span style=\"font-size: 14pt;\">- <em data-start=\"376\" data-end=\"383\">Oran:<\/em> <strong data-start=\"384\" data-end=\"411\">150 ml \/ 100 L su<\/strong><\/span><\/p>\n<p data-start=\"415\" data-end=\"517\"><span style=\"font-size: 14pt;\">- <em data-start=\"417\" data-end=\"427\">Amac\u0131m\u0131z:<\/em> Benzer b\u00fcy\u00fckl\u00fckte meyvelerin sa\u011flanmas\u0131 (3. p\u00fcsk\u00fcrtmeden sonra)<\/span><br data-start=\"475\" data-end=\"478\" \/><span style=\"font-size: 14pt;\">- <em data-start=\"482\" data-end=\"489\">Oran:<\/em> <strong data-start=\"490\" data-end=\"517\">150 ml \/ 100 L su<\/strong><\/span><\/p>\n<\/li>\n<li data-start=\"519\" data-end=\"703\">\n<p data-start=\"521\" data-end=\"636\"><span style=\"font-size: 14pt;\"><strong data-start=\"521\" data-end=\"606\">Meyve A\u011fa\u00e7lar\u0131 (\u00f6rne\u011fin, \u00dcz\u00fcm, Portakal, Limon, Mandalina, Armut, Muz, Kiraz):<\/strong><\/span><br data-start=\"606\" data-end=\"609\" \/><span style=\"font-size: 14pt;\">- <em data-start=\"613\" data-end=\"634\">Fiyatlar t\u00fcre g\u00f6re de\u011fi\u015fmektedir:<\/em><\/span><\/p>\n<ul data-start=\"641\" data-end=\"703\">\n<li data-start=\"641\" data-end=\"703\">\n<p data-start=\"643\" data-end=\"703\"><span style=\"font-size: 14pt;\"><strong data-start=\"643\" data-end=\"673\">50-200 ml \/ 100 L su<\/strong>\u00fcr\u00fcne ve zamanlamaya ba\u011fl\u0131 olarak<\/span><\/p>\n<\/li>\n<\/ul>\n<\/li>\n<\/ul>\n<h3>Paketleme<\/h3>\n<ul>\n<li><span style=\"font-size: 18px;\"><strong>100 ml \u015ei\u015feler<\/strong><\/span><\/li>\n<\/ul>\n<p><img loading=\"lazy\" decoding=\"async\" class=\"alignnone size-medium wp-image-17053\" src=\"https:\/\/alqawafel.com\/wp-content\/uploads\/2024\/11\/GIBBERELLIN-LOGO-300x300.webp\" alt=\"Gibberellin\" width=\"300\" height=\"300\" \/><\/p>\n<\/div>\n<\/div>\n<\/div>\n<div id=\"hzImgLoader\" class=\"imgError\" style=\"width: auto; height: auto; line-height: 0px; overflow: hidden; padding: 0px; margin: 4px; position: absolute; z-index: 2147483647; border-radius: 4px; background-color: #ed0707; border: 4px solid #ed0707;\"><\/div>","protected":false},"excerpt":{"rendered":"<p><span style=\"font-size: 18px;\">Gibberellin, meyveler, sebzeler ve s\u00fcs bitkileri i\u00e7in bir bitki b\u00fcy\u00fcme d\u00fczenleyicisidir. Meyve kalitesini art\u0131r\u0131r, b\u00fcy\u00fcmeyi h\u0131zland\u0131r\u0131r ve hasat programlar\u0131n\u0131 kontrol eder.<\/span><\/p>","protected":false},"featured_media":0,"comment_status":"open","ping_status":"closed","template":"","meta":{"om_disable_all_campaigns":false,"_monsterinsights_skip_tracking":false,"_monsterinsights_sitenote_active":false,"_monsterinsights_sitenote_note":"","_monsterinsights_sitenote_category":0},"product_brand":[],"product_cat":[50,2139],"product_tag":[866,463,935,983,982,969,984],"class_list":{"0":"post-10091","1":"product","2":"type-product","3":"status-publish","5":"product_cat-fertilizers","6":"product_cat-plant-growth-regulator","7":"product_tag-al-qawafel-ind-agr-co","8":"product_tag-fertilizer","9":"product_tag-fruit-quality","10":"product_tag-fruit-size-enhancement","11":"product_tag-gibberellin","12":"product_tag-growth-regulator","13":"product_tag-harvest-timing","15":"first","16":"instock","17":"shipping-taxable","18":"product-type-simple"},"aioseo_notices":[],"_links":{"self":[{"href":"https:\/\/alqawafel.com\/tr\/wp-json\/wp\/v2\/product\/10091","targetHints":{"allow":["GET"]}}],"collection":[{"href":"https:\/\/alqawafel.com\/tr\/wp-json\/wp\/v2\/product"}],"about":[{"href":"https:\/\/alqawafel.com\/tr\/wp-json\/wp\/v2\/types\/product"}],"replies":[{"embeddable":true,"href":"https:\/\/alqawafel.com\/tr\/wp-json\/wp\/v2\/comments?post=10091"}],"version-history":[{"count":13,"href":"https:\/\/alqawafel.com\/tr\/wp-json\/wp\/v2\/product\/10091\/revisions"}],"predecessor-version":[{"id":12257,"href":"https:\/\/alqawafel.com\/tr\/wp-json\/wp\/v2\/product\/10091\/revisions\/12257"}],"wp:attachment":[{"href":"https:\/\/alqawafel.com\/tr\/wp-json\/wp\/v2\/media?parent=10091"}],"wp:term":[{"taxonomy":"product_brand","embeddable":true,"href":"https:\/\/alqawafel.com\/tr\/wp-json\/wp\/v2\/product_brand?post=10091"},{"taxonomy":"product_cat","embeddable":true,"href":"https:\/\/alqawafel.com\/tr\/wp-json\/wp\/v2\/product_cat?post=10091"},{"taxonomy":"product_tag","embeddable":true,"href":"https:\/\/alqawafel.com\/tr\/wp-json\/wp\/v2\/product_tag?post=10091"}],"curies":[{"name":"wp","href":"https:\/\/api.w.org\/{rel}","templated":true}]}}