{"id":10095,"date":"2024-11-14T06:34:00","date_gmt":"2024-11-14T06:34:00","guid":{"rendered":"https:\/\/alqawafel.com\/?post_type=product&#038;p=10095"},"modified":"2025-08-28T07:15:43","modified_gmt":"2025-08-28T07:15:43","slug":"agrasticky","status":"publish","type":"product","link":"https:\/\/alqawafel.com\/tr\/product\/agrasticky\/","title":{"rendered":"Agrasticky"},"content":{"rendered":"<h3>Neden Agrasticky'i Se\u00e7melisiniz?<\/h3>\n<p><span style=\"font-size: 18px;\">Agrasticky, pestisitlerin, fungisitlerin, herbisitlerin ve g\u00fcbrelerin yap\u0131\u015fmas\u0131n\u0131, da\u011f\u0131lmas\u0131n\u0131 ve etkinli\u011fini art\u0131rmak i\u00e7in tasarlanm\u0131\u015f y\u00fcksek performansl\u0131 bir organik em\u00fclsiyon maddesidir (EC). Agrasticky, bitki y\u00fczeylerini nemlendirerek ve sprey \u00e7\u00f6zeltilerinin emilimini art\u0131rarak, her uygulaman\u0131n istenen sonu\u00e7lar\u0131 daha verimli ve daha uzun s\u00fcreli etkiyle elde etmesini sa\u011flar. Hem geleneksel hem de organik \u00e7iftliklerde kullan\u0131m i\u00e7in g\u00fcvenli olan Agrasticky, daha sa\u011fl\u0131kl\u0131 bir \u00e7evreyi destekler ve sprey sol\u00fcsyonlar\u0131n\u0131z\u0131n g\u00fcc\u00fcn\u00fc en \u00fcst d\u00fczeye \u00e7\u0131kar\u0131r.<\/span><\/p>\n<h3>Agrasticky'nin Temel Faydalar\u0131<\/h3>\n<ul>\n<li><span style=\"font-size: 18px;\"><strong>Sprey Yap\u0131\u015fmas\u0131n\u0131 ve Kaplamas\u0131n\u0131 \u0130yile\u015ftirir:<\/strong> Pestisit, fungisit, herbisit ve g\u00fcbrelerin daha iyi da\u011f\u0131lmas\u0131n\u0131 ve yap\u0131\u015fmas\u0131n\u0131 sa\u011flar.<\/span><\/li>\n<li><span style=\"font-size: 18px;\"><strong>Emilim ve Verimlili\u011fi Art\u0131r\u0131r:<\/strong> Hedef maddelerin penetrasyonunu ve al\u0131m\u0131n\u0131 art\u0131r\u0131r, sonu\u00e7lar\u0131 iyile\u015ftirir ve sprey aral\u0131klar\u0131n\u0131 uzat\u0131r.<\/span><\/li>\n<li><span style=\"font-size: 18px;\"><strong>Potansiyeli Art\u0131r\u0131r ve Maliyetleri D\u00fc\u015f\u00fcr\u00fcr:<\/strong> Pestisitlerin etkinli\u011fini art\u0131rarak s\u0131k uygulama ihtiyac\u0131n\u0131 azalt\u0131r, zaman ve para tasarrufu sa\u011flar.<\/span><\/li>\n<li><span style=\"font-size: 18px;\"><strong>S\u00fcr\u00fcklenmeyi ve Kokuyu Azalt\u0131r:<\/strong> Sprey damlac\u0131k boyutunu stabilize ederek s\u00fcr\u00fcklenmeyi en aza indirir ve buharla\u015fmay\u0131 kontrol ederek kokuyu azalt\u0131r.<\/span><\/li>\n<li><span style=\"font-size: 18px;\"><strong>Organik Kullan\u0131m i\u00e7in G\u00fcvenlidir:<\/strong> Organik ve konvansiyonel \u00e7iftlikler i\u00e7in onaylanm\u0131\u015ft\u0131r, insan sa\u011fl\u0131\u011f\u0131n\u0131 ve \u00e7evreyi korur.<\/span><\/li>\n<li><span style=\"font-size: 18px;\"><strong>Y\u00fcksek Uyumluluk:<\/strong> Yaprak hassasiyetine neden olmadan k\u00fck\u00fcrt i\u00e7eren \u00fcr\u00fcnler de dahil olmak \u00fczere \u00e7ok \u00e7e\u015fitli pestisitler, g\u00fcbreler ve malzemelerle uyumludur.<\/span><\/li>\n<\/ul>\n<h3>\u0130deal Uygulama<\/h3>\n<ul>\n<li><span style=\"font-size: 18px;\"><strong>Yapraktan Mantar \u0130la\u00e7lar\u0131, B\u00f6cek \u0130la\u00e7lar\u0131 ve G\u00fcbreleme:<\/strong> Yaprak y\u00fczeylerinde emilimi ve da\u011f\u0131l\u0131m\u0131 art\u0131r\u0131r.<\/span><\/li>\n<li><span style=\"font-size: 18px;\"><strong>Herbisitler:<\/strong> Daha iyi yabanc\u0131 ot kontrol\u00fc i\u00e7in penetrasyonu ve al\u0131m\u0131 art\u0131r\u0131r.<\/span><\/li>\n<li><span style=\"font-size: 18px;\"><strong>Ha\u015fere Y\u00f6netimi:<\/strong> Pul b\u00f6ceklerini ve yumurtalar\u0131n\u0131 \u00f6rter ve bo\u011far, yumurta verimlili\u011fini azalt\u0131r.<\/span><\/li>\n<\/ul>\n<h3>Uygulama Oran\u0131<\/h3>\n<ul>\n<li data-start=\"47\" data-end=\"143\">\n<p data-start=\"49\" data-end=\"143\"><span style=\"font-size: 14pt;\"><strong data-start=\"49\" data-end=\"106\">Yaprak mantar ila\u00e7lar\u0131, b\u00f6cek ila\u00e7lar\u0131 ve g\u00fcbreler ile<\/strong>: 200 litre su ba\u015f\u0131na 50-150 ml<\/span><\/p>\n<\/li>\n<li data-start=\"144\" data-end=\"235\" data-is-last-node=\"\">\n<p data-start=\"146\" data-end=\"235\" data-is-last-node=\"\"><span style=\"font-size: 14pt;\"><strong data-start=\"146\" data-end=\"165\">Herbisitlerle<\/strong>: 100 litre su ba\u015f\u0131na 250 ml<\/span><\/p>\n<\/li>\n<\/ul>\n<h3>Agrasticky'nin \u00d6zellikleri<\/h3>\n<ul>\n<li><span style=\"font-size: 18px;\"><strong>Organik Em\u00fclsiyon:<\/strong> Daha iyi pestisit performans\u0131n\u0131 destekleyen da\u011f\u0131t\u0131c\u0131, yap\u0131\u015fkan ve besleyici.<\/span><\/li>\n<li><span style=\"font-size: 18px;\"><strong>Suda \u00c7\u00f6z\u00fcn\u00fcr:<\/strong> Suda y\u00fcksek \u00e7\u00f6z\u00fcn\u00fcrl\u00fck, ya\u011f bazl\u0131 \u00fcr\u00fcnlerde bulunan yaprak hassasiyeti ile ilgili sorunlar\u0131 \u00f6nler.<\/span><\/li>\n<li><span style=\"font-size: 18px;\"><strong>Uzat\u0131lm\u0131\u015f Temas S\u00fcresi:<\/strong> Kontakt pestisitlerin etkinlik s\u00fcresini uzat\u0131r ve sistemik pestisitlerin haz\u0131r olma durumunu art\u0131r\u0131r.<\/span><\/li>\n<li><span style=\"font-size: 18px;\"><strong>Mumsu Y\u00fczeylerde Geli\u015ftirilmi\u015f Kapsama:<\/strong> Mumsu y\u00fczeylerde ince bir film olu\u015fturarak da\u011f\u0131lmay\u0131 ve etkinli\u011fi art\u0131r\u0131r.<\/span><\/li>\n<\/ul>\n<h3 class=\"translation-block\"><span style=\"font-size: 18px\">Kimyasal Bile\u015fimi<\/span>ition<\/h3>\n<ul>\n<li><span style=\"font-size: 18px;\"><strong>Etken Madde:<\/strong> Azot Polimer 2.5%<\/span><\/li>\n<li>Organik Madde 35%<\/li>\n<\/ul>\n<h3>Paketleme<\/h3>\n<p>1 L \u015ei\u015fe.<\/p>\n<p><img loading=\"lazy\" decoding=\"async\" class=\"alignnone size-medium wp-image-17176\" src=\"https:\/\/alqawafel.com\/wp-content\/uploads\/2024\/11\/AGRA-STICKY-LOGO-300x300.webp\" alt=\"Agrasticky\" width=\"300\" height=\"300\" srcset=\"https:\/\/alqawafel.com\/wp-content\/uploads\/2024\/11\/AGRA-STICKY-LOGO-300x300.webp 300w, https:\/\/alqawafel.com\/wp-content\/uploads\/2024\/11\/AGRA-STICKY-LOGO-150x150.webp 150w, https:\/\/alqawafel.com\/wp-content\/uploads\/2024\/11\/AGRA-STICKY-LOGO-768x768.webp 768w, https:\/\/alqawafel.com\/wp-content\/uploads\/2024\/11\/AGRA-STICKY-LOGO.webp 1000w\" sizes=\"auto, (max-width: 300px) 100vw, 300px\" \/><\/p>","protected":false},"excerpt":{"rendered":"<p><span style=\"font-size: 18px;\">Agrasticky, pestisit ve g\u00fcbrelerin yap\u0131\u015fmas\u0131n\u0131, da\u011f\u0131l\u0131m\u0131n\u0131 ve emilimini art\u0131ran organik bir em\u00fclsiyondur.<\/span><\/p>","protected":false},"featured_media":17176,"comment_status":"open","ping_status":"closed","template":"","meta":{"om_disable_all_campaigns":false,"_monsterinsights_skip_tracking":false,"_monsterinsights_sitenote_active":false,"_monsterinsights_sitenote_note":"","_monsterinsights_sitenote_category":0},"product_brand":[],"product_cat":[50,2136],"product_tag":[987,866,991,463,990,988,989],"class_list":{"0":"post-10095","1":"product","2":"type-product","3":"status-publish","4":"has-post-thumbnail","6":"product_cat-fertilizers","7":"product_cat-specialty-fertilizers","8":"product_tag-agrasticky","9":"product_tag-al-qawafel-ind-agr-co","10":"product_tag-extended-efficacy","11":"product_tag-fertilizer","12":"product_tag-improved-adhesion","13":"product_tag-organic-emulsion","14":"product_tag-spray-enhancer","16":"first","17":"instock","18":"shipping-taxable","19":"product-type-simple"},"aioseo_notices":[],"_links":{"self":[{"href":"https:\/\/alqawafel.com\/tr\/wp-json\/wp\/v2\/product\/10095","targetHints":{"allow":["GET"]}}],"collection":[{"href":"https:\/\/alqawafel.com\/tr\/wp-json\/wp\/v2\/product"}],"about":[{"href":"https:\/\/alqawafel.com\/tr\/wp-json\/wp\/v2\/types\/product"}],"replies":[{"embeddable":true,"href":"https:\/\/alqawafel.com\/tr\/wp-json\/wp\/v2\/comments?post=10095"}],"version-history":[{"count":7,"href":"https:\/\/alqawafel.com\/tr\/wp-json\/wp\/v2\/product\/10095\/revisions"}],"predecessor-version":[{"id":19919,"href":"https:\/\/alqawafel.com\/tr\/wp-json\/wp\/v2\/product\/10095\/revisions\/19919"}],"wp:featuredmedia":[{"embeddable":true,"href":"https:\/\/alqawafel.com\/tr\/wp-json\/wp\/v2\/media\/17176"}],"wp:attachment":[{"href":"https:\/\/alqawafel.com\/tr\/wp-json\/wp\/v2\/media?parent=10095"}],"wp:term":[{"taxonomy":"product_brand","embeddable":true,"href":"https:\/\/alqawafel.com\/tr\/wp-json\/wp\/v2\/product_brand?post=10095"},{"taxonomy":"product_cat","embeddable":true,"href":"https:\/\/alqawafel.com\/tr\/wp-json\/wp\/v2\/product_cat?post=10095"},{"taxonomy":"product_tag","embeddable":true,"href":"https:\/\/alqawafel.com\/tr\/wp-json\/wp\/v2\/product_tag?post=10095"}],"curies":[{"name":"wp","href":"https:\/\/api.w.org\/{rel}","templated":true}]}}