{"id":10142,"date":"2024-11-14T09:57:10","date_gmt":"2024-11-14T09:57:10","guid":{"rendered":"https:\/\/alqawafel.com\/?post_type=product&#038;p=10142"},"modified":"2025-07-07T09:43:50","modified_gmt":"2025-07-07T09:43:50","slug":"ph-duzeltici","status":"publish","type":"product","link":"https:\/\/alqawafel.com\/tr\/product\/ph-corrector\/","title":{"rendered":"pH D\u00fczeltici"},"content":{"rendered":"<h3>Neden pH D\u00fczelticiyi Se\u00e7melisiniz?<\/h3>\n<p><span style=\"font-size: 18px;\">pH D\u00fczeltici, toprak ve su pH seviyelerini dengelemek i\u00e7in g\u00fc\u00e7l\u00fc bir \u00e7\u00f6z\u00fcmd\u00fcr ve besin maddelerini bitki al\u0131m\u0131 i\u00e7in daha eri\u015filebilir hale getirir. Topra\u011f\u0131n kimyasal dengesini yeniden sa\u011flayarak, bu \u00fcr\u00fcn aksi takdirde toprakta sabitlenen besin maddelerini serbest b\u0131rak\u0131r, bitki b\u00fcy\u00fcmesini ve sa\u011fl\u0131\u011f\u0131n\u0131 art\u0131r\u0131r. Ayr\u0131ca hem toprakta hem de sulama suyunda pH'\u0131 d\u00fc\u015f\u00fcr\u00fcr, sulama sistemlerini tortu birikiminden ar\u0131nd\u0131r\u0131r ve g\u00fcbrelerin etkinli\u011fini art\u0131r\u0131r.<\/span><\/p>\n<h3>pH D\u00fczelticinin Temel Faydalar\u0131<\/h3>\n<ul>\n<li><span style=\"font-size: 18px;\"><strong>Kilitli Besin Maddelerini Serbest B\u0131rak\u0131r:<\/strong> Toprak besinlerini bitki emilimi i\u00e7in kullan\u0131labilir hale getirir.<\/span><\/li>\n<li><span style=\"font-size: 18px;\"><strong>Toprak Kimyas\u0131n\u0131 Dengeler:<\/strong> Kimyasal dengeyi yeniden sa\u011flayarak bitkilerin daha sa\u011fl\u0131kl\u0131 b\u00fcy\u00fcmesini destekler.<\/span><\/li>\n<li><span style=\"font-size: 18px;\"><strong>pH Seviyelerini D\u00fc\u015f\u00fcr\u00fcr:<\/strong> Toprak ve sudaki pH de\u011ferini d\u00fc\u015f\u00fcr\u00fcr, alkali ko\u015fullar i\u00e7in idealdir.<\/span><\/li>\n<li><span style=\"font-size: 18px;\"><strong>Sulama Sistemlerini Temizler:<\/strong> Tortu birikimini gidererek verimli sulama sa\u011flar.<\/span><\/li>\n<li><span style=\"font-size: 18px;\"><strong>Besin Verimlili\u011fini Art\u0131r\u0131r:<\/strong> Topraktan ve g\u00fcbrelerden besin al\u0131m\u0131n\u0131 art\u0131r\u0131r.<\/span><\/li>\n<\/ul>\n<h3>Uygulama Oran\u0131<\/h3>\n<p><span style=\"font-size: 14pt;\">Toprak tipine ve alkaliniteye ba\u011fl\u0131 olarak dunum ba\u015f\u0131na 2-3 kg oran\u0131nda uygulay\u0131n.<\/span><br data-start=\"153\" data-end=\"156\" \/><span style=\"font-size: 14pt;\">Alternatif olarak, suyun alkalinitesine ba\u011fl\u0131 olarak 200 litre su ba\u015f\u0131na 50-75 g oran\u0131nda havuza veya p\u00fcsk\u00fcrtme variline eklenebilir.<\/span><\/p>\n<h3 class=\"translation-block\"><span style=\"font-size: 18px\">Kimyasal Bile\u015fimi<\/span>ition<\/h3>\n<ul>\n<li><span style=\"font-size: 18px;\"><strong>Azot (N 10%)<\/strong><\/span><\/li>\n<\/ul>\n<h3>Paketleme<\/h3>\n<ul>\n<li><span style=\"font-size: 18px;\"><strong>25 Kg Galon.<\/strong><\/span><\/li>\n<\/ul>\n<p><img loading=\"lazy\" decoding=\"async\" class=\"alignnone size-medium wp-image-17112\" src=\"https:\/\/alqawafel.com\/wp-content\/uploads\/2024\/11\/CORRECTOR-LOGO-300x300.webp\" alt=\"pH D\u00fczeltici\" width=\"300\" height=\"300\" srcset=\"https:\/\/alqawafel.com\/wp-content\/uploads\/2024\/11\/CORRECTOR-LOGO-300x300.webp 300w, https:\/\/alqawafel.com\/wp-content\/uploads\/2024\/11\/CORRECTOR-LOGO-150x150.webp 150w, https:\/\/alqawafel.com\/wp-content\/uploads\/2024\/11\/CORRECTOR-LOGO-768x768.webp 768w, https:\/\/alqawafel.com\/wp-content\/uploads\/2024\/11\/CORRECTOR-LOGO.webp 1000w\" sizes=\"auto, (max-width: 300px) 100vw, 300px\" \/><\/p>","protected":false},"excerpt":{"rendered":"<p><span style=\"font-size: 18px;\">pH D\u00fczeltici toprak pH'\u0131n\u0131 dengeler, kilitli besin maddelerini serbest b\u0131rak\u0131r ve sulama sistemlerini temizleyerek besin maddelerinin kullan\u0131labilirli\u011fini ve emilimini art\u0131r\u0131r.<\/span><\/p>","protected":false},"featured_media":17112,"comment_status":"open","ping_status":"closed","template":"","meta":{"om_disable_all_campaigns":false,"_monsterinsights_skip_tracking":false,"_monsterinsights_sitenote_active":false,"_monsterinsights_sitenote_note":"","_monsterinsights_sitenote_category":0},"product_brand":[],"product_cat":[50,2136],"product_tag":[866,463,1054,1052,1051,1050,1053],"class_list":{"0":"post-10142","1":"product","2":"type-product","3":"status-publish","4":"has-post-thumbnail","6":"product_cat-fertilizers","7":"product_cat-specialty-fertilizers","8":"product_tag-al-qawafel-ind-agr-co","9":"product_tag-fertilizer","10":"product_tag-nutrient-efficiency","11":"product_tag-nutrient-unlocker","12":"product_tag-ph-balancing","13":"product_tag-ph-corrector","14":"product_tag-soil-water-ph-control","16":"first","17":"instock","18":"shipping-taxable","19":"product-type-simple"},"aioseo_notices":[],"_links":{"self":[{"href":"https:\/\/alqawafel.com\/tr\/wp-json\/wp\/v2\/product\/10142","targetHints":{"allow":["GET"]}}],"collection":[{"href":"https:\/\/alqawafel.com\/tr\/wp-json\/wp\/v2\/product"}],"about":[{"href":"https:\/\/alqawafel.com\/tr\/wp-json\/wp\/v2\/types\/product"}],"replies":[{"embeddable":true,"href":"https:\/\/alqawafel.com\/tr\/wp-json\/wp\/v2\/comments?post=10142"}],"version-history":[{"count":7,"href":"https:\/\/alqawafel.com\/tr\/wp-json\/wp\/v2\/product\/10142\/revisions"}],"predecessor-version":[{"id":19398,"href":"https:\/\/alqawafel.com\/tr\/wp-json\/wp\/v2\/product\/10142\/revisions\/19398"}],"wp:featuredmedia":[{"embeddable":true,"href":"https:\/\/alqawafel.com\/tr\/wp-json\/wp\/v2\/media\/17112"}],"wp:attachment":[{"href":"https:\/\/alqawafel.com\/tr\/wp-json\/wp\/v2\/media?parent=10142"}],"wp:term":[{"taxonomy":"product_brand","embeddable":true,"href":"https:\/\/alqawafel.com\/tr\/wp-json\/wp\/v2\/product_brand?post=10142"},{"taxonomy":"product_cat","embeddable":true,"href":"https:\/\/alqawafel.com\/tr\/wp-json\/wp\/v2\/product_cat?post=10142"},{"taxonomy":"product_tag","embeddable":true,"href":"https:\/\/alqawafel.com\/tr\/wp-json\/wp\/v2\/product_tag?post=10142"}],"curies":[{"name":"wp","href":"https:\/\/api.w.org\/{rel}","templated":true}]}}