{"id":10153,"date":"2024-11-14T10:23:34","date_gmt":"2024-11-14T10:23:34","guid":{"rendered":"https:\/\/alqawafel.com\/?post_type=product&#038;p=10153"},"modified":"2025-07-09T08:29:37","modified_gmt":"2025-07-09T08:29:37","slug":"buyume-15-15-30t-e-gubre","status":"publish","type":"product","link":"https:\/\/alqawafel.com\/tr\/product\/growth-15-15-30t-e-fertilizer\/","title":{"rendered":"B\u00fcy\u00fcme 15-15-30+T.E. G\u00fcbre"},"content":{"rendered":"<h3>Neden Growth 15-15-30+T.E. G\u00fcbresini Se\u00e7melisiniz?<\/h3>\n<p><span style=\"font-size: 18px;\">Growth 15-15-30+T.E. Fertilizer, g\u00fc\u00e7l\u00fc bitki b\u00fcy\u00fcmesini desteklemek ve meyve kalitesini art\u0131rmak i\u00e7in tasarlanm\u0131\u015f geli\u015fmi\u015f, y\u00fcksek potasyumlu bir form\u00fcld\u00fcr. Azot, fosfor, k\u00fck\u00fcrt, magnezyum, eser elementler ve vitaminler gibi temel besinlerle zenginle\u015ftirilmi\u015f bu \u00e7\u00f6z\u00fcnebilir g\u00fcbre, b\u00fcy\u00fcme a\u015famalar\u0131nda bitki sa\u011fl\u0131\u011f\u0131n\u0131 geli\u015ftiren dengeli bir besin kar\u0131\u015f\u0131m\u0131 sunar. Bile\u015fimi optimum pH ve EC seviyesi yaratarak y\u00fcksek tuzlulu\u011fa sahip topraklar i\u00e7in uygun hale getirir ve besin emilimini en \u00fcst d\u00fczeye \u00e7\u0131kar\u0131r. Saf, stabil formlardan elde edilen potasyum ile Growth Fertilizer, toprakta uzun s\u00fcreli etkinlik sa\u011flar ve y\u00fcksek potasyum ihtiyac\u0131 olan \u00fcr\u00fcnler i\u00e7in idealdir.<\/span><\/p>\n<h3>Growth 15-15-30+T.E. G\u00fcbresinin Temel Faydalar\u0131<\/h3>\n<ul>\n<li><span style=\"font-size: 18px;\"><strong>Y\u00fcksek Potasyum \u0130\u00e7eri\u011fi:<\/strong> Meyve geli\u015fimini destekler, verimi art\u0131r\u0131r ve genel meyve kalitesini iyile\u015ftirir, bu da onu y\u00fcksek potasyum gereksinimi olan \u00fcr\u00fcnler i\u00e7in ideal hale getirir.<\/span><\/li>\n<li><span style=\"font-size: 18px;\"><strong>Optimal Besin Emilimi:<\/strong> Asidik pH 6 ve d\u00fc\u015f\u00fck EC besin al\u0131m\u0131n\u0131 art\u0131r\u0131r, \u00f6zellikle tuzlu topraklarda faydal\u0131d\u0131r.<\/span><\/li>\n<li><span style=\"font-size: 18px;\"><strong>\u00dc\u00e7 Azot Formu:<\/strong> Azot, Nitrat, Amonyum ve Amin olarak sa\u011flan\u0131r, b\u00f6ylece d\u00fczenli ve etkili besin iletimi sa\u011flan\u0131r.<\/span><\/li>\n<li><span style=\"font-size: 18px;\"><strong>Stabilize Potasyum Kaynaklar\u0131:<\/strong> Potasyum toprakta stabil kal\u0131r, besin rekabetini \u00f6nler ve etkili emilime izin verir.<\/span><\/li>\n<li><span style=\"font-size: 18px;\"><strong>\u00c7ok Y\u00f6nl\u00fc Uygulama:<\/strong> \u00c7\u00f6z\u00fcn\u00fcr bile\u015fim, \u00e7e\u015fitli sulama sistemleri i\u00e7in idealdir ve sebzelerin, meyve a\u011fa\u00e7lar\u0131n\u0131n, tarla bitkilerinin ve y\u00fcksek potasyum gerektiren \u00fcr\u00fcnlerin ihtiya\u00e7lar\u0131n\u0131 kar\u015f\u0131lar.<\/span><\/li>\n<\/ul>\n<h3 class=\"translation-block\"><span style=\"font-size: 18px\">Kimyasal Bile\u015fimi<\/span>ition<\/h3>\n<ul>\n<li><span style=\"font-size: 18px;\"><strong>Azot (N 15%)<\/strong><\/span><\/li>\n<li><span style=\"font-size: 18px;\"><strong>Fosfor (P\u2082O\u2085 15%)<\/strong><\/span><\/li>\n<li><span style=\"font-size: 18px;\"><strong>Potasyum (K\u2082O 30%)<\/strong><\/span><\/li>\n<li><span style=\"font-size: 18px;\"><strong>Demir (Fe) - EDTA Sitrik Asit \u015eelatl\u0131<\/strong><\/span><\/li>\n<li><span style=\"font-size: 18px;\"><strong>\u00c7inko (Zn) - EDTA Sitrik Asit \u015eelatl\u0131<\/strong><\/span><\/li>\n<li><span style=\"font-size: 18px;\"><strong>Manganez (Mn) - EDTA Sitrik Asit \u015eelatl\u0131<\/strong><\/span><\/li>\n<li><span style=\"font-size: 18px;\"><strong>Bak\u0131r (Cu) - EDTA Sitrik Asit \u015eelatl\u0131<\/strong><\/span><\/li>\n<li><span style=\"font-size: 18px;\"><strong>Bor (B)<\/strong><\/span><\/li>\n<\/ul>\n<p><span style=\"font-size: 18px;\"><strong>\u0130lave Katk\u0131 Maddeleri:<\/strong> Riboflavin, Piridoksin, Nikotinamid, Tiamin ve Organik Asitler.<\/span><\/p>\n<p><span style=\"font-size: 18px;\"><strong>Klor\u00fcr (Cl) i\u00e7ermez<\/strong><\/span><\/p>\n<h3>\u0130deal Uygulama<\/h3>\n<p><span style=\"font-size: 18px;\"><strong>Uygun Mahsuller:<\/strong><\/span><\/p>\n<ul>\n<li><span style=\"font-size: 18px;\">Sera ve A\u00e7\u0131k Alan Sebzeleri.<\/span><\/li>\n<li><span style=\"font-size: 14pt;\">Tarla Bitkileri.<\/span><\/li>\n<li><span style=\"font-size: 18px;\">Meyve a\u011fa\u00e7lar\u0131.<\/span><\/li>\n<li><span style=\"font-size: 14pt;\">S\u00fcs Bitkileri.<\/span><\/li>\n<\/ul>\n<h3 data-start=\"139\" data-end=\"173\">Uygulama Oran\u0131<\/h3>\n<h4 data-start=\"139\" data-end=\"173\"><strong data-start=\"145\" data-end=\"171\">A\u00e7\u0131k Alan Sebzeleri:<\/strong><\/h4>\n<p><span style=\"font-size: 14pt;\">1,5-2 kg \/ 1000 m\u00b2, haftada 3-4 kez.<\/span><\/p>\n<h4 data-start=\"319\" data-end=\"343\"><strong data-start=\"325\" data-end=\"341\">Meyve a\u011fa\u00e7lar\u0131:<\/strong><\/h4>\n<p data-start=\"346\" data-end=\"497\"><span style=\"font-size: 14pt;\">0,5-1 kg\/1000 m\u00b2, meyve vermeye ba\u015flad\u0131ktan sonra ve meyve olgunlu\u011fu s\u00fcresince haftada 3-4 kez.<\/span><\/p>\n<h3>Paketleme<\/h3>\n<ul>\n<li><span style=\"font-size: 18px;\"><strong>25 kg'l\u0131k torba.<\/strong><\/span><\/li>\n<\/ul>\n<p><img loading=\"lazy\" decoding=\"async\" class=\"alignnone size-medium wp-image-17262\" src=\"https:\/\/alqawafel.com\/wp-content\/uploads\/2024\/11\/Growth-Logo-15-15-30T.E-300x300.webp\" alt=\"B\u00fcy\u00fcme 15-15-30+T.E. \" width=\"300\" height=\"300\" srcset=\"https:\/\/alqawafel.com\/wp-content\/uploads\/2024\/11\/Growth-Logo-15-15-30T.E-300x300.webp 300w, https:\/\/alqawafel.com\/wp-content\/uploads\/2024\/11\/Growth-Logo-15-15-30T.E-150x150.webp 150w, https:\/\/alqawafel.com\/wp-content\/uploads\/2024\/11\/Growth-Logo-15-15-30T.E-768x768.webp 768w, https:\/\/alqawafel.com\/wp-content\/uploads\/2024\/11\/Growth-Logo-15-15-30T.E.webp 1000w\" sizes=\"auto, (max-width: 300px) 100vw, 300px\" \/><\/p>","protected":false},"excerpt":{"rendered":"<p><span style=\"font-size: 18px;\">Growth 15-15-30+T.E. Fertilizer, bitki b\u00fcy\u00fcmesini art\u0131rmak i\u00e7in ideal, temel besinlerle zenginle\u015ftirilmi\u015f, y\u00fcksek potasyumlu, bile\u015fik \u00e7\u00f6z\u00fcn\u00fcr bir g\u00fcbredir.<\/span><\/p>","protected":false},"featured_media":17262,"comment_status":"open","ping_status":"closed","template":"","meta":{"om_disable_all_campaigns":false,"_monsterinsights_skip_tracking":false,"_monsterinsights_sitenote_active":false,"_monsterinsights_sitenote_note":"","_monsterinsights_sitenote_category":0},"product_brand":[2213],"product_cat":[50,2131],"product_tag":[866,463,1067,1065,881,1066,887],"class_list":{"0":"post-10153","1":"product","2":"type-product","3":"status-publish","4":"has-post-thumbnail","6":"product_brand-growth","7":"product_cat-fertilizers","8":"product_cat-water-soluble-fertilizers","9":"product_tag-al-qawafel-ind-agr-co","10":"product_tag-fertilizer","11":"product_tag-fruit-quality-enhancement","12":"product_tag-growth-15-15-30t-e","13":"product_tag-high-potassium","14":"product_tag-nutrient-balanced","15":"product_tag-versatile-application","17":"first","18":"instock","19":"shipping-taxable","20":"product-type-simple"},"aioseo_notices":[],"_links":{"self":[{"href":"https:\/\/alqawafel.com\/tr\/wp-json\/wp\/v2\/product\/10153","targetHints":{"allow":["GET"]}}],"collection":[{"href":"https:\/\/alqawafel.com\/tr\/wp-json\/wp\/v2\/product"}],"about":[{"href":"https:\/\/alqawafel.com\/tr\/wp-json\/wp\/v2\/types\/product"}],"replies":[{"embeddable":true,"href":"https:\/\/alqawafel.com\/tr\/wp-json\/wp\/v2\/comments?post=10153"}],"version-history":[{"count":7,"href":"https:\/\/alqawafel.com\/tr\/wp-json\/wp\/v2\/product\/10153\/revisions"}],"predecessor-version":[{"id":19325,"href":"https:\/\/alqawafel.com\/tr\/wp-json\/wp\/v2\/product\/10153\/revisions\/19325"}],"wp:featuredmedia":[{"embeddable":true,"href":"https:\/\/alqawafel.com\/tr\/wp-json\/wp\/v2\/media\/17262"}],"wp:attachment":[{"href":"https:\/\/alqawafel.com\/tr\/wp-json\/wp\/v2\/media?parent=10153"}],"wp:term":[{"taxonomy":"product_brand","embeddable":true,"href":"https:\/\/alqawafel.com\/tr\/wp-json\/wp\/v2\/product_brand?post=10153"},{"taxonomy":"product_cat","embeddable":true,"href":"https:\/\/alqawafel.com\/tr\/wp-json\/wp\/v2\/product_cat?post=10153"},{"taxonomy":"product_tag","embeddable":true,"href":"https:\/\/alqawafel.com\/tr\/wp-json\/wp\/v2\/product_tag?post=10153"}],"curies":[{"name":"wp","href":"https:\/\/api.w.org\/{rel}","templated":true}]}}