{"id":10159,"date":"2024-11-14T10:57:35","date_gmt":"2024-11-14T10:57:35","guid":{"rendered":"https:\/\/alqawafel.com\/?post_type=product&#038;p=10159"},"modified":"2025-07-09T08:28:58","modified_gmt":"2025-07-09T08:28:58","slug":"buyume-12-12-36t-e","status":"publish","type":"product","link":"https:\/\/alqawafel.com\/tr\/product\/growth-12-12-36t-e\/","title":{"rendered":"B\u00fcy\u00fcme 12-12-36+T.E. G\u00fcbre"},"content":{"rendered":"<h3>Neden Growth 12-12-36+T.E. G\u00fcbresini Se\u00e7melisiniz?<\/h3>\n<p><span style=\"font-size: 18px;\">Growth 12-12-36+T.E. Fertilizer, g\u00fc\u00e7l\u00fc b\u00fcy\u00fcmeyi te\u015fvik etmek, meyve kalitesini iyile\u015ftirmek ve mahsul\u00fcn dayan\u0131kl\u0131l\u0131\u011f\u0131n\u0131 art\u0131rmak i\u00e7in tasarlanm\u0131\u015f y\u00fcksek potasyumlu, dengeli bir kompoze g\u00fcbredir. Azot, fosfor, k\u00fck\u00fcrt, magnezyum ve eser elementler gibi temel besinlerle zenginle\u015ftirilmi\u015f bu geli\u015fmi\u015f form\u00fcl, bitkilerin hem b\u00fcy\u00fcmeyi hem de verimi art\u0131ran dengeli bir besin profili almas\u0131n\u0131 sa\u011flar. Benzersiz bile\u015fimi optimum pH ve EC seviyesini koruyarak tuzlu topraklarda olduk\u00e7a etkili olmas\u0131n\u0131 sa\u011flarken, toprak \u00e7\u00f6zeltilerinde uzun s\u00fcre kullan\u0131labilirlik i\u00e7in stabil potasyum sa\u011flar.<\/span><\/p>\n<h3>Growth 12-12-36+T.E. G\u00fcbresinin Temel Faydalar\u0131<\/h3>\n<ul>\n<li><span style=\"font-size: 18px;\"><strong>Y\u00fcksek Potasyum \u0130\u00e7eri\u011fi:<\/strong> Meyve geli\u015fimi, boyutu ve genel kalitesi i\u00e7in gereklidir, bu da onu y\u00fcksek potasyum gerektiren \u00fcr\u00fcnler i\u00e7in ideal k\u0131lar.<\/span><\/li>\n<li><span style=\"font-size: 18px;\"><strong>Optimal Besin Emilimi:<\/strong> 6'l\u0131k asidik pH ve d\u00fc\u015f\u00fck EC besin al\u0131m\u0131n\u0131 art\u0131r\u0131r, \u00f6zellikle y\u00fcksek tuzluluk oran\u0131na sahip topraklarda faydal\u0131d\u0131r.<\/span><\/li>\n<li><span style=\"font-size: 18px;\"><strong>\u00dc\u00e7l\u00fc Azot Formlar\u0131:<\/strong> Azot, Nitrat, Amonyum ve Amin formlar\u0131nda mevcuttur ve dengeli besin da\u011f\u0131t\u0131m\u0131n\u0131 ve b\u00fcy\u00fcmeyi destekler.<\/span><\/li>\n<li><span style=\"font-size: 18px;\"><strong>Uzun S\u00fcreli Potasyum Stabilitesi:<\/strong> Potasyum toprakta sabit kal\u0131r ve bitkilerin di\u011fer besin maddelerinden etkilenmeden s\u00fcrekli olarak almas\u0131n\u0131 sa\u011flar.<\/span><\/li>\n<li><span style=\"font-size: 18px;\"><strong>\u00c7ok Y\u00f6nl\u00fc Uygulama:<\/strong> Y\u00fcksek \u00e7\u00f6z\u00fcn\u00fcrl\u00fck, Growth Fertilizer'\u0131 sebzeler, meyve a\u011fa\u00e7lar\u0131, tarla bitkileri ve daha fazlas\u0131n\u0131 kapsayan \u00e7e\u015fitli sulama sistemleri i\u00e7in uygun hale getirir.<\/span><\/li>\n<\/ul>\n<h3 class=\"translation-block\"><span style=\"font-size: 18px\">Kimyasal Bile\u015fimi<\/span>ition<\/h3>\n<ul>\n<li><span style=\"font-size: 18px;\"><strong>Azot (N 12%)<\/strong><\/span><\/li>\n<li><span style=\"font-size: 18px;\"><strong>Fosfor (P\u2082O\u2085 12%)<\/strong><\/span><\/li>\n<li><span style=\"font-size: 18px;\"><strong>Potasyum (K\u2082O 36%)<\/strong><\/span><\/li>\n<li><span style=\"font-size: 18px;\"><strong>Magnezyum (MgO)<\/strong><\/span><\/li>\n<li><span style=\"font-size: 18px;\"><strong>Demir (Fe) - EDTA Sitrik Asit \u015eelatl\u0131<\/strong><\/span><\/li>\n<li><span style=\"font-size: 18px;\"><strong>\u00c7inko (Zn) - EDTA Sitrik Asit \u015eelatl\u0131<\/strong><\/span><\/li>\n<li><span style=\"font-size: 18px;\"><strong>Manganez (Mn) - EDTA Sitrik Asit \u015eelatl\u0131<\/strong><\/span><\/li>\n<li><span style=\"font-size: 18px;\"><strong>Bak\u0131r (Cu) - EDTA Sitrik Asit \u015eelatl\u0131<\/strong><\/span><\/li>\n<li><span style=\"font-size: 18px;\"><strong>Bor (B)<\/strong><\/span><\/li>\n<\/ul>\n<p><span style=\"font-size: 18px;\"><strong>\u0130lave Katk\u0131 Maddeleri:<\/strong> Riboflavin, Piridoksin, Nikotinamid, Tiamin ve Organik Asitler.<\/span><\/p>\n<p><span style=\"font-size: 18px;\"><strong>Klor\u00fcr (Cl) i\u00e7ermez<\/strong><\/span><\/p>\n<h3>\u0130deal Uygulama<\/h3>\n<p><span style=\"font-size: 18px;\">B\u00fcy\u00fcme G\u00fcbresi, farkl\u0131 sulama sistemleri arac\u0131l\u0131\u011f\u0131yla etkili bir \u015fekilde uygulanabilir:<\/span><\/p>\n<p><span style=\"font-size: 18px;\"><strong>Uygun Mahsuller:<\/strong><\/span><\/p>\n<ul>\n<li><span style=\"font-size: 18px;\">Sera ve A\u00e7\u0131k Alan Sebzeleri.<\/span><\/li>\n<li><span style=\"font-size: 14pt;\">Tarla Bitkileri.<\/span><\/li>\n<li><span style=\"font-size: 18px;\">Meyve a\u011fa\u00e7lar\u0131.<\/span><\/li>\n<li><span style=\"font-size: 14pt;\">S\u00fcs Bitkileri.<\/span><\/li>\n<\/ul>\n<h3 data-start=\"139\" data-end=\"173\">Uygulama Oran\u0131<\/h3>\n<h4 data-start=\"139\" data-end=\"173\"><strong data-start=\"145\" data-end=\"171\">A\u00e7\u0131k Alan Sebzeleri:<\/strong><\/h4>\n<p><span style=\"font-size: 14pt;\">1,5-2 kg \/ 1000 m\u00b2, haftada 3-4 kez.<\/span><\/p>\n<h4 data-start=\"319\" data-end=\"343\"><strong data-start=\"325\" data-end=\"341\">Meyve a\u011fa\u00e7lar\u0131:<\/strong><\/h4>\n<p data-start=\"346\" data-end=\"497\"><span style=\"font-size: 14pt;\">0,5-1 kg\/1000 m\u00b2, meyve vermeye ba\u015flad\u0131ktan sonra ve meyve olgunlu\u011fu s\u00fcresince haftada 3-4 kez.<\/span><\/p>\n<h3>Paketleme<\/h3>\n<ul>\n<li><span style=\"font-size: 18px;\"><strong>25 kg'l\u0131k torba.<\/strong><\/span><\/li>\n<\/ul>\n<p><img loading=\"lazy\" decoding=\"async\" class=\"alignnone size-medium wp-image-17242\" src=\"https:\/\/alqawafel.com\/wp-content\/uploads\/2024\/11\/Growth-Logo-12-12-36T.E-300x300.webp\" alt=\"B\u00fcy\u00fcme 12-12-36+T.E. \" width=\"300\" height=\"300\" srcset=\"https:\/\/alqawafel.com\/wp-content\/uploads\/2024\/11\/Growth-Logo-12-12-36T.E-300x300.webp 300w, https:\/\/alqawafel.com\/wp-content\/uploads\/2024\/11\/Growth-Logo-12-12-36T.E-150x150.webp 150w, https:\/\/alqawafel.com\/wp-content\/uploads\/2024\/11\/Growth-Logo-12-12-36T.E-768x768.webp 768w, https:\/\/alqawafel.com\/wp-content\/uploads\/2024\/11\/Growth-Logo-12-12-36T.E.webp 1000w\" sizes=\"auto, (max-width: 300px) 100vw, 300px\" \/><\/p>","protected":false},"excerpt":{"rendered":"<p><span style=\"font-size: 18px;\">Growth 12-12-36+T.E., optimum bitki b\u00fcy\u00fcmesini, kaliteli verimi ve besin emilimini destekleyen y\u00fcksek potasyumlu, \u00e7\u00f6z\u00fcnebilir bir g\u00fcbredir.<\/span><\/p>","protected":false},"featured_media":17242,"comment_status":"open","ping_status":"closed","template":"","meta":{"om_disable_all_campaigns":false,"_monsterinsights_skip_tracking":false,"_monsterinsights_sitenote_active":false,"_monsterinsights_sitenote_note":"","_monsterinsights_sitenote_category":0},"product_brand":[2213],"product_cat":[50,2131],"product_tag":[866,886,463,1067,1966,917,881],"class_list":{"0":"post-10159","1":"product","2":"type-product","3":"status-publish","4":"has-post-thumbnail","6":"product_brand-growth","7":"product_cat-fertilizers","8":"product_cat-water-soluble-fertilizers","9":"product_tag-al-qawafel-ind-agr-co","10":"product_tag-balanced-nutrients","11":"product_tag-fertilizer","12":"product_tag-fruit-quality-enhancement","13":"product_tag-growth-12-12-36t-e-fertilizer","14":"product_tag-growth-support","15":"product_tag-high-potassium","17":"first","18":"instock","19":"shipping-taxable","20":"product-type-simple"},"aioseo_notices":[],"_links":{"self":[{"href":"https:\/\/alqawafel.com\/tr\/wp-json\/wp\/v2\/product\/10159","targetHints":{"allow":["GET"]}}],"collection":[{"href":"https:\/\/alqawafel.com\/tr\/wp-json\/wp\/v2\/product"}],"about":[{"href":"https:\/\/alqawafel.com\/tr\/wp-json\/wp\/v2\/types\/product"}],"replies":[{"embeddable":true,"href":"https:\/\/alqawafel.com\/tr\/wp-json\/wp\/v2\/comments?post=10159"}],"version-history":[{"count":7,"href":"https:\/\/alqawafel.com\/tr\/wp-json\/wp\/v2\/product\/10159\/revisions"}],"predecessor-version":[{"id":19322,"href":"https:\/\/alqawafel.com\/tr\/wp-json\/wp\/v2\/product\/10159\/revisions\/19322"}],"wp:featuredmedia":[{"embeddable":true,"href":"https:\/\/alqawafel.com\/tr\/wp-json\/wp\/v2\/media\/17242"}],"wp:attachment":[{"href":"https:\/\/alqawafel.com\/tr\/wp-json\/wp\/v2\/media?parent=10159"}],"wp:term":[{"taxonomy":"product_brand","embeddable":true,"href":"https:\/\/alqawafel.com\/tr\/wp-json\/wp\/v2\/product_brand?post=10159"},{"taxonomy":"product_cat","embeddable":true,"href":"https:\/\/alqawafel.com\/tr\/wp-json\/wp\/v2\/product_cat?post=10159"},{"taxonomy":"product_tag","embeddable":true,"href":"https:\/\/alqawafel.com\/tr\/wp-json\/wp\/v2\/product_tag?post=10159"}],"curies":[{"name":"wp","href":"https:\/\/api.w.org\/{rel}","templated":true}]}}