{"id":10173,"date":"2024-11-16T06:51:16","date_gmt":"2024-11-16T06:51:16","guid":{"rendered":"https:\/\/alqawafel.com\/?post_type=product&#038;p=10173"},"modified":"2025-07-09T08:28:39","modified_gmt":"2025-07-09T08:28:39","slug":"buyume-15-30-15t-e-gubre","status":"publish","type":"product","link":"https:\/\/alqawafel.com\/tr\/product\/growth-15-30-15t-e-fertilizer\/","title":{"rendered":"B\u00fcy\u00fcme 15-30-15+T.E. G\u00fcbre"},"content":{"rendered":"<h3>Neden Growth 15-30-15+T.E. G\u00fcbresini Se\u00e7melisiniz?<\/h3>\n<p><span style=\"font-size: 18px;\">B\u00fcy\u00fcme 15-30-15+T.E. <span style=\"color: #333333;\">potasyum, azot, k\u00fck\u00fcrt, magnezyum, eser elementler ve temel vitaminlerle zenginle\u015ftirilmi\u015f y\u00fcksek fosforlu bir kompoze g\u00fcbredir. Optimum besin emilimi i\u00e7in tasarlanan bu g\u00fcbre, sa\u011flam k\u00f6k sistemlerini destekler, \u00e7i\u00e7eklenmeyi, erken evre b\u00fcy\u00fcmeyi ve meyve kalitesini art\u0131r\u0131r. Asidik pH'\u0131 ve d\u00fc\u015f\u00fck elektrik iletkenli\u011fi, onu y\u00fcksek tuzluluk oran\u0131na sahip topraklar ve \u00e7e\u015fitli sulama sistemleri i\u00e7in uygun hale getirir.<\/span><\/span><\/p>\n<h3>Temel Avantajlar<\/h3>\n<ul>\n<li><span style=\"font-size: 18px;\"><strong>Y\u00fcksek Fosfor \u0130\u00e7eri\u011fi:<\/strong> Erken evre b\u00fcy\u00fcme, k\u00f6k geli\u015fimi i\u00e7in gerekli fosforu sa\u011flar, \u00e7i\u00e7eklenmeyi ve meyve tutumunu iyile\u015ftirir ve daha y\u00fcksek verim sa\u011flar.<\/span><\/li>\n<li><span style=\"font-size: 18px;\"><strong>Dengeli Azot Kaynaklar\u0131:<\/strong> Bitkisel b\u00fcy\u00fcmeyi te\u015fvik etmek i\u00e7in s\u00fcrekli ve dengeli bitki beslemesi i\u00e7in Nitrat (NO3), Amonyum (NH4) ve Amin (NH2) formlar\u0131 sunar.<\/span><\/li>\n<li><span style=\"font-size: 18px;\"><strong>Kararl\u0131 Potasyum Form\u00fcl\u00fc:<\/strong> Uzun s\u00fcreli toprak stabilitesi ve besin kullan\u0131labilirli\u011fi sa\u011flamak i\u00e7in birden fazla saf potasyum kayna\u011f\u0131 i\u00e7erir.<\/span><\/li>\n<li><span style=\"font-size: 18px;\"><strong>Daha \u0130yi Emilim i\u00e7in Asidik pH:<\/strong> \u00c7e\u015fitli toprak ko\u015fullar\u0131nda daha iyi besin al\u0131m\u0131 i\u00e7in yakla\u015f\u0131k 6 ideal pH de\u011ferini korur.<\/span><\/li>\n<li><span style=\"font-size: 18px;\"><strong>\u00c7ok Y\u00f6nl\u00fc Uygulama:<\/strong> Y\u00fcksek \u00e7\u00f6z\u00fcn\u00fcrl\u00fc\u011f\u00fc ve etkili emilim \u00f6zellikleri nedeniyle \u00e7e\u015fitli mahsuller ve sulama sistemleri i\u00e7in uygundur.<\/span><\/li>\n<\/ul>\n<h3 class=\"translation-block\"><span style=\"font-size: 18px\">Kimyasal Bile\u015fimi<\/span>ition<\/h3>\n<ul>\n<li><span style=\"font-size: 18px;\">Azot (N 15%)<\/span><\/li>\n<li><span style=\"font-size: 18px;\">Fosfor (P\u2082O\u2085 30%)<\/span><\/li>\n<li><span style=\"font-size: 18px;\">Potasyum (K\u2082O 15%)<\/span><\/li>\n<li><span style=\"font-size: 18px;\">Magnezyum (MgO)<\/span><\/li>\n<li><span style=\"font-size: 18px;\">Demir (Fe) - EDTA Sitrik Asit \u015eelatl\u0131<\/span><\/li>\n<li><span style=\"font-size: 18px;\">\u00c7inko (Zn) - EDTA Sitrik Asit \u015eelatl\u0131<\/span><\/li>\n<li><span style=\"font-size: 18px;\">Manganez (Mn) - EDTA Sitrik Asit \u015eelatl\u0131<\/span><\/li>\n<li><span style=\"font-size: 18px;\">Bak\u0131r (Cu) - EDTA Sitrik Asit \u015eelatl\u0131<\/span><\/li>\n<li><span style=\"font-size: 18px;\">Bor (B)<\/span><\/li>\n<\/ul>\n<p><span style=\"font-size: 18px;\"><strong>\u0130lave Katk\u0131 Maddeleri:<\/strong> Riboflavin, Piridoksin, Nikotinamid, Tiamin ve Organik Asitler.<\/span><\/p>\n<p><span style=\"font-size: 18px;\"><strong>Klor\u00fcr (Cl) i\u00e7ermez<\/strong><\/span><\/p>\n<h3>\u0130deal Growth 15-30-15+T.E. G\u00fcbre Uygulamas\u0131<\/h3>\n<ul>\n<li><span style=\"font-size: 18px;\"><strong>Uygun Mahsuller:<\/strong><\/span>\n<ul>\n<li><span style=\"font-size: 18px;\">Sera ve A\u00e7\u0131k Alan Sebzeleri.<\/span><\/li>\n<li><span style=\"font-size: 14pt;\">Tarla Bitkileri.<\/span><\/li>\n<li><span style=\"font-size: 18px;\">Meyve a\u011fa\u00e7lar\u0131.<\/span><\/li>\n<li><span style=\"font-size: 14pt;\">S\u00fcs Bitkileri.<\/span><\/li>\n<\/ul>\n<h3 data-start=\"139\" data-end=\"173\">Uygulama Oran\u0131<\/h3>\n<h4 data-start=\"139\" data-end=\"173\"><strong data-start=\"145\" data-end=\"171\">A\u00e7\u0131k Alan Sebzeleri:<\/strong><\/h4>\n<p><span style=\"font-size: 14pt;\">1,5-2 kg \/ 1000 m\u00b2, haftada 3-4 kez.<\/span><\/p>\n<h4 data-start=\"319\" data-end=\"343\"><strong data-start=\"325\" data-end=\"341\">Meyve a\u011fa\u00e7lar\u0131:<\/strong><\/h4>\n<p data-start=\"346\" data-end=\"497\"><span style=\"font-size: 14pt;\">0,5-1 kg\/1000 m\u00b2, meyve vermeye ba\u015flad\u0131ktan sonra ve meyve olgunlu\u011fu s\u00fcresince haftada 3-4 kez.<\/span><\/p>\n<\/li>\n<\/ul>\n<h3>Paketleme<\/h3>\n<ul>\n<li><span style=\"font-size: 18px;\"><strong>25 kg'l\u0131k torbalar<\/strong><\/span><\/li>\n<\/ul>\n<p><img loading=\"lazy\" decoding=\"async\" class=\"alignnone size-medium wp-image-17226\" src=\"https:\/\/alqawafel.com\/wp-content\/uploads\/2024\/11\/Growth-Logo-15-30-15T.E-300x300.webp\" alt=\"B\u00fcy\u00fcme 15-30-15+T.E. \" width=\"300\" height=\"300\" srcset=\"https:\/\/alqawafel.com\/wp-content\/uploads\/2024\/11\/Growth-Logo-15-30-15T.E-300x300.webp 300w, https:\/\/alqawafel.com\/wp-content\/uploads\/2024\/11\/Growth-Logo-15-30-15T.E-150x150.webp 150w, https:\/\/alqawafel.com\/wp-content\/uploads\/2024\/11\/Growth-Logo-15-30-15T.E-768x768.webp 768w, https:\/\/alqawafel.com\/wp-content\/uploads\/2024\/11\/Growth-Logo-15-30-15T.E.webp 1000w\" sizes=\"auto, (max-width: 300px) 100vw, 300px\" \/><\/p>","protected":false},"excerpt":{"rendered":"<p><span style=\"font-size: 18px;\">Growth 15-30-15+T.E. erken b\u00fcy\u00fcme, k\u00f6k geli\u015fimi ve geli\u015fmi\u015f \u00fcr\u00fcn kalitesi i\u00e7in ideal olan y\u00fcksek fosforlu bir form\u00fcld\u00fcr.<\/span><\/p>","protected":false},"featured_media":17226,"comment_status":"open","ping_status":"closed","template":"","meta":{"om_disable_all_campaigns":false,"_monsterinsights_skip_tracking":false,"_monsterinsights_sitenote_active":false,"_monsterinsights_sitenote_note":"","_monsterinsights_sitenote_category":0},"product_brand":[2213],"product_cat":[50,2131],"product_tag":[1077,866,463,877,1078,1010,1079],"class_list":{"0":"post-10173","1":"product","2":"type-product","3":"status-publish","4":"has-post-thumbnail","6":"product_brand-growth","7":"product_cat-fertilizers","8":"product_cat-water-soluble-fertilizers","9":"product_tag-acidic-ph","10":"product_tag-al-qawafel-ind-agr-co","11":"product_tag-fertilizer","12":"product_tag-high-phosphorus","13":"product_tag-nutrienta-bsorption","14":"product_tag-root-development","15":"product_tag-trace-elements","17":"first","18":"instock","19":"shipping-taxable","20":"product-type-simple"},"aioseo_notices":[],"_links":{"self":[{"href":"https:\/\/alqawafel.com\/tr\/wp-json\/wp\/v2\/product\/10173","targetHints":{"allow":["GET"]}}],"collection":[{"href":"https:\/\/alqawafel.com\/tr\/wp-json\/wp\/v2\/product"}],"about":[{"href":"https:\/\/alqawafel.com\/tr\/wp-json\/wp\/v2\/types\/product"}],"replies":[{"embeddable":true,"href":"https:\/\/alqawafel.com\/tr\/wp-json\/wp\/v2\/comments?post=10173"}],"version-history":[{"count":7,"href":"https:\/\/alqawafel.com\/tr\/wp-json\/wp\/v2\/product\/10173\/revisions"}],"predecessor-version":[{"id":19319,"href":"https:\/\/alqawafel.com\/tr\/wp-json\/wp\/v2\/product\/10173\/revisions\/19319"}],"wp:featuredmedia":[{"embeddable":true,"href":"https:\/\/alqawafel.com\/tr\/wp-json\/wp\/v2\/media\/17226"}],"wp:attachment":[{"href":"https:\/\/alqawafel.com\/tr\/wp-json\/wp\/v2\/media?parent=10173"}],"wp:term":[{"taxonomy":"product_brand","embeddable":true,"href":"https:\/\/alqawafel.com\/tr\/wp-json\/wp\/v2\/product_brand?post=10173"},{"taxonomy":"product_cat","embeddable":true,"href":"https:\/\/alqawafel.com\/tr\/wp-json\/wp\/v2\/product_cat?post=10173"},{"taxonomy":"product_tag","embeddable":true,"href":"https:\/\/alqawafel.com\/tr\/wp-json\/wp\/v2\/product_tag?post=10173"}],"curies":[{"name":"wp","href":"https:\/\/api.w.org\/{rel}","templated":true}]}}