{"id":10175,"date":"2024-11-16T06:57:44","date_gmt":"2024-11-16T06:57:44","guid":{"rendered":"https:\/\/alqawafel.com\/?post_type=product&#038;p=10175"},"modified":"2025-07-21T08:25:46","modified_gmt":"2025-07-21T08:25:46","slug":"buyume-17-10-27t-e-gubre","status":"publish","type":"product","link":"https:\/\/alqawafel.com\/tr\/product\/growth-17-10-27t-e-fertilizer\/","title":{"rendered":"B\u00fcy\u00fcme 17-10-27+T.E. G\u00fcbre"},"content":{"rendered":"<h3>Neden Growth 17-10-27+T.E. G\u00fcbresini Se\u00e7melisiniz?<\/h3>\n<p><span style=\"font-size: 18px;\">Growth 17-10-27+T.E. Fertilizer, g\u00fc\u00e7l\u00fc b\u00fcy\u00fcmeyi, y\u00fcksek verimi ve \u00fcst\u00fcn meyve kalitesini desteklemek i\u00e7in tasarlanm\u0131\u015f birinci s\u0131n\u0131f y\u00fcksek potasyumlu bir g\u00fcbredir. Potasyum, fosfor ve azotun yan\u0131 s\u0131ra magnezyum ve eser elementler de i\u00e7erir ve optimum bitki geli\u015fimi sa\u011flar. Asidik pH ve d\u00fc\u015f\u00fck EC, y\u00fcksek tuzluluk oran\u0131na sahip topraklar ve \u00e7e\u015fitli sulama sistemleri i\u00e7in idealdir.<\/span><\/p>\n<h3>Growth 17-10-27+T.E. G\u00fcbresinin Temel Faydalar\u0131<\/h3>\n<ul>\n<li><span style=\"font-size: 18px;\"><strong>Y\u00fcksek Potasyum \u0130\u00e7eri\u011fi:<\/strong> Meyve boyutunu, tad\u0131n\u0131 ve depolama kalitesini art\u0131rmak i\u00e7in \u00f6nemli bir potasyum konsantrasyonu sa\u011flar.<\/span><\/li>\n<li><span style=\"font-size: 18px;\"><strong>Dengeli Besin Kaynaklar\u0131:<\/strong> Nitrat (NO3), Amonyum (NH4) ve Amin (NH2) formlar\u0131nda azot sunarak bitkinin s\u00fcrekli beslenmesini sa\u011flar ve vejetatif b\u00fcy\u00fcmeyi uyar\u0131r.<\/span><\/li>\n<li><span style=\"font-size: 18px;\"><strong>Geli\u015ftirilmi\u015f Stabilite:<\/strong> Potasyum birden fazla saf kaynaktan elde edilir ve toprakta uzun s\u00fcreli besin kullan\u0131labilirli\u011fini destekler.<\/span><\/li>\n<li><span style=\"font-size: 18px;\"><strong>Optimum Emilim i\u00e7in Asidik pH:<\/strong> Zorlu toprak ko\u015fullar\u0131nda bile geli\u015fmi\u015f besin al\u0131m\u0131 i\u00e7in yakla\u015f\u0131k 6 pH de\u011ferini korur.<\/span><\/li>\n<li><span style=\"font-size: 18px;\"><strong>\u00c7ok Y\u00f6nl\u00fc Uygulama:<\/strong> Y\u00fcksek \u00e7\u00f6z\u00fcn\u00fcrl\u00fck, \u00e7e\u015fitli sulama sistemlerinde verimli kullan\u0131m ve farkl\u0131 \u00fcr\u00fcnlerle uyumluluk sa\u011flar.<\/span><\/li>\n<\/ul>\n<h3 class=\"translation-block\"><span style=\"font-size: 18px\">Kimyasal Bile\u015fimi<\/span>ition<\/h3>\n<ul>\n<li><span style=\"font-size: 18px;\"><strong>Azot (N 17%)<\/strong><\/span><\/li>\n<li><span style=\"font-size: 18px;\"><strong>Fosfor (P\u2082O\u2085 10%)<\/strong><\/span><\/li>\n<li><span style=\"font-size: 18px;\"><strong>Potasyum (K\u2082O 27%)<\/strong><\/span><\/li>\n<li><span style=\"font-size: 18px;\"><strong>Magnezyum (MgO)<\/strong><\/span><\/li>\n<li><span style=\"font-size: 18px;\"><strong>\u015eelatl\u0131 Mikro Besinler:<\/strong><\/span>\n<ul>\n<li><span style=\"font-size: 18px;\">Demir (Fe)<\/span><\/li>\n<li><span style=\"font-size: 18px;\">\u00c7inko (Zn)<\/span><\/li>\n<li><span style=\"font-size: 18px;\">Manganez (Mn)<\/span><\/li>\n<li><span style=\"font-size: 18px;\">Bak\u0131r (Cu)<\/span><\/li>\n<li><span style=\"font-size: 18px;\">Bor (B)<\/span><\/li>\n<\/ul>\n<\/li>\n<\/ul>\n<p><span style=\"font-size: 18px;\"><strong>\u0130lave Katk\u0131 Maddeleri:<\/strong><\/span><br \/>\n<span style=\"font-size: 18px;\">Riboflavin, Piridoksin, Nikotinamid, Tiamin ve Organik Asitler.<\/span><\/p>\n<p><strong>Klor\u00fcr (Cl) i\u00e7ermez.<\/strong><\/p>\n<h3>\u0130deal Uygulama<\/h3>\n<ul>\n<li><span style=\"font-size: 18px;\"><strong>Uygun Mahsuller:<\/strong><\/span>\n<ul>\n<li><span style=\"font-size: 18px;\">Sera ve A\u00e7\u0131k Alan Sebzeleri.<\/span><\/li>\n<li><span style=\"font-size: 14pt;\">Tarla Bitkileri.<\/span><\/li>\n<li><span style=\"font-size: 18px;\">Meyve a\u011fa\u00e7lar\u0131.<\/span><\/li>\n<li><span style=\"font-size: 14pt;\">S\u00fcs Bitkileri.<\/span><\/li>\n<\/ul>\n<h3 data-start=\"139\" data-end=\"173\">Uygulama Oran\u0131<\/h3>\n<h4 data-start=\"139\" data-end=\"173\"><strong data-start=\"145\" data-end=\"171\">A\u00e7\u0131k Alan Sebzeleri:<\/strong><\/h4>\n<p><span style=\"font-size: 14pt;\">1,5-2 kg \/ 1000 m\u00b2, haftada 3-4 kez.<\/span><\/p>\n<h4 data-start=\"319\" data-end=\"343\"><strong data-start=\"325\" data-end=\"341\">Meyve a\u011fa\u00e7lar\u0131:<\/strong><\/h4>\n<p data-start=\"346\" data-end=\"497\"><span style=\"font-size: 14pt;\">0,5-1 kg\/1000 m\u00b2, meyve vermeye ba\u015flad\u0131ktan sonra ve meyve olgunlu\u011fu s\u00fcresince haftada 3-4 kez.<\/span><\/p>\n<\/li>\n<\/ul>\n<h3>Paketleme<\/h3>\n<ul>\n<li><span style=\"font-size: 18px;\"><strong>25 kg<\/strong><\/span><\/li>\n<\/ul>\n<p><img loading=\"lazy\" decoding=\"async\" class=\"alignnone size-medium wp-image-17218\" src=\"https:\/\/alqawafel.com\/wp-content\/uploads\/2024\/11\/Growth-Logo-17-10-27T.E-300x300.webp\" alt=\"\" width=\"300\" height=\"300\" srcset=\"https:\/\/alqawafel.com\/wp-content\/uploads\/2024\/11\/Growth-Logo-17-10-27T.E-300x300.webp 300w, https:\/\/alqawafel.com\/wp-content\/uploads\/2024\/11\/Growth-Logo-17-10-27T.E-150x150.webp 150w, https:\/\/alqawafel.com\/wp-content\/uploads\/2024\/11\/Growth-Logo-17-10-27T.E-768x768.webp 768w, https:\/\/alqawafel.com\/wp-content\/uploads\/2024\/11\/Growth-Logo-17-10-27T.E.webp 1000w\" sizes=\"auto, (max-width: 300px) 100vw, 300px\" \/><\/p>","protected":false},"excerpt":{"rendered":"<p><span style=\"font-size: 18px;\">Growth 17-10-27+T.E. G\u00fcbre optimum potasyum beslemesi sa\u011flayarak dengeli b\u00fcy\u00fcme, geli\u015fmi\u015f meyve kalitesi ve y\u00fcksek mahsul verimlili\u011fi sa\u011flar.<\/span><\/p>","protected":false},"featured_media":17218,"comment_status":"open","ping_status":"closed","template":"","meta":{"om_disable_all_campaigns":false,"_monsterinsights_skip_tracking":false,"_monsterinsights_sitenote_active":false,"_monsterinsights_sitenote_note":"","_monsterinsights_sitenote_category":0},"product_brand":[2213],"product_cat":[50,2131],"product_tag":[866,946,463,1067,1960,881,1081],"class_list":{"0":"post-10175","1":"product","2":"type-product","3":"status-publish","4":"has-post-thumbnail","6":"product_brand-growth","7":"product_cat-fertilizers","8":"product_cat-water-soluble-fertilizers","9":"product_tag-al-qawafel-ind-agr-co","10":"product_tag-chlorophyll-production","11":"product_tag-fertilizer","12":"product_tag-fruit-quality-enhancement","13":"product_tag-growth-17-10-27t-e-fertilizer","14":"product_tag-high-potassium","15":"product_tag-magnesium-enriched","17":"first","18":"instock","19":"shipping-taxable","20":"product-type-simple"},"aioseo_notices":[],"_links":{"self":[{"href":"https:\/\/alqawafel.com\/tr\/wp-json\/wp\/v2\/product\/10175","targetHints":{"allow":["GET"]}}],"collection":[{"href":"https:\/\/alqawafel.com\/tr\/wp-json\/wp\/v2\/product"}],"about":[{"href":"https:\/\/alqawafel.com\/tr\/wp-json\/wp\/v2\/types\/product"}],"replies":[{"embeddable":true,"href":"https:\/\/alqawafel.com\/tr\/wp-json\/wp\/v2\/comments?post=10175"}],"version-history":[{"count":10,"href":"https:\/\/alqawafel.com\/tr\/wp-json\/wp\/v2\/product\/10175\/revisions"}],"predecessor-version":[{"id":19450,"href":"https:\/\/alqawafel.com\/tr\/wp-json\/wp\/v2\/product\/10175\/revisions\/19450"}],"wp:featuredmedia":[{"embeddable":true,"href":"https:\/\/alqawafel.com\/tr\/wp-json\/wp\/v2\/media\/17218"}],"wp:attachment":[{"href":"https:\/\/alqawafel.com\/tr\/wp-json\/wp\/v2\/media?parent=10175"}],"wp:term":[{"taxonomy":"product_brand","embeddable":true,"href":"https:\/\/alqawafel.com\/tr\/wp-json\/wp\/v2\/product_brand?post=10175"},{"taxonomy":"product_cat","embeddable":true,"href":"https:\/\/alqawafel.com\/tr\/wp-json\/wp\/v2\/product_cat?post=10175"},{"taxonomy":"product_tag","embeddable":true,"href":"https:\/\/alqawafel.com\/tr\/wp-json\/wp\/v2\/product_tag?post=10175"}],"curies":[{"name":"wp","href":"https:\/\/api.w.org\/{rel}","templated":true}]}}